{"id":7195,"date":"2022-05-30T15:26:16","date_gmt":"2022-05-30T13:26:16","guid":{"rendered":"https:\/\/vouille86.fr\/mairie\/?page_id=7195"},"modified":"2025-07-11T14:24:56","modified_gmt":"2025-07-11T12:24:56","slug":"office-de-tourisme-du-haut-poitou","status":"publish","type":"page","link":"https:\/\/vouille86.fr\/mairie\/office-de-tourisme-du-haut-poitou\/","title":{"rendered":"Office de tourisme du haut poitou"},"content":{"rendered":"\t\t<div data-elementor-type=\"wp-page\" data-elementor-id=\"7195\" class=\"elementor elementor-7195\" data-elementor-post-type=\"page\">\n\t\t\t\t\t\t<section class=\"elementor-section elementor-top-section elementor-element elementor-element-212186b5 elementor-section-boxed elementor-section-height-default elementor-section-height-default\" data-id=\"212186b5\" data-element_type=\"section\" data-e-type=\"section\">\n\t\t\t\t\t\t<div class=\"elementor-container elementor-column-gap-default\">\n\t\t\t\t\t<div class=\"elementor-column elementor-col-100 elementor-top-column elementor-element elementor-element-5520e888\" data-id=\"5520e888\" data-element_type=\"column\" data-e-type=\"column\">\n\t\t\t<div class=\"elementor-widget-wrap elementor-element-populated\">\n\t\t\t\t\t\t<div class=\"elementor-element elementor-element-1f5f48f ariana elementor-widget elementor-widget-global elementor-global-2096 elementor-widget-shortcode\" data-id=\"1f5f48f\" data-element_type=\"widget\" data-e-type=\"widget\" data-widget_type=\"shortcode.default\">\n\t\t\t\t<div class=\"elementor-widget-container\">\n\t\t\t\t\t<ul id=\"crumbs\"><li><a href=\"https:\/\/vouille86.fr\/mairie\">Accueil<\/a><\/li><\/ul>\t\t<div class=\"elementor-shortcode\"><\/div>\n\t\t\t\t\t\t<\/div>\n\t\t\t\t<\/div>\n\t\t\t\t\t<\/div>\n\t\t<\/div>\n\t\t\t\t\t<\/div>\n\t\t<\/section>\n\t\t\t\t<section class=\"elementor-section elementor-top-section elementor-element elementor-element-5757e714 elementor-section-boxed elementor-section-height-default elementor-section-height-default\" data-id=\"5757e714\" data-element_type=\"section\" data-e-type=\"section\">\n\t\t\t\t\t\t<div class=\"elementor-container elementor-column-gap-default\">\n\t\t\t\t\t<div class=\"elementor-column elementor-col-100 elementor-top-column elementor-element elementor-element-466ce30f\" data-id=\"466ce30f\" data-element_type=\"column\" data-e-type=\"column\">\n\t\t\t<div class=\"elementor-widget-wrap elementor-element-populated\">\n\t\t\t\t\t\t<div class=\"elementor-element elementor-element-724aac9b elementor-widget elementor-widget-heading\" data-id=\"724aac9b\" data-element_type=\"widget\" data-e-type=\"widget\" data-widget_type=\"heading.default\">\n\t\t\t\t<div class=\"elementor-widget-container\">\n\t\t\t\t\t<h2 class=\"elementor-heading-title elementor-size-default\">Office de tourisme du haut poitou<\/h2>\t\t\t\t<\/div>\n\t\t\t\t<\/div>\n\t\t\t\t<div class=\"elementor-element elementor-element-d1462c0 elementor-widget elementor-widget-accordion\" data-id=\"d1462c0\" data-element_type=\"widget\" data-e-type=\"widget\" data-widget_type=\"accordion.default\">\n\t\t\t\t<div class=\"elementor-widget-container\">\n\t\t\t\t\t\t\t<div class=\"elementor-accordion\">\n\t\t\t\t\t\t\t<div class=\"elementor-accordion-item\">\n\t\t\t\t\t<div id=\"elementor-tab-title-2191\" class=\"elementor-tab-title\" data-tab=\"1\" role=\"button\" aria-controls=\"elementor-tab-content-2191\" aria-expanded=\"false\">\n\t\t\t\t\t\t\t\t\t\t\t\t\t<span class=\"elementor-accordion-icon elementor-accordion-icon-left\" aria-hidden=\"true\">\n\t\t\t\t\t\t\t\t\t\t\t\t\t\t\t<span class=\"elementor-accordion-icon-closed\"><i class=\"fas fa-plus\"><\/i><\/span>\n\t\t\t\t\t\t\t\t<span class=\"elementor-accordion-icon-opened\"><i class=\"fas fa-minus\"><\/i><\/span>\n\t\t\t\t\t\t\t\t\t\t\t\t\t\t<\/span>\n\t\t\t\t\t\t\t\t\t\t\t\t<a class=\"elementor-accordion-title\" tabindex=\"0\">OFFICE DE TOURISME DU HAUT-POITOU<\/a>\n\t\t\t\t\t<\/div>\n\t\t\t\t\t<div id=\"elementor-tab-content-2191\" class=\"elementor-tab-content elementor-clearfix\" data-tab=\"1\" role=\"region\" aria-labelledby=\"elementor-tab-title-2191\"><p><img fetchpriority=\"high\" decoding=\"async\" class=\"aligncenter wp-image-11725 size-medium\" src=\"https:\/\/vouille86.fr\/mairie\/wp-content\/uploads\/2024\/10\/office-de-tourisme-2-2-300x200.jpg\" alt=\"\" width=\"300\" height=\"200\" srcset=\"https:\/\/vouille86.fr\/mairie\/wp-content\/uploads\/2024\/10\/office-de-tourisme-2-2-300x200.jpg 300w, https:\/\/vouille86.fr\/mairie\/wp-content\/uploads\/2024\/10\/office-de-tourisme-2-2-1024x683.jpg 1024w, https:\/\/vouille86.fr\/mairie\/wp-content\/uploads\/2024\/10\/office-de-tourisme-2-2-768x512.jpg 768w, https:\/\/vouille86.fr\/mairie\/wp-content\/uploads\/2024\/10\/office-de-tourisme-2-2-1536x1024.jpg 1536w, https:\/\/vouille86.fr\/mairie\/wp-content\/uploads\/2024\/10\/office-de-tourisme-2-2-2048x1365.jpg 2048w\" sizes=\"(max-width: 300px) 100vw, 300px\" \/>Pour d\u00e9couvrir d\u2019un nouvel \u0153il nouveau le Haut-Poitou, l\u2019Office de Tourisme du Haut-Poitou pr\u00e9pare chaque ann\u00e9e un programme de manifestations et de d\u00e9couvertes du territoire :<\/p><ul><li>visites guid\u00e9es,<\/li><li>escapades,<\/li><li>\u00e9chapp\u00e9es historiques,<\/li><li>soir\u00e9e festive\u2026<\/li><\/ul><p>Demandez le programme complet \u00e0 l\u2019Office de Tourisme !<\/p><p>Pour tout renseignement : 1 rue Clovis (centre bourg)<\/p><p style=\"font-weight: 400;\"><strong>Du 1<sup>er<\/sup>\u00a0juillet au 30 ao\u00fbt<\/strong>\u00a0:<\/p><p style=\"font-weight: 400;\">Ouverts du mardi au samedi de 10h \u00e0 12h30 et de 14h \u00e0 17h30.<\/p><p style=\"font-weight: 400;\">Ferm\u00e9s les jours f\u00e9ri\u00e9s.<\/p><p style=\"font-weight: 400;\"><strong>Les adresses<\/strong>\u00a0:<\/p><ul style=\"font-weight: 400;\"><li>Mirebeau\u00a0: 21 place de la R\u00e9publique<\/li><li>Neuville-de-Poitou\u00a0: 16 bis place Joffre<\/li><li>Saint-Martin-la-Pallu\u00a0: 15 place Raoul P\u00e9ret, Vendeuvre-du-Poitou<\/li><li>Vouill\u00e9\u00a0: 1 rue Clovis<\/li><\/ul><p style=\"font-weight: 400;\"><strong>Contact<\/strong>\u00a0:<\/p><p style=\"font-weight: 400;\">T\u00e9l\u00e9phone\u00a0: 05 19 08 42 15<\/p><p style=\"font-weight: 400;\">Mail\u00a0:\u00a0<a href=\"mailto:contact@tourisme-hautpoitou.fr\">contact@tourisme-hautpoitou.fr<\/a><\/p><p style=\"font-weight: 400;\">Site web\u00a0:\u00a0<a href=\"https:\/\/tourisme-hautpoitou.fr\/\" data-saferedirecturl=\"https:\/\/www.google.com\/url?q=https:\/\/tourisme-hautpoitou.fr\/&amp;source=gmail&amp;ust=1752321605055000&amp;usg=AOvVaw0eGW9tNyJpEik4wJEBDLiJ\">https:\/\/tourisme-hautpoitou.fr\/<\/a><\/p><p style=\"font-weight: 400;\">Page Facebook\u00a0:\u00a0<a href=\"https:\/\/www.facebook.com\/tourismehautpoitou\" data-saferedirecturl=\"https:\/\/www.google.com\/url?q=https:\/\/www.facebook.com\/tourismehautpoitou&amp;source=gmail&amp;ust=1752321605055000&amp;usg=AOvVaw3i4mdXstRLLW_OWDEaHfzQ\">https:\/\/www.facebook.com\/tourismehautpoitou<\/a><\/p><p style=\"font-weight: 400;\">Page Instagram\u00a0:\u00a0<a href=\"https:\/\/www.instagram.com\/tourismehautpoitou\/\" data-saferedirecturl=\"https:\/\/www.google.com\/url?q=https:\/\/www.instagram.com\/tourismehautpoitou\/&amp;source=gmail&amp;ust=1752321605055000&amp;usg=AOvVaw09AuT8E9zEHsuc3_fG1l1F\">https:\/\/www.instagram.com\/tourismehautpoitou\/<\/a><\/p><p style=\"font-weight: 400;\">Page Linkedin\u00a0:\u00a0<a href=\"https:\/\/www.linkedin.com\/company\/tourisme-en-haut-poitou\/\" data-saferedirecturl=\"https:\/\/www.google.com\/url?q=https:\/\/www.linkedin.com\/company\/tourisme-en-haut-poitou\/&amp;source=gmail&amp;ust=1752321605055000&amp;usg=AOvVaw3VcsUtEQNkxY-YZgIWAetX\">https:\/\/www.linkedin.com\/company\/tourisme-en-haut-poitou\/<\/a><\/p><p style=\"font-weight: 400;\">\u00a0<\/p><\/div>\n\t\t\t\t<\/div>\n\t\t\t\t\t\t\t<div class=\"elementor-accordion-item\">\n\t\t\t\t\t<div id=\"elementor-tab-title-2192\" class=\"elementor-tab-title\" data-tab=\"2\" role=\"button\" aria-controls=\"elementor-tab-content-2192\" aria-expanded=\"false\">\n\t\t\t\t\t\t\t\t\t\t\t\t\t<span class=\"elementor-accordion-icon elementor-accordion-icon-left\" aria-hidden=\"true\">\n\t\t\t\t\t\t\t\t\t\t\t\t\t\t\t<span class=\"elementor-accordion-icon-closed\"><i class=\"fas fa-plus\"><\/i><\/span>\n\t\t\t\t\t\t\t\t<span class=\"elementor-accordion-icon-opened\"><i class=\"fas fa-minus\"><\/i><\/span>\n\t\t\t\t\t\t\t\t\t\t\t\t\t\t<\/span>\n\t\t\t\t\t\t\t\t\t\t\t\t<a class=\"elementor-accordion-title\" tabindex=\"0\">GUIDE DES PRODUCTEURS LOCAUX<\/a>\n\t\t\t\t\t<\/div>\n\t\t\t\t\t<div id=\"elementor-tab-content-2192\" class=\"elementor-tab-content elementor-clearfix\" data-tab=\"2\" role=\"region\" aria-labelledby=\"elementor-tab-title-2192\"><p>La Communaut\u00e9 de Communes du Haut-Poitou \u00e9dite un guide des producteurs locaux \u00e0 consulter <a href=\"https:\/\/www.calameo.com\/read\/0071258730b8f122a5de2\" target=\"_blank\" rel=\"noopener\">ici\u00a0<\/a><\/p><p>57 producteurs \u00e0 d\u00e9couvrir dont le brasseur local, Brasserie X-Poitou !<\/p><\/div>\n\t\t\t\t<\/div>\n\t\t\t\t\t\t\t\t<\/div>\n\t\t\t\t\t\t<\/div>\n\t\t\t\t<\/div>\n\t\t\t\t<div class=\"elementor-element elementor-element-34317f57 elementor-share-buttons--view-icon elementor-share-buttons--skin-minimal elementor-share-buttons--color-custom elementor-share-buttons--shape-square elementor-grid-0 elementor-widget elementor-widget-global elementor-global-2201 elementor-widget-share-buttons\" data-id=\"34317f57\" data-element_type=\"widget\" data-e-type=\"widget\" data-widget_type=\"share-buttons.default\">\n\t\t\t\t<div class=\"elementor-widget-container\">\n\t\t\t\t\t\t\t<div class=\"elementor-grid\" role=\"list\">\n\t\t\t\t\t\t\t\t<div class=\"elementor-grid-item\" role=\"listitem\">\n\t\t\t\t\t\t<div class=\"elementor-share-btn elementor-share-btn_facebook\" role=\"button\" tabindex=\"0\" aria-label=\"Partager sur facebook\">\n\t\t\t\t\t\t\t\t\t\t\t\t\t\t\t<span class=\"elementor-share-btn__icon\">\n\t\t\t\t\t\t\t\t<i class=\"fab fa-facebook\" aria-hidden=\"true\"><\/i>\t\t\t\t\t\t\t<\/span>\n\t\t\t\t\t\t\t\t\t\t\t\t\t\t\t\t\t\t\t\t<\/div>\n\t\t\t\t\t<\/div>\n\t\t\t\t\t\t\t\t\t<div class=\"elementor-grid-item\" role=\"listitem\">\n\t\t\t\t\t\t<div class=\"elementor-share-btn elementor-share-btn_twitter\" role=\"button\" tabindex=\"0\" aria-label=\"Partager sur twitter\">\n\t\t\t\t\t\t\t\t\t\t\t\t\t\t\t<span class=\"elementor-share-btn__icon\">\n\t\t\t\t\t\t\t\t<i class=\"fab fa-twitter\" aria-hidden=\"true\"><\/i>\t\t\t\t\t\t\t<\/span>\n\t\t\t\t\t\t\t\t\t\t\t\t\t\t\t\t\t\t\t\t<\/div>\n\t\t\t\t\t<\/div>\n\t\t\t\t\t\t\t\t\t<div class=\"elementor-grid-item\" role=\"listitem\">\n\t\t\t\t\t\t<div class=\"elementor-share-btn elementor-share-btn_whatsapp\" role=\"button\" tabindex=\"0\" aria-label=\"Partager sur whatsapp\">\n\t\t\t\t\t\t\t\t\t\t\t\t\t\t\t<span class=\"elementor-share-btn__icon\">\n\t\t\t\t\t\t\t\t<i class=\"fab fa-whatsapp\" aria-hidden=\"true\"><\/i>\t\t\t\t\t\t\t<\/span>\n\t\t\t\t\t\t\t\t\t\t\t\t\t\t\t\t\t\t\t\t<\/div>\n\t\t\t\t\t<\/div>\n\t\t\t\t\t\t\t\t\t<div class=\"elementor-grid-item\" role=\"listitem\">\n\t\t\t\t\t\t<div class=\"elementor-share-btn elementor-share-btn_email\" role=\"button\" tabindex=\"0\" aria-label=\"Partager sur email\">\n\t\t\t\t\t\t\t\t\t\t\t\t\t\t\t<span class=\"elementor-share-btn__icon\">\n\t\t\t\t\t\t\t\t<i class=\"fas fa-envelope\" aria-hidden=\"true\"><\/i>\t\t\t\t\t\t\t<\/span>\n\t\t\t\t\t\t\t\t\t\t\t\t\t\t\t\t\t\t\t\t<\/div>\n\t\t\t\t\t<\/div>\n\t\t\t\t\t\t<\/div>\n\t\t\t\t\t\t<\/div>\n\t\t\t\t<\/div>\n\t\t\t\t\t<\/div>\n\t\t<\/div>\n\t\t\t\t\t<\/div>\n\t\t<\/section>\n\t\t\t\t<\/div>\n\t\t","protected":false},"excerpt":{"rendered":"<p>OFFICE DE TOURISME DU HAUT-POITOU Pour d\u00e9couvrir d\u2019un nouvel \u0153il nouveau le Haut-Poitou, l\u2019Office de Tourisme du Haut-Poitou pr\u00e9pare chaque ann\u00e9e un programme de manifestations et de d\u00e9couvertes du territoire : visites guid\u00e9es, escapades, \u00e9chapp\u00e9es historiques, soir\u00e9e festive\u2026 Demandez le programme complet \u00e0 l\u2019Office de Tourisme ! Pour tout renseignement : 1 rue Clovis (centre&#8230;<\/p>\n","protected":false},"author":1,"featured_media":0,"parent":0,"menu_order":0,"comment_status":"closed","ping_status":"closed","template":"","meta":{"_acf_changed":false,"footnotes":""},"class_list":["post-7195","page","type-page","status-publish","hentry"],"acf":[],"_links":{"self":[{"href":"https:\/\/vouille86.fr\/mairie\/wp-json\/wp\/v2\/pages\/7195","targetHints":{"allow":["GET"]}}],"collection":[{"href":"https:\/\/vouille86.fr\/mairie\/wp-json\/wp\/v2\/pages"}],"about":[{"href":"https:\/\/vouille86.fr\/mairie\/wp-json\/wp\/v2\/types\/page"}],"author":[{"embeddable":true,"href":"https:\/\/vouille86.fr\/mairie\/wp-json\/wp\/v2\/users\/1"}],"replies":[{"embeddable":true,"href":"https:\/\/vouille86.fr\/mairie\/wp-json\/wp\/v2\/comments?post=7195"}],"version-history":[{"count":18,"href":"https:\/\/vouille86.fr\/mairie\/wp-json\/wp\/v2\/pages\/7195\/revisions"}],"predecessor-version":[{"id":13216,"href":"https:\/\/vouille86.fr\/mairie\/wp-json\/wp\/v2\/pages\/7195\/revisions\/13216"}],"wp:attachment":[{"href":"https:\/\/vouille86.fr\/mairie\/wp-json\/wp\/v2\/media?parent=7195"}],"curies":[{"name":"wp","href":"https:\/\/api.w.org\/{rel}","templated":true}]}}