{"id":4411,"date":"2022-03-31T14:00:03","date_gmt":"2022-03-31T12:00:03","guid":{"rendered":"https:\/\/vouille86.fr\/mairie\/?page_id=4411"},"modified":"2025-09-05T16:34:34","modified_gmt":"2025-09-05T14:34:34","slug":"foret-de-vouille-saint-hilaire","status":"publish","type":"page","link":"https:\/\/vouille86.fr\/mairie\/foret-de-vouille-saint-hilaire\/","title":{"rendered":"For\u00eat de Vouill\u00e9 Saint-Hilaire"},"content":{"rendered":"\t\t<div data-elementor-type=\"wp-page\" data-elementor-id=\"4411\" class=\"elementor elementor-4411\" data-elementor-post-type=\"page\">\n\t\t\t\t\t\t<section class=\"elementor-section elementor-top-section elementor-element elementor-element-5c639e5 elementor-section-boxed elementor-section-height-default elementor-section-height-default\" data-id=\"5c639e5\" data-element_type=\"section\" data-e-type=\"section\">\n\t\t\t\t\t\t<div class=\"elementor-container elementor-column-gap-default\">\n\t\t\t\t\t<div class=\"elementor-column elementor-col-100 elementor-top-column elementor-element elementor-element-99e0d3f\" data-id=\"99e0d3f\" data-element_type=\"column\" data-e-type=\"column\">\n\t\t\t<div class=\"elementor-widget-wrap elementor-element-populated\">\n\t\t\t\t\t\t<div class=\"elementor-element elementor-element-6fccdc04 ariana elementor-widget elementor-widget-global elementor-global-2096 elementor-widget-shortcode\" data-id=\"6fccdc04\" data-element_type=\"widget\" data-e-type=\"widget\" data-widget_type=\"shortcode.default\">\n\t\t\t\t<div class=\"elementor-widget-container\">\n\t\t\t\t\t<ul id=\"crumbs\"><li><a href=\"https:\/\/vouille86.fr\/mairie\">Accueil<\/a><\/li><\/ul>\t\t<div class=\"elementor-shortcode\"><\/div>\n\t\t\t\t\t\t<\/div>\n\t\t\t\t<\/div>\n\t\t\t\t\t<\/div>\n\t\t<\/div>\n\t\t\t\t\t<\/div>\n\t\t<\/section>\n\t\t\t\t<section class=\"elementor-section elementor-top-section elementor-element elementor-element-55c32433 elementor-section-boxed elementor-section-height-default elementor-section-height-default\" data-id=\"55c32433\" data-element_type=\"section\" data-e-type=\"section\">\n\t\t\t\t\t\t<div class=\"elementor-container elementor-column-gap-default\">\n\t\t\t\t\t<div class=\"elementor-column elementor-col-100 elementor-top-column elementor-element elementor-element-40795c29\" data-id=\"40795c29\" data-element_type=\"column\" data-e-type=\"column\">\n\t\t\t<div class=\"elementor-widget-wrap elementor-element-populated\">\n\t\t\t\t\t\t<div class=\"elementor-element elementor-element-2d063456 elementor-widget elementor-widget-heading\" data-id=\"2d063456\" data-element_type=\"widget\" data-e-type=\"widget\" data-widget_type=\"heading.default\">\n\t\t\t\t<div class=\"elementor-widget-container\">\n\t\t\t\t\t<h2 class=\"elementor-heading-title elementor-size-default\">For\u00eat de Vouill\u00e9 Saint-Hilaire<\/h2>\t\t\t\t<\/div>\n\t\t\t\t<\/div>\n\t\t\t\t<div class=\"elementor-element elementor-element-0aa1b3e elementor-widget elementor-widget-image\" data-id=\"0aa1b3e\" data-element_type=\"widget\" data-e-type=\"widget\" data-widget_type=\"image.default\">\n\t\t\t\t<div class=\"elementor-widget-container\">\n\t\t\t\t\t\t\t\t\t\t\t\t\t\t\t<img fetchpriority=\"high\" decoding=\"async\" width=\"2560\" height=\"1216\" src=\"https:\/\/vouille86.fr\/mairie\/wp-content\/uploads\/2022\/05\/P1000395-scaled-e1652193182958.jpg\" class=\"attachment-full size-full wp-image-6864\" alt=\"\" srcset=\"https:\/\/vouille86.fr\/mairie\/wp-content\/uploads\/2022\/05\/P1000395-scaled-e1652193182958.jpg 2560w, https:\/\/vouille86.fr\/mairie\/wp-content\/uploads\/2022\/05\/P1000395-scaled-e1652193182958-300x143.jpg 300w, https:\/\/vouille86.fr\/mairie\/wp-content\/uploads\/2022\/05\/P1000395-scaled-e1652193182958-1024x486.jpg 1024w, https:\/\/vouille86.fr\/mairie\/wp-content\/uploads\/2022\/05\/P1000395-scaled-e1652193182958-768x365.jpg 768w, https:\/\/vouille86.fr\/mairie\/wp-content\/uploads\/2022\/05\/P1000395-scaled-e1652193182958-1536x730.jpg 1536w, https:\/\/vouille86.fr\/mairie\/wp-content\/uploads\/2022\/05\/P1000395-scaled-e1652193182958-2048x973.jpg 2048w\" sizes=\"(max-width: 2560px) 100vw, 2560px\" \/>\t\t\t\t\t\t\t\t\t\t\t\t\t\t\t<\/div>\n\t\t\t\t<\/div>\n\t\t\t\t<div class=\"elementor-element elementor-element-7f78d407 elementor-widget elementor-widget-text-editor\" data-id=\"7f78d407\" data-element_type=\"widget\" data-e-type=\"widget\" data-widget_type=\"text-editor.default\">\n\t\t\t\t<div class=\"elementor-widget-container\">\n\t\t\t\t\t\t\t\t\t<p>Situ\u00e9 \u00e0 une dizaine de minutes en v\u00e9lo, la for\u00eat domaniale de Vouill\u00e9-Saint-Hilaire couvre 1628 hectares dont 800 hectares environ se situent sur le territoire communal.<\/p>\t\t\t\t\t\t\t\t<\/div>\n\t\t\t\t<\/div>\n\t\t\t\t<div class=\"elementor-element elementor-element-b8d0a25 elementor-widget elementor-widget-accordion\" data-id=\"b8d0a25\" data-element_type=\"widget\" data-e-type=\"widget\" data-widget_type=\"accordion.default\">\n\t\t\t\t<div class=\"elementor-widget-container\">\n\t\t\t\t\t\t\t<div class=\"elementor-accordion\">\n\t\t\t\t\t\t\t<div class=\"elementor-accordion-item\">\n\t\t\t\t\t<div id=\"elementor-tab-title-1931\" class=\"elementor-tab-title\" data-tab=\"1\" role=\"button\" aria-controls=\"elementor-tab-content-1931\" aria-expanded=\"false\">\n\t\t\t\t\t\t\t\t\t\t\t\t\t<span class=\"elementor-accordion-icon elementor-accordion-icon-left\" aria-hidden=\"true\">\n\t\t\t\t\t\t\t\t\t\t\t\t\t\t\t<span class=\"elementor-accordion-icon-closed\"><i class=\"fas fa-plus\"><\/i><\/span>\n\t\t\t\t\t\t\t\t<span class=\"elementor-accordion-icon-opened\"><i class=\"fas fa-minus\"><\/i><\/span>\n\t\t\t\t\t\t\t\t\t\t\t\t\t\t<\/span>\n\t\t\t\t\t\t\t\t\t\t\t\t<a class=\"elementor-accordion-title\" tabindex=\"0\">HISTOIRE<\/a>\n\t\t\t\t\t<\/div>\n\t\t\t\t\t<div id=\"elementor-tab-content-1931\" class=\"elementor-tab-content elementor-clearfix\" data-tab=\"1\" role=\"region\" aria-labelledby=\"elementor-tab-title-1931\"><p>Elle constitue un h\u00e9ritage d\u2019anciennes propri\u00e9t\u00e9s religieuses. <br \/>Sur pr\u00e8s de <strong>1000 hectares<\/strong>, s\u2019\u00e9tendent des futaies de ch\u00eanes et de h\u00eatres.<\/p><p>Sur les quelques 500 autres hectares de cette for\u00eat domaniale, les sols plus pauvres sont occup\u00e9s par des pins.<\/p><\/div>\n\t\t\t\t<\/div>\n\t\t\t\t\t\t\t<div class=\"elementor-accordion-item\">\n\t\t\t\t\t<div id=\"elementor-tab-title-1932\" class=\"elementor-tab-title\" data-tab=\"2\" role=\"button\" aria-controls=\"elementor-tab-content-1932\" aria-expanded=\"false\">\n\t\t\t\t\t\t\t\t\t\t\t\t\t<span class=\"elementor-accordion-icon elementor-accordion-icon-left\" aria-hidden=\"true\">\n\t\t\t\t\t\t\t\t\t\t\t\t\t\t\t<span class=\"elementor-accordion-icon-closed\"><i class=\"fas fa-plus\"><\/i><\/span>\n\t\t\t\t\t\t\t\t<span class=\"elementor-accordion-icon-opened\"><i class=\"fas fa-minus\"><\/i><\/span>\n\t\t\t\t\t\t\t\t\t\t\t\t\t\t<\/span>\n\t\t\t\t\t\t\t\t\t\t\t\t<a class=\"elementor-accordion-title\" tabindex=\"0\">FOR\u00caT CLASS\u00c9E ZNIEFF<\/a>\n\t\t\t\t\t<\/div>\n\t\t\t\t\t<div id=\"elementor-tab-content-1932\" class=\"elementor-tab-content elementor-clearfix\" data-tab=\"2\" role=\"region\" aria-labelledby=\"elementor-tab-title-1932\"><p>La for\u00eat de Vouill\u00e9-Saint-Hilaire est class\u00e9e en <strong>ZNIEFF<\/strong> (<strong>Z<\/strong>one <strong>N<\/strong>aturelle d\u2019<strong>I<\/strong>nt\u00e9r\u00eat <strong>\u00c9<\/strong>cologique, <strong>F<\/strong>aunistique et <strong>F<\/strong>loristique) de type II N\u00b0 193.<\/p><p>Elle pr\u00e9sente essentiellement un int\u00e9r\u00eat botanique pour la vari\u00e9t\u00e9 des esp\u00e8ces plant\u00e9s et son faible enr\u00e9sinement.<\/p><p>Cette for\u00eat b\u00e9n\u00e9ficie d\u2019un am\u00e9nagement touristique qui permet de la visiter : \u00ab la zone de silence \u00bb.<\/p><p>Localis\u00e9e en bordure de la route de Masseuil, cette zone comprend un ensemble d\u2019\u00e9l\u00e9ments explicatifs (panneaux, pancartes) permettant une identification rapide des essences v\u00e9g\u00e9tales.<\/p><\/div>\n\t\t\t\t<\/div>\n\t\t\t\t\t\t\t<div class=\"elementor-accordion-item\">\n\t\t\t\t\t<div id=\"elementor-tab-title-1933\" class=\"elementor-tab-title\" data-tab=\"3\" role=\"button\" aria-controls=\"elementor-tab-content-1933\" aria-expanded=\"false\">\n\t\t\t\t\t\t\t\t\t\t\t\t\t<span class=\"elementor-accordion-icon elementor-accordion-icon-left\" aria-hidden=\"true\">\n\t\t\t\t\t\t\t\t\t\t\t\t\t\t\t<span class=\"elementor-accordion-icon-closed\"><i class=\"fas fa-plus\"><\/i><\/span>\n\t\t\t\t\t\t\t\t<span class=\"elementor-accordion-icon-opened\"><i class=\"fas fa-minus\"><\/i><\/span>\n\t\t\t\t\t\t\t\t\t\t\t\t\t\t<\/span>\n\t\t\t\t\t\t\t\t\t\t\t\t<a class=\"elementor-accordion-title\" tabindex=\"0\">VUE 360<\/a>\n\t\t\t\t\t<\/div>\n\t\t\t\t\t<div id=\"elementor-tab-content-1933\" class=\"elementor-tab-content elementor-clearfix\" data-tab=\"3\" role=\"region\" aria-labelledby=\"elementor-tab-title-1933\"><iframe src=\"https:\/\/vouille86.fr\/mairie\/wp-content\/360\/foret\/index.htm\" height=\"500\"><\/iframe><\/div>\n\t\t\t\t<\/div>\n\t\t\t\t\t\t\t<div class=\"elementor-accordion-item\">\n\t\t\t\t\t<div id=\"elementor-tab-title-1934\" class=\"elementor-tab-title\" data-tab=\"4\" role=\"button\" aria-controls=\"elementor-tab-content-1934\" aria-expanded=\"false\">\n\t\t\t\t\t\t\t\t\t\t\t\t\t<span class=\"elementor-accordion-icon elementor-accordion-icon-left\" aria-hidden=\"true\">\n\t\t\t\t\t\t\t\t\t\t\t\t\t\t\t<span class=\"elementor-accordion-icon-closed\"><i class=\"fas fa-plus\"><\/i><\/span>\n\t\t\t\t\t\t\t\t<span class=\"elementor-accordion-icon-opened\"><i class=\"fas fa-minus\"><\/i><\/span>\n\t\t\t\t\t\t\t\t\t\t\t\t\t\t<\/span>\n\t\t\t\t\t\t\t\t\t\t\t\t<a class=\"elementor-accordion-title\" tabindex=\"0\">CALENDRIER DE CHASSE<\/a>\n\t\t\t\t\t<\/div>\n\t\t\t\t\t<div id=\"elementor-tab-content-1934\" class=\"elementor-tab-content elementor-clearfix\" data-tab=\"4\" role=\"region\" aria-labelledby=\"elementor-tab-title-1934\"><p style=\"font-weight: 400;\">Calendrier des jours de chasses sur la for\u00eat de Vouill\u00e9 pour la saison 2025-2026 : <a href=\"https:\/\/vouille86.fr\/mairie\/wp-content\/uploads\/2025\/09\/VOUI86FD_CALENDRIER_2025_2026.pdf\">CALENDRIER_2025_2026<\/a><\/p><p style=\"font-weight: 400;\">Ces calendriers sont \u00e9galement affich\u00e9s dans 4 vitrines informatives sur les parkings forestiers du Poteau, de Quincay, des 3 ch\u00eanes et des 3 Sapins.<\/p><\/div>\n\t\t\t\t<\/div>\n\t\t\t\t\t\t\t<div class=\"elementor-accordion-item\">\n\t\t\t\t\t<div id=\"elementor-tab-title-1935\" class=\"elementor-tab-title\" data-tab=\"5\" role=\"button\" aria-controls=\"elementor-tab-content-1935\" aria-expanded=\"false\">\n\t\t\t\t\t\t\t\t\t\t\t\t\t<span class=\"elementor-accordion-icon elementor-accordion-icon-left\" aria-hidden=\"true\">\n\t\t\t\t\t\t\t\t\t\t\t\t\t\t\t<span class=\"elementor-accordion-icon-closed\"><i class=\"fas fa-plus\"><\/i><\/span>\n\t\t\t\t\t\t\t\t<span class=\"elementor-accordion-icon-opened\"><i class=\"fas fa-minus\"><\/i><\/span>\n\t\t\t\t\t\t\t\t\t\t\t\t\t\t<\/span>\n\t\t\t\t\t\t\t\t\t\t\t\t<a class=\"elementor-accordion-title\" tabindex=\"0\">R\u00c9GLEMENTATION<\/a>\n\t\t\t\t\t<\/div>\n\t\t\t\t\t<div id=\"elementor-tab-content-1935\" class=\"elementor-tab-content elementor-clearfix\" data-tab=\"5\" role=\"region\" aria-labelledby=\"elementor-tab-title-1935\"><p>Comment profiter de la for\u00eat tout en la pr\u00e9servant ? Quels sont les conseils \u00e0 suivre et les imp\u00e9ratifs \u00e0 respecter ? Toutes les informations \u00e0 conna\u00eetre en consultant la charte du promeneur \u00ab\u00a0J\u2019agis pour la for\u00eat\u00a0\u00bb<a href=\"https:\/\/vouille86.fr\/mairie\/wp-content\/uploads\/2025\/01\/ONF_Charte_promeneur_2024.pdf\">: ONF_Charte_promeneur_2024<\/a><\/p><p>La circulation sur les chemins en for\u00eat domaniale est interdite pour les trottinettes \u00e9lectriques (consid\u00e9r\u00e9es juridiquement comme des v\u00e9hicules terrestres motoris\u00e9s) tout comme les motos, quads, voitures etc. et passible d\u2019amende au titre du code forestier et de l\u2019environnement.<\/p><p><strong>Communiqu\u00e9 :<\/strong><\/p><p>Fermeture exceptionnelle : Du vendredi 12 septembre au samedi 04 octobre, toute une zone de la for\u00eat de Vouill\u00e9 sera ferm\u00e9e ainsi que la route foresti\u00e8re du Poteau. Plusieurs exploitations foresti\u00e8res vont commencer sur diff\u00e9rentes parcelles situ\u00e9es sur le m\u00eame secteur. Merci pour votre compr\u00e9hension.<\/p><\/div>\n\t\t\t\t<\/div>\n\t\t\t\t\t\t\t\t<\/div>\n\t\t\t\t\t\t<\/div>\n\t\t\t\t<\/div>\n\t\t\t\t<div class=\"elementor-element elementor-element-3bf0351 elementor-widget elementor-widget-gallery\" data-id=\"3bf0351\" data-element_type=\"widget\" data-e-type=\"widget\" data-settings=\"{&quot;gallery_layout&quot;:&quot;justified&quot;,&quot;lazyload&quot;:&quot;yes&quot;,&quot;ideal_row_height&quot;:{&quot;unit&quot;:&quot;px&quot;,&quot;size&quot;:200,&quot;sizes&quot;:[]},&quot;ideal_row_height_tablet&quot;:{&quot;unit&quot;:&quot;px&quot;,&quot;size&quot;:150,&quot;sizes&quot;:[]},&quot;ideal_row_height_mobile&quot;:{&quot;unit&quot;:&quot;px&quot;,&quot;size&quot;:150,&quot;sizes&quot;:[]},&quot;gap&quot;:{&quot;unit&quot;:&quot;px&quot;,&quot;size&quot;:10,&quot;sizes&quot;:[]},&quot;gap_tablet&quot;:{&quot;unit&quot;:&quot;px&quot;,&quot;size&quot;:10,&quot;sizes&quot;:[]},&quot;gap_mobile&quot;:{&quot;unit&quot;:&quot;px&quot;,&quot;size&quot;:10,&quot;sizes&quot;:[]},&quot;link_to&quot;:&quot;file&quot;,&quot;overlay_background&quot;:&quot;yes&quot;,&quot;content_hover_animation&quot;:&quot;fade-in&quot;}\" data-widget_type=\"gallery.default\">\n\t\t\t\t<div class=\"elementor-widget-container\">\n\t\t\t\t\t\t\t<div class=\"elementor-gallery__container\">\n\t\t\t\t\t\t\t<a class=\"e-gallery-item elementor-gallery-item elementor-animated-content\" href=\"https:\/\/vouille86.fr\/mairie\/wp-content\/uploads\/2022\/04\/foret_de_vouille_4.jpg\" data-elementor-open-lightbox=\"yes\" data-elementor-lightbox-slideshow=\"3bf0351\" data-e-action-hash=\"#elementor-action%3Aaction%3Dlightbox%26settings%3DeyJpZCI6NDgwMCwidXJsIjoiaHR0cHM6XC9cL3ZvdWlsbGU4Ni5mclwvbWFpcmllXC93cC1jb250ZW50XC91cGxvYWRzXC8yMDIyXC8wNFwvZm9yZXRfZGVfdm91aWxsZV80LmpwZyIsInNsaWRlc2hvdyI6IjNiZjAzNTEifQ%3D%3D\">\n\t\t\t\t\t<div class=\"e-gallery-image elementor-gallery-item__image\" data-thumbnail=\"https:\/\/vouille86.fr\/mairie\/wp-content\/uploads\/2022\/04\/foret_de_vouille_4-300x200.jpg\" data-width=\"300\" data-height=\"200\" aria-label=\"\" role=\"img\" ><\/div>\n\t\t\t\t\t\t\t\t\t\t\t<div class=\"elementor-gallery-item__overlay\"><\/div>\n\t\t\t\t\t\t\t\t\t\t\t\t\t\t<\/a>\n\t\t\t\t\t\t\t<a class=\"e-gallery-item elementor-gallery-item elementor-animated-content\" href=\"https:\/\/vouille86.fr\/mairie\/wp-content\/uploads\/2022\/04\/foret_de_vouille_3.jpg\" data-elementor-open-lightbox=\"yes\" data-elementor-lightbox-slideshow=\"3bf0351\" data-e-action-hash=\"#elementor-action%3Aaction%3Dlightbox%26settings%3DeyJpZCI6NDgwMSwidXJsIjoiaHR0cHM6XC9cL3ZvdWlsbGU4Ni5mclwvbWFpcmllXC93cC1jb250ZW50XC91cGxvYWRzXC8yMDIyXC8wNFwvZm9yZXRfZGVfdm91aWxsZV8zLmpwZyIsInNsaWRlc2hvdyI6IjNiZjAzNTEifQ%3D%3D\">\n\t\t\t\t\t<div class=\"e-gallery-image elementor-gallery-item__image\" data-thumbnail=\"https:\/\/vouille86.fr\/mairie\/wp-content\/uploads\/2022\/04\/foret_de_vouille_3-200x300.jpg\" data-width=\"200\" data-height=\"300\" aria-label=\"\" role=\"img\" ><\/div>\n\t\t\t\t\t\t\t\t\t\t\t<div class=\"elementor-gallery-item__overlay\"><\/div>\n\t\t\t\t\t\t\t\t\t\t\t\t\t\t<\/a>\n\t\t\t\t\t\t\t<a class=\"e-gallery-item elementor-gallery-item elementor-animated-content\" href=\"https:\/\/vouille86.fr\/mairie\/wp-content\/uploads\/2022\/04\/foret_de_vouille_1.jpg\" data-elementor-open-lightbox=\"yes\" data-elementor-lightbox-slideshow=\"3bf0351\" data-e-action-hash=\"#elementor-action%3Aaction%3Dlightbox%26settings%3DeyJpZCI6NDgwMiwidXJsIjoiaHR0cHM6XC9cL3ZvdWlsbGU4Ni5mclwvbWFpcmllXC93cC1jb250ZW50XC91cGxvYWRzXC8yMDIyXC8wNFwvZm9yZXRfZGVfdm91aWxsZV8xLmpwZyIsInNsaWRlc2hvdyI6IjNiZjAzNTEifQ%3D%3D\">\n\t\t\t\t\t<div class=\"e-gallery-image elementor-gallery-item__image\" data-thumbnail=\"https:\/\/vouille86.fr\/mairie\/wp-content\/uploads\/2022\/04\/foret_de_vouille_1-225x300.jpg\" data-width=\"225\" data-height=\"300\" aria-label=\"\" role=\"img\" ><\/div>\n\t\t\t\t\t\t\t\t\t\t\t<div class=\"elementor-gallery-item__overlay\"><\/div>\n\t\t\t\t\t\t\t\t\t\t\t\t\t\t<\/a>\n\t\t\t\t\t\t\t<a class=\"e-gallery-item elementor-gallery-item elementor-animated-content\" href=\"https:\/\/vouille86.fr\/mairie\/wp-content\/uploads\/2022\/04\/foret_de_vouille_2.jpg\" data-elementor-open-lightbox=\"yes\" data-elementor-lightbox-slideshow=\"3bf0351\" data-e-action-hash=\"#elementor-action%3Aaction%3Dlightbox%26settings%3DeyJpZCI6NDgwMywidXJsIjoiaHR0cHM6XC9cL3ZvdWlsbGU4Ni5mclwvbWFpcmllXC93cC1jb250ZW50XC91cGxvYWRzXC8yMDIyXC8wNFwvZm9yZXRfZGVfdm91aWxsZV8yLmpwZyIsInNsaWRlc2hvdyI6IjNiZjAzNTEifQ%3D%3D\">\n\t\t\t\t\t<div class=\"e-gallery-image elementor-gallery-item__image\" data-thumbnail=\"https:\/\/vouille86.fr\/mairie\/wp-content\/uploads\/2022\/04\/foret_de_vouille_2-300x200.jpg\" data-width=\"300\" data-height=\"200\" aria-label=\"\" role=\"img\" ><\/div>\n\t\t\t\t\t\t\t\t\t\t\t<div class=\"elementor-gallery-item__overlay\"><\/div>\n\t\t\t\t\t\t\t\t\t\t\t\t\t\t<\/a>\n\t\t\t\t\t<\/div>\n\t\t\t\t\t<\/div>\n\t\t\t\t<\/div>\n\t\t\t\t<div class=\"elementor-element elementor-element-74cddace elementor-share-buttons--view-icon elementor-share-buttons--skin-minimal elementor-share-buttons--color-custom elementor-share-buttons--shape-square elementor-grid-0 elementor-widget elementor-widget-global elementor-global-2201 elementor-widget-share-buttons\" data-id=\"74cddace\" data-element_type=\"widget\" data-e-type=\"widget\" data-widget_type=\"share-buttons.default\">\n\t\t\t\t<div class=\"elementor-widget-container\">\n\t\t\t\t\t\t\t<div class=\"elementor-grid\" role=\"list\">\n\t\t\t\t\t\t\t\t<div class=\"elementor-grid-item\" role=\"listitem\">\n\t\t\t\t\t\t<div class=\"elementor-share-btn elementor-share-btn_facebook\" role=\"button\" tabindex=\"0\" aria-label=\"Partager sur facebook\">\n\t\t\t\t\t\t\t\t\t\t\t\t\t\t\t<span class=\"elementor-share-btn__icon\">\n\t\t\t\t\t\t\t\t<i class=\"fab fa-facebook\" aria-hidden=\"true\"><\/i>\t\t\t\t\t\t\t<\/span>\n\t\t\t\t\t\t\t\t\t\t\t\t\t\t\t\t\t\t\t\t<\/div>\n\t\t\t\t\t<\/div>\n\t\t\t\t\t\t\t\t\t<div class=\"elementor-grid-item\" role=\"listitem\">\n\t\t\t\t\t\t<div class=\"elementor-share-btn elementor-share-btn_twitter\" role=\"button\" tabindex=\"0\" aria-label=\"Partager sur twitter\">\n\t\t\t\t\t\t\t\t\t\t\t\t\t\t\t<span class=\"elementor-share-btn__icon\">\n\t\t\t\t\t\t\t\t<i class=\"fab fa-twitter\" aria-hidden=\"true\"><\/i>\t\t\t\t\t\t\t<\/span>\n\t\t\t\t\t\t\t\t\t\t\t\t\t\t\t\t\t\t\t\t<\/div>\n\t\t\t\t\t<\/div>\n\t\t\t\t\t\t\t\t\t<div class=\"elementor-grid-item\" role=\"listitem\">\n\t\t\t\t\t\t<div class=\"elementor-share-btn elementor-share-btn_whatsapp\" role=\"button\" tabindex=\"0\" aria-label=\"Partager sur whatsapp\">\n\t\t\t\t\t\t\t\t\t\t\t\t\t\t\t<span class=\"elementor-share-btn__icon\">\n\t\t\t\t\t\t\t\t<i class=\"fab fa-whatsapp\" aria-hidden=\"true\"><\/i>\t\t\t\t\t\t\t<\/span>\n\t\t\t\t\t\t\t\t\t\t\t\t\t\t\t\t\t\t\t\t<\/div>\n\t\t\t\t\t<\/div>\n\t\t\t\t\t\t\t\t\t<div class=\"elementor-grid-item\" role=\"listitem\">\n\t\t\t\t\t\t<div class=\"elementor-share-btn elementor-share-btn_email\" role=\"button\" tabindex=\"0\" aria-label=\"Partager sur email\">\n\t\t\t\t\t\t\t\t\t\t\t\t\t\t\t<span class=\"elementor-share-btn__icon\">\n\t\t\t\t\t\t\t\t<i class=\"fas fa-envelope\" aria-hidden=\"true\"><\/i>\t\t\t\t\t\t\t<\/span>\n\t\t\t\t\t\t\t\t\t\t\t\t\t\t\t\t\t\t\t\t<\/div>\n\t\t\t\t\t<\/div>\n\t\t\t\t\t\t<\/div>\n\t\t\t\t\t\t<\/div>\n\t\t\t\t<\/div>\n\t\t\t\t\t<\/div>\n\t\t<\/div>\n\t\t\t\t\t<\/div>\n\t\t<\/section>\n\t\t\t\t<\/div>\n\t\t","protected":false},"excerpt":{"rendered":"<p>Situ\u00e9 \u00e0 une dizaine de minutes en v\u00e9lo, la for\u00eat domaniale de Vouill\u00e9-Saint-Hilaire couvre 1628 hectares dont 800 hectares environ se situent sur le territoire communal. HISTOIRE Elle constitue un h\u00e9ritage d\u2019anciennes propri\u00e9t\u00e9s religieuses. Sur pr\u00e8s de 1000 hectares, s\u2019\u00e9tendent des futaies de ch\u00eanes et de h\u00eatres. Sur les quelques 500 autres hectares de cette&#8230;<\/p>\n","protected":false},"author":1,"featured_media":0,"parent":0,"menu_order":0,"comment_status":"closed","ping_status":"closed","template":"","meta":{"_acf_changed":false,"footnotes":""},"class_list":["post-4411","page","type-page","status-publish","hentry"],"acf":[],"_links":{"self":[{"href":"https:\/\/vouille86.fr\/mairie\/wp-json\/wp\/v2\/pages\/4411","targetHints":{"allow":["GET"]}}],"collection":[{"href":"https:\/\/vouille86.fr\/mairie\/wp-json\/wp\/v2\/pages"}],"about":[{"href":"https:\/\/vouille86.fr\/mairie\/wp-json\/wp\/v2\/types\/page"}],"author":[{"embeddable":true,"href":"https:\/\/vouille86.fr\/mairie\/wp-json\/wp\/v2\/users\/1"}],"replies":[{"embeddable":true,"href":"https:\/\/vouille86.fr\/mairie\/wp-json\/wp\/v2\/comments?post=4411"}],"version-history":[{"count":40,"href":"https:\/\/vouille86.fr\/mairie\/wp-json\/wp\/v2\/pages\/4411\/revisions"}],"predecessor-version":[{"id":13467,"href":"https:\/\/vouille86.fr\/mairie\/wp-json\/wp\/v2\/pages\/4411\/revisions\/13467"}],"wp:attachment":[{"href":"https:\/\/vouille86.fr\/mairie\/wp-json\/wp\/v2\/media?parent=4411"}],"curies":[{"name":"wp","href":"https:\/\/api.w.org\/{rel}","templated":true}]}}