{"id":4282,"date":"2022-03-31T10:51:12","date_gmt":"2022-03-31T08:51:12","guid":{"rendered":"https:\/\/vouille86.fr\/mairie\/?page_id=4282"},"modified":"2023-01-10T10:11:15","modified_gmt":"2023-01-10T09:11:15","slug":"accueil-des-voyageurs","status":"publish","type":"page","link":"https:\/\/vouille86.fr\/mairie\/accueil-des-voyageurs\/","title":{"rendered":"Accueil des voyageurs"},"content":{"rendered":"\t\t<div data-elementor-type=\"wp-page\" data-elementor-id=\"4282\" class=\"elementor elementor-4282\" data-elementor-post-type=\"page\">\n\t\t\t\t\t\t<section class=\"elementor-section elementor-top-section elementor-element elementor-element-44f6b0e9 elementor-section-boxed elementor-section-height-default elementor-section-height-default\" data-id=\"44f6b0e9\" data-element_type=\"section\" data-e-type=\"section\">\n\t\t\t\t\t\t<div class=\"elementor-container elementor-column-gap-default\">\n\t\t\t\t\t<div class=\"elementor-column elementor-col-100 elementor-top-column elementor-element elementor-element-53ff7df4\" data-id=\"53ff7df4\" data-element_type=\"column\" data-e-type=\"column\">\n\t\t\t<div class=\"elementor-widget-wrap elementor-element-populated\">\n\t\t\t\t\t\t<div class=\"elementor-element elementor-element-7bae1fca ariana elementor-widget elementor-widget-global elementor-global-2096 elementor-widget-shortcode\" data-id=\"7bae1fca\" data-element_type=\"widget\" data-e-type=\"widget\" data-widget_type=\"shortcode.default\">\n\t\t\t\t<div class=\"elementor-widget-container\">\n\t\t\t\t\t<ul id=\"crumbs\"><li><a href=\"https:\/\/vouille86.fr\/mairie\">Accueil<\/a><\/li><\/ul>\t\t<div class=\"elementor-shortcode\"><\/div>\n\t\t\t\t\t\t<\/div>\n\t\t\t\t<\/div>\n\t\t\t\t\t<\/div>\n\t\t<\/div>\n\t\t\t\t\t<\/div>\n\t\t<\/section>\n\t\t\t\t<section class=\"elementor-section elementor-top-section elementor-element elementor-element-1e492f3 elementor-section-boxed elementor-section-height-default elementor-section-height-default\" data-id=\"1e492f3\" data-element_type=\"section\" data-e-type=\"section\">\n\t\t\t\t\t\t<div class=\"elementor-container elementor-column-gap-default\">\n\t\t\t\t\t<div class=\"elementor-column elementor-col-16 elementor-top-column elementor-element elementor-element-40965e6\" data-id=\"40965e6\" data-element_type=\"column\" data-e-type=\"column\">\n\t\t\t<div class=\"elementor-widget-wrap\">\n\t\t\t\t\t\t\t<\/div>\n\t\t<\/div>\n\t\t\t\t<div class=\"elementor-column elementor-col-66 elementor-top-column elementor-element elementor-element-9810bb0\" data-id=\"9810bb0\" data-element_type=\"column\" data-e-type=\"column\">\n\t\t\t<div class=\"elementor-widget-wrap elementor-element-populated\">\n\t\t\t\t\t\t<div class=\"elementor-element elementor-element-fbbdac5 elementor-widget elementor-widget-video\" data-id=\"fbbdac5\" data-element_type=\"widget\" data-e-type=\"widget\" data-settings=\"{&quot;youtube_url&quot;:&quot;https:\\\/\\\/www.youtube.com\\\/watch?v=oJqIvyZwMnc&amp;t=21s&quot;,&quot;video_type&quot;:&quot;youtube&quot;,&quot;controls&quot;:&quot;yes&quot;}\" data-widget_type=\"video.default\">\n\t\t\t\t<div class=\"elementor-widget-container\">\n\t\t\t\t\t\t\t<div class=\"elementor-wrapper elementor-open-inline\">\n\t\t\t<div class=\"elementor-video\"><\/div>\t\t<\/div>\n\t\t\t\t\t\t<\/div>\n\t\t\t\t<\/div>\n\t\t\t\t\t<\/div>\n\t\t<\/div>\n\t\t\t\t<div class=\"elementor-column elementor-col-16 elementor-top-column elementor-element elementor-element-922f5de\" data-id=\"922f5de\" data-element_type=\"column\" data-e-type=\"column\">\n\t\t\t<div class=\"elementor-widget-wrap\">\n\t\t\t\t\t\t\t<\/div>\n\t\t<\/div>\n\t\t\t\t\t<\/div>\n\t\t<\/section>\n\t\t\t\t<section class=\"elementor-section elementor-top-section elementor-element elementor-element-26bb63e5 elementor-section-boxed elementor-section-height-default elementor-section-height-default\" data-id=\"26bb63e5\" data-element_type=\"section\" data-e-type=\"section\">\n\t\t\t\t\t\t<div class=\"elementor-container elementor-column-gap-default\">\n\t\t\t\t\t<div class=\"elementor-column elementor-col-100 elementor-top-column elementor-element elementor-element-2c4d7c08\" data-id=\"2c4d7c08\" data-element_type=\"column\" data-e-type=\"column\">\n\t\t\t<div class=\"elementor-widget-wrap elementor-element-populated\">\n\t\t\t\t\t\t<div class=\"elementor-element elementor-element-4463d649 elementor-widget elementor-widget-heading\" data-id=\"4463d649\" data-element_type=\"widget\" data-e-type=\"widget\" data-widget_type=\"heading.default\">\n\t\t\t\t<div class=\"elementor-widget-container\">\n\t\t\t\t\t<h2 class=\"elementor-heading-title elementor-size-default\">Accueil des voyageurs<\/h2>\t\t\t\t<\/div>\n\t\t\t\t<\/div>\n\t\t\t\t<div class=\"elementor-element elementor-element-5f730991 elementor-widget elementor-widget-text-editor\" data-id=\"5f730991\" data-element_type=\"widget\" data-e-type=\"widget\" data-widget_type=\"text-editor.default\">\n\t\t\t\t<div class=\"elementor-widget-container\">\n\t\t\t\t\t\t\t\t\t<p>Vouill\u00e9, labellis\u00e9e Village Etape, vous accueille pour votre court ou long s\u00e9jour.<\/p><p>Une pause sur la route des vacances ? Profitez de nos aires de pique-nique arbor\u00e9es, des aires de jeux pour amuser les petits, des toilettes publiques gratuites, d&rsquo;une aire de services pour camping-cars et des commerces de proximit\u00e9 pour faire le plein de bonnes choses avant de repartir !<\/p><p>Un plus long s\u00e9jour ? La Commune dispose d&rsquo;un panel\u00a0<a href=\"https:\/\/vouille86.fr\/mairie\/category\/annuaire-commerces\/\" target=\"_blank\" rel=\"noopener\">d&rsquo;h\u00e9bergements\u00a0<\/a>adapt\u00e9 \u00e0 toutes vos envies : h\u00f4tels, chambres d&rsquo;h\u00f4tes, g\u00eetes, aire de stationnement camping-car et camping municipal estival. Profitez-en pour d\u00e9couvrir le territoire du Haut-Poitou : la for\u00eat domaniale, les sentiers p\u00e9destres, le parc de la Gorande&#8230;et \u00e0 20 minutes : Poitiers, le Futuroscope, l&rsquo;Arena&#8230;<\/p>\t\t\t\t\t\t\t\t<\/div>\n\t\t\t\t<\/div>\n\t\t\t\t<div class=\"elementor-element elementor-element-3d3d20fa elementor-widget elementor-widget-accordion\" data-id=\"3d3d20fa\" data-element_type=\"widget\" data-e-type=\"widget\" data-widget_type=\"accordion.default\">\n\t\t\t\t<div class=\"elementor-widget-container\">\n\t\t\t\t\t\t\t<div class=\"elementor-accordion\">\n\t\t\t\t\t\t\t<div class=\"elementor-accordion-item\">\n\t\t\t\t\t<div id=\"elementor-tab-title-1021\" class=\"elementor-tab-title\" data-tab=\"1\" role=\"button\" aria-controls=\"elementor-tab-content-1021\" aria-expanded=\"false\">\n\t\t\t\t\t\t\t\t\t\t\t\t\t<span class=\"elementor-accordion-icon elementor-accordion-icon-left\" aria-hidden=\"true\">\n\t\t\t\t\t\t\t\t\t\t\t\t\t\t\t<span class=\"elementor-accordion-icon-closed\"><i class=\"fas fa-plus\"><\/i><\/span>\n\t\t\t\t\t\t\t\t<span class=\"elementor-accordion-icon-opened\"><i class=\"fas fa-minus\"><\/i><\/span>\n\t\t\t\t\t\t\t\t\t\t\t\t\t\t<\/span>\n\t\t\t\t\t\t\t\t\t\t\t\t<a class=\"elementor-accordion-title\" tabindex=\"0\">AIRES DE RESTAURATION EN PLEIN AIR<\/a>\n\t\t\t\t\t<\/div>\n\t\t\t\t\t<div id=\"elementor-tab-content-1021\" class=\"elementor-tab-content elementor-clearfix\" data-tab=\"1\" role=\"region\" aria-labelledby=\"elementor-tab-title-1021\"><div id='gallery-1' class='gallery galleryid-4282 gallery-columns-3 gallery-size-medium'><figure class='gallery-item'>\n\t\t\t<div class='gallery-icon landscape'>\n\t\t\t\t<a href='https:\/\/vouille86.fr\/mairie\/wp-content\/uploads\/2022\/05\/P1010705-scaled.jpg'><img fetchpriority=\"high\" decoding=\"async\" width=\"300\" height=\"200\" src=\"https:\/\/vouille86.fr\/mairie\/wp-content\/uploads\/2022\/05\/P1010705-300x200.jpg\" class=\"attachment-medium size-medium\" alt=\"\" srcset=\"https:\/\/vouille86.fr\/mairie\/wp-content\/uploads\/2022\/05\/P1010705-300x200.jpg 300w, https:\/\/vouille86.fr\/mairie\/wp-content\/uploads\/2022\/05\/P1010705-1024x683.jpg 1024w, https:\/\/vouille86.fr\/mairie\/wp-content\/uploads\/2022\/05\/P1010705-768x512.jpg 768w, https:\/\/vouille86.fr\/mairie\/wp-content\/uploads\/2022\/05\/P1010705-1536x1024.jpg 1536w, https:\/\/vouille86.fr\/mairie\/wp-content\/uploads\/2022\/05\/P1010705-2048x1365.jpg 2048w\" sizes=\"(max-width: 300px) 100vw, 300px\" \/><\/a>\n\t\t\t<\/div><\/figure><figure class='gallery-item'>\n\t\t\t<div class='gallery-icon landscape'>\n\t\t\t\t<a href='https:\/\/vouille86.fr\/mairie\/wp-content\/uploads\/2022\/05\/P1000337-scaled.jpg'><img decoding=\"async\" width=\"300\" height=\"200\" src=\"https:\/\/vouille86.fr\/mairie\/wp-content\/uploads\/2022\/05\/P1000337-300x200.jpg\" class=\"attachment-medium size-medium\" alt=\"\" srcset=\"https:\/\/vouille86.fr\/mairie\/wp-content\/uploads\/2022\/05\/P1000337-300x200.jpg 300w, https:\/\/vouille86.fr\/mairie\/wp-content\/uploads\/2022\/05\/P1000337-1024x683.jpg 1024w, https:\/\/vouille86.fr\/mairie\/wp-content\/uploads\/2022\/05\/P1000337-768x512.jpg 768w, https:\/\/vouille86.fr\/mairie\/wp-content\/uploads\/2022\/05\/P1000337-1536x1024.jpg 1536w, https:\/\/vouille86.fr\/mairie\/wp-content\/uploads\/2022\/05\/P1000337-2048x1365.jpg 2048w\" sizes=\"(max-width: 300px) 100vw, 300px\" \/><\/a>\n\t\t\t<\/div><\/figure><figure class='gallery-item'>\n\t\t\t<div class='gallery-icon landscape'>\n\t\t\t\t<a href='https:\/\/vouille86.fr\/mairie\/wp-content\/uploads\/2022\/05\/P1040105-scaled.jpg'><img decoding=\"async\" width=\"300\" height=\"225\" src=\"https:\/\/vouille86.fr\/mairie\/wp-content\/uploads\/2022\/05\/P1040105-300x225.jpg\" class=\"attachment-medium size-medium\" alt=\"\" srcset=\"https:\/\/vouille86.fr\/mairie\/wp-content\/uploads\/2022\/05\/P1040105-300x225.jpg 300w, https:\/\/vouille86.fr\/mairie\/wp-content\/uploads\/2022\/05\/P1040105-1024x768.jpg 1024w, https:\/\/vouille86.fr\/mairie\/wp-content\/uploads\/2022\/05\/P1040105-768x576.jpg 768w, https:\/\/vouille86.fr\/mairie\/wp-content\/uploads\/2022\/05\/P1040105-1536x1152.jpg 1536w, https:\/\/vouille86.fr\/mairie\/wp-content\/uploads\/2022\/05\/P1040105-2048x1536.jpg 2048w\" sizes=\"(max-width: 300px) 100vw, 300px\" \/><\/a>\n\t\t\t<\/div><\/figure>\n\t\t<\/div>\n<p>Pour faire une <strong>pause<\/strong> en toute <strong>tranquillit\u00e9<\/strong>, profitez des aires de pique-nique install\u00e9es au sein des espaces verts :<\/p><ul><li>square Alaric II (rue Clovis, centre-bourg),<\/li><li>parc de la Gorande (rue du Moulin Neuf),<\/li><li>place de Traversonne (aire de jeux),<\/li><li>parc de Beausoleil,<\/li><li>parc du Valmontour.<\/li><\/ul><\/div>\n\t\t\t\t<\/div>\n\t\t\t\t\t\t\t<div class=\"elementor-accordion-item\">\n\t\t\t\t\t<div id=\"elementor-tab-title-1022\" class=\"elementor-tab-title\" data-tab=\"2\" role=\"button\" aria-controls=\"elementor-tab-content-1022\" aria-expanded=\"false\">\n\t\t\t\t\t\t\t\t\t\t\t\t\t<span class=\"elementor-accordion-icon elementor-accordion-icon-left\" aria-hidden=\"true\">\n\t\t\t\t\t\t\t\t\t\t\t\t\t\t\t<span class=\"elementor-accordion-icon-closed\"><i class=\"fas fa-plus\"><\/i><\/span>\n\t\t\t\t\t\t\t\t<span class=\"elementor-accordion-icon-opened\"><i class=\"fas fa-minus\"><\/i><\/span>\n\t\t\t\t\t\t\t\t\t\t\t\t\t\t<\/span>\n\t\t\t\t\t\t\t\t\t\t\t\t<a class=\"elementor-accordion-title\" tabindex=\"0\">ACCUEIL DES CAMPINGS-CARISTES<\/a>\n\t\t\t\t\t<\/div>\n\t\t\t\t\t<div id=\"elementor-tab-content-1022\" class=\"elementor-tab-content elementor-clearfix\" data-tab=\"2\" role=\"region\" aria-labelledby=\"elementor-tab-title-1022\"><p><img loading=\"lazy\" decoding=\"async\" class=\"aligncenter wp-image-6869 size-medium\" src=\"https:\/\/vouille86.fr\/mairie\/wp-content\/uploads\/2022\/05\/P1000363-300x200.jpg\" alt=\"\" width=\"300\" height=\"200\" srcset=\"https:\/\/vouille86.fr\/mairie\/wp-content\/uploads\/2022\/05\/P1000363-300x200.jpg 300w, https:\/\/vouille86.fr\/mairie\/wp-content\/uploads\/2022\/05\/P1000363-1024x683.jpg 1024w, https:\/\/vouille86.fr\/mairie\/wp-content\/uploads\/2022\/05\/P1000363-768x512.jpg 768w, https:\/\/vouille86.fr\/mairie\/wp-content\/uploads\/2022\/05\/P1000363-1536x1024.jpg 1536w, https:\/\/vouille86.fr\/mairie\/wp-content\/uploads\/2022\/05\/P1000363-2048x1365.jpg 2048w\" sizes=\"(max-width: 300px) 100vw, 300px\" \/><\/p><p><strong>Aire de services camping-cars<\/strong><\/p><p>Depuis l&rsquo;aire de services situ\u00e9e en entr\u00e9e de ville, rejoignez en deux minutes le centre-bourg (square alaric, commerces, aire de pique-nique&#8230;) :\u00a0<a href=\"https:\/\/www.google.com\/maps\/d\/edit?mid=1aZZqZ-UV3hiUOx9UsRNuc4XujnV4Fg_e&amp;usp=sharing\"><strong>Carte interactive\u00a0<\/strong><\/a><\/p><p>\u00a0<iframe src=\"https:\/\/www.google.com\/maps\/d\/embed?mid=1aZZqZ-UV3hiUOx9UsRNuc4XujnV4Fg_e&amp;ehbc=2E312F\" width=\"640\" height=\"480\"><\/iframe><\/p><p><strong>Aire de stationnement camping-cars\u00a0<\/strong><\/p><p>Pour prolonger votre s\u00e9jour, d\u00e9couvrez l\u2019aire de stationnement gratuite situ\u00e9e Chemin de la piscine, \u00e0 l\u2019entr\u00e9e du Parc de la Gorande.<\/p><p><a href=\"https:\/\/vouille86.fr\/mairie\/wp-content\/uploads\/2022\/03\/stationnement-campings-cars.jpg\"><img loading=\"lazy\" decoding=\"async\" class=\"aligncenter wp-image-4292 size-medium\" src=\"https:\/\/vouille86.fr\/mairie\/wp-content\/uploads\/2022\/03\/stationnement-campings-cars-300x225.jpg\" alt=\"\" width=\"300\" height=\"225\" srcset=\"https:\/\/vouille86.fr\/mairie\/wp-content\/uploads\/2022\/03\/stationnement-campings-cars-300x225.jpg 300w, https:\/\/vouille86.fr\/mairie\/wp-content\/uploads\/2022\/03\/stationnement-campings-cars-1024x768.jpg 1024w, https:\/\/vouille86.fr\/mairie\/wp-content\/uploads\/2022\/03\/stationnement-campings-cars-768x576.jpg 768w, https:\/\/vouille86.fr\/mairie\/wp-content\/uploads\/2022\/03\/stationnement-campings-cars.jpg 1200w\" sizes=\"(max-width: 300px) 100vw, 300px\" \/><\/a><\/p><p><strong><br \/>Guide du camping-car<\/strong><\/p><p>Chers amis camping-caristes ! Envie de d\u00e9couvrir les aires de services camping-car des Villages \u00e9tapes ? Voyager de fa\u00e7on itin\u00e9rante, c\u2019est rechercher des services adapt\u00e9s dans un cadre agr\u00e9able ! Le livret camping-car recense :<\/p><ul><li>Emplacement des aires de service (GPS, adresse\u2026)<\/li><li>Fonctionnement<\/li><li class=\"last-child\">Proximit\u00e9 avec les premiers commerces<\/li><\/ul><p><img loading=\"lazy\" decoding=\"async\" class=\"wp-image-1581 size-thumbnail alignright\" src=\"https:\/\/vouille86.fr\/mairie\/wp-content\/uploads\/2022\/03\/village_etape_logo-150x100.jpg\" alt=\"\" width=\"150\" height=\"100\" \/>Vous pouvez \u00e9galement le t\u00e9l\u00e9charger gratuitement sur le site internet des <a href=\"https:\/\/www.village-etape.fr\/vous-roulez\/en-camping-car\/\">Villages Etapes<\/a> !<\/p><\/div>\n\t\t\t\t<\/div>\n\t\t\t\t\t\t\t\t<\/div>\n\t\t\t\t\t\t<\/div>\n\t\t\t\t<\/div>\n\t\t\t\t<div class=\"elementor-element elementor-element-c59e306 elementor-share-buttons--view-icon elementor-share-buttons--skin-minimal elementor-share-buttons--color-custom elementor-share-buttons--shape-square elementor-grid-0 elementor-widget elementor-widget-global elementor-global-2201 elementor-widget-share-buttons\" data-id=\"c59e306\" data-element_type=\"widget\" data-e-type=\"widget\" data-widget_type=\"share-buttons.default\">\n\t\t\t\t<div class=\"elementor-widget-container\">\n\t\t\t\t\t\t\t<div class=\"elementor-grid\" role=\"list\">\n\t\t\t\t\t\t\t\t<div class=\"elementor-grid-item\" role=\"listitem\">\n\t\t\t\t\t\t<div class=\"elementor-share-btn elementor-share-btn_facebook\" role=\"button\" tabindex=\"0\" aria-label=\"Partager sur facebook\">\n\t\t\t\t\t\t\t\t\t\t\t\t\t\t\t<span class=\"elementor-share-btn__icon\">\n\t\t\t\t\t\t\t\t<i class=\"fab fa-facebook\" aria-hidden=\"true\"><\/i>\t\t\t\t\t\t\t<\/span>\n\t\t\t\t\t\t\t\t\t\t\t\t\t\t\t\t\t\t\t\t<\/div>\n\t\t\t\t\t<\/div>\n\t\t\t\t\t\t\t\t\t<div class=\"elementor-grid-item\" role=\"listitem\">\n\t\t\t\t\t\t<div class=\"elementor-share-btn elementor-share-btn_twitter\" role=\"button\" tabindex=\"0\" aria-label=\"Partager sur twitter\">\n\t\t\t\t\t\t\t\t\t\t\t\t\t\t\t<span class=\"elementor-share-btn__icon\">\n\t\t\t\t\t\t\t\t<i class=\"fab fa-twitter\" aria-hidden=\"true\"><\/i>\t\t\t\t\t\t\t<\/span>\n\t\t\t\t\t\t\t\t\t\t\t\t\t\t\t\t\t\t\t\t<\/div>\n\t\t\t\t\t<\/div>\n\t\t\t\t\t\t\t\t\t<div class=\"elementor-grid-item\" role=\"listitem\">\n\t\t\t\t\t\t<div class=\"elementor-share-btn elementor-share-btn_whatsapp\" role=\"button\" tabindex=\"0\" aria-label=\"Partager sur whatsapp\">\n\t\t\t\t\t\t\t\t\t\t\t\t\t\t\t<span class=\"elementor-share-btn__icon\">\n\t\t\t\t\t\t\t\t<i class=\"fab fa-whatsapp\" aria-hidden=\"true\"><\/i>\t\t\t\t\t\t\t<\/span>\n\t\t\t\t\t\t\t\t\t\t\t\t\t\t\t\t\t\t\t\t<\/div>\n\t\t\t\t\t<\/div>\n\t\t\t\t\t\t\t\t\t<div class=\"elementor-grid-item\" role=\"listitem\">\n\t\t\t\t\t\t<div class=\"elementor-share-btn elementor-share-btn_email\" role=\"button\" tabindex=\"0\" aria-label=\"Partager sur email\">\n\t\t\t\t\t\t\t\t\t\t\t\t\t\t\t<span class=\"elementor-share-btn__icon\">\n\t\t\t\t\t\t\t\t<i class=\"fas fa-envelope\" aria-hidden=\"true\"><\/i>\t\t\t\t\t\t\t<\/span>\n\t\t\t\t\t\t\t\t\t\t\t\t\t\t\t\t\t\t\t\t<\/div>\n\t\t\t\t\t<\/div>\n\t\t\t\t\t\t<\/div>\n\t\t\t\t\t\t<\/div>\n\t\t\t\t<\/div>\n\t\t\t\t\t<\/div>\n\t\t<\/div>\n\t\t\t\t\t<\/div>\n\t\t<\/section>\n\t\t\t\t<\/div>\n\t\t","protected":false},"excerpt":{"rendered":"<p>https:\/\/www.youtube.com\/watch?v=oJqIvyZwMnc&#038;t=21s Vouill\u00e9, labellis\u00e9e Village Etape, vous accueille pour votre court ou long s\u00e9jour. Une pause sur la route des vacances ? Profitez de nos aires de pique-nique arbor\u00e9es, des aires de jeux pour amuser les petits, des toilettes publiques gratuites, d&rsquo;une aire de services pour camping-cars et des commerces de proximit\u00e9 pour faire le plein&#8230;<\/p>\n","protected":false},"author":1,"featured_media":0,"parent":0,"menu_order":0,"comment_status":"closed","ping_status":"closed","template":"","meta":{"_acf_changed":false,"footnotes":""},"class_list":["post-4282","page","type-page","status-publish","hentry"],"acf":[],"_links":{"self":[{"href":"https:\/\/vouille86.fr\/mairie\/wp-json\/wp\/v2\/pages\/4282","targetHints":{"allow":["GET"]}}],"collection":[{"href":"https:\/\/vouille86.fr\/mairie\/wp-json\/wp\/v2\/pages"}],"about":[{"href":"https:\/\/vouille86.fr\/mairie\/wp-json\/wp\/v2\/types\/page"}],"author":[{"embeddable":true,"href":"https:\/\/vouille86.fr\/mairie\/wp-json\/wp\/v2\/users\/1"}],"replies":[{"embeddable":true,"href":"https:\/\/vouille86.fr\/mairie\/wp-json\/wp\/v2\/comments?post=4282"}],"version-history":[{"count":52,"href":"https:\/\/vouille86.fr\/mairie\/wp-json\/wp\/v2\/pages\/4282\/revisions"}],"predecessor-version":[{"id":9058,"href":"https:\/\/vouille86.fr\/mairie\/wp-json\/wp\/v2\/pages\/4282\/revisions\/9058"}],"wp:attachment":[{"href":"https:\/\/vouille86.fr\/mairie\/wp-json\/wp\/v2\/media?parent=4282"}],"curies":[{"name":"wp","href":"https:\/\/api.w.org\/{rel}","templated":true}]}}