{"id":4045,"date":"2022-03-29T15:24:51","date_gmt":"2022-03-29T13:24:51","guid":{"rendered":"https:\/\/vouille86.fr\/mairie\/?page_id=4045"},"modified":"2025-02-27T11:15:04","modified_gmt":"2025-02-27T10:15:04","slug":"parcs-jardins-et-lieux-de-vie","status":"publish","type":"page","link":"https:\/\/vouille86.fr\/mairie\/parcs-jardins-et-lieux-de-vie\/","title":{"rendered":"Parcs, jardins et lieux de vie"},"content":{"rendered":"\t\t<div data-elementor-type=\"wp-page\" data-elementor-id=\"4045\" class=\"elementor elementor-4045\" data-elementor-post-type=\"page\">\n\t\t\t\t\t\t<section class=\"elementor-section elementor-top-section elementor-element elementor-element-3e1a8e4e elementor-section-boxed elementor-section-height-default elementor-section-height-default\" data-id=\"3e1a8e4e\" data-element_type=\"section\" data-e-type=\"section\">\n\t\t\t\t\t\t<div class=\"elementor-container elementor-column-gap-default\">\n\t\t\t\t\t<div class=\"elementor-column elementor-col-100 elementor-top-column elementor-element elementor-element-24ee94b6\" data-id=\"24ee94b6\" data-element_type=\"column\" data-e-type=\"column\">\n\t\t\t<div class=\"elementor-widget-wrap elementor-element-populated\">\n\t\t\t\t\t\t<div class=\"elementor-element elementor-element-34afb668 ariana elementor-widget elementor-widget-global elementor-global-2096 elementor-widget-shortcode\" data-id=\"34afb668\" data-element_type=\"widget\" data-e-type=\"widget\" data-widget_type=\"shortcode.default\">\n\t\t\t\t<div class=\"elementor-widget-container\">\n\t\t\t\t\t<ul id=\"crumbs\"><li><a href=\"https:\/\/vouille86.fr\/mairie\">Accueil<\/a><\/li><\/ul>\t\t<div class=\"elementor-shortcode\"><\/div>\n\t\t\t\t\t\t<\/div>\n\t\t\t\t<\/div>\n\t\t\t\t\t<\/div>\n\t\t<\/div>\n\t\t\t\t\t<\/div>\n\t\t<\/section>\n\t\t\t\t<section class=\"elementor-section elementor-top-section elementor-element elementor-element-36a2c1ab elementor-section-boxed elementor-section-height-default elementor-section-height-default\" data-id=\"36a2c1ab\" data-element_type=\"section\" data-e-type=\"section\">\n\t\t\t\t\t\t<div class=\"elementor-container elementor-column-gap-default\">\n\t\t\t\t\t<div class=\"elementor-column elementor-col-100 elementor-top-column elementor-element elementor-element-72bf9b66\" data-id=\"72bf9b66\" data-element_type=\"column\" data-e-type=\"column\">\n\t\t\t<div class=\"elementor-widget-wrap elementor-element-populated\">\n\t\t\t\t\t\t<div class=\"elementor-element elementor-element-3eb28f90 elementor-widget elementor-widget-heading\" data-id=\"3eb28f90\" data-element_type=\"widget\" data-e-type=\"widget\" data-widget_type=\"heading.default\">\n\t\t\t\t<div class=\"elementor-widget-container\">\n\t\t\t\t\t<h2 class=\"elementor-heading-title elementor-size-default\">Parcs, jardins et lieux de vie<\/h2>\t\t\t\t<\/div>\n\t\t\t\t<\/div>\n\t\t\t\t<div class=\"elementor-element elementor-element-6d462225 elementor-widget elementor-widget-accordion\" data-id=\"6d462225\" data-element_type=\"widget\" data-e-type=\"widget\" data-widget_type=\"accordion.default\">\n\t\t\t\t<div class=\"elementor-widget-container\">\n\t\t\t\t\t\t\t<div class=\"elementor-accordion\">\n\t\t\t\t\t\t\t<div class=\"elementor-accordion-item\">\n\t\t\t\t\t<div id=\"elementor-tab-title-1831\" class=\"elementor-tab-title\" data-tab=\"1\" role=\"button\" aria-controls=\"elementor-tab-content-1831\" aria-expanded=\"false\">\n\t\t\t\t\t\t\t\t\t\t\t\t\t<span class=\"elementor-accordion-icon elementor-accordion-icon-left\" aria-hidden=\"true\">\n\t\t\t\t\t\t\t\t\t\t\t\t\t\t\t<span class=\"elementor-accordion-icon-closed\"><i class=\"fas fa-plus\"><\/i><\/span>\n\t\t\t\t\t\t\t\t<span class=\"elementor-accordion-icon-opened\"><i class=\"fas fa-minus\"><\/i><\/span>\n\t\t\t\t\t\t\t\t\t\t\t\t\t\t<\/span>\n\t\t\t\t\t\t\t\t\t\t\t\t<a class=\"elementor-accordion-title\" tabindex=\"0\">PARC DE LA GORANDE<\/a>\n\t\t\t\t\t<\/div>\n\t\t\t\t\t<div id=\"elementor-tab-content-1831\" class=\"elementor-tab-content elementor-clearfix\" data-tab=\"1\" role=\"region\" aria-labelledby=\"elementor-tab-title-1831\"><p><strong>Le parc de la Gorande : \u00e9l\u00e9ment de coh\u00e9sion sociale et atout touristique<\/strong><\/p><p>Il s\u2019agit d\u2019un espace d\u2019environ 3 hectares, cr\u00e9\u00e9 en 2001, ouvert au public. Situ\u00e9 \u00e0 proximit\u00e9 du Bourg et bord\u00e9 par l\u2019Auxance, le parc de la Gorande est avant tout un espace d\u00e9di\u00e9 \u00e0 la promenade et \u00e0 la d\u00e9tente.<\/p><p>Chaque ann\u00e9e et depuis sa cr\u00e9ation en 2001, de nouveaux am\u00e9nagements y sont r\u00e9alis\u00e9s et de nouvelles plantations effectu\u00e9es. Il comporte d\u00e9sormais une salle de r\u00e9ception, un th\u00e9\u00e2tre de verdure accueillant la plupart des repr\u00e9sentations estivales, un plan d\u2019eau, un sentier botanique, une aire de jeux et de pique-nique, d\u2019une roseraie et d\u2019un verger.<\/p><p><strong>Location de la salle de r\u00e9ception :<\/strong> contacter la mairie pour obtenir plus d\u2019informations via le formulaire <strong>en bas de page<\/strong> du site.<\/p><\/div>\n\t\t\t\t<\/div>\n\t\t\t\t\t\t\t<div class=\"elementor-accordion-item\">\n\t\t\t\t\t<div id=\"elementor-tab-title-1832\" class=\"elementor-tab-title\" data-tab=\"2\" role=\"button\" aria-controls=\"elementor-tab-content-1832\" aria-expanded=\"false\">\n\t\t\t\t\t\t\t\t\t\t\t\t\t<span class=\"elementor-accordion-icon elementor-accordion-icon-left\" aria-hidden=\"true\">\n\t\t\t\t\t\t\t\t\t\t\t\t\t\t\t<span class=\"elementor-accordion-icon-closed\"><i class=\"fas fa-plus\"><\/i><\/span>\n\t\t\t\t\t\t\t\t<span class=\"elementor-accordion-icon-opened\"><i class=\"fas fa-minus\"><\/i><\/span>\n\t\t\t\t\t\t\t\t\t\t\t\t\t\t<\/span>\n\t\t\t\t\t\t\t\t\t\t\t\t<a class=\"elementor-accordion-title\" tabindex=\"0\">L\u2019ESPACE VERT DU VAL MONTOUR<\/a>\n\t\t\t\t\t<\/div>\n\t\t\t\t\t<div id=\"elementor-tab-content-1832\" class=\"elementor-tab-content elementor-clearfix\" data-tab=\"2\" role=\"region\" aria-labelledby=\"elementor-tab-title-1832\"><p>Vouill\u00e9 est une commune faisant l\u2019objet d\u2019une importante croissance. Plusieurs lotissements ont \u00e9t\u00e9 cr\u00e9\u00e9s, notamment au lieu dit du Val Montour (250 lots). Pour assurer un cadre de vie agr\u00e9able \u00e0 ces nouveaux habitants, un espace vert d\u2019environ 3.5 hectares a \u00e9t\u00e9 r\u00e9alis\u00e9.<\/p><p>Un city stade, complexe multi-activit\u00e9s en terrain clos, permet la pratique de sports tels que le football, le basket-ball, le handball et le volley-ball en famille ou entre amis. Pour les plus petits, une aire de jeux est situ\u00e9e \u00e0 quelques m\u00e8tres.<\/p><\/div>\n\t\t\t\t<\/div>\n\t\t\t\t\t\t\t<div class=\"elementor-accordion-item\">\n\t\t\t\t\t<div id=\"elementor-tab-title-1833\" class=\"elementor-tab-title\" data-tab=\"3\" role=\"button\" aria-controls=\"elementor-tab-content-1833\" aria-expanded=\"false\">\n\t\t\t\t\t\t\t\t\t\t\t\t\t<span class=\"elementor-accordion-icon elementor-accordion-icon-left\" aria-hidden=\"true\">\n\t\t\t\t\t\t\t\t\t\t\t\t\t\t\t<span class=\"elementor-accordion-icon-closed\"><i class=\"fas fa-plus\"><\/i><\/span>\n\t\t\t\t\t\t\t\t<span class=\"elementor-accordion-icon-opened\"><i class=\"fas fa-minus\"><\/i><\/span>\n\t\t\t\t\t\t\t\t\t\t\t\t\t\t<\/span>\n\t\t\t\t\t\t\t\t\t\t\t\t<a class=\"elementor-accordion-title\" tabindex=\"0\">ZONE HUMIDE DE GADIOT<\/a>\n\t\t\t\t\t<\/div>\n\t\t\t\t\t<div id=\"elementor-tab-content-1833\" class=\"elementor-tab-content elementor-clearfix\" data-tab=\"3\" role=\"region\" aria-labelledby=\"elementor-tab-title-1833\"><p>\u00c0 Vouill\u00e9, la zone humide de Gadiot est situ\u00e9e \u00e0 proximit\u00e9 du parc de la Gorande et en bordure de l\u2019Auxance. Elle s\u2019\u00e9tend sur environ 5 220m2.<\/p><p>Depuis 2022, une passerelle avec un cheminement pi\u00e9ton relie le parc de la Gorande \u00e0 la zone humide de Gadiot afin de faire d\u00e9couvrir cet espace naturel aux habitants.<\/p><p>Une zone humide apporte de nombreux b\u00e9n\u00e9fices \u00e0 son environnement :<\/p><ul><li>Maintien et am\u00e9lioration de la qualit\u00e9 de l\u2019eau gr\u00e2ce \u00e0 son r\u00f4le de filtre \u00e9purateur (d\u00e9pollution de l\u2019eau).<\/li><li>Protection contre les inondations et les s\u00e9cheresses gr\u00e2ce \u00e0 son r\u00f4le d\u2019\u00e9ponge.<\/li><li>Accueil d\u2019une biodiversit\u00e9 riche et remarquable (faune et flore caract\u00e9ristiques des zones humides).<\/li><\/ul><p>En 2021, Symbiose Environnement a \u00e9t\u00e9 mandat\u00e9 par la commune de Vouill\u00e9 pour r\u00e9aliser un inventaire naturaliste de la zone humide. 120 esp\u00e8ces animales et 71 esp\u00e8ces v\u00e9g\u00e9tales ont \u00e9t\u00e9 identifi\u00e9es sur le site dont de nombreuses esp\u00e8ces prot\u00e9g\u00e9es rares ou menac\u00e9es.<\/p><ul><li>Flore : Fritillaire pintade, Reine des Pr\u00e9s, Grande La\u00eeche&#8230;<\/li><li>Avifaune : 46 esp\u00e8ces pr\u00e9sentes sur site et ses abords dont Alouette des champs, Chardonneret \u00e9l\u00e9gant, Linotte m\u00e9lodieuse, Pic Noir, Pouillot fitis, Tourterelle des bois, Bouscarle de Cetti, Faucon cr\u00e9cerelle, Fauvette grise, Gallinule poule-d\u2019eau, Hirondelle de fen\u00eatre, Martinet noir, Moineau domestique, Sittelle torchepot&#8230;<\/li><li>Mammif\u00e8res : Castor d\u2019eurasie, Ecureuil roux.<\/li><li>Amphibiens et reptiles : Triton palm\u00e9, L\u00e9zard des murailles.<\/li><li>Insectes : 51 esp\u00e8ces dont Libellule fauve, Criquet des roseaux, Criquet ensanglant\u00e9, Calopt\u00e9ryx \u00e9clatant, Papillon Robert-le-Diable.<\/li><li>Chiropt\u00e8res (chauves-souris) : <br \/>14 esp\u00e8ces dont Pipistrelle commune et la S\u00e9rotine commune.<\/li><\/ul><div dir=\"auto\">Le CPIE Seuil du Poitou a r\u00e9alis\u00e9 \u00e0 l&rsquo;\u00e9t\u00e9 2024 une s\u00e9rie sp\u00e9ciale \u00ab\u00a0zones humides\u00a0\u00bb\u00a0 \u00e0 retrouver sur leur cha\u00eene Youtube. La zone humide de Gadiot est \u00e0 l&rsquo;honneur sur deux d&rsquo;entre elles :<\/div><ul><li dir=\"auto\">De l&rsquo;inventaire \u00e0 la valorisation d&rsquo;une zone humide : <a href=\"https:\/\/youtu.be\/rUE2uo2rL28\" target=\"_blank\" rel=\"noopener\">https:\/\/youtu.be\/rUE2uo2rL28<\/a><\/li><li dir=\"auto\">Pourquoi les zones humides sont un atout pour notre eau potable ? : <a href=\"https:\/\/www.youtube.com\/watch?v=s4m27wwGejk\" target=\"_blank\" rel=\"noopener\">https:\/\/www.youtube.com\/watch?v=s4m27wwGejk<\/a><\/li><\/ul><p><iframe title=\"Les int\u00e9r\u00eats d&#039;une zone humide pour la qualit\u00e9 de l&#039;eau\" width=\"800\" height=\"450\" src=\"https:\/\/www.youtube.com\/embed\/rUE2uo2rL28?feature=oembed\" frameborder=\"0\" allow=\"accelerometer; autoplay; clipboard-write; encrypted-media; gyroscope; picture-in-picture; web-share\" referrerpolicy=\"strict-origin-when-cross-origin\" allowfullscreen><\/iframe><\/p><p><iframe title=\"La valorisation d&#039;une zone humide dans le d\u00e9partement de la Vienne (86)\" width=\"800\" height=\"450\" src=\"https:\/\/www.youtube.com\/embed\/s4m27wwGejk?start=8&feature=oembed\" frameborder=\"0\" allow=\"accelerometer; autoplay; clipboard-write; encrypted-media; gyroscope; picture-in-picture; web-share\" referrerpolicy=\"strict-origin-when-cross-origin\" allowfullscreen><\/iframe><\/p><\/div>\n\t\t\t\t<\/div>\n\t\t\t\t\t\t\t\t<\/div>\n\t\t\t\t\t\t<\/div>\n\t\t\t\t<\/div>\n\t\t\t\t<div class=\"elementor-element elementor-element-8f09597 elementor-share-buttons--view-icon elementor-share-buttons--skin-minimal elementor-share-buttons--color-custom elementor-share-buttons--shape-square elementor-grid-0 elementor-widget elementor-widget-global elementor-global-2201 elementor-widget-share-buttons\" data-id=\"8f09597\" data-element_type=\"widget\" data-e-type=\"widget\" data-widget_type=\"share-buttons.default\">\n\t\t\t\t<div class=\"elementor-widget-container\">\n\t\t\t\t\t\t\t<div class=\"elementor-grid\" role=\"list\">\n\t\t\t\t\t\t\t\t<div class=\"elementor-grid-item\" role=\"listitem\">\n\t\t\t\t\t\t<div class=\"elementor-share-btn elementor-share-btn_facebook\" role=\"button\" tabindex=\"0\" aria-label=\"Partager sur facebook\">\n\t\t\t\t\t\t\t\t\t\t\t\t\t\t\t<span class=\"elementor-share-btn__icon\">\n\t\t\t\t\t\t\t\t<i class=\"fab fa-facebook\" aria-hidden=\"true\"><\/i>\t\t\t\t\t\t\t<\/span>\n\t\t\t\t\t\t\t\t\t\t\t\t\t\t\t\t\t\t\t\t<\/div>\n\t\t\t\t\t<\/div>\n\t\t\t\t\t\t\t\t\t<div class=\"elementor-grid-item\" role=\"listitem\">\n\t\t\t\t\t\t<div class=\"elementor-share-btn elementor-share-btn_twitter\" role=\"button\" tabindex=\"0\" aria-label=\"Partager sur twitter\">\n\t\t\t\t\t\t\t\t\t\t\t\t\t\t\t<span class=\"elementor-share-btn__icon\">\n\t\t\t\t\t\t\t\t<i class=\"fab fa-twitter\" aria-hidden=\"true\"><\/i>\t\t\t\t\t\t\t<\/span>\n\t\t\t\t\t\t\t\t\t\t\t\t\t\t\t\t\t\t\t\t<\/div>\n\t\t\t\t\t<\/div>\n\t\t\t\t\t\t\t\t\t<div class=\"elementor-grid-item\" role=\"listitem\">\n\t\t\t\t\t\t<div class=\"elementor-share-btn elementor-share-btn_whatsapp\" role=\"button\" tabindex=\"0\" aria-label=\"Partager sur whatsapp\">\n\t\t\t\t\t\t\t\t\t\t\t\t\t\t\t<span class=\"elementor-share-btn__icon\">\n\t\t\t\t\t\t\t\t<i class=\"fab fa-whatsapp\" aria-hidden=\"true\"><\/i>\t\t\t\t\t\t\t<\/span>\n\t\t\t\t\t\t\t\t\t\t\t\t\t\t\t\t\t\t\t\t<\/div>\n\t\t\t\t\t<\/div>\n\t\t\t\t\t\t\t\t\t<div class=\"elementor-grid-item\" role=\"listitem\">\n\t\t\t\t\t\t<div class=\"elementor-share-btn elementor-share-btn_email\" role=\"button\" tabindex=\"0\" aria-label=\"Partager sur email\">\n\t\t\t\t\t\t\t\t\t\t\t\t\t\t\t<span class=\"elementor-share-btn__icon\">\n\t\t\t\t\t\t\t\t<i class=\"fas fa-envelope\" aria-hidden=\"true\"><\/i>\t\t\t\t\t\t\t<\/span>\n\t\t\t\t\t\t\t\t\t\t\t\t\t\t\t\t\t\t\t\t<\/div>\n\t\t\t\t\t<\/div>\n\t\t\t\t\t\t<\/div>\n\t\t\t\t\t\t<\/div>\n\t\t\t\t<\/div>\n\t\t\t\t\t<\/div>\n\t\t<\/div>\n\t\t\t\t\t<\/div>\n\t\t<\/section>\n\t\t\t\t<\/div>\n\t\t","protected":false},"excerpt":{"rendered":"<p>PARC DE LA GORANDE Le parc de la Gorande : \u00e9l\u00e9ment de coh\u00e9sion sociale et atout touristique Il s\u2019agit d\u2019un espace d\u2019environ 3 hectares, cr\u00e9\u00e9 en 2001, ouvert au public. Situ\u00e9 \u00e0 proximit\u00e9 du Bourg et bord\u00e9 par l\u2019Auxance, le parc de la Gorande est avant tout un espace d\u00e9di\u00e9 \u00e0 la promenade et \u00e0&#8230;<\/p>\n","protected":false},"author":1,"featured_media":0,"parent":0,"menu_order":0,"comment_status":"closed","ping_status":"closed","template":"","meta":{"_acf_changed":false,"footnotes":""},"class_list":["post-4045","page","type-page","status-publish","hentry"],"acf":[],"_links":{"self":[{"href":"https:\/\/vouille86.fr\/mairie\/wp-json\/wp\/v2\/pages\/4045","targetHints":{"allow":["GET"]}}],"collection":[{"href":"https:\/\/vouille86.fr\/mairie\/wp-json\/wp\/v2\/pages"}],"about":[{"href":"https:\/\/vouille86.fr\/mairie\/wp-json\/wp\/v2\/types\/page"}],"author":[{"embeddable":true,"href":"https:\/\/vouille86.fr\/mairie\/wp-json\/wp\/v2\/users\/1"}],"replies":[{"embeddable":true,"href":"https:\/\/vouille86.fr\/mairie\/wp-json\/wp\/v2\/comments?post=4045"}],"version-history":[{"count":22,"href":"https:\/\/vouille86.fr\/mairie\/wp-json\/wp\/v2\/pages\/4045\/revisions"}],"predecessor-version":[{"id":12629,"href":"https:\/\/vouille86.fr\/mairie\/wp-json\/wp\/v2\/pages\/4045\/revisions\/12629"}],"wp:attachment":[{"href":"https:\/\/vouille86.fr\/mairie\/wp-json\/wp\/v2\/media?parent=4045"}],"curies":[{"name":"wp","href":"https:\/\/api.w.org\/{rel}","templated":true}]}}