{"id":4039,"date":"2022-03-29T15:23:15","date_gmt":"2022-03-29T13:23:15","guid":{"rendered":"https:\/\/vouille86.fr\/mairie\/?page_id=4039"},"modified":"2022-04-07T13:44:24","modified_gmt":"2022-04-07T11:44:24","slug":"etablissements-de-sante","status":"publish","type":"page","link":"https:\/\/vouille86.fr\/mairie\/etablissements-de-sante\/","title":{"rendered":"Etablissements de sant\u00e9"},"content":{"rendered":"\t\t<div data-elementor-type=\"wp-page\" data-elementor-id=\"4039\" class=\"elementor elementor-4039\" data-elementor-post-type=\"page\">\n\t\t\t\t\t\t<section class=\"elementor-section elementor-top-section elementor-element elementor-element-6b6512c5 elementor-section-boxed elementor-section-height-default elementor-section-height-default\" data-id=\"6b6512c5\" data-element_type=\"section\" data-e-type=\"section\">\n\t\t\t\t\t\t<div class=\"elementor-container elementor-column-gap-default\">\n\t\t\t\t\t<div class=\"elementor-column elementor-col-100 elementor-top-column elementor-element elementor-element-1840f329\" data-id=\"1840f329\" data-element_type=\"column\" data-e-type=\"column\">\n\t\t\t<div class=\"elementor-widget-wrap elementor-element-populated\">\n\t\t\t\t\t\t<div class=\"elementor-element elementor-element-127fa46 ariana elementor-widget elementor-widget-global elementor-global-2096 elementor-widget-shortcode\" data-id=\"127fa46\" data-element_type=\"widget\" data-e-type=\"widget\" data-widget_type=\"shortcode.default\">\n\t\t\t\t<div class=\"elementor-widget-container\">\n\t\t\t\t\t<ul id=\"crumbs\"><li><a href=\"https:\/\/vouille86.fr\/mairie\">Accueil<\/a><\/li><\/ul>\t\t<div class=\"elementor-shortcode\"><\/div>\n\t\t\t\t\t\t<\/div>\n\t\t\t\t<\/div>\n\t\t\t\t\t<\/div>\n\t\t<\/div>\n\t\t\t\t\t<\/div>\n\t\t<\/section>\n\t\t\t\t<section class=\"elementor-section elementor-top-section elementor-element elementor-element-144f2d1e elementor-section-boxed elementor-section-height-default elementor-section-height-default\" data-id=\"144f2d1e\" data-element_type=\"section\" data-e-type=\"section\">\n\t\t\t\t\t\t<div class=\"elementor-container elementor-column-gap-default\">\n\t\t\t\t\t<div class=\"elementor-column elementor-col-100 elementor-top-column elementor-element elementor-element-53a7aa1a\" data-id=\"53a7aa1a\" data-element_type=\"column\" data-e-type=\"column\">\n\t\t\t<div class=\"elementor-widget-wrap elementor-element-populated\">\n\t\t\t\t\t\t<div class=\"elementor-element elementor-element-72409b6c elementor-widget elementor-widget-heading\" data-id=\"72409b6c\" data-element_type=\"widget\" data-e-type=\"widget\" data-widget_type=\"heading.default\">\n\t\t\t\t<div class=\"elementor-widget-container\">\n\t\t\t\t\t<h2 class=\"elementor-heading-title elementor-size-default\">Etablissements de sant\u00e9<\/h2>\t\t\t\t<\/div>\n\t\t\t\t<\/div>\n\t\t\t\t<div class=\"elementor-element elementor-element-4848d36d elementor-widget elementor-widget-accordion\" data-id=\"4848d36d\" data-element_type=\"widget\" data-e-type=\"widget\" data-widget_type=\"accordion.default\">\n\t\t\t\t<div class=\"elementor-widget-container\">\n\t\t\t\t\t\t\t<div class=\"elementor-accordion\">\n\t\t\t\t\t\t\t<div class=\"elementor-accordion-item\">\n\t\t\t\t\t<div id=\"elementor-tab-title-1211\" class=\"elementor-tab-title\" data-tab=\"1\" role=\"button\" aria-controls=\"elementor-tab-content-1211\" aria-expanded=\"false\">\n\t\t\t\t\t\t\t\t\t\t\t\t\t<span class=\"elementor-accordion-icon elementor-accordion-icon-left\" aria-hidden=\"true\">\n\t\t\t\t\t\t\t\t\t\t\t\t\t\t\t<span class=\"elementor-accordion-icon-closed\"><i class=\"fas fa-plus\"><\/i><\/span>\n\t\t\t\t\t\t\t\t<span class=\"elementor-accordion-icon-opened\"><i class=\"fas fa-minus\"><\/i><\/span>\n\t\t\t\t\t\t\t\t\t\t\t\t\t\t<\/span>\n\t\t\t\t\t\t\t\t\t\t\t\t<a class=\"elementor-accordion-title\" tabindex=\"0\">EHPAD : LE BELV\u00c9D\u00c8RE SAINTE CLOTHILDE<\/a>\n\t\t\t\t\t<\/div>\n\t\t\t\t\t<div id=\"elementor-tab-content-1211\" class=\"elementor-tab-content elementor-clearfix\" data-tab=\"1\" role=\"region\" aria-labelledby=\"elementor-tab-title-1211\"><p>Baptis\u00e9<strong> \u00ab Le Belv\u00e9d\u00e8re Sainte Clothilde \u00bb<\/strong>, le nouvel EHPAD dispose de 74 lits dont une unit\u00e9 de vie prot\u00e9g\u00e9e de 14 lits et 2 lits d\u2019accueils temporaires.<\/p><p><strong>Le personnel m\u00e9dical :<\/strong><br \/>\u2013 1 m\u00e9decin coordonnateur<br \/>\u2013 1 infirmi\u00e8re r\u00e9f\u00e9rente<br \/>\u2013 1 psychologue<br \/>\u2013 1 animatrice<br \/>\u2013 des auxiliaires de vies<br \/>\u2013 des aides soignantes<br \/>\u2013 aide m\u00e9dico-psychologique<\/p><p><strong>Horaire d\u2019ouverture au public :<\/strong><br \/>8h30 \u2013 17h00<\/p><p><strong>Contact :<\/strong><br \/>EHPAD \u00ab Le Belv\u00e9d\u00e8re Sainte-Clothilde \u00bb<br \/>2 rue du Moulin Neuf &#8211; 86190 Vouill\u00e9<br \/><strong>T\u00e9l. :<\/strong> <a href=\"tel:0549518276\">05 49 51 82 76<\/a><br \/><strong>M\u00e9l :<\/strong> <a href=\"mailto:steclothilde@groupeafp.com\">steclothilde@groupeafp.com<\/a><\/p><p><a href=\"https:\/\/www.groupeafp.com\/residence-retraite\/ehpad-le-belvedere-sainte-clothilde-unite-azheimer-poitiers\" target=\"_blank\" rel=\"noopener\">https:\/\/www.groupeafp.com\/residence-retraite\/ehpad-le-belvedere-sainte-clothilde-unite-azheimer-poitiers<\/a><\/p><p>\u00a0<\/p><p><img fetchpriority=\"high\" decoding=\"async\" class=\"alignnone size-full wp-image-4730\" src=\"https:\/\/vouille86.fr\/mairie\/wp-content\/uploads\/2022\/04\/Ehpad_1.jpg\" alt=\"\" width=\"1200\" height=\"900\" \/> <img decoding=\"async\" class=\"alignnone wp-image-4731 size-full\" src=\"https:\/\/vouille86.fr\/mairie\/wp-content\/uploads\/2022\/04\/Ehpad_2.jpg\" alt=\"\" width=\"1200\" height=\"900\" \/><\/p><\/div>\n\t\t\t\t<\/div>\n\t\t\t\t\t\t\t<div class=\"elementor-accordion-item\">\n\t\t\t\t\t<div id=\"elementor-tab-title-1212\" class=\"elementor-tab-title\" data-tab=\"2\" role=\"button\" aria-controls=\"elementor-tab-content-1212\" aria-expanded=\"false\">\n\t\t\t\t\t\t\t\t\t\t\t\t\t<span class=\"elementor-accordion-icon elementor-accordion-icon-left\" aria-hidden=\"true\">\n\t\t\t\t\t\t\t\t\t\t\t\t\t\t\t<span class=\"elementor-accordion-icon-closed\"><i class=\"fas fa-plus\"><\/i><\/span>\n\t\t\t\t\t\t\t\t<span class=\"elementor-accordion-icon-opened\"><i class=\"fas fa-minus\"><\/i><\/span>\n\t\t\t\t\t\t\t\t\t\t\t\t\t\t<\/span>\n\t\t\t\t\t\t\t\t\t\t\t\t<a class=\"elementor-accordion-title\" tabindex=\"0\">MAISON D\u2019ACCUEIL SP\u00c9CIALIS\u00c9E<\/a>\n\t\t\t\t\t<\/div>\n\t\t\t\t\t<div id=\"elementor-tab-content-1212\" class=\"elementor-tab-content elementor-clearfix\" data-tab=\"2\" role=\"region\" aria-labelledby=\"elementor-tab-title-1212\"><p>La maison d\u2019accueil sp\u00e9cialis\u00e9e (<strong>MAS<\/strong>) re\u00e7oit des personnes adultes atteintes d\u2019un handicap intellectuel, moteur ou somatique grave, ou gravement polyhandicap\u00e9es, n\u2019ayant pu acqu\u00e9rir un minimum d\u2019autonomie.<\/p><p>Leur \u00e9tat doit n\u00e9cessiter en outre le recours \u00e0 une tierce personne pour les actes de la vie courante, une surveillance m\u00e9dicale et des soins constants.<\/p><\/div>\n\t\t\t\t<\/div>\n\t\t\t\t\t\t\t\t<\/div>\n\t\t\t\t\t\t<\/div>\n\t\t\t\t<\/div>\n\t\t\t\t<div class=\"elementor-element elementor-element-6c8fb14b elementor-share-buttons--view-icon elementor-share-buttons--skin-minimal elementor-share-buttons--color-custom elementor-share-buttons--shape-square elementor-grid-0 elementor-widget elementor-widget-global elementor-global-2201 elementor-widget-share-buttons\" data-id=\"6c8fb14b\" data-element_type=\"widget\" data-e-type=\"widget\" data-widget_type=\"share-buttons.default\">\n\t\t\t\t<div class=\"elementor-widget-container\">\n\t\t\t\t\t\t\t<div class=\"elementor-grid\" role=\"list\">\n\t\t\t\t\t\t\t\t<div class=\"elementor-grid-item\" role=\"listitem\">\n\t\t\t\t\t\t<div class=\"elementor-share-btn elementor-share-btn_facebook\" role=\"button\" tabindex=\"0\" aria-label=\"Partager sur facebook\">\n\t\t\t\t\t\t\t\t\t\t\t\t\t\t\t<span class=\"elementor-share-btn__icon\">\n\t\t\t\t\t\t\t\t<i class=\"fab fa-facebook\" aria-hidden=\"true\"><\/i>\t\t\t\t\t\t\t<\/span>\n\t\t\t\t\t\t\t\t\t\t\t\t\t\t\t\t\t\t\t\t<\/div>\n\t\t\t\t\t<\/div>\n\t\t\t\t\t\t\t\t\t<div class=\"elementor-grid-item\" role=\"listitem\">\n\t\t\t\t\t\t<div class=\"elementor-share-btn elementor-share-btn_twitter\" role=\"button\" tabindex=\"0\" aria-label=\"Partager sur twitter\">\n\t\t\t\t\t\t\t\t\t\t\t\t\t\t\t<span class=\"elementor-share-btn__icon\">\n\t\t\t\t\t\t\t\t<i class=\"fab fa-twitter\" aria-hidden=\"true\"><\/i>\t\t\t\t\t\t\t<\/span>\n\t\t\t\t\t\t\t\t\t\t\t\t\t\t\t\t\t\t\t\t<\/div>\n\t\t\t\t\t<\/div>\n\t\t\t\t\t\t\t\t\t<div class=\"elementor-grid-item\" role=\"listitem\">\n\t\t\t\t\t\t<div class=\"elementor-share-btn elementor-share-btn_whatsapp\" role=\"button\" tabindex=\"0\" aria-label=\"Partager sur whatsapp\">\n\t\t\t\t\t\t\t\t\t\t\t\t\t\t\t<span class=\"elementor-share-btn__icon\">\n\t\t\t\t\t\t\t\t<i class=\"fab fa-whatsapp\" aria-hidden=\"true\"><\/i>\t\t\t\t\t\t\t<\/span>\n\t\t\t\t\t\t\t\t\t\t\t\t\t\t\t\t\t\t\t\t<\/div>\n\t\t\t\t\t<\/div>\n\t\t\t\t\t\t\t\t\t<div class=\"elementor-grid-item\" role=\"listitem\">\n\t\t\t\t\t\t<div class=\"elementor-share-btn elementor-share-btn_email\" role=\"button\" tabindex=\"0\" aria-label=\"Partager sur email\">\n\t\t\t\t\t\t\t\t\t\t\t\t\t\t\t<span class=\"elementor-share-btn__icon\">\n\t\t\t\t\t\t\t\t<i class=\"fas fa-envelope\" aria-hidden=\"true\"><\/i>\t\t\t\t\t\t\t<\/span>\n\t\t\t\t\t\t\t\t\t\t\t\t\t\t\t\t\t\t\t\t<\/div>\n\t\t\t\t\t<\/div>\n\t\t\t\t\t\t<\/div>\n\t\t\t\t\t\t<\/div>\n\t\t\t\t<\/div>\n\t\t\t\t\t<\/div>\n\t\t<\/div>\n\t\t\t\t\t<\/div>\n\t\t<\/section>\n\t\t\t\t<\/div>\n\t\t","protected":false},"excerpt":{"rendered":"<p>EHPAD : LE BELV\u00c9D\u00c8RE SAINTE CLOTHILDE Baptis\u00e9 \u00ab Le Belv\u00e9d\u00e8re Sainte Clothilde \u00bb, le nouvel EHPAD dispose de 74 lits dont une unit\u00e9 de vie prot\u00e9g\u00e9e de 14 lits et 2 lits d\u2019accueils temporaires. Le personnel m\u00e9dical :\u2013 1 m\u00e9decin coordonnateur\u2013 1 infirmi\u00e8re r\u00e9f\u00e9rente\u2013 1 psychologue\u2013 1 animatrice\u2013 des auxiliaires de vies\u2013 des aides soignantes\u2013&#8230;<\/p>\n","protected":false},"author":1,"featured_media":0,"parent":0,"menu_order":0,"comment_status":"closed","ping_status":"closed","template":"","meta":{"_acf_changed":false,"footnotes":""},"class_list":["post-4039","page","type-page","status-publish","hentry"],"acf":[],"_links":{"self":[{"href":"https:\/\/vouille86.fr\/mairie\/wp-json\/wp\/v2\/pages\/4039","targetHints":{"allow":["GET"]}}],"collection":[{"href":"https:\/\/vouille86.fr\/mairie\/wp-json\/wp\/v2\/pages"}],"about":[{"href":"https:\/\/vouille86.fr\/mairie\/wp-json\/wp\/v2\/types\/page"}],"author":[{"embeddable":true,"href":"https:\/\/vouille86.fr\/mairie\/wp-json\/wp\/v2\/users\/1"}],"replies":[{"embeddable":true,"href":"https:\/\/vouille86.fr\/mairie\/wp-json\/wp\/v2\/comments?post=4039"}],"version-history":[{"count":19,"href":"https:\/\/vouille86.fr\/mairie\/wp-json\/wp\/v2\/pages\/4039\/revisions"}],"predecessor-version":[{"id":4749,"href":"https:\/\/vouille86.fr\/mairie\/wp-json\/wp\/v2\/pages\/4039\/revisions\/4749"}],"wp:attachment":[{"href":"https:\/\/vouille86.fr\/mairie\/wp-json\/wp\/v2\/media?parent=4039"}],"curies":[{"name":"wp","href":"https:\/\/api.w.org\/{rel}","templated":true}]}}