{"id":3929,"date":"2022-03-29T14:24:18","date_gmt":"2022-03-29T12:24:18","guid":{"rendered":"https:\/\/vouille86.fr\/mairie\/?page_id=3929"},"modified":"2025-06-10T14:22:05","modified_gmt":"2025-06-10T12:22:05","slug":"piscine-municipale","status":"publish","type":"page","link":"https:\/\/vouille86.fr\/mairie\/piscine-municipale\/","title":{"rendered":"Piscine municipale"},"content":{"rendered":"\t\t<div data-elementor-type=\"wp-page\" data-elementor-id=\"3929\" class=\"elementor elementor-3929\" data-elementor-post-type=\"page\">\n\t\t\t\t\t\t<section class=\"elementor-section elementor-top-section elementor-element elementor-element-226975ac elementor-section-boxed elementor-section-height-default elementor-section-height-default\" data-id=\"226975ac\" data-element_type=\"section\" data-e-type=\"section\">\n\t\t\t\t\t\t<div class=\"elementor-container elementor-column-gap-default\">\n\t\t\t\t\t<div class=\"elementor-column elementor-col-100 elementor-top-column elementor-element elementor-element-59255076\" data-id=\"59255076\" data-element_type=\"column\" data-e-type=\"column\">\n\t\t\t<div class=\"elementor-widget-wrap elementor-element-populated\">\n\t\t\t\t\t\t<div class=\"elementor-element elementor-element-17072772 ariana elementor-widget elementor-widget-global elementor-global-2096 elementor-widget-shortcode\" data-id=\"17072772\" data-element_type=\"widget\" data-e-type=\"widget\" data-widget_type=\"shortcode.default\">\n\t\t\t\t<div class=\"elementor-widget-container\">\n\t\t\t\t\t<ul id=\"crumbs\"><li><a href=\"https:\/\/vouille86.fr\/mairie\">Accueil<\/a><\/li><\/ul>\t\t<div class=\"elementor-shortcode\"><\/div>\n\t\t\t\t\t\t<\/div>\n\t\t\t\t<\/div>\n\t\t\t\t\t<\/div>\n\t\t<\/div>\n\t\t\t\t\t<\/div>\n\t\t<\/section>\n\t\t\t\t<section class=\"elementor-section elementor-top-section elementor-element elementor-element-5808fc83 elementor-section-boxed elementor-section-height-default elementor-section-height-default\" data-id=\"5808fc83\" data-element_type=\"section\" data-e-type=\"section\">\n\t\t\t\t\t\t<div class=\"elementor-container elementor-column-gap-default\">\n\t\t\t\t\t<div class=\"elementor-column elementor-col-100 elementor-top-column elementor-element elementor-element-6c4402c5\" data-id=\"6c4402c5\" data-element_type=\"column\" data-e-type=\"column\">\n\t\t\t<div class=\"elementor-widget-wrap elementor-element-populated\">\n\t\t\t\t\t\t<div class=\"elementor-element elementor-element-702af46d elementor-widget elementor-widget-heading\" data-id=\"702af46d\" data-element_type=\"widget\" data-e-type=\"widget\" data-widget_type=\"heading.default\">\n\t\t\t\t<div class=\"elementor-widget-container\">\n\t\t\t\t\t<h2 class=\"elementor-heading-title elementor-size-default\">Piscine municipale<\/h2>\t\t\t\t<\/div>\n\t\t\t\t<\/div>\n\t\t\t\t<div class=\"elementor-element elementor-element-3e65f2a0 elementor-widget elementor-widget-text-editor\" data-id=\"3e65f2a0\" data-element_type=\"widget\" data-e-type=\"widget\" data-widget_type=\"text-editor.default\">\n\t\t\t\t<div class=\"elementor-widget-container\">\n\t\t\t\t\t\t\t\t\t<p><img fetchpriority=\"high\" decoding=\"async\" class=\"alignnone size-medium wp-image-4366\" src=\"https:\/\/vouille86.fr\/mairie\/wp-content\/uploads\/2022\/03\/piscine-300x225.jpg\" alt=\"\" width=\"300\" height=\"225\" srcset=\"https:\/\/vouille86.fr\/mairie\/wp-content\/uploads\/2022\/03\/piscine-300x225.jpg 300w, https:\/\/vouille86.fr\/mairie\/wp-content\/uploads\/2022\/03\/piscine-1024x768.jpg 1024w, https:\/\/vouille86.fr\/mairie\/wp-content\/uploads\/2022\/03\/piscine-768x576.jpg 768w, https:\/\/vouille86.fr\/mairie\/wp-content\/uploads\/2022\/03\/piscine.jpg 1200w\" sizes=\"(max-width: 300px) 100vw, 300px\" \/><\/p>\t\t\t\t\t\t\t\t<\/div>\n\t\t\t\t<\/div>\n\t\t\t\t<div class=\"elementor-element elementor-element-6d5e9809 elementor-widget elementor-widget-accordion\" data-id=\"6d5e9809\" data-element_type=\"widget\" data-e-type=\"widget\" data-widget_type=\"accordion.default\">\n\t\t\t\t<div class=\"elementor-widget-container\">\n\t\t\t\t\t\t\t<div class=\"elementor-accordion\">\n\t\t\t\t\t\t\t<div class=\"elementor-accordion-item\">\n\t\t\t\t\t<div id=\"elementor-tab-title-1831\" class=\"elementor-tab-title\" data-tab=\"1\" role=\"button\" aria-controls=\"elementor-tab-content-1831\" aria-expanded=\"false\">\n\t\t\t\t\t\t\t\t\t\t\t\t\t<span class=\"elementor-accordion-icon elementor-accordion-icon-left\" aria-hidden=\"true\">\n\t\t\t\t\t\t\t\t\t\t\t\t\t\t\t<span class=\"elementor-accordion-icon-closed\"><i class=\"fas fa-plus\"><\/i><\/span>\n\t\t\t\t\t\t\t\t<span class=\"elementor-accordion-icon-opened\"><i class=\"fas fa-minus\"><\/i><\/span>\n\t\t\t\t\t\t\t\t\t\t\t\t\t\t<\/span>\n\t\t\t\t\t\t\t\t\t\t\t\t<a class=\"elementor-accordion-title\" tabindex=\"0\">HORAIRES D\u2019OUVERTURE \u00c9T\u00c9 2025<\/a>\n\t\t\t\t\t<\/div>\n\t\t\t\t\t<div id=\"elementor-tab-content-1831\" class=\"elementor-tab-content elementor-clearfix\" data-tab=\"1\" role=\"region\" aria-labelledby=\"elementor-tab-title-1831\"><p>L\u2019ouverture de la piscine municipale reste conditionn\u00e9e par les autorisations pr\u00e9fectorales en raison du faible niveau des nappes phr\u00e9atiques.<\/p><p><strong>Horaires d\u2019ouverture pour l\u2019\u00e9t\u00e9 2025<\/strong><\/p><p>Du <strong>samedi 5 juillet au dimanche 31 ao\u00fbt<\/strong> (vacances scolaires)<\/p><ul><li>Lundi : 14h30-19h30<\/li><li>Mardi : Fermeture<\/li><li>Mercredi : 14h30-19h30<\/li><li>Jeudi : 14h30-19h30<\/li><li>Vendredi : 14h30-19h30<\/li><li>Samedi : 14h30-19h30<\/li><li>Dimanche : 10h30-12h30 et 14h30-19h30<\/li><\/ul><p>Ces dates et horaires peuvent \u00eatre modifi\u00e9s en cas de conditions climatiques particuli\u00e8res (inondations, orages violents, fortes chaleurs\u2026).<\/p><p>Il est rappel\u00e9 par ailleurs que la piscine est ferm\u00e9e le mardi, toute la journ\u00e9e, pour maintenance et repos du personnel.<\/p><p>La piscine sera accessible sans r\u00e9servation avec une Fr\u00e9quentation Maximale Instantan\u00e9e (FMI) de 150 personnes.<\/p><\/div>\n\t\t\t\t<\/div>\n\t\t\t\t\t\t\t<div class=\"elementor-accordion-item\">\n\t\t\t\t\t<div id=\"elementor-tab-title-1832\" class=\"elementor-tab-title\" data-tab=\"2\" role=\"button\" aria-controls=\"elementor-tab-content-1832\" aria-expanded=\"false\">\n\t\t\t\t\t\t\t\t\t\t\t\t\t<span class=\"elementor-accordion-icon elementor-accordion-icon-left\" aria-hidden=\"true\">\n\t\t\t\t\t\t\t\t\t\t\t\t\t\t\t<span class=\"elementor-accordion-icon-closed\"><i class=\"fas fa-plus\"><\/i><\/span>\n\t\t\t\t\t\t\t\t<span class=\"elementor-accordion-icon-opened\"><i class=\"fas fa-minus\"><\/i><\/span>\n\t\t\t\t\t\t\t\t\t\t\t\t\t\t<\/span>\n\t\t\t\t\t\t\t\t\t\t\t\t<a class=\"elementor-accordion-title\" tabindex=\"0\">TARIFS<\/a>\n\t\t\t\t\t<\/div>\n\t\t\t\t\t<div id=\"elementor-tab-content-1832\" class=\"elementor-tab-content elementor-clearfix\" data-tab=\"2\" role=\"region\" aria-labelledby=\"elementor-tab-title-1832\"><ul><li><strong>Tarif plein<\/strong>\u00a0: Adulte (17 ans et plus) : 2.50 \u20ac et carnet de 10 tickets : 20 \u20ac<\/li><li><strong>Tarif r\u00e9duit<\/strong>\u00a0: enfant de 6 \u00e0 16 ans, famille nombreuse, demandeur d\u2019emploi, \u00e9tudiant, personne en situation de handicap, + de 60 ans : 1.50 \u20ac et carnet de 10 tickets : 10 \u20ac<\/li><li class=\"last-child\"><strong>Gratuit\u00e9<\/strong> : campeur munis d\u2019un justificatif (gratuit\u00e9 effective le lendemain de l\u2019arriv\u00e9e) et enfants de moins de 6 ans.<\/li><\/ul><p><em>Tickets non utilis\u00e9s valables d\u2019une ann\u00e9e sur l\u2019autre.<br \/>Paiement par ch\u00e8que, esp\u00e8ces.<\/em><\/p><\/div>\n\t\t\t\t<\/div>\n\t\t\t\t\t\t\t<div class=\"elementor-accordion-item\">\n\t\t\t\t\t<div id=\"elementor-tab-title-1833\" class=\"elementor-tab-title\" data-tab=\"3\" role=\"button\" aria-controls=\"elementor-tab-content-1833\" aria-expanded=\"false\">\n\t\t\t\t\t\t\t\t\t\t\t\t\t<span class=\"elementor-accordion-icon elementor-accordion-icon-left\" aria-hidden=\"true\">\n\t\t\t\t\t\t\t\t\t\t\t\t\t\t\t<span class=\"elementor-accordion-icon-closed\"><i class=\"fas fa-plus\"><\/i><\/span>\n\t\t\t\t\t\t\t\t<span class=\"elementor-accordion-icon-opened\"><i class=\"fas fa-minus\"><\/i><\/span>\n\t\t\t\t\t\t\t\t\t\t\t\t\t\t<\/span>\n\t\t\t\t\t\t\t\t\t\t\t\t<a class=\"elementor-accordion-title\" tabindex=\"0\">LE\u00c7ONS DE NATATION<\/a>\n\t\t\t\t\t<\/div>\n\t\t\t\t\t<div id=\"elementor-tab-content-1833\" class=\"elementor-tab-content elementor-clearfix\" data-tab=\"3\" role=\"region\" aria-labelledby=\"elementor-tab-title-1833\"><ul><li>Apprentissage et perfectionnement enfants et adultes<\/li><\/ul><p>Pour toute inscription \u00e9t\u00e9 2025 :<\/p><ul><li>Nathan (juillet) : 07 50 38 21 55<\/li><li>St\u00e9phanie (ao\u00fbt) :\u00a006 26 45 82 28<\/li><\/ul><p>\u00a0<\/p><\/div>\n\t\t\t\t<\/div>\n\t\t\t\t\t\t\t<div class=\"elementor-accordion-item\">\n\t\t\t\t\t<div id=\"elementor-tab-title-1834\" class=\"elementor-tab-title\" data-tab=\"4\" role=\"button\" aria-controls=\"elementor-tab-content-1834\" aria-expanded=\"false\">\n\t\t\t\t\t\t\t\t\t\t\t\t\t<span class=\"elementor-accordion-icon elementor-accordion-icon-left\" aria-hidden=\"true\">\n\t\t\t\t\t\t\t\t\t\t\t\t\t\t\t<span class=\"elementor-accordion-icon-closed\"><i class=\"fas fa-plus\"><\/i><\/span>\n\t\t\t\t\t\t\t\t<span class=\"elementor-accordion-icon-opened\"><i class=\"fas fa-minus\"><\/i><\/span>\n\t\t\t\t\t\t\t\t\t\t\t\t\t\t<\/span>\n\t\t\t\t\t\t\t\t\t\t\t\t<a class=\"elementor-accordion-title\" tabindex=\"0\">\u00c0 SAVOIR<\/a>\n\t\t\t\t\t<\/div>\n\t\t\t\t\t<div id=\"elementor-tab-content-1834\" class=\"elementor-tab-content elementor-clearfix\" data-tab=\"4\" role=\"region\" aria-labelledby=\"elementor-tab-title-1834\"><p>Les horaires d\u2019ouverture peuvent \u00eatre modifi\u00e9s en cas de conditions climatiques particuli\u00e8res (orages par exemple) ou suivant l\u2019\u00e9volution de la situation sanitaire. <br \/><strong>Restez inform\u00e9s sur notre page Facebook \u00a0!<\/strong><\/p><p>\u00a0<\/p><\/div>\n\t\t\t\t<\/div>\n\t\t\t\t\t\t\t<div class=\"elementor-accordion-item\">\n\t\t\t\t\t<div id=\"elementor-tab-title-1835\" class=\"elementor-tab-title\" data-tab=\"5\" role=\"button\" aria-controls=\"elementor-tab-content-1835\" aria-expanded=\"false\">\n\t\t\t\t\t\t\t\t\t\t\t\t\t<span class=\"elementor-accordion-icon elementor-accordion-icon-left\" aria-hidden=\"true\">\n\t\t\t\t\t\t\t\t\t\t\t\t\t\t\t<span class=\"elementor-accordion-icon-closed\"><i class=\"fas fa-plus\"><\/i><\/span>\n\t\t\t\t\t\t\t\t<span class=\"elementor-accordion-icon-opened\"><i class=\"fas fa-minus\"><\/i><\/span>\n\t\t\t\t\t\t\t\t\t\t\t\t\t\t<\/span>\n\t\t\t\t\t\t\t\t\t\t\t\t<a class=\"elementor-accordion-title\" tabindex=\"0\">CHARTE DU BAIGNEUR<\/a>\n\t\t\t\t\t<\/div>\n\t\t\t\t\t<div id=\"elementor-tab-content-1835\" class=\"elementor-tab-content elementor-clearfix\" data-tab=\"5\" role=\"region\" aria-labelledby=\"elementor-tab-title-1835\"><p><strong>Quelques consignes indispensables pour la tranquillit\u00e9 de tous !<\/strong><\/p><ul><li>L\u2019acc\u00e8s des bassins \u00e0 la piscine est exclusivement r\u00e9serv\u00e9 aux baigneurs et aux accompagnateurs.<\/li><li>Les enfants \u00e2g\u00e9s de moins de dix ans pourront \u00eatre admis dans la piscine s\u2019ils sont accompagn\u00e9s d&rsquo;une personne majeure responsable. Cette personne majeure, en tenue de bain, doit assurer la surveillance du mineur qu&rsquo;elle accompagne en restant \u00e0 proximit\u00e9 y compris dans le bassin.<\/li><li>Le passage sous la douche savonn\u00e9e et au p\u00e9diluve est obligatoire.<\/li><li>Le port de short de bain est interdit.<\/li><li>Il est interdit de plonger ou sauter dans le petit bassin.<\/li><li>La circulation, dans l\u2019enceinte de la piscine, se pratique uniquement pieds nus ou en chaussures adapt\u00e9es.<\/li><li>L\u2019acc\u00e8s \u00e0 la plage et aux bassins est exclusivement r\u00e9serv\u00e9 aux utilisateurs en tenue de bain<\/li><li class=\"last-child\">Il est interdit sur les plages, et dans les bassins et sur la zone enherb\u00e9e de se savonner, de fumer, de cracher, de m\u00e2cher du chewing-gum.<\/li><\/ul><p><a href=\"https:\/\/vouille86.fr\/mairie\/wp-content\/uploads\/2022\/07\/Reglement-de-la-piscine-2022-validee-par-le-CM-du-7-juin-.pdf\">R\u00e8glement de la piscine 2022 valid\u00e9e par le Conseil Municipal du 7 juin<\/a><\/p><\/div>\n\t\t\t\t<\/div>\n\t\t\t\t\t\t\t<div class=\"elementor-accordion-item\">\n\t\t\t\t\t<div id=\"elementor-tab-title-1836\" class=\"elementor-tab-title\" data-tab=\"6\" role=\"button\" aria-controls=\"elementor-tab-content-1836\" aria-expanded=\"false\">\n\t\t\t\t\t\t\t\t\t\t\t\t\t<span class=\"elementor-accordion-icon elementor-accordion-icon-left\" aria-hidden=\"true\">\n\t\t\t\t\t\t\t\t\t\t\t\t\t\t\t<span class=\"elementor-accordion-icon-closed\"><i class=\"fas fa-plus\"><\/i><\/span>\n\t\t\t\t\t\t\t\t<span class=\"elementor-accordion-icon-opened\"><i class=\"fas fa-minus\"><\/i><\/span>\n\t\t\t\t\t\t\t\t\t\t\t\t\t\t<\/span>\n\t\t\t\t\t\t\t\t\t\t\t\t<a class=\"elementor-accordion-title\" tabindex=\"0\">PISCINES INTERCOMMUNALES<\/a>\n\t\t\t\t\t<\/div>\n\t\t\t\t\t<div id=\"elementor-tab-content-1836\" class=\"elementor-tab-content elementor-clearfix\" data-tab=\"6\" role=\"region\" aria-labelledby=\"elementor-tab-title-1836\"><p>le territoire de la Communaut\u00e9 de Communes du Haut-Poitou est dot\u00e9 de 3 piscines :<\/p><ul><li>La piscine intercommunale \u00e0 Neuville-de-Poitou,\u00a0<\/li><li>La piscine intercommunale \u00e0 Latill\u00e9, couverte et\u00a0<em>ouverte \u00e0 l\u2019ann\u00e9e<\/em>\u00a0<\/li><li>La piscine municipale de Vouill\u00e9\u00a0<em>ouverte en Juillet-Ao\u00fbt<\/em>.<\/li><\/ul><p>Plus d&rsquo;informations sur <a href=\"https:\/\/cc-hautpoitou.fr\/sports-culture-tourisme\/sport\/piscines\/\" target=\"_blank\" rel=\"noopener\">https:\/\/cc-hautpoitou.fr\/<\/a><\/p><\/div>\n\t\t\t\t<\/div>\n\t\t\t\t\t\t\t\t<\/div>\n\t\t\t\t\t\t<\/div>\n\t\t\t\t<\/div>\n\t\t\t\t<div class=\"elementor-element elementor-element-68b02fa elementor-widget elementor-widget-image\" data-id=\"68b02fa\" data-element_type=\"widget\" data-e-type=\"widget\" data-widget_type=\"image.default\">\n\t\t\t\t<div class=\"elementor-widget-container\">\n\t\t\t\t\t\t\t\t\t\t\t\t\t\t\t<img decoding=\"async\" width=\"768\" height=\"293\" src=\"https:\/\/vouille86.fr\/mairie\/wp-content\/uploads\/2022\/03\/charte-baigneur.jpg\" class=\"attachment-large size-large wp-image-3947\" alt=\"\" srcset=\"https:\/\/vouille86.fr\/mairie\/wp-content\/uploads\/2022\/03\/charte-baigneur.jpg 768w, https:\/\/vouille86.fr\/mairie\/wp-content\/uploads\/2022\/03\/charte-baigneur-300x114.jpg 300w\" sizes=\"(max-width: 768px) 100vw, 768px\" \/>\t\t\t\t\t\t\t\t\t\t\t\t\t\t\t<\/div>\n\t\t\t\t<\/div>\n\t\t\t\t<div class=\"elementor-element elementor-element-6a503a96 elementor-share-buttons--view-icon elementor-share-buttons--skin-minimal elementor-share-buttons--color-custom elementor-share-buttons--shape-square elementor-grid-0 elementor-widget elementor-widget-global elementor-global-2201 elementor-widget-share-buttons\" data-id=\"6a503a96\" data-element_type=\"widget\" data-e-type=\"widget\" data-widget_type=\"share-buttons.default\">\n\t\t\t\t<div class=\"elementor-widget-container\">\n\t\t\t\t\t\t\t<div class=\"elementor-grid\" role=\"list\">\n\t\t\t\t\t\t\t\t<div class=\"elementor-grid-item\" role=\"listitem\">\n\t\t\t\t\t\t<div class=\"elementor-share-btn elementor-share-btn_facebook\" role=\"button\" tabindex=\"0\" aria-label=\"Partager sur facebook\">\n\t\t\t\t\t\t\t\t\t\t\t\t\t\t\t<span class=\"elementor-share-btn__icon\">\n\t\t\t\t\t\t\t\t<i class=\"fab fa-facebook\" aria-hidden=\"true\"><\/i>\t\t\t\t\t\t\t<\/span>\n\t\t\t\t\t\t\t\t\t\t\t\t\t\t\t\t\t\t\t\t<\/div>\n\t\t\t\t\t<\/div>\n\t\t\t\t\t\t\t\t\t<div class=\"elementor-grid-item\" role=\"listitem\">\n\t\t\t\t\t\t<div class=\"elementor-share-btn elementor-share-btn_twitter\" role=\"button\" tabindex=\"0\" aria-label=\"Partager sur twitter\">\n\t\t\t\t\t\t\t\t\t\t\t\t\t\t\t<span class=\"elementor-share-btn__icon\">\n\t\t\t\t\t\t\t\t<i class=\"fab fa-twitter\" aria-hidden=\"true\"><\/i>\t\t\t\t\t\t\t<\/span>\n\t\t\t\t\t\t\t\t\t\t\t\t\t\t\t\t\t\t\t\t<\/div>\n\t\t\t\t\t<\/div>\n\t\t\t\t\t\t\t\t\t<div class=\"elementor-grid-item\" role=\"listitem\">\n\t\t\t\t\t\t<div class=\"elementor-share-btn elementor-share-btn_whatsapp\" role=\"button\" tabindex=\"0\" aria-label=\"Partager sur whatsapp\">\n\t\t\t\t\t\t\t\t\t\t\t\t\t\t\t<span class=\"elementor-share-btn__icon\">\n\t\t\t\t\t\t\t\t<i class=\"fab fa-whatsapp\" aria-hidden=\"true\"><\/i>\t\t\t\t\t\t\t<\/span>\n\t\t\t\t\t\t\t\t\t\t\t\t\t\t\t\t\t\t\t\t<\/div>\n\t\t\t\t\t<\/div>\n\t\t\t\t\t\t\t\t\t<div class=\"elementor-grid-item\" role=\"listitem\">\n\t\t\t\t\t\t<div class=\"elementor-share-btn elementor-share-btn_email\" role=\"button\" tabindex=\"0\" aria-label=\"Partager sur email\">\n\t\t\t\t\t\t\t\t\t\t\t\t\t\t\t<span class=\"elementor-share-btn__icon\">\n\t\t\t\t\t\t\t\t<i class=\"fas fa-envelope\" aria-hidden=\"true\"><\/i>\t\t\t\t\t\t\t<\/span>\n\t\t\t\t\t\t\t\t\t\t\t\t\t\t\t\t\t\t\t\t<\/div>\n\t\t\t\t\t<\/div>\n\t\t\t\t\t\t<\/div>\n\t\t\t\t\t\t<\/div>\n\t\t\t\t<\/div>\n\t\t\t\t\t<\/div>\n\t\t<\/div>\n\t\t\t\t\t<\/div>\n\t\t<\/section>\n\t\t\t\t<\/div>\n\t\t","protected":false},"excerpt":{"rendered":"<p>HORAIRES D\u2019OUVERTURE \u00c9T\u00c9 2025 L\u2019ouverture de la piscine municipale reste conditionn\u00e9e par les autorisations pr\u00e9fectorales en raison du faible niveau des nappes phr\u00e9atiques. Horaires d\u2019ouverture pour l\u2019\u00e9t\u00e9 2025 Du samedi 5 juillet au dimanche 31 ao\u00fbt (vacances scolaires) Lundi : 14h30-19h30 Mardi : Fermeture Mercredi : 14h30-19h30 Jeudi : 14h30-19h30 Vendredi : 14h30-19h30 Samedi :&#8230;<\/p>\n","protected":false},"author":1,"featured_media":0,"parent":0,"menu_order":0,"comment_status":"closed","ping_status":"closed","template":"","meta":{"_acf_changed":false,"footnotes":""},"class_list":["post-3929","page","type-page","status-publish","hentry"],"acf":[],"_links":{"self":[{"href":"https:\/\/vouille86.fr\/mairie\/wp-json\/wp\/v2\/pages\/3929","targetHints":{"allow":["GET"]}}],"collection":[{"href":"https:\/\/vouille86.fr\/mairie\/wp-json\/wp\/v2\/pages"}],"about":[{"href":"https:\/\/vouille86.fr\/mairie\/wp-json\/wp\/v2\/types\/page"}],"author":[{"embeddable":true,"href":"https:\/\/vouille86.fr\/mairie\/wp-json\/wp\/v2\/users\/1"}],"replies":[{"embeddable":true,"href":"https:\/\/vouille86.fr\/mairie\/wp-json\/wp\/v2\/comments?post=3929"}],"version-history":[{"count":91,"href":"https:\/\/vouille86.fr\/mairie\/wp-json\/wp\/v2\/pages\/3929\/revisions"}],"predecessor-version":[{"id":13021,"href":"https:\/\/vouille86.fr\/mairie\/wp-json\/wp\/v2\/pages\/3929\/revisions\/13021"}],"wp:attachment":[{"href":"https:\/\/vouille86.fr\/mairie\/wp-json\/wp\/v2\/media?parent=3929"}],"curies":[{"name":"wp","href":"https:\/\/api.w.org\/{rel}","templated":true}]}}