{"id":3859,"date":"2022-03-29T13:30:46","date_gmt":"2022-03-29T11:30:46","guid":{"rendered":"https:\/\/vouille86.fr\/mairie\/?page_id=3859"},"modified":"2025-11-28T09:47:05","modified_gmt":"2025-11-28T08:47:05","slug":"mediatheque","status":"publish","type":"page","link":"https:\/\/vouille86.fr\/mairie\/mediatheque\/","title":{"rendered":"M\u00e9diath\u00e8que"},"content":{"rendered":"\t\t<div data-elementor-type=\"wp-page\" data-elementor-id=\"3859\" class=\"elementor elementor-3859\" data-elementor-post-type=\"page\">\n\t\t\t\t\t\t<section class=\"elementor-section elementor-top-section elementor-element elementor-element-3dc88ede elementor-section-boxed elementor-section-height-default elementor-section-height-default\" data-id=\"3dc88ede\" data-element_type=\"section\" data-e-type=\"section\">\n\t\t\t\t\t\t<div class=\"elementor-container elementor-column-gap-default\">\n\t\t\t\t\t<div class=\"elementor-column elementor-col-100 elementor-top-column elementor-element elementor-element-f2d4754\" data-id=\"f2d4754\" data-element_type=\"column\" data-e-type=\"column\">\n\t\t\t<div class=\"elementor-widget-wrap elementor-element-populated\">\n\t\t\t\t\t\t<div class=\"elementor-element elementor-element-5568eaa0 ariana elementor-widget elementor-widget-global elementor-global-2096 elementor-widget-shortcode\" data-id=\"5568eaa0\" data-element_type=\"widget\" data-e-type=\"widget\" data-widget_type=\"shortcode.default\">\n\t\t\t\t<div class=\"elementor-widget-container\">\n\t\t\t\t\t<ul id=\"crumbs\"><li><a href=\"https:\/\/vouille86.fr\/mairie\">Accueil<\/a><\/li><\/ul>\t\t<div class=\"elementor-shortcode\"><\/div>\n\t\t\t\t\t\t<\/div>\n\t\t\t\t<\/div>\n\t\t\t\t\t<\/div>\n\t\t<\/div>\n\t\t\t\t\t<\/div>\n\t\t<\/section>\n\t\t\t\t<section class=\"elementor-section elementor-top-section elementor-element elementor-element-28c41b1e elementor-section-boxed elementor-section-height-default elementor-section-height-default\" data-id=\"28c41b1e\" data-element_type=\"section\" data-e-type=\"section\">\n\t\t\t\t\t\t<div class=\"elementor-container elementor-column-gap-default\">\n\t\t\t\t\t<div class=\"elementor-column elementor-col-100 elementor-top-column elementor-element elementor-element-7c62c579\" data-id=\"7c62c579\" data-element_type=\"column\" data-e-type=\"column\">\n\t\t\t<div class=\"elementor-widget-wrap elementor-element-populated\">\n\t\t\t\t\t\t<div class=\"elementor-element elementor-element-e3d01a4 elementor-widget elementor-widget-heading\" data-id=\"e3d01a4\" data-element_type=\"widget\" data-e-type=\"widget\" data-widget_type=\"heading.default\">\n\t\t\t\t<div class=\"elementor-widget-container\">\n\t\t\t\t\t<h2 class=\"elementor-heading-title elementor-size-default\">M\u00e9diath\u00e8que<\/h2>\t\t\t\t<\/div>\n\t\t\t\t<\/div>\n\t\t\t\t<div class=\"elementor-element elementor-element-5973f681 elementor-widget elementor-widget-text-editor\" data-id=\"5973f681\" data-element_type=\"widget\" data-e-type=\"widget\" data-widget_type=\"text-editor.default\">\n\t\t\t\t<div class=\"elementor-widget-container\">\n\t\t\t\t\t\t\t\t\t<p><img fetchpriority=\"high\" decoding=\"async\" class=\"alignnone size-large wp-image-3862\" src=\"https:\/\/vouille86.fr\/mairie\/wp-content\/uploads\/2022\/03\/panoramique-mediatheque-logo-1024x225.jpg\" alt=\"\" width=\"800\" height=\"176\" srcset=\"https:\/\/vouille86.fr\/mairie\/wp-content\/uploads\/2022\/03\/panoramique-mediatheque-logo-1024x225.jpg 1024w, https:\/\/vouille86.fr\/mairie\/wp-content\/uploads\/2022\/03\/panoramique-mediatheque-logo-300x66.jpg 300w, https:\/\/vouille86.fr\/mairie\/wp-content\/uploads\/2022\/03\/panoramique-mediatheque-logo-768x169.jpg 768w, https:\/\/vouille86.fr\/mairie\/wp-content\/uploads\/2022\/03\/panoramique-mediatheque-logo-1536x338.jpg 1536w, https:\/\/vouille86.fr\/mairie\/wp-content\/uploads\/2022\/03\/panoramique-mediatheque-logo.jpg 1703w\" sizes=\"(max-width: 800px) 100vw, 800px\" \/><\/p><p>L&rsquo;\u00c9quipe de la m\u00e9diath\u00e8que vous accueille toute l\u2019ann\u00e9e et vous propose de nombreux services et des animations pour tous les publics. <strong>La m\u00e9diath\u00e8que est un lieu accessible \u00e0 tous.<\/strong> <br \/>La consultation des documents sur place, l\u2019utilisation des ordinateurs ou l&rsquo;inscription aux animations sont libres et gratuits.<\/p><p>Si vous souhaitez emprunter des documents ou avoir acc\u00e8s \u00e0 la biblioth\u00e8que num\u00e9rique, une adh\u00e9sion est n\u00e9cessaire.<\/p>\t\t\t\t\t\t\t\t<\/div>\n\t\t\t\t<\/div>\n\t\t\t\t<div class=\"elementor-element elementor-element-18cf8539 elementor-widget elementor-widget-accordion\" data-id=\"18cf8539\" data-element_type=\"widget\" data-e-type=\"widget\" data-widget_type=\"accordion.default\">\n\t\t\t\t<div class=\"elementor-widget-container\">\n\t\t\t\t\t\t\t<div class=\"elementor-accordion\">\n\t\t\t\t\t\t\t<div class=\"elementor-accordion-item\">\n\t\t\t\t\t<div id=\"elementor-tab-title-4161\" class=\"elementor-tab-title\" data-tab=\"1\" role=\"button\" aria-controls=\"elementor-tab-content-4161\" aria-expanded=\"false\">\n\t\t\t\t\t\t\t\t\t\t\t\t\t<span class=\"elementor-accordion-icon elementor-accordion-icon-left\" aria-hidden=\"true\">\n\t\t\t\t\t\t\t\t\t\t\t\t\t\t\t<span class=\"elementor-accordion-icon-closed\"><i class=\"fas fa-plus\"><\/i><\/span>\n\t\t\t\t\t\t\t\t<span class=\"elementor-accordion-icon-opened\"><i class=\"fas fa-minus\"><\/i><\/span>\n\t\t\t\t\t\t\t\t\t\t\t\t\t\t<\/span>\n\t\t\t\t\t\t\t\t\t\t\t\t<a class=\"elementor-accordion-title\" tabindex=\"0\">COMMENT S\u2019INSCRIRE ?<\/a>\n\t\t\t\t\t<\/div>\n\t\t\t\t\t<div id=\"elementor-tab-content-4161\" class=\"elementor-tab-content elementor-clearfix\" data-tab=\"1\" role=\"region\" aria-labelledby=\"elementor-tab-title-4161\"><p>L\u2019adh\u00e9sion est valable de date \u00e0 date.<\/p><p><strong>Gratuit pour :<\/strong><br \/>les moins de 18 ans<br \/>les demandeurs d\u2019emploi<br \/>les b\u00e9n\u00e9ficiaires des minima sociaux<br \/>les \u00e9tudiants<br \/>les assistantes maternelles de Vouill\u00e9<br \/>Les nouveaux habitants de Vouill\u00e9 (la premi\u00e8re ann\u00e9e)<\/p><p><strong>Tarif de 10 \u20ac :<\/strong><br \/>Pour les plus de 18 ans.<\/p><p><strong>Pour vous inscrire vous devez remplir un <a href=\"https:\/\/vouille86.fr\/mairie\/wp-content\/uploads\/2022\/03\/bulletin-dinscription-2022.pdf\">bulletin d&rsquo;inscription<\/a>, pr\u00e9senter une pi\u00e8ce d\u2019identit\u00e9 et \u00e9ventuellement un justificatif pour b\u00e9n\u00e9ficier de la gratuit\u00e9.<\/strong><\/p><\/div>\n\t\t\t\t<\/div>\n\t\t\t\t\t\t\t<div class=\"elementor-accordion-item\">\n\t\t\t\t\t<div id=\"elementor-tab-title-4162\" class=\"elementor-tab-title\" data-tab=\"2\" role=\"button\" aria-controls=\"elementor-tab-content-4162\" aria-expanded=\"false\">\n\t\t\t\t\t\t\t\t\t\t\t\t\t<span class=\"elementor-accordion-icon elementor-accordion-icon-left\" aria-hidden=\"true\">\n\t\t\t\t\t\t\t\t\t\t\t\t\t\t\t<span class=\"elementor-accordion-icon-closed\"><i class=\"fas fa-plus\"><\/i><\/span>\n\t\t\t\t\t\t\t\t<span class=\"elementor-accordion-icon-opened\"><i class=\"fas fa-minus\"><\/i><\/span>\n\t\t\t\t\t\t\t\t\t\t\t\t\t\t<\/span>\n\t\t\t\t\t\t\t\t\t\t\t\t<a class=\"elementor-accordion-title\" tabindex=\"0\">DES ANIMATIONS POUR TOUS <\/a>\n\t\t\t\t\t<\/div>\n\t\t\t\t\t<div id=\"elementor-tab-content-4162\" class=\"elementor-tab-content elementor-clearfix\" data-tab=\"2\" role=\"region\" aria-labelledby=\"elementor-tab-title-4162\"><ul><li>Expositions artistiques ou th\u00e9matiques<\/li><li>Rencontres avec des auteurs, des illustrateurs, des \u00e9diteurs<\/li><li>Ateliers artistiques, cr\u00e9atifs, scientifiques, num\u00e9riques<\/li><li>Lectures mensuelles pour les tout-petits (0-3 ans) et pour les plus grands<\/li><li>Soir\u00e9e jeux vid\u00e9os tous les trimestres<\/li><li>Rencontres coups de c\u0153ur pour parler de vos d\u00e9couvertes<\/li><\/ul><p><strong>Toutes les animations sont gratuites et il n\u2019est pas n\u00e9cessaire d\u2019\u00eatre adh\u00e9rent \u00e0 la m\u00e9diath\u00e8que pour y participer.<\/strong><\/p><\/div>\n\t\t\t\t<\/div>\n\t\t\t\t\t\t\t<div class=\"elementor-accordion-item\">\n\t\t\t\t\t<div id=\"elementor-tab-title-4163\" class=\"elementor-tab-title\" data-tab=\"3\" role=\"button\" aria-controls=\"elementor-tab-content-4163\" aria-expanded=\"false\">\n\t\t\t\t\t\t\t\t\t\t\t\t\t<span class=\"elementor-accordion-icon elementor-accordion-icon-left\" aria-hidden=\"true\">\n\t\t\t\t\t\t\t\t\t\t\t\t\t\t\t<span class=\"elementor-accordion-icon-closed\"><i class=\"fas fa-plus\"><\/i><\/span>\n\t\t\t\t\t\t\t\t<span class=\"elementor-accordion-icon-opened\"><i class=\"fas fa-minus\"><\/i><\/span>\n\t\t\t\t\t\t\t\t\t\t\t\t\t\t<\/span>\n\t\t\t\t\t\t\t\t\t\t\t\t<a class=\"elementor-accordion-title\" tabindex=\"0\">DES SERVICES POUR VOUS FACILITER LA VIE<\/a>\n\t\t\t\t\t<\/div>\n\t\t\t\t\t<div id=\"elementor-tab-content-4163\" class=\"elementor-tab-content elementor-clearfix\" data-tab=\"3\" role=\"region\" aria-labelledby=\"elementor-tab-title-4163\"><p><strong>Pr\u00eats de documents :<\/strong><br \/>En devenant adh\u00e9rant \u00e0 la m\u00e9diath\u00e8que, vous pouvez emprunter des documents : romans, livres pratiques, BD, mangas, albums, CD, DVD, magazines. Avec votre carte, le nombre de pr\u00eats est illimit\u00e9 pour une dur\u00e9e d\u2019un mois.<\/p><p><strong>Acc\u00e8s \u00e0 la biblioth\u00e8que num\u00e9rique :<\/strong><br \/>Votre abonnement \u00e0 la m\u00e9diath\u00e8que vous donne acc\u00e8s \u00e0 la biblioth\u00e8que num\u00e9rique :<\/p><p><img decoding=\"async\" class=\"alignnone size-full wp-image-3874\" src=\"https:\/\/vouille86.fr\/mairie\/wp-content\/uploads\/2022\/03\/Flyer-offre-numerique.jpg\" alt=\"\" width=\"780\" height=\"551\" srcset=\"https:\/\/vouille86.fr\/mairie\/wp-content\/uploads\/2022\/03\/Flyer-offre-numerique.jpg 780w, https:\/\/vouille86.fr\/mairie\/wp-content\/uploads\/2022\/03\/Flyer-offre-numerique-300x212.jpg 300w, https:\/\/vouille86.fr\/mairie\/wp-content\/uploads\/2022\/03\/Flyer-offre-numerique-768x543.jpg 768w\" sizes=\"(max-width: 780px) 100vw, 780px\" \/><\/p><p><strong>Le r\u00e9seau des biblioth\u00e8ques du Haut-Poitou :<\/strong><br \/>L\u2019appartenance \u00e0 ce r\u00e9seau vous permet, gr\u00e2ce \u00e0 une carte unique d\u2019emprunter et de rapporter vos documents dans n\u2019importe quelle <a href=\"https:\/\/bibliotheques-hautpoitou.departement86.fr\/le-reseau-pourquoi-comment.aspx\" target=\"_blank\" rel=\"noopener\">biblioth\u00e8que du r\u00e9seau<\/a>\u00a0. La navette intercommunale peut aussi acheminer les documents directement dans votre biblioth\u00e8que.<\/p><p><strong>Pr\u00eat de liseuses :<\/strong><br \/>Si vous souhaitez tester la lecture de livres num\u00e9riques, la m\u00e9diath\u00e8que vous pr\u00eate des liseuses.<\/p><p><strong>Jeux de soci\u00e9t\u00e9 disponibles pour jouer sur place :<\/strong><br \/>Une cinquantaine de jeux sont disponibles pour jouer sur place et passer un moment en famille ou entre copains.<\/p><p><strong>Portage \u00e0 domicile :<\/strong><br \/>La m\u00e9diath\u00e8que vient \u00e0 vous en apportant \u00e0 votre domicile les documents que vous souhaitez emprunter. Ce service est r\u00e9serv\u00e9 au personnes r\u00e9sidant \u00e0 Vouill\u00e9 qui ont des difficult\u00e9s \u00e0 se d\u00e9placer (personnes \u00e2g\u00e9es, handicap\u00e9es, convalescentes&#8230;).<\/p><p><strong>Le site internet :<\/strong><br \/>Le site (<a href=\"https:\/\/bibliotheques-hautpoitou.departement86.fr\" target=\"_blank\" rel=\"noopener\">bibliotheques-hautpoitou.departement86.fr<\/a>) vous donne acc\u00e8s au catalogue de tout le r\u00e9seau. En vous connectant, vous pouvez consulter votre compte, prolonger vos emprunts en cours, r\u00e9server des documents.<\/p><p><strong>Bo\u00eete de retour des documents :<\/strong><br \/>La bo\u00eete de retour vous permet de rapporter vos documents lorsque la m\u00e9diath\u00e8que est ferm\u00e9e.<\/p><p><strong>Wifi gratuit et ordinateurs disponibles :<\/strong><br \/>Vous pouvez soit vous connecter gratuitement via vos propres appareils (ordinateur, tablette ou smartphone) ou via les deux ordinateurs disponibles \u00e0 la m\u00e9diath\u00e8que. Il est simplement n\u00e9cessaire de poss\u00e9der une adresse e-mail.<\/p><p><strong>Reprographie et impressions :<\/strong><br \/>Vous pouvez imprimer, photocopier ou scanner des documents en noir et blanc ou en couleurs, au format A4 ou A3.<\/p><\/div>\n\t\t\t\t<\/div>\n\t\t\t\t\t\t\t<div class=\"elementor-accordion-item\">\n\t\t\t\t\t<div id=\"elementor-tab-title-4164\" class=\"elementor-tab-title\" data-tab=\"4\" role=\"button\" aria-controls=\"elementor-tab-content-4164\" aria-expanded=\"false\">\n\t\t\t\t\t\t\t\t\t\t\t\t\t<span class=\"elementor-accordion-icon elementor-accordion-icon-left\" aria-hidden=\"true\">\n\t\t\t\t\t\t\t\t\t\t\t\t\t\t\t<span class=\"elementor-accordion-icon-closed\"><i class=\"fas fa-plus\"><\/i><\/span>\n\t\t\t\t\t\t\t\t<span class=\"elementor-accordion-icon-opened\"><i class=\"fas fa-minus\"><\/i><\/span>\n\t\t\t\t\t\t\t\t\t\t\t\t\t\t<\/span>\n\t\t\t\t\t\t\t\t\t\t\t\t<a class=\"elementor-accordion-title\" tabindex=\"0\">MUSIQUE LIBRE ET GRATUITE<\/a>\n\t\t\t\t\t<\/div>\n\t\t\t\t\t<div id=\"elementor-tab-content-4164\" class=\"elementor-tab-content elementor-clearfix\" data-tab=\"4\" role=\"region\" aria-labelledby=\"elementor-tab-title-4164\"><p><img decoding=\"async\" class=\"alignleft wp-image-13791 size-medium\" src=\"https:\/\/vouille86.fr\/mairie\/wp-content\/uploads\/2025\/11\/La-mediatheque-se-deplace-chez-vous-1-300x251.png\" alt=\"\" width=\"300\" height=\"251\" srcset=\"https:\/\/vouille86.fr\/mairie\/wp-content\/uploads\/2025\/11\/La-mediatheque-se-deplace-chez-vous-1-300x251.png 300w, https:\/\/vouille86.fr\/mairie\/wp-content\/uploads\/2025\/11\/La-mediatheque-se-deplace-chez-vous-1-768x644.png 768w, https:\/\/vouille86.fr\/mairie\/wp-content\/uploads\/2025\/11\/La-mediatheque-se-deplace-chez-vous-1.png 940w\" sizes=\"(max-width: 300px) 100vw, 300px\" \/><\/p><p>L&rsquo;abonnement \u00e0 la m\u00e9diath\u00e8que de Vouill\u00e9 vous permet de b\u00e9n\u00e9ficier d&rsquo;un acc\u00e8s gratuit 24h\/24 \u00e0 musicMe, une plate-forme d&rsquo;\u00e9coute en ligne pour profiter en illimit\u00e9 de vos artistes pr\u00e9f\u00e9r\u00e9s.<\/p><p>Orelsan, Kpop Demon Hunters, Indochine, Ed sheeran, Nina Simone, Jamie cullum, Aya Nakamura, Yann Tiersen\u2026 12 millions de titres pour plaire \u00e0 toutes les familles !<\/p><p>\ud83e\udd29D\u00e9couvrez gratuitement les derniers albums du moment.<br \/>\ud83c\udfb5Cr\u00e9ez vos playlists selon vos envies (voiture en famille, sport, m\u00e9ditation, comptines b\u00e9b\u00e9s&#8230;).<br \/>\u2b07\ufe0fT\u00e9l\u00e9chargez vos chansons pr\u00e9f\u00e9r\u00e9es pour les \u00e9couter hors-ligne.<br \/>\ud83c\udfa7Un acc\u00e8s sur ordinateur, tablette ou smartphone pour vous accompagner dans vos d\u00e9placements.<br \/><br \/>Service gratuit pour les abonn\u00e9s de la m\u00e9diath\u00e8que en partenariat avec la Biblioth\u00e8que D\u00e9partementale de la Vienne.<\/p><\/div>\n\t\t\t\t<\/div>\n\t\t\t\t\t\t\t<div class=\"elementor-accordion-item\">\n\t\t\t\t\t<div id=\"elementor-tab-title-4165\" class=\"elementor-tab-title\" data-tab=\"5\" role=\"button\" aria-controls=\"elementor-tab-content-4165\" aria-expanded=\"false\">\n\t\t\t\t\t\t\t\t\t\t\t\t\t<span class=\"elementor-accordion-icon elementor-accordion-icon-left\" aria-hidden=\"true\">\n\t\t\t\t\t\t\t\t\t\t\t\t\t\t\t<span class=\"elementor-accordion-icon-closed\"><i class=\"fas fa-plus\"><\/i><\/span>\n\t\t\t\t\t\t\t\t<span class=\"elementor-accordion-icon-opened\"><i class=\"fas fa-minus\"><\/i><\/span>\n\t\t\t\t\t\t\t\t\t\t\t\t\t\t<\/span>\n\t\t\t\t\t\t\t\t\t\t\t\t<a class=\"elementor-accordion-title\" tabindex=\"0\">FILMS<\/a>\n\t\t\t\t\t<\/div>\n\t\t\t\t\t<div id=\"elementor-tab-content-4165\" class=\"elementor-tab-content elementor-clearfix\" data-tab=\"5\" role=\"region\" aria-labelledby=\"elementor-tab-title-4165\"><p><img loading=\"lazy\" decoding=\"async\" class=\"alignleft wp-image-13797 size-medium\" src=\"https:\/\/vouille86.fr\/mairie\/wp-content\/uploads\/2025\/11\/filmslireenvienne-300x251.png\" alt=\"\" width=\"300\" height=\"251\" srcset=\"https:\/\/vouille86.fr\/mairie\/wp-content\/uploads\/2025\/11\/filmslireenvienne-300x251.png 300w, https:\/\/vouille86.fr\/mairie\/wp-content\/uploads\/2025\/11\/filmslireenvienne-768x644.png 768w, https:\/\/vouille86.fr\/mairie\/wp-content\/uploads\/2025\/11\/filmslireenvienne.png 940w\" sizes=\"(max-width: 300px) 100vw, 300px\" \/>Une soir\u00e9e cin\u00e9ma \u00e0 la maison \u00e7a vous tente ?<\/p><p>L&rsquo;abonnement \u00e0 la m\u00e9diath\u00e8que de Vouill\u00e9, c&rsquo;est aussi\u2026<br \/>\ud83c\udfa5Un acc\u00e8s gratuit \u00e0 des centaines de DVD et \u00e0 des films en streaming !<\/p><p>Com\u00e9die, arts martiaux, thriller, animation, aventure, romance, documentaire&#8230; Des milliers de films ou s\u00e9ries pour plaire \u00e0 toutes les familles !<\/p><p>\ud83d\udc49Plus d&rsquo;informations aupr\u00e8s des biblioth\u00e9caires ou sur <a href=\"https:\/\/bibliotheques-hautpoitou.departement86.fr\/accueil-portal.aspx\" target=\"_blank\" rel=\"noopener\">https:\/\/bibliotheques-hautpoitou.departement86.fr\/accueil-portal.aspx<\/a> !<\/p><p>Lire en Vienne est un service gratuit pour les abonn\u00e9s de la m\u00e9diath\u00e8que en partenariat avec la Biblioth\u00e8que D\u00e9partementale de la Vienne.<\/p><\/div>\n\t\t\t\t<\/div>\n\t\t\t\t\t\t\t\t<\/div>\n\t\t\t\t\t\t<\/div>\n\t\t\t\t<\/div>\n\t\t\t\t<section class=\"elementor-section elementor-inner-section elementor-element elementor-element-d306f2c elementor-section-boxed elementor-section-height-default elementor-section-height-default\" data-id=\"d306f2c\" data-element_type=\"section\" data-e-type=\"section\">\n\t\t\t\t\t\t<div class=\"elementor-container elementor-column-gap-default\">\n\t\t\t\t\t<div class=\"elementor-column elementor-col-33 elementor-inner-column elementor-element elementor-element-b1777a6\" data-id=\"b1777a6\" data-element_type=\"column\" data-e-type=\"column\" data-settings=\"{&quot;background_background&quot;:&quot;classic&quot;}\">\n\t\t\t<div class=\"elementor-widget-wrap\">\n\t\t\t\t\t\t\t<\/div>\n\t\t<\/div>\n\t\t\t\t<div class=\"elementor-column elementor-col-33 elementor-inner-column elementor-element elementor-element-7f8fa04\" data-id=\"7f8fa04\" data-element_type=\"column\" data-e-type=\"column\">\n\t\t\t<div class=\"elementor-widget-wrap elementor-element-populated\">\n\t\t\t\t\t\t<div class=\"elementor-element elementor-element-e883a05 elementor-widget elementor-widget-text-editor\" data-id=\"e883a05\" data-element_type=\"widget\" data-e-type=\"widget\" data-widget_type=\"text-editor.default\">\n\t\t\t\t<div class=\"elementor-widget-container\">\n\t\t\t\t\t\t\t\t\t<p><strong>Horaires :<br \/><\/strong><br \/><strong>Lundi :<\/strong> 16h-18h30<br \/><br \/><strong>Mardi :<\/strong> 10h-12h30 et 16h-18h30<br \/><br \/><strong>Mercredi :<\/strong> 9h-12h30 et 14h30-18h30<br \/><br \/><strong>Vendredi :<\/strong> 15h-18h30<br \/><br \/><strong>Samedi :<\/strong> 10h-12h30<\/p>\t\t\t\t\t\t\t\t<\/div>\n\t\t\t\t<\/div>\n\t\t\t\t\t<\/div>\n\t\t<\/div>\n\t\t\t\t<div class=\"elementor-column elementor-col-33 elementor-inner-column elementor-element elementor-element-0964ec4\" data-id=\"0964ec4\" data-element_type=\"column\" data-e-type=\"column\">\n\t\t\t<div class=\"elementor-widget-wrap elementor-element-populated\">\n\t\t\t\t\t\t<div class=\"elementor-element elementor-element-e9fb735 elementor-widget elementor-widget-text-editor\" data-id=\"e9fb735\" data-element_type=\"widget\" data-e-type=\"widget\" data-widget_type=\"text-editor.default\">\n\t\t\t\t<div class=\"elementor-widget-container\">\n\t\t\t\t\t\t\t\t\t<div class=\"page\" title=\"Page 1\"><div class=\"layoutArea\"><div class=\"column\"><p><strong>Coordonne\u0301es et renseignements :<\/strong><\/p><p>Me\u0301diathe\u0300que municipale<br \/>2 ter, Basses Rues<br \/>86190 VOUILLE<br \/><br \/><a href=\"te:0549544386\">05 49 54 43 86<\/a><\/p><p><a href=\"mailto:mediatek2vouille@gmail.com\" target=\"_blank\" rel=\"noopener\">mediatek2vouille@gmail.com<\/a><\/p><p><a href=\"http:\/\/www.bibliotheques-hautpoitou.departement86.fr\" target=\"_blank\" rel=\"noopener\">www.bibliotheques-hautpoitou.departement86.fr<\/a><\/p><\/div><\/div><\/div>\t\t\t\t\t\t\t\t<\/div>\n\t\t\t\t<\/div>\n\t\t\t\t\t<\/div>\n\t\t<\/div>\n\t\t\t\t\t<\/div>\n\t\t<\/section>\n\t\t\t\t<div class=\"elementor-element elementor-element-2eb0598a elementor-share-buttons--view-icon elementor-share-buttons--skin-minimal elementor-share-buttons--color-custom elementor-share-buttons--shape-square elementor-grid-0 elementor-widget elementor-widget-global elementor-global-2201 elementor-widget-share-buttons\" data-id=\"2eb0598a\" data-element_type=\"widget\" data-e-type=\"widget\" data-widget_type=\"share-buttons.default\">\n\t\t\t\t<div class=\"elementor-widget-container\">\n\t\t\t\t\t\t\t<div class=\"elementor-grid\" role=\"list\">\n\t\t\t\t\t\t\t\t<div class=\"elementor-grid-item\" role=\"listitem\">\n\t\t\t\t\t\t<div class=\"elementor-share-btn elementor-share-btn_facebook\" role=\"button\" tabindex=\"0\" aria-label=\"Partager sur facebook\">\n\t\t\t\t\t\t\t\t\t\t\t\t\t\t\t<span class=\"elementor-share-btn__icon\">\n\t\t\t\t\t\t\t\t<i class=\"fab fa-facebook\" aria-hidden=\"true\"><\/i>\t\t\t\t\t\t\t<\/span>\n\t\t\t\t\t\t\t\t\t\t\t\t\t\t\t\t\t\t\t\t<\/div>\n\t\t\t\t\t<\/div>\n\t\t\t\t\t\t\t\t\t<div class=\"elementor-grid-item\" role=\"listitem\">\n\t\t\t\t\t\t<div class=\"elementor-share-btn elementor-share-btn_twitter\" role=\"button\" tabindex=\"0\" aria-label=\"Partager sur twitter\">\n\t\t\t\t\t\t\t\t\t\t\t\t\t\t\t<span class=\"elementor-share-btn__icon\">\n\t\t\t\t\t\t\t\t<i class=\"fab fa-twitter\" aria-hidden=\"true\"><\/i>\t\t\t\t\t\t\t<\/span>\n\t\t\t\t\t\t\t\t\t\t\t\t\t\t\t\t\t\t\t\t<\/div>\n\t\t\t\t\t<\/div>\n\t\t\t\t\t\t\t\t\t<div class=\"elementor-grid-item\" role=\"listitem\">\n\t\t\t\t\t\t<div class=\"elementor-share-btn elementor-share-btn_whatsapp\" role=\"button\" tabindex=\"0\" aria-label=\"Partager sur whatsapp\">\n\t\t\t\t\t\t\t\t\t\t\t\t\t\t\t<span class=\"elementor-share-btn__icon\">\n\t\t\t\t\t\t\t\t<i class=\"fab fa-whatsapp\" aria-hidden=\"true\"><\/i>\t\t\t\t\t\t\t<\/span>\n\t\t\t\t\t\t\t\t\t\t\t\t\t\t\t\t\t\t\t\t<\/div>\n\t\t\t\t\t<\/div>\n\t\t\t\t\t\t\t\t\t<div class=\"elementor-grid-item\" role=\"listitem\">\n\t\t\t\t\t\t<div class=\"elementor-share-btn elementor-share-btn_email\" role=\"button\" tabindex=\"0\" aria-label=\"Partager sur email\">\n\t\t\t\t\t\t\t\t\t\t\t\t\t\t\t<span class=\"elementor-share-btn__icon\">\n\t\t\t\t\t\t\t\t<i class=\"fas fa-envelope\" aria-hidden=\"true\"><\/i>\t\t\t\t\t\t\t<\/span>\n\t\t\t\t\t\t\t\t\t\t\t\t\t\t\t\t\t\t\t\t<\/div>\n\t\t\t\t\t<\/div>\n\t\t\t\t\t\t<\/div>\n\t\t\t\t\t\t<\/div>\n\t\t\t\t<\/div>\n\t\t\t\t\t<\/div>\n\t\t<\/div>\n\t\t\t\t\t<\/div>\n\t\t<\/section>\n\t\t\t\t<\/div>\n\t\t","protected":false},"excerpt":{"rendered":"<p>L&rsquo;\u00c9quipe de la m\u00e9diath\u00e8que vous accueille toute l\u2019ann\u00e9e et vous propose de nombreux services et des animations pour tous les publics. La m\u00e9diath\u00e8que est un lieu accessible \u00e0 tous. La consultation des documents sur place, l\u2019utilisation des ordinateurs ou l&rsquo;inscription aux animations sont libres et gratuits. Si vous souhaitez emprunter des documents ou avoir acc\u00e8s&#8230;<\/p>\n","protected":false},"author":1,"featured_media":0,"parent":0,"menu_order":0,"comment_status":"closed","ping_status":"closed","template":"","meta":{"_acf_changed":false,"footnotes":""},"class_list":["post-3859","page","type-page","status-publish","hentry"],"acf":[],"_links":{"self":[{"href":"https:\/\/vouille86.fr\/mairie\/wp-json\/wp\/v2\/pages\/3859","targetHints":{"allow":["GET"]}}],"collection":[{"href":"https:\/\/vouille86.fr\/mairie\/wp-json\/wp\/v2\/pages"}],"about":[{"href":"https:\/\/vouille86.fr\/mairie\/wp-json\/wp\/v2\/types\/page"}],"author":[{"embeddable":true,"href":"https:\/\/vouille86.fr\/mairie\/wp-json\/wp\/v2\/users\/1"}],"replies":[{"embeddable":true,"href":"https:\/\/vouille86.fr\/mairie\/wp-json\/wp\/v2\/comments?post=3859"}],"version-history":[{"count":40,"href":"https:\/\/vouille86.fr\/mairie\/wp-json\/wp\/v2\/pages\/3859\/revisions"}],"predecessor-version":[{"id":13800,"href":"https:\/\/vouille86.fr\/mairie\/wp-json\/wp\/v2\/pages\/3859\/revisions\/13800"}],"wp:attachment":[{"href":"https:\/\/vouille86.fr\/mairie\/wp-json\/wp\/v2\/media?parent=3859"}],"curies":[{"name":"wp","href":"https:\/\/api.w.org\/{rel}","templated":true}]}}