{"id":3799,"date":"2022-03-29T10:38:04","date_gmt":"2022-03-29T08:38:04","guid":{"rendered":"https:\/\/vouille86.fr\/mairie\/?page_id=3799"},"modified":"2026-03-02T16:07:37","modified_gmt":"2026-03-02T15:07:37","slug":"garderie-restauration-et-transport-scolaires","status":"publish","type":"page","link":"https:\/\/vouille86.fr\/mairie\/garderie-restauration-et-transport-scolaires\/","title":{"rendered":"Garderie, restauration et transport scolaires"},"content":{"rendered":"\t\t<div data-elementor-type=\"wp-page\" data-elementor-id=\"3799\" class=\"elementor elementor-3799\" data-elementor-post-type=\"page\">\n\t\t\t\t\t\t<section class=\"elementor-section elementor-top-section elementor-element elementor-element-657fd247 elementor-section-boxed elementor-section-height-default elementor-section-height-default\" data-id=\"657fd247\" data-element_type=\"section\" data-e-type=\"section\">\n\t\t\t\t\t\t<div class=\"elementor-container elementor-column-gap-default\">\n\t\t\t\t\t<div class=\"elementor-column elementor-col-100 elementor-top-column elementor-element elementor-element-35982219\" data-id=\"35982219\" data-element_type=\"column\" data-e-type=\"column\">\n\t\t\t<div class=\"elementor-widget-wrap elementor-element-populated\">\n\t\t\t\t\t\t<div class=\"elementor-element elementor-element-3b15a23b ariana elementor-widget elementor-widget-global elementor-global-2096 elementor-widget-shortcode\" data-id=\"3b15a23b\" data-element_type=\"widget\" data-e-type=\"widget\" data-widget_type=\"shortcode.default\">\n\t\t\t\t<div class=\"elementor-widget-container\">\n\t\t\t\t\t<ul id=\"crumbs\"><li><a href=\"https:\/\/vouille86.fr\/mairie\">Accueil<\/a><\/li><\/ul>\t\t<div class=\"elementor-shortcode\"><\/div>\n\t\t\t\t\t\t<\/div>\n\t\t\t\t<\/div>\n\t\t\t\t\t<\/div>\n\t\t<\/div>\n\t\t\t\t\t<\/div>\n\t\t<\/section>\n\t\t\t\t<section class=\"elementor-section elementor-top-section elementor-element elementor-element-44b27985 elementor-section-boxed elementor-section-height-default elementor-section-height-default\" data-id=\"44b27985\" data-element_type=\"section\" data-e-type=\"section\">\n\t\t\t\t\t\t<div class=\"elementor-container elementor-column-gap-default\">\n\t\t\t\t\t<div class=\"elementor-column elementor-col-100 elementor-top-column elementor-element elementor-element-165009c9\" data-id=\"165009c9\" data-element_type=\"column\" data-e-type=\"column\">\n\t\t\t<div class=\"elementor-widget-wrap elementor-element-populated\">\n\t\t\t\t\t\t<div class=\"elementor-element elementor-element-4bc27c7a elementor-widget elementor-widget-heading\" data-id=\"4bc27c7a\" data-element_type=\"widget\" data-e-type=\"widget\" data-widget_type=\"heading.default\">\n\t\t\t\t<div class=\"elementor-widget-container\">\n\t\t\t\t\t<h2 class=\"elementor-heading-title elementor-size-default\">Garderie, restauration et transport scolaires<\/h2>\t\t\t\t<\/div>\n\t\t\t\t<\/div>\n\t\t\t\t<div class=\"elementor-element elementor-element-65da1f5 elementor-widget elementor-widget-text-editor\" data-id=\"65da1f5\" data-element_type=\"widget\" data-e-type=\"widget\" data-widget_type=\"text-editor.default\">\n\t\t\t\t<div class=\"elementor-widget-container\">\n\t\t\t\t\t\t\t\t\t<p>Rentr\u00e9e septembre 2026\/2027 : Les demandes d\u2019inscription \u00e0 la garderie et \u00e0 la restauration scolaire sont \u00e0 d\u00e9poser en mairie. Merci de compl\u00e9ter et de retourner la fiche suivante :<\/p><p><a href=\"https:\/\/vouille86.fr\/mairie\/wp-content\/uploads\/2026\/03\/Fiche-de-renseignements-Services-periscolaires-2026-2027.pdf\">Fiche de renseignements Services p\u00e9riscolaires 2026-2027<\/a><\/p><p>\/!\\<em> Les tarifs sont susceptibles d&rsquo;\u00e9voluer. Renseignements en mairie.<\/em><\/p><p>L&rsquo;inscription au transport scolaire est g\u00e9r\u00e9e par la R\u00e9gion Nouvelle-Aquitaine.<\/p>\t\t\t\t\t\t\t\t<\/div>\n\t\t\t\t<\/div>\n\t\t\t\t<div class=\"elementor-element elementor-element-738b958 elementor-widget elementor-widget-text-editor\" data-id=\"738b958\" data-element_type=\"widget\" data-e-type=\"widget\" data-widget_type=\"text-editor.default\">\n\t\t\t\t<div class=\"elementor-widget-container\">\n\t\t\t\t\t\t\t\t\t<p>\ud83d\udcdd Garderie<\/p>\t\t\t\t\t\t\t\t<\/div>\n\t\t\t\t<\/div>\n\t\t\t\t<div class=\"elementor-element elementor-element-436783c elementor-widget elementor-widget-accordion\" data-id=\"436783c\" data-element_type=\"widget\" data-e-type=\"widget\" data-widget_type=\"accordion.default\">\n\t\t\t\t<div class=\"elementor-widget-container\">\n\t\t\t\t\t\t\t<div class=\"elementor-accordion\">\n\t\t\t\t\t\t\t<div class=\"elementor-accordion-item\">\n\t\t\t\t\t<div id=\"elementor-tab-title-7061\" class=\"elementor-tab-title\" data-tab=\"1\" role=\"button\" aria-controls=\"elementor-tab-content-7061\" aria-expanded=\"false\">\n\t\t\t\t\t\t\t\t\t\t\t\t\t<span class=\"elementor-accordion-icon elementor-accordion-icon-left\" aria-hidden=\"true\">\n\t\t\t\t\t\t\t\t\t\t\t\t\t\t\t<span class=\"elementor-accordion-icon-closed\"><i class=\"fas fa-plus\"><\/i><\/span>\n\t\t\t\t\t\t\t\t<span class=\"elementor-accordion-icon-opened\"><i class=\"fas fa-minus\"><\/i><\/span>\n\t\t\t\t\t\t\t\t\t\t\t\t\t\t<\/span>\n\t\t\t\t\t\t\t\t\t\t\t\t<a class=\"elementor-accordion-title\" tabindex=\"0\">TARIFS 2025-2026<\/a>\n\t\t\t\t\t<\/div>\n\t\t\t\t\t<div id=\"elementor-tab-content-7061\" class=\"elementor-tab-content elementor-clearfix\" data-tab=\"1\" role=\"region\" aria-labelledby=\"elementor-tab-title-7061\"><p>Tarifs adopt\u00e9s au Conseil Municipal du 8 juillet 2025 (rentr\u00e9e 2025\/2026)<\/p><ul><li>Forfait du matin : 1,95 \u20ac<\/li><li>Forfait du soir : 3.20 \u20ac (incluant le go\u00fbter)<\/li><li class=\"last-child\">Forfait du mercredi midi : 1 \u20ac<\/li><\/ul><p>Vous pouvez payer vos factures de garderie scolaire par CESU (Ch\u00e8que Emploi Service Universel) aupr\u00e8s du Tr\u00e9sor Public.<\/p><\/div>\n\t\t\t\t<\/div>\n\t\t\t\t\t\t\t<div class=\"elementor-accordion-item\">\n\t\t\t\t\t<div id=\"elementor-tab-title-7062\" class=\"elementor-tab-title\" data-tab=\"2\" role=\"button\" aria-controls=\"elementor-tab-content-7062\" aria-expanded=\"false\">\n\t\t\t\t\t\t\t\t\t\t\t\t\t<span class=\"elementor-accordion-icon elementor-accordion-icon-left\" aria-hidden=\"true\">\n\t\t\t\t\t\t\t\t\t\t\t\t\t\t\t<span class=\"elementor-accordion-icon-closed\"><i class=\"fas fa-plus\"><\/i><\/span>\n\t\t\t\t\t\t\t\t<span class=\"elementor-accordion-icon-opened\"><i class=\"fas fa-minus\"><\/i><\/span>\n\t\t\t\t\t\t\t\t\t\t\t\t\t\t<\/span>\n\t\t\t\t\t\t\t\t\t\t\t\t<a class=\"elementor-accordion-title\" tabindex=\"0\">R\u00c8GLEMENT <\/a>\n\t\t\t\t\t<\/div>\n\t\t\t\t\t<div id=\"elementor-tab-content-7062\" class=\"elementor-tab-content elementor-clearfix\" data-tab=\"2\" role=\"region\" aria-labelledby=\"elementor-tab-title-7062\"><p><a href=\"https:\/\/vouille86.fr\/mairie\/wp-content\/uploads\/2025\/07\/Annexe-2-deliberation-N\u00b09-REGLEMENT-GARDERIE-8-juillet-2025.pdf\">\u00a0REGLEMENT GARDERIE (mise \u00e0 jour le 8 juillet 2025)<\/a><\/p><\/div>\n\t\t\t\t<\/div>\n\t\t\t\t\t\t\t\t<\/div>\n\t\t\t\t\t\t<\/div>\n\t\t\t\t<\/div>\n\t\t\t\t<div class=\"elementor-element elementor-element-21348fcb elementor-widget elementor-widget-text-editor\" data-id=\"21348fcb\" data-element_type=\"widget\" data-e-type=\"widget\" data-widget_type=\"text-editor.default\">\n\t\t\t\t<div class=\"elementor-widget-container\">\n\t\t\t\t\t\t\t\t\t<p>\ud83c\udf7d Restauration scolaire<\/p>\t\t\t\t\t\t\t\t<\/div>\n\t\t\t\t<\/div>\n\t\t\t\t<div class=\"elementor-element elementor-element-68e174df elementor-widget elementor-widget-accordion\" data-id=\"68e174df\" data-element_type=\"widget\" data-e-type=\"widget\" data-widget_type=\"accordion.default\">\n\t\t\t\t<div class=\"elementor-widget-container\">\n\t\t\t\t\t\t\t<div class=\"elementor-accordion\">\n\t\t\t\t\t\t\t<div class=\"elementor-accordion-item\">\n\t\t\t\t\t<div id=\"elementor-tab-title-1751\" class=\"elementor-tab-title\" data-tab=\"1\" role=\"button\" aria-controls=\"elementor-tab-content-1751\" aria-expanded=\"false\">\n\t\t\t\t\t\t\t\t\t\t\t\t\t<span class=\"elementor-accordion-icon elementor-accordion-icon-left\" aria-hidden=\"true\">\n\t\t\t\t\t\t\t\t\t\t\t\t\t\t\t<span class=\"elementor-accordion-icon-closed\"><i class=\"fas fa-plus\"><\/i><\/span>\n\t\t\t\t\t\t\t\t<span class=\"elementor-accordion-icon-opened\"><i class=\"fas fa-minus\"><\/i><\/span>\n\t\t\t\t\t\t\t\t\t\t\t\t\t\t<\/span>\n\t\t\t\t\t\t\t\t\t\t\t\t<a class=\"elementor-accordion-title\" tabindex=\"0\">TARIFS 2025-2026<\/a>\n\t\t\t\t\t<\/div>\n\t\t\t\t\t<div id=\"elementor-tab-content-1751\" class=\"elementor-tab-content elementor-clearfix\" data-tab=\"1\" role=\"region\" aria-labelledby=\"elementor-tab-title-1751\"><p>Tarifs adopt\u00e9s au Conseil Municipal du 8 juillet 2025 (rentr\u00e9e 2025\/2026)<\/p><p><strong>Forfait repas enfants (tarif mensuel sur 10 mois) :<\/strong><\/p><ul><li>Enfants de la commune<\/li><\/ul><p>1 repas par semaine : 13.40\u20ac\/mois<\/p><p>2 repas par semaine : 25.50\u20ac\/mois\u00a0<\/p><p>3 repas par semaine : 38.75\u20ac\/mois<\/p><p>4 repas par semaine :\u00a0 51.00\u20ac\/mois<\/p><ul><li>Enfants hors commune\u00a0(except\u00e9 dispositif ULIS et Frozes \u2013 convention sp\u00e9cifique) :<\/li><\/ul><p>1 repas par semaine : 20.60\u20ac\/mois<\/p><p>2 repas par semaine : 41.15\u20ac\/mois\u00a0<\/p><p>3 repas par semaine : 61.70\u20ac\/mois<\/p><p>4 repas par semaine :\u00a0 82.30\u20ac\/mois<\/p><p><strong>Autres tarifs :<\/strong><\/p><p>Repas hors forfait pour les enfants de la commune : 5.75 \u20ac\/repas<\/p><p>Repas hors forfait pour les enfants hors commune : 5.75 \u20ac\/repas<\/p><p>Enseignants et personnes ext\u00e9rieures : 5.45\u20ac\/repas<\/p><\/div>\n\t\t\t\t<\/div>\n\t\t\t\t\t\t\t<div class=\"elementor-accordion-item\">\n\t\t\t\t\t<div id=\"elementor-tab-title-1752\" class=\"elementor-tab-title\" data-tab=\"2\" role=\"button\" aria-controls=\"elementor-tab-content-1752\" aria-expanded=\"false\">\n\t\t\t\t\t\t\t\t\t\t\t\t\t<span class=\"elementor-accordion-icon elementor-accordion-icon-left\" aria-hidden=\"true\">\n\t\t\t\t\t\t\t\t\t\t\t\t\t\t\t<span class=\"elementor-accordion-icon-closed\"><i class=\"fas fa-plus\"><\/i><\/span>\n\t\t\t\t\t\t\t\t<span class=\"elementor-accordion-icon-opened\"><i class=\"fas fa-minus\"><\/i><\/span>\n\t\t\t\t\t\t\t\t\t\t\t\t\t\t<\/span>\n\t\t\t\t\t\t\t\t\t\t\t\t<a class=\"elementor-accordion-title\" tabindex=\"0\">MENUS<\/a>\n\t\t\t\t\t<\/div>\n\t\t\t\t\t<div id=\"elementor-tab-content-1752\" class=\"elementor-tab-content elementor-clearfix\" data-tab=\"2\" role=\"region\" aria-labelledby=\"elementor-tab-title-1752\"><p><strong>Retrouvez les menus de la cantine scolaire pour l&rsquo;\u00e9cole \u00e9l\u00e9mentaire du Petit Bois et pour l&rsquo;\u00e9cole maternelle La Clef des champs \u00e9galement sur le site internet : <a href=\"https:\/\/sites.google.com\/api-restauration.com\/ensemble-scolaire-de-vouill\/soyons-complices-%C3%A0-table\" target=\"_blank\" rel=\"noopener\">https:\/\/sites.google.com\/api-restauration.com\/ensemble-scolaire-de-vouill\/<\/a> ou flashez le QR CODE pr\u00e9sent sur chaque menu.<\/strong><\/p><p>Les menus sont identiques \u00e0 l&rsquo;\u00e9cole \u00e9l\u00e9mentaire et maternelle publiques.<\/p><p><strong>Du 2 au 6 f\u00e9vrier<\/strong><\/p><p><a href=\"https:\/\/vouille86.fr\/mairie\/wp-content\/uploads\/2026\/01\/2-au-6-fevrier-scaled.png\"><img fetchpriority=\"high\" decoding=\"async\" class=\"alignleft wp-image-13859 size-full\" src=\"https:\/\/vouille86.fr\/mairie\/wp-content\/uploads\/2026\/01\/2-au-6-fevrier-scaled.png\" alt=\"\" width=\"2560\" height=\"1809\" srcset=\"https:\/\/vouille86.fr\/mairie\/wp-content\/uploads\/2026\/01\/2-au-6-fevrier-scaled.png 2560w, https:\/\/vouille86.fr\/mairie\/wp-content\/uploads\/2026\/01\/2-au-6-fevrier-300x212.png 300w, https:\/\/vouille86.fr\/mairie\/wp-content\/uploads\/2026\/01\/2-au-6-fevrier-1024x724.png 1024w, https:\/\/vouille86.fr\/mairie\/wp-content\/uploads\/2026\/01\/2-au-6-fevrier-768x543.png 768w, https:\/\/vouille86.fr\/mairie\/wp-content\/uploads\/2026\/01\/2-au-6-fevrier-1536x1086.png 1536w, https:\/\/vouille86.fr\/mairie\/wp-content\/uploads\/2026\/01\/2-au-6-fevrier-2048x1447.png 2048w\" sizes=\"(max-width: 2560px) 100vw, 2560px\" \/><\/a><\/p><p><strong>Du 23 au 27 f\u00e9vrier<\/strong><\/p><p><a href=\"https:\/\/vouille86.fr\/mairie\/wp-content\/uploads\/2026\/02\/23-02-27-02.png\"><img decoding=\"async\" class=\"alignleft wp-image-14012 size-full\" src=\"https:\/\/vouille86.fr\/mairie\/wp-content\/uploads\/2026\/02\/23-02-27-02.png\" alt=\"\" width=\"1096\" height=\"878\" srcset=\"https:\/\/vouille86.fr\/mairie\/wp-content\/uploads\/2026\/02\/23-02-27-02.png 1096w, https:\/\/vouille86.fr\/mairie\/wp-content\/uploads\/2026\/02\/23-02-27-02-300x240.png 300w, https:\/\/vouille86.fr\/mairie\/wp-content\/uploads\/2026\/02\/23-02-27-02-1024x820.png 1024w, https:\/\/vouille86.fr\/mairie\/wp-content\/uploads\/2026\/02\/23-02-27-02-768x615.png 768w\" sizes=\"(max-width: 1096px) 100vw, 1096px\" \/><\/a><\/p><p><strong>Du 02 au 06 mars<\/strong><\/p><p><a href=\"https:\/\/vouille86.fr\/mairie\/wp-content\/uploads\/2026\/02\/02-au-06-mars.png\"><img decoding=\"async\" class=\"alignleft wp-image-14013 size-full\" src=\"https:\/\/vouille86.fr\/mairie\/wp-content\/uploads\/2026\/02\/02-au-06-mars.png\" alt=\"\" width=\"1047\" height=\"885\" srcset=\"https:\/\/vouille86.fr\/mairie\/wp-content\/uploads\/2026\/02\/02-au-06-mars.png 1047w, https:\/\/vouille86.fr\/mairie\/wp-content\/uploads\/2026\/02\/02-au-06-mars-300x254.png 300w, https:\/\/vouille86.fr\/mairie\/wp-content\/uploads\/2026\/02\/02-au-06-mars-1024x866.png 1024w, https:\/\/vouille86.fr\/mairie\/wp-content\/uploads\/2026\/02\/02-au-06-mars-768x649.png 768w\" sizes=\"(max-width: 1047px) 100vw, 1047px\" \/><\/a><\/p><p><strong>Du 09 au 13 mars<\/strong><\/p><p><img loading=\"lazy\" decoding=\"async\" class=\"alignleft size-full wp-image-14014\" src=\"https:\/\/vouille86.fr\/mairie\/wp-content\/uploads\/2026\/02\/9-au-13-mars.png\" alt=\"\" width=\"1059\" height=\"890\" srcset=\"https:\/\/vouille86.fr\/mairie\/wp-content\/uploads\/2026\/02\/9-au-13-mars.png 1059w, https:\/\/vouille86.fr\/mairie\/wp-content\/uploads\/2026\/02\/9-au-13-mars-300x252.png 300w, https:\/\/vouille86.fr\/mairie\/wp-content\/uploads\/2026\/02\/9-au-13-mars-1024x861.png 1024w, https:\/\/vouille86.fr\/mairie\/wp-content\/uploads\/2026\/02\/9-au-13-mars-768x645.png 768w\" sizes=\"(max-width: 1059px) 100vw, 1059px\" \/><\/p><p><strong>Du 16 au 20 mars<\/strong><\/p><p><img loading=\"lazy\" decoding=\"async\" class=\"alignleft size-full wp-image-14015\" src=\"https:\/\/vouille86.fr\/mairie\/wp-content\/uploads\/2026\/02\/16-au-20-mars.png\" alt=\"\" width=\"1060\" height=\"889\" srcset=\"https:\/\/vouille86.fr\/mairie\/wp-content\/uploads\/2026\/02\/16-au-20-mars.png 1060w, https:\/\/vouille86.fr\/mairie\/wp-content\/uploads\/2026\/02\/16-au-20-mars-300x252.png 300w, https:\/\/vouille86.fr\/mairie\/wp-content\/uploads\/2026\/02\/16-au-20-mars-1024x859.png 1024w, https:\/\/vouille86.fr\/mairie\/wp-content\/uploads\/2026\/02\/16-au-20-mars-768x644.png 768w\" sizes=\"(max-width: 1060px) 100vw, 1060px\" \/><\/p><p><strong>Du 23 au 27 mars<\/strong><\/p><p><img loading=\"lazy\" decoding=\"async\" class=\"alignleft size-full wp-image-14016\" src=\"https:\/\/vouille86.fr\/mairie\/wp-content\/uploads\/2026\/02\/23-au-27-mars.png\" alt=\"\" width=\"1051\" height=\"885\" srcset=\"https:\/\/vouille86.fr\/mairie\/wp-content\/uploads\/2026\/02\/23-au-27-mars.png 1051w, https:\/\/vouille86.fr\/mairie\/wp-content\/uploads\/2026\/02\/23-au-27-mars-300x253.png 300w, https:\/\/vouille86.fr\/mairie\/wp-content\/uploads\/2026\/02\/23-au-27-mars-1024x862.png 1024w, https:\/\/vouille86.fr\/mairie\/wp-content\/uploads\/2026\/02\/23-au-27-mars-768x647.png 768w\" sizes=\"(max-width: 1051px) 100vw, 1051px\" \/> <strong>Du 30 mars au 03 avril<\/strong><\/p><p><img loading=\"lazy\" decoding=\"async\" class=\"alignleft size-full wp-image-14017\" src=\"https:\/\/vouille86.fr\/mairie\/wp-content\/uploads\/2026\/02\/30-mars-au-3-avril.png\" alt=\"\" width=\"1056\" height=\"888\" srcset=\"https:\/\/vouille86.fr\/mairie\/wp-content\/uploads\/2026\/02\/30-mars-au-3-avril.png 1056w, https:\/\/vouille86.fr\/mairie\/wp-content\/uploads\/2026\/02\/30-mars-au-3-avril-300x252.png 300w, https:\/\/vouille86.fr\/mairie\/wp-content\/uploads\/2026\/02\/30-mars-au-3-avril-1024x861.png 1024w, https:\/\/vouille86.fr\/mairie\/wp-content\/uploads\/2026\/02\/30-mars-au-3-avril-768x646.png 768w\" sizes=\"(max-width: 1056px) 100vw, 1056px\" \/><\/p><\/div>\n\t\t\t\t<\/div>\n\t\t\t\t\t\t\t<div class=\"elementor-accordion-item\">\n\t\t\t\t\t<div id=\"elementor-tab-title-1753\" class=\"elementor-tab-title\" data-tab=\"3\" role=\"button\" aria-controls=\"elementor-tab-content-1753\" aria-expanded=\"false\">\n\t\t\t\t\t\t\t\t\t\t\t\t\t<span class=\"elementor-accordion-icon elementor-accordion-icon-left\" aria-hidden=\"true\">\n\t\t\t\t\t\t\t\t\t\t\t\t\t\t\t<span class=\"elementor-accordion-icon-closed\"><i class=\"fas fa-plus\"><\/i><\/span>\n\t\t\t\t\t\t\t\t<span class=\"elementor-accordion-icon-opened\"><i class=\"fas fa-minus\"><\/i><\/span>\n\t\t\t\t\t\t\t\t\t\t\t\t\t\t<\/span>\n\t\t\t\t\t\t\t\t\t\t\t\t<a class=\"elementor-accordion-title\" tabindex=\"0\">R\u00c8GLEMENT<\/a>\n\t\t\t\t\t<\/div>\n\t\t\t\t\t<div id=\"elementor-tab-content-1753\" class=\"elementor-tab-content elementor-clearfix\" data-tab=\"3\" role=\"region\" aria-labelledby=\"elementor-tab-title-1753\"><p><a href=\"https:\/\/vouille86.fr\/mairie\/wp-content\/uploads\/2025\/07\/Annexe-1-deliberation-N\u00b0-9-REGLEMENT-CANTINE-8-juillet-2025.pdf\">REGLEMENT RESTAURATION SCOLAIRE (mise \u00e0 jour le 8 juillet 2025)<\/a><\/p><\/div>\n\t\t\t\t<\/div>\n\t\t\t\t\t\t\t\t<\/div>\n\t\t\t\t\t\t<\/div>\n\t\t\t\t<\/div>\n\t\t\t\t<div class=\"elementor-element elementor-element-e6df6f1 elementor-widget elementor-widget-text-editor\" data-id=\"e6df6f1\" data-element_type=\"widget\" data-e-type=\"widget\" data-widget_type=\"text-editor.default\">\n\t\t\t\t<div class=\"elementor-widget-container\">\n\t\t\t\t\t\t\t\t\t<p>\ud83d\ude8c Transport scolaire<\/p>\t\t\t\t\t\t\t\t<\/div>\n\t\t\t\t<\/div>\n\t\t\t\t<div class=\"elementor-element elementor-element-6ec3320 elementor-widget elementor-widget-accordion\" data-id=\"6ec3320\" data-element_type=\"widget\" data-e-type=\"widget\" data-widget_type=\"accordion.default\">\n\t\t\t\t<div class=\"elementor-widget-container\">\n\t\t\t\t\t\t\t<div class=\"elementor-accordion\">\n\t\t\t\t\t\t\t<div class=\"elementor-accordion-item\">\n\t\t\t\t\t<div id=\"elementor-tab-title-1161\" class=\"elementor-tab-title\" data-tab=\"1\" role=\"button\" aria-controls=\"elementor-tab-content-1161\" aria-expanded=\"false\">\n\t\t\t\t\t\t\t\t\t\t\t\t\t<span class=\"elementor-accordion-icon elementor-accordion-icon-left\" aria-hidden=\"true\">\n\t\t\t\t\t\t\t\t\t\t\t\t\t\t\t<span class=\"elementor-accordion-icon-closed\"><i class=\"fas fa-plus\"><\/i><\/span>\n\t\t\t\t\t\t\t\t<span class=\"elementor-accordion-icon-opened\"><i class=\"fas fa-minus\"><\/i><\/span>\n\t\t\t\t\t\t\t\t\t\t\t\t\t\t<\/span>\n\t\t\t\t\t\t\t\t\t\t\t\t<a class=\"elementor-accordion-title\" tabindex=\"0\">INSCRIPTION AU TRANSPORT SCOLAIRE<\/a>\n\t\t\t\t\t<\/div>\n\t\t\t\t\t<div id=\"elementor-tab-content-1161\" class=\"elementor-tab-content elementor-clearfix\" data-tab=\"1\" role=\"region\" aria-labelledby=\"elementor-tab-title-1161\"><p><b>Le transport scolaire et les inscriptions sont g\u00e9r\u00e9s par la R\u00e9gion Nouvelle-Aquitaine<\/b><\/p><p>S\u2019inscrire en ligne, une solution id\u00e9ale, simple et rapide : <a href=\"https:\/\/scolaire86.transports.nouvelle-aquitaine.fr\/\" target=\"_blank\" rel=\"noopener\">https:\/\/scolaire86.transports.nouvelle-aquitaine.fr\/<\/a><\/p><p>Plus d\u2019informations : <br \/><a href=\"https:\/\/transports.nouvelle-aquitaine.fr\/\" target=\"_blank\" rel=\"noopener\">https:\/\/transports.nouvelle-aquitaine.fr\/<\/a><\/p><\/div>\n\t\t\t\t<\/div>\n\t\t\t\t\t\t\t\t<\/div>\n\t\t\t\t\t\t<\/div>\n\t\t\t\t<\/div>\n\t\t\t\t<div class=\"elementor-element elementor-element-699c121a elementor-share-buttons--view-icon elementor-share-buttons--skin-minimal elementor-share-buttons--color-custom elementor-share-buttons--shape-square elementor-grid-0 elementor-widget elementor-widget-global elementor-global-2201 elementor-widget-share-buttons\" data-id=\"699c121a\" data-element_type=\"widget\" data-e-type=\"widget\" data-widget_type=\"share-buttons.default\">\n\t\t\t\t<div class=\"elementor-widget-container\">\n\t\t\t\t\t\t\t<div class=\"elementor-grid\" role=\"list\">\n\t\t\t\t\t\t\t\t<div class=\"elementor-grid-item\" role=\"listitem\">\n\t\t\t\t\t\t<div class=\"elementor-share-btn elementor-share-btn_facebook\" role=\"button\" tabindex=\"0\" aria-label=\"Partager sur facebook\">\n\t\t\t\t\t\t\t\t\t\t\t\t\t\t\t<span class=\"elementor-share-btn__icon\">\n\t\t\t\t\t\t\t\t<i class=\"fab fa-facebook\" aria-hidden=\"true\"><\/i>\t\t\t\t\t\t\t<\/span>\n\t\t\t\t\t\t\t\t\t\t\t\t\t\t\t\t\t\t\t\t<\/div>\n\t\t\t\t\t<\/div>\n\t\t\t\t\t\t\t\t\t<div class=\"elementor-grid-item\" role=\"listitem\">\n\t\t\t\t\t\t<div class=\"elementor-share-btn elementor-share-btn_twitter\" role=\"button\" tabindex=\"0\" aria-label=\"Partager sur twitter\">\n\t\t\t\t\t\t\t\t\t\t\t\t\t\t\t<span class=\"elementor-share-btn__icon\">\n\t\t\t\t\t\t\t\t<i class=\"fab fa-twitter\" aria-hidden=\"true\"><\/i>\t\t\t\t\t\t\t<\/span>\n\t\t\t\t\t\t\t\t\t\t\t\t\t\t\t\t\t\t\t\t<\/div>\n\t\t\t\t\t<\/div>\n\t\t\t\t\t\t\t\t\t<div class=\"elementor-grid-item\" role=\"listitem\">\n\t\t\t\t\t\t<div class=\"elementor-share-btn elementor-share-btn_whatsapp\" role=\"button\" tabindex=\"0\" aria-label=\"Partager sur whatsapp\">\n\t\t\t\t\t\t\t\t\t\t\t\t\t\t\t<span class=\"elementor-share-btn__icon\">\n\t\t\t\t\t\t\t\t<i class=\"fab fa-whatsapp\" aria-hidden=\"true\"><\/i>\t\t\t\t\t\t\t<\/span>\n\t\t\t\t\t\t\t\t\t\t\t\t\t\t\t\t\t\t\t\t<\/div>\n\t\t\t\t\t<\/div>\n\t\t\t\t\t\t\t\t\t<div class=\"elementor-grid-item\" role=\"listitem\">\n\t\t\t\t\t\t<div class=\"elementor-share-btn elementor-share-btn_email\" role=\"button\" tabindex=\"0\" aria-label=\"Partager sur email\">\n\t\t\t\t\t\t\t\t\t\t\t\t\t\t\t<span class=\"elementor-share-btn__icon\">\n\t\t\t\t\t\t\t\t<i class=\"fas fa-envelope\" aria-hidden=\"true\"><\/i>\t\t\t\t\t\t\t<\/span>\n\t\t\t\t\t\t\t\t\t\t\t\t\t\t\t\t\t\t\t\t<\/div>\n\t\t\t\t\t<\/div>\n\t\t\t\t\t\t<\/div>\n\t\t\t\t\t\t<\/div>\n\t\t\t\t<\/div>\n\t\t\t\t\t<\/div>\n\t\t<\/div>\n\t\t\t\t\t<\/div>\n\t\t<\/section>\n\t\t\t\t<\/div>\n\t\t","protected":false},"excerpt":{"rendered":"<p>Rentr\u00e9e septembre 2026\/2027 : Les demandes d\u2019inscription \u00e0 la garderie et \u00e0 la restauration scolaire sont \u00e0 d\u00e9poser en mairie. Merci de compl\u00e9ter et de retourner la fiche suivante : Fiche de renseignements Services p\u00e9riscolaires 2026-2027 \/! Les tarifs sont susceptibles d&rsquo;\u00e9voluer. Renseignements en mairie. L&rsquo;inscription au transport scolaire est g\u00e9r\u00e9e par la R\u00e9gion Nouvelle-Aquitaine&#8230;.<\/p>\n","protected":false},"author":1,"featured_media":0,"parent":0,"menu_order":0,"comment_status":"closed","ping_status":"closed","template":"","meta":{"_acf_changed":false,"footnotes":""},"class_list":["post-3799","page","type-page","status-publish","hentry"],"acf":[],"_links":{"self":[{"href":"https:\/\/vouille86.fr\/mairie\/wp-json\/wp\/v2\/pages\/3799","targetHints":{"allow":["GET"]}}],"collection":[{"href":"https:\/\/vouille86.fr\/mairie\/wp-json\/wp\/v2\/pages"}],"about":[{"href":"https:\/\/vouille86.fr\/mairie\/wp-json\/wp\/v2\/types\/page"}],"author":[{"embeddable":true,"href":"https:\/\/vouille86.fr\/mairie\/wp-json\/wp\/v2\/users\/1"}],"replies":[{"embeddable":true,"href":"https:\/\/vouille86.fr\/mairie\/wp-json\/wp\/v2\/comments?post=3799"}],"version-history":[{"count":310,"href":"https:\/\/vouille86.fr\/mairie\/wp-json\/wp\/v2\/pages\/3799\/revisions"}],"predecessor-version":[{"id":14148,"href":"https:\/\/vouille86.fr\/mairie\/wp-json\/wp\/v2\/pages\/3799\/revisions\/14148"}],"wp:attachment":[{"href":"https:\/\/vouille86.fr\/mairie\/wp-json\/wp\/v2\/media?parent=3799"}],"curies":[{"name":"wp","href":"https:\/\/api.w.org\/{rel}","templated":true}]}}