{"id":3715,"date":"2022-03-29T09:18:45","date_gmt":"2022-03-29T07:18:45","guid":{"rendered":"https:\/\/vouille86.fr\/mairie\/?page_id=3715"},"modified":"2025-10-31T14:14:29","modified_gmt":"2025-10-31T13:14:29","slug":"quartiers","status":"publish","type":"page","link":"https:\/\/vouille86.fr\/mairie\/quartiers\/","title":{"rendered":"Quartiers"},"content":{"rendered":"\t\t<div data-elementor-type=\"wp-page\" data-elementor-id=\"3715\" class=\"elementor elementor-3715\" data-elementor-post-type=\"page\">\n\t\t\t\t\t\t<section class=\"elementor-section elementor-top-section elementor-element elementor-element-17ebd9d5 elementor-section-boxed elementor-section-height-default elementor-section-height-default\" data-id=\"17ebd9d5\" data-element_type=\"section\" data-e-type=\"section\">\n\t\t\t\t\t\t<div class=\"elementor-container elementor-column-gap-default\">\n\t\t\t\t\t<div class=\"elementor-column elementor-col-100 elementor-top-column elementor-element elementor-element-48b240a5\" data-id=\"48b240a5\" data-element_type=\"column\" data-e-type=\"column\">\n\t\t\t<div class=\"elementor-widget-wrap elementor-element-populated\">\n\t\t\t\t\t\t<div class=\"elementor-element elementor-element-612ea813 ariana elementor-widget elementor-widget-global elementor-global-2096 elementor-widget-shortcode\" data-id=\"612ea813\" data-element_type=\"widget\" data-e-type=\"widget\" data-widget_type=\"shortcode.default\">\n\t\t\t\t<div class=\"elementor-widget-container\">\n\t\t\t\t\t<ul id=\"crumbs\"><li><a href=\"https:\/\/vouille86.fr\/mairie\">Accueil<\/a><\/li><\/ul>\t\t<div class=\"elementor-shortcode\"><\/div>\n\t\t\t\t\t\t<\/div>\n\t\t\t\t<\/div>\n\t\t\t\t\t<\/div>\n\t\t<\/div>\n\t\t\t\t\t<\/div>\n\t\t<\/section>\n\t\t\t\t<section class=\"elementor-section elementor-top-section elementor-element elementor-element-5a8ec36 elementor-section-boxed elementor-section-height-default elementor-section-height-default\" data-id=\"5a8ec36\" data-element_type=\"section\" data-e-type=\"section\">\n\t\t\t\t\t\t<div class=\"elementor-container elementor-column-gap-default\">\n\t\t\t\t\t<div class=\"elementor-column elementor-col-100 elementor-top-column elementor-element elementor-element-6f789272\" data-id=\"6f789272\" data-element_type=\"column\" data-e-type=\"column\">\n\t\t\t<div class=\"elementor-widget-wrap elementor-element-populated\">\n\t\t\t\t\t\t<div class=\"elementor-element elementor-element-6ae56c9f elementor-widget elementor-widget-heading\" data-id=\"6ae56c9f\" data-element_type=\"widget\" data-e-type=\"widget\" data-widget_type=\"heading.default\">\n\t\t\t\t<div class=\"elementor-widget-container\">\n\t\t\t\t\t<h2 class=\"elementor-heading-title elementor-size-default\">Quartiers<\/h2>\t\t\t\t<\/div>\n\t\t\t\t<\/div>\n\t\t\t\t<div class=\"elementor-element elementor-element-6d7ec46a elementor-widget elementor-widget-text-editor\" data-id=\"6d7ec46a\" data-element_type=\"widget\" data-e-type=\"widget\" data-widget_type=\"text-editor.default\">\n\t\t\t\t<div class=\"elementor-widget-container\">\n\t\t\t\t\t\t\t\t\t<p><strong>Sept quartiers sont identifi\u00e9s sur la commune<\/strong>.<\/p><p>Cette action importante pour la vie locale, est le fruit d\u2019une volont\u00e9 affirm\u00e9e de l\u2019\u00e9quipe municipale d\u2019\u00eatre \u00e0 l\u2019\u00e9coute des habitants et de favoriser le dialogue. La mise en place des r\u00e9f\u00e9rents de quartiers s\u2019inscrit donc dans une d\u00e9marche de renforcement de la d\u00e9mocratie participative.<\/p><p>Elle participe \u00e0 la gestion municipale de proximit\u00e9 et constitue un levier de citoyennet\u00e9 dans lequel vous serez de v\u00e9ritables acteurs !<a href=\"https:\/\/vouille86.fr\/mairie\/wp-content\/uploads\/2022\/06\/QuartiersVouille-avec-limites-nomquartier.gif\"><img fetchpriority=\"high\" decoding=\"async\" class=\"aligncenter wp-image-7480 size-large\" src=\"https:\/\/vouille86.fr\/mairie\/wp-content\/uploads\/2022\/06\/QuartiersVouille-avec-limites-nomquartier-1024x969.gif\" alt=\"\" width=\"800\" height=\"757\" srcset=\"https:\/\/vouille86.fr\/mairie\/wp-content\/uploads\/2022\/06\/QuartiersVouille-avec-limites-nomquartier-1024x969.gif 1024w, https:\/\/vouille86.fr\/mairie\/wp-content\/uploads\/2022\/06\/QuartiersVouille-avec-limites-nomquartier-300x284.gif 300w, https:\/\/vouille86.fr\/mairie\/wp-content\/uploads\/2022\/06\/QuartiersVouille-avec-limites-nomquartier-768x727.gif 768w, https:\/\/vouille86.fr\/mairie\/wp-content\/uploads\/2022\/06\/QuartiersVouille-avec-limites-nomquartier-1536x1454.gif 1536w, https:\/\/vouille86.fr\/mairie\/wp-content\/uploads\/2022\/06\/QuartiersVouille-avec-limites-nomquartier-2048x1938.gif 2048w\" sizes=\"(max-width: 800px) 100vw, 800px\" \/><\/a><\/p>\t\t\t\t\t\t\t\t<\/div>\n\t\t\t\t<\/div>\n\t\t\t\t<div class=\"elementor-element elementor-element-36454b6f elementor-widget elementor-widget-accordion\" data-id=\"36454b6f\" data-element_type=\"widget\" data-e-type=\"widget\" data-widget_type=\"accordion.default\">\n\t\t\t\t<div class=\"elementor-widget-container\">\n\t\t\t\t\t\t\t<div class=\"elementor-accordion\">\n\t\t\t\t\t\t\t<div class=\"elementor-accordion-item\">\n\t\t\t\t\t<div id=\"elementor-tab-title-9101\" class=\"elementor-tab-title\" data-tab=\"1\" role=\"button\" aria-controls=\"elementor-tab-content-9101\" aria-expanded=\"false\">\n\t\t\t\t\t\t\t\t\t\t\t\t\t<span class=\"elementor-accordion-icon elementor-accordion-icon-left\" aria-hidden=\"true\">\n\t\t\t\t\t\t\t\t\t\t\t\t\t\t\t<span class=\"elementor-accordion-icon-closed\"><i class=\"fas fa-plus\"><\/i><\/span>\n\t\t\t\t\t\t\t\t<span class=\"elementor-accordion-icon-opened\"><i class=\"fas fa-minus\"><\/i><\/span>\n\t\t\t\t\t\t\t\t\t\t\t\t\t\t<\/span>\n\t\t\t\t\t\t\t\t\t\t\t\t<a class=\"elementor-accordion-title\" tabindex=\"0\">VOS R\u00c9F\u00c9RENTS DE QUARTIER<\/a>\n\t\t\t\t\t<\/div>\n\t\t\t\t\t<div id=\"elementor-tab-content-9101\" class=\"elementor-tab-content elementor-clearfix\" data-tab=\"1\" role=\"region\" aria-labelledby=\"elementor-tab-title-9101\"><p>Un r\u00e9f\u00e9rent de quartier est un citoyen comme les autres qui a d\u00e9cid\u00e9 de s\u2019impliquer dans la vie de sa commune, de mani\u00e8re b\u00e9n\u00e9vole et totalement volontaire.<\/p><p>En tant que porte-parole de son quartier, sa principale mission est de collecter toutes les remarques \u00e9mises par les habitants de son quartier, pour ensuite relayer au mieux les besoins et les attentes, aupr\u00e8s de la municipalit\u00e9.<\/p><p>Il favorise ainsi le lien de proximit\u00e9 entre les habitants d\u2019un m\u00eame quartier en organisant des r\u00e9unions de quartier et des moments d\u2019\u00e9changes.<\/p><p>Il renforce \u00e9galement la communication entre les administr\u00e9s et l\u2019\u00e9quipe municipale. Le r\u00e9f\u00e9rent sera toujours inform\u00e9 des suites qui seront donn\u00e9es \u00e0 chaque dossier.<\/p><p>Les r\u00e9f\u00e9rents de quartier seront joignables par les administr\u00e9s de plusieurs fa\u00e7ons : r\u00e9unions dans les quartiers, t\u00e9l\u00e9phone ou mail, identification au moyen de la presse, du site internet de la ville, des bulletins municipaux, des r\u00e9seaux sociaux\u2026<\/p><p>Les r\u00e9f\u00e9rents ne remplacent pas les forces de l\u2019ordre, les \u00e9lus ou les employ\u00e9s municipaux.<\/p><p><strong>Quartier du Grand Coquet :<br \/><\/strong>Jean-Luc POIRAUD et Fa\u00efz AGANAYE : vouille.quartier.grandcoquet@gmail.com<\/p><p><strong>Quartier du Tram :<br \/><\/strong>Romain GAUVRIT et Jocelyne JEAN : vouille.quartier.tram@gmail.com<\/p><p><strong>Quartier du Val Montour :<\/strong><br \/>C\u00e9line NAULEAU : vouille.quartier.valmontour@gmail.com<\/p><p><strong>Quartier de Traversonne :<\/strong><br \/>Annie et Pierre ROUSSEAU : vouille.quartier.traversonne@gmail.com<\/p><p><strong>Quartier Les Essarts Cillais :<\/strong><br \/>Patrick DENIAU et Philippe COUTURIER : vouille.quartier.essartcillais@gmail.com<\/p><p><strong>Quartier La Tr\u00e8re Beausoleil :<\/strong><br \/>Andr\u00e9 BENCINI (05 49 51 87 42), Alain JORDAN et Richard MEZIL : vouille.quartier.latrerebeauso@gmail.com<\/p><p><strong>Quartier Centre bourg :\u00a0<br \/><\/strong>Jean-Christophe BARRITEAU et Michel TRANOUEZ (06 30 89 12 79) : vouille.quartier.centre@gmail.com\u00a0<\/p><\/div>\n\t\t\t\t<\/div>\n\t\t\t\t\t\t\t<div class=\"elementor-accordion-item\">\n\t\t\t\t\t<div id=\"elementor-tab-title-9102\" class=\"elementor-tab-title\" data-tab=\"2\" role=\"button\" aria-controls=\"elementor-tab-content-9102\" aria-expanded=\"false\">\n\t\t\t\t\t\t\t\t\t\t\t\t\t<span class=\"elementor-accordion-icon elementor-accordion-icon-left\" aria-hidden=\"true\">\n\t\t\t\t\t\t\t\t\t\t\t\t\t\t\t<span class=\"elementor-accordion-icon-closed\"><i class=\"fas fa-plus\"><\/i><\/span>\n\t\t\t\t\t\t\t\t<span class=\"elementor-accordion-icon-opened\"><i class=\"fas fa-minus\"><\/i><\/span>\n\t\t\t\t\t\t\t\t\t\t\t\t\t\t<\/span>\n\t\t\t\t\t\t\t\t\t\t\t\t<a class=\"elementor-accordion-title\" tabindex=\"0\">J\u2019AI UNE ID\u00c9E POUR MON QUARTIER, comment contacter mon r\u00e9f\u00e9rent de quartier ?<\/a>\n\t\t\t\t\t<\/div>\n\t\t\t\t\t<div id=\"elementor-tab-content-9102\" class=\"elementor-tab-content elementor-clearfix\" data-tab=\"2\" role=\"region\" aria-labelledby=\"elementor-tab-title-9102\"><p>N\u2019h\u00e9sitez pas \u00e0 contacter vos r\u00e9f\u00e9rents de quartier via l\u2019adresse e-mail de votre quartier.<\/p><p>Lors de votre demande, indiquez vos coordonn\u00e9es compl\u00e8tes (adresse, e-mail, num\u00e9ro de t\u00e9l\u00e9phone portable et fixe) pour qu\u2019ils puissent vous contacter. Vous pouvez aussi venir les rencontrer lors de r\u00e9union de quartier !<\/p><p>\u00catre r\u00e9f\u00e9rent de quartier est un engagement b\u00e9n\u00e9vole et volontaire. <br \/>Afin que la relation avec vos r\u00e9f\u00e9rents se d\u00e9roule dans les meilleures conditions, nous vous remercions de bien vouloir \u00eatre compr\u00e9hensif et de respecter un savoir-vivre en les contactant.<\/p><p><a href=\"https:\/\/vouille86.fr\/mairie\/wp-content\/uploads\/2023\/06\/Planche-Referents-de-Quartiers-2023.pdf\">Liste R\u00e9f\u00e9rents de Quartiers 2023<\/a><\/p><\/div>\n\t\t\t\t<\/div>\n\t\t\t\t\t\t\t<div class=\"elementor-accordion-item\">\n\t\t\t\t\t<div id=\"elementor-tab-title-9103\" class=\"elementor-tab-title\" data-tab=\"3\" role=\"button\" aria-controls=\"elementor-tab-content-9103\" aria-expanded=\"false\">\n\t\t\t\t\t\t\t\t\t\t\t\t\t<span class=\"elementor-accordion-icon elementor-accordion-icon-left\" aria-hidden=\"true\">\n\t\t\t\t\t\t\t\t\t\t\t\t\t\t\t<span class=\"elementor-accordion-icon-closed\"><i class=\"fas fa-plus\"><\/i><\/span>\n\t\t\t\t\t\t\t\t<span class=\"elementor-accordion-icon-opened\"><i class=\"fas fa-minus\"><\/i><\/span>\n\t\t\t\t\t\t\t\t\t\t\t\t\t\t<\/span>\n\t\t\t\t\t\t\t\t\t\t\t\t<a class=\"elementor-accordion-title\" tabindex=\"0\">LA CHARTE DES R\u00c9F\u00c9RENTS<\/a>\n\t\t\t\t\t<\/div>\n\t\t\t\t\t<div id=\"elementor-tab-content-9103\" class=\"elementor-tab-content elementor-clearfix\" data-tab=\"3\" role=\"region\" aria-labelledby=\"elementor-tab-title-9103\"><p>Les r\u00e9f\u00e9rents de quartier s\u2019engagent, en signant une charte, \u00e0 \u0153uvrer pour l\u2019int\u00e9r\u00eat g\u00e9n\u00e9ral du quartier, de la commune et des habitants. La charte, pr\u00e9sent\u00e9e ci-dessous, pr\u00e9cise et d\u00e9limite le cadre de leurs missions.<\/p><ul><li>Le r\u00e9f\u00e9rent de quartier est un trait d\u2019union entre administr\u00e9s et municipalit\u00e9.<\/li><li>Le r\u00e9f\u00e9rent a en charge un ensemble de rues au sein de son quartier mais peut \u00eatre sensibilis\u00e9 aux probl\u00e8mes de la commune en g\u00e9n\u00e9ral.<\/li><li>Le r\u00e9f\u00e9rent est vecteur d\u2019information, de transmission et de proposition dans tous les domaines du bien-vivre ensemble dans son quartier. \u00c0 cet effet, il est membre de la Commission Extra communale des quartiers.<\/li><li>Le r\u00e9f\u00e9rent s\u2019engage \u00e0 la stricte confidentialit\u00e9 des informations recueillies.<\/li><li>Chaque habitant peut devenir r\u00e9f\u00e9rent d\u2019un quartier sur demande adress\u00e9e au r\u00e9f\u00e9rent de son quartier et valid\u00e9e par la Commission Extra communale des quartiers.<\/li><li>Le r\u00e9f\u00e9rent s\u2019engage aupr\u00e8s de la municipalit\u00e9 en int\u00e9grant la Commission Extra communale des quartiers, qui se r\u00e9unit plusieurs fois par an pour \u00e9voquer le suivi des projets.<\/li><\/ul><\/div>\n\t\t\t\t<\/div>\n\t\t\t\t\t\t\t<div class=\"elementor-accordion-item\">\n\t\t\t\t\t<div id=\"elementor-tab-title-9104\" class=\"elementor-tab-title\" data-tab=\"4\" role=\"button\" aria-controls=\"elementor-tab-content-9104\" aria-expanded=\"false\">\n\t\t\t\t\t\t\t\t\t\t\t\t\t<span class=\"elementor-accordion-icon elementor-accordion-icon-left\" aria-hidden=\"true\">\n\t\t\t\t\t\t\t\t\t\t\t\t\t\t\t<span class=\"elementor-accordion-icon-closed\"><i class=\"fas fa-plus\"><\/i><\/span>\n\t\t\t\t\t\t\t\t<span class=\"elementor-accordion-icon-opened\"><i class=\"fas fa-minus\"><\/i><\/span>\n\t\t\t\t\t\t\t\t\t\t\t\t\t\t<\/span>\n\t\t\t\t\t\t\t\t\t\t\t\t<a class=\"elementor-accordion-title\" tabindex=\"0\">PARTICIPATION CITOYENNE<\/a>\n\t\t\t\t\t<\/div>\n\t\t\t\t\t<div id=\"elementor-tab-content-9104\" class=\"elementor-tab-content elementor-clearfix\" data-tab=\"4\" role=\"region\" aria-labelledby=\"elementor-tab-title-9104\"><p>Retrouvez les coordonn\u00e9es de vos r\u00e9f\u00e9rents participation citoyenne sur la page d\u00e9di\u00e9e : <a href=\"https:\/\/vouille86.fr\/mairie\/securite\/\">https:\/\/vouille86.fr\/mairie\/securite\/<\/a><\/p><\/div>\n\t\t\t\t<\/div>\n\t\t\t\t\t\t\t\t<\/div>\n\t\t\t\t\t\t<\/div>\n\t\t\t\t<\/div>\n\t\t\t\t<div class=\"elementor-element elementor-element-3055e81b elementor-share-buttons--view-icon elementor-share-buttons--skin-minimal elementor-share-buttons--color-custom elementor-share-buttons--shape-square elementor-grid-0 elementor-widget elementor-widget-global elementor-global-2201 elementor-widget-share-buttons\" data-id=\"3055e81b\" data-element_type=\"widget\" data-e-type=\"widget\" data-widget_type=\"share-buttons.default\">\n\t\t\t\t<div class=\"elementor-widget-container\">\n\t\t\t\t\t\t\t<div class=\"elementor-grid\" role=\"list\">\n\t\t\t\t\t\t\t\t<div class=\"elementor-grid-item\" role=\"listitem\">\n\t\t\t\t\t\t<div class=\"elementor-share-btn elementor-share-btn_facebook\" role=\"button\" tabindex=\"0\" aria-label=\"Partager sur facebook\">\n\t\t\t\t\t\t\t\t\t\t\t\t\t\t\t<span class=\"elementor-share-btn__icon\">\n\t\t\t\t\t\t\t\t<i class=\"fab fa-facebook\" aria-hidden=\"true\"><\/i>\t\t\t\t\t\t\t<\/span>\n\t\t\t\t\t\t\t\t\t\t\t\t\t\t\t\t\t\t\t\t<\/div>\n\t\t\t\t\t<\/div>\n\t\t\t\t\t\t\t\t\t<div class=\"elementor-grid-item\" role=\"listitem\">\n\t\t\t\t\t\t<div class=\"elementor-share-btn elementor-share-btn_twitter\" role=\"button\" tabindex=\"0\" aria-label=\"Partager sur twitter\">\n\t\t\t\t\t\t\t\t\t\t\t\t\t\t\t<span class=\"elementor-share-btn__icon\">\n\t\t\t\t\t\t\t\t<i class=\"fab fa-twitter\" aria-hidden=\"true\"><\/i>\t\t\t\t\t\t\t<\/span>\n\t\t\t\t\t\t\t\t\t\t\t\t\t\t\t\t\t\t\t\t<\/div>\n\t\t\t\t\t<\/div>\n\t\t\t\t\t\t\t\t\t<div class=\"elementor-grid-item\" role=\"listitem\">\n\t\t\t\t\t\t<div class=\"elementor-share-btn elementor-share-btn_whatsapp\" role=\"button\" tabindex=\"0\" aria-label=\"Partager sur whatsapp\">\n\t\t\t\t\t\t\t\t\t\t\t\t\t\t\t<span class=\"elementor-share-btn__icon\">\n\t\t\t\t\t\t\t\t<i class=\"fab fa-whatsapp\" aria-hidden=\"true\"><\/i>\t\t\t\t\t\t\t<\/span>\n\t\t\t\t\t\t\t\t\t\t\t\t\t\t\t\t\t\t\t\t<\/div>\n\t\t\t\t\t<\/div>\n\t\t\t\t\t\t\t\t\t<div class=\"elementor-grid-item\" role=\"listitem\">\n\t\t\t\t\t\t<div class=\"elementor-share-btn elementor-share-btn_email\" role=\"button\" tabindex=\"0\" aria-label=\"Partager sur email\">\n\t\t\t\t\t\t\t\t\t\t\t\t\t\t\t<span class=\"elementor-share-btn__icon\">\n\t\t\t\t\t\t\t\t<i class=\"fas fa-envelope\" aria-hidden=\"true\"><\/i>\t\t\t\t\t\t\t<\/span>\n\t\t\t\t\t\t\t\t\t\t\t\t\t\t\t\t\t\t\t\t<\/div>\n\t\t\t\t\t<\/div>\n\t\t\t\t\t\t<\/div>\n\t\t\t\t\t\t<\/div>\n\t\t\t\t<\/div>\n\t\t\t\t\t<\/div>\n\t\t<\/div>\n\t\t\t\t\t<\/div>\n\t\t<\/section>\n\t\t\t\t<\/div>\n\t\t","protected":false},"excerpt":{"rendered":"<p>Sept quartiers sont identifi\u00e9s sur la commune. Cette action importante pour la vie locale, est le fruit d\u2019une volont\u00e9 affirm\u00e9e de l\u2019\u00e9quipe municipale d\u2019\u00eatre \u00e0 l\u2019\u00e9coute des habitants et de favoriser le dialogue. La mise en place des r\u00e9f\u00e9rents de quartiers s\u2019inscrit donc dans une d\u00e9marche de renforcement de la d\u00e9mocratie participative. Elle participe \u00e0&#8230;<\/p>\n","protected":false},"author":1,"featured_media":0,"parent":0,"menu_order":0,"comment_status":"closed","ping_status":"closed","template":"","meta":{"_acf_changed":false,"footnotes":""},"class_list":["post-3715","page","type-page","status-publish","hentry"],"acf":[],"_links":{"self":[{"href":"https:\/\/vouille86.fr\/mairie\/wp-json\/wp\/v2\/pages\/3715","targetHints":{"allow":["GET"]}}],"collection":[{"href":"https:\/\/vouille86.fr\/mairie\/wp-json\/wp\/v2\/pages"}],"about":[{"href":"https:\/\/vouille86.fr\/mairie\/wp-json\/wp\/v2\/types\/page"}],"author":[{"embeddable":true,"href":"https:\/\/vouille86.fr\/mairie\/wp-json\/wp\/v2\/users\/1"}],"replies":[{"embeddable":true,"href":"https:\/\/vouille86.fr\/mairie\/wp-json\/wp\/v2\/comments?post=3715"}],"version-history":[{"count":49,"href":"https:\/\/vouille86.fr\/mairie\/wp-json\/wp\/v2\/pages\/3715\/revisions"}],"predecessor-version":[{"id":13668,"href":"https:\/\/vouille86.fr\/mairie\/wp-json\/wp\/v2\/pages\/3715\/revisions\/13668"}],"wp:attachment":[{"href":"https:\/\/vouille86.fr\/mairie\/wp-json\/wp\/v2\/media?parent=3715"}],"curies":[{"name":"wp","href":"https:\/\/api.w.org\/{rel}","templated":true}]}}