{"id":3576,"date":"2022-03-28T15:30:59","date_gmt":"2022-03-28T13:30:59","guid":{"rendered":"https:\/\/vouille86.fr\/mairie\/?page_id=3576"},"modified":"2023-01-06T16:05:01","modified_gmt":"2023-01-06T15:05:01","slug":"entreprises","status":"publish","type":"page","link":"https:\/\/vouille86.fr\/mairie\/entreprises\/","title":{"rendered":"Entreprises"},"content":{"rendered":"\t\t<div data-elementor-type=\"wp-page\" data-elementor-id=\"3576\" class=\"elementor elementor-3576\" data-elementor-post-type=\"page\">\n\t\t\t\t\t\t<section class=\"elementor-section elementor-top-section elementor-element elementor-element-727ff99 elementor-section-boxed elementor-section-height-default elementor-section-height-default\" data-id=\"727ff99\" data-element_type=\"section\" data-e-type=\"section\">\n\t\t\t\t\t\t<div class=\"elementor-container elementor-column-gap-default\">\n\t\t\t\t\t<div class=\"elementor-column elementor-col-100 elementor-top-column elementor-element elementor-element-95b9df0\" data-id=\"95b9df0\" data-element_type=\"column\" data-e-type=\"column\">\n\t\t\t<div class=\"elementor-widget-wrap elementor-element-populated\">\n\t\t\t\t\t\t<div class=\"elementor-element elementor-element-4bf2881c ariana elementor-widget elementor-widget-global elementor-global-2096 elementor-widget-shortcode\" data-id=\"4bf2881c\" data-element_type=\"widget\" data-e-type=\"widget\" data-widget_type=\"shortcode.default\">\n\t\t\t\t<div class=\"elementor-widget-container\">\n\t\t\t\t\t<ul id=\"crumbs\"><li><a href=\"https:\/\/vouille86.fr\/mairie\">Accueil<\/a><\/li><\/ul>\t\t<div class=\"elementor-shortcode\"><\/div>\n\t\t\t\t\t\t<\/div>\n\t\t\t\t<\/div>\n\t\t\t\t\t<\/div>\n\t\t<\/div>\n\t\t\t\t\t<\/div>\n\t\t<\/section>\n\t\t\t\t<section class=\"elementor-section elementor-top-section elementor-element elementor-element-6fd7feff elementor-section-boxed elementor-section-height-default elementor-section-height-default\" data-id=\"6fd7feff\" data-element_type=\"section\" data-e-type=\"section\">\n\t\t\t\t\t\t<div class=\"elementor-container elementor-column-gap-default\">\n\t\t\t\t\t<div class=\"elementor-column elementor-col-100 elementor-top-column elementor-element elementor-element-1072e78a\" data-id=\"1072e78a\" data-element_type=\"column\" data-e-type=\"column\">\n\t\t\t<div class=\"elementor-widget-wrap elementor-element-populated\">\n\t\t\t\t\t\t<div class=\"elementor-element elementor-element-4803a3fc elementor-widget elementor-widget-heading\" data-id=\"4803a3fc\" data-element_type=\"widget\" data-e-type=\"widget\" data-widget_type=\"heading.default\">\n\t\t\t\t<div class=\"elementor-widget-container\">\n\t\t\t\t\t<h2 class=\"elementor-heading-title elementor-size-default\">Entreprises<\/h2>\t\t\t\t<\/div>\n\t\t\t\t<\/div>\n\t\t\t\t<div class=\"elementor-element elementor-element-5f836a6a elementor-widget elementor-widget-accordion\" data-id=\"5f836a6a\" data-element_type=\"widget\" data-e-type=\"widget\" data-widget_type=\"accordion.default\">\n\t\t\t\t<div class=\"elementor-widget-container\">\n\t\t\t\t\t\t\t<div class=\"elementor-accordion\">\n\t\t\t\t\t\t\t<div class=\"elementor-accordion-item\">\n\t\t\t\t\t<div id=\"elementor-tab-title-1601\" class=\"elementor-tab-title\" data-tab=\"1\" role=\"button\" aria-controls=\"elementor-tab-content-1601\" aria-expanded=\"false\">\n\t\t\t\t\t\t\t\t\t\t\t\t\t<span class=\"elementor-accordion-icon elementor-accordion-icon-left\" aria-hidden=\"true\">\n\t\t\t\t\t\t\t\t\t\t\t\t\t\t\t<span class=\"elementor-accordion-icon-closed\"><i class=\"fas fa-plus\"><\/i><\/span>\n\t\t\t\t\t\t\t\t<span class=\"elementor-accordion-icon-opened\"><i class=\"fas fa-minus\"><\/i><\/span>\n\t\t\t\t\t\t\t\t\t\t\t\t\t\t<\/span>\n\t\t\t\t\t\t\t\t\t\t\t\t<a class=\"elementor-accordion-title\" tabindex=\"0\">OCCUPATION DU DOMAINE PUBLIC<\/a>\n\t\t\t\t\t<\/div>\n\t\t\t\t\t<div id=\"elementor-tab-content-1601\" class=\"elementor-tab-content elementor-clearfix\" data-tab=\"1\" role=\"region\" aria-labelledby=\"elementor-tab-title-1601\"><p><strong>Pour toute demande<\/strong> d\u2019occupation du domaine public (travaux, terrasse\u2026), merci d\u2019adresser votre demande aupr\u00e8s du service urbanisme par m\u00e9l \u00e0 <a href=\"mailto:urbanisme@vouille86.fr\">urbanisme@vouille86.fr<\/a> ou par voie postale \u00e0 la mairie.<\/p><\/div>\n\t\t\t\t<\/div>\n\t\t\t\t\t\t\t<div class=\"elementor-accordion-item\">\n\t\t\t\t\t<div id=\"elementor-tab-title-1602\" class=\"elementor-tab-title\" data-tab=\"2\" role=\"button\" aria-controls=\"elementor-tab-content-1602\" aria-expanded=\"false\">\n\t\t\t\t\t\t\t\t\t\t\t\t\t<span class=\"elementor-accordion-icon elementor-accordion-icon-left\" aria-hidden=\"true\">\n\t\t\t\t\t\t\t\t\t\t\t\t\t\t\t<span class=\"elementor-accordion-icon-closed\"><i class=\"fas fa-plus\"><\/i><\/span>\n\t\t\t\t\t\t\t\t<span class=\"elementor-accordion-icon-opened\"><i class=\"fas fa-minus\"><\/i><\/span>\n\t\t\t\t\t\t\t\t\t\t\t\t\t\t<\/span>\n\t\t\t\t\t\t\t\t\t\t\t\t<a class=\"elementor-accordion-title\" tabindex=\"0\">ENTREPRENDRE<\/a>\n\t\t\t\t\t<\/div>\n\t\t\t\t\t<div id=\"elementor-tab-content-1602\" class=\"elementor-tab-content elementor-clearfix\" data-tab=\"2\" role=\"region\" aria-labelledby=\"elementor-tab-title-1602\"><p><span style=\"text-decoration: underline;\"><strong>S\u2019installer :<\/strong><\/span> <br \/><br \/>Vous venez de vous installer sur la commune ? Signalez-vous aupr\u00e8s du service communication de la mairie pour \u00eatre r\u00e9f\u00e9renc\u00e9 sur l\u2019annuaire des commer\u00e7ants, artisans et professionnels de sant\u00e9 de Vouill\u00e9.<br \/><strong>Remplissez le formulaire en ligne ou adressez-le par voie postale \u00e0 la mairie.<\/strong><br \/><a href=\"https:\/\/vouille86.fr\/mairie\/wp-content\/uploads\/2022\/04\/Fiche_renseignements_annuaire_pro_Vouille_2022.docx\">Fiche_renseignements_annuaire_pro_Vouille_2022<\/a><\/p><\/div>\n\t\t\t\t<\/div>\n\t\t\t\t\t\t\t<div class=\"elementor-accordion-item\">\n\t\t\t\t\t<div id=\"elementor-tab-title-1603\" class=\"elementor-tab-title\" data-tab=\"3\" role=\"button\" aria-controls=\"elementor-tab-content-1603\" aria-expanded=\"false\">\n\t\t\t\t\t\t\t\t\t\t\t\t\t<span class=\"elementor-accordion-icon elementor-accordion-icon-left\" aria-hidden=\"true\">\n\t\t\t\t\t\t\t\t\t\t\t\t\t\t\t<span class=\"elementor-accordion-icon-closed\"><i class=\"fas fa-plus\"><\/i><\/span>\n\t\t\t\t\t\t\t\t<span class=\"elementor-accordion-icon-opened\"><i class=\"fas fa-minus\"><\/i><\/span>\n\t\t\t\t\t\t\t\t\t\t\t\t\t\t<\/span>\n\t\t\t\t\t\t\t\t\t\t\t\t<a class=\"elementor-accordion-title\" tabindex=\"0\">NUM\u00c9ROS UTILES :<\/a>\n\t\t\t\t\t<\/div>\n\t\t\t\t\t<div id=\"elementor-tab-content-1603\" class=\"elementor-tab-content elementor-clearfix\" data-tab=\"3\" role=\"region\" aria-labelledby=\"elementor-tab-title-1603\"><p><strong>CCI Vienne :<\/strong> <a href=\"https:\/\/www.poitiers.cci.fr\/\" target=\"_blank\" rel=\"noopener\">https:\/\/www.poitiers.cci.fr\/<\/a><br \/><strong>Initiative Vienne :<\/strong> <a href=\"https:\/\/www.initiative-vienne.fr\/\" target=\"_blank\" rel=\"noopener\">https:\/\/www.initiative-vienne.fr\/<\/a><br \/><strong>R\u00e9gion Nouvelle Aquitaine :<\/strong> <a href=\"https:\/\/www.adi-na.fr\/\" target=\"_blank\" rel=\"noopener\">https:\/\/www.adi-na.fr\/<\/a><br \/><strong>CMA :<\/strong> <a href=\"https:\/\/www.artisanat-nouvelle-aquitaine.fr\/La-CMA-Nouvelle-Aquitaine-Vienne_a51.html\" target=\"_blank\" rel=\"noopener\">https:\/\/www.artisan<\/a><\/p><p><a href=\"https:\/\/www.artisanat-nouvelle-aquitaine.fr\/La-CMA-Nouvelle-Aquitaine-Vienne_a51.html\" target=\"_blank\" rel=\"noopener\">at-nouvelle-aquitaine.fr\/La-CMA-Nouvelle-Aquitaine-Vienne_a51.html<\/a><br \/><strong>Chambre d\u2019Agriculture 86 :<\/strong> <a href=\"https:\/\/vienne.chambre-agriculture.fr\/\" target=\"_blank\" rel=\"noopener\">https:\/\/vienne.chambre-agriculture.fr\/<\/a><br \/><br \/><strong>CCHP :<\/strong> Se rapprocher du Service Economie<br \/>T\u00e9l. : <a href=\"tel:0549519307\">05 49 51 93 07<\/a><br \/>Courriel : <a href=\"mailto:contact@cc-hautpoitou.fr\">contact@cc-hautpoitou.fr<\/a><\/p><\/div>\n\t\t\t\t<\/div>\n\t\t\t\t\t\t\t<div class=\"elementor-accordion-item\">\n\t\t\t\t\t<div id=\"elementor-tab-title-1604\" class=\"elementor-tab-title\" data-tab=\"4\" role=\"button\" aria-controls=\"elementor-tab-content-1604\" aria-expanded=\"false\">\n\t\t\t\t\t\t\t\t\t\t\t\t\t<span class=\"elementor-accordion-icon elementor-accordion-icon-left\" aria-hidden=\"true\">\n\t\t\t\t\t\t\t\t\t\t\t\t\t\t\t<span class=\"elementor-accordion-icon-closed\"><i class=\"fas fa-plus\"><\/i><\/span>\n\t\t\t\t\t\t\t\t<span class=\"elementor-accordion-icon-opened\"><i class=\"fas fa-minus\"><\/i><\/span>\n\t\t\t\t\t\t\t\t\t\t\t\t\t\t<\/span>\n\t\t\t\t\t\t\t\t\t\t\t\t<a class=\"elementor-accordion-title\" tabindex=\"0\">LOCAL COMMERCIAL \u00c0 VENDRE\/ \u00c0 LOUER<\/a>\n\t\t\t\t\t<\/div>\n\t\t\t\t\t<div id=\"elementor-tab-content-1604\" class=\"elementor-tab-content elementor-clearfix\" data-tab=\"4\" role=\"region\" aria-labelledby=\"elementor-tab-title-1604\"><p>Local \u00e0 usage commercial \u00e0 louer comprenant :<\/p><ul><li>au rez-de-chauss\u00e9e : boutique, WC et kitchenette.<\/li><li>\u00e0 l&rsquo;\u00e9tage : une pi\u00e8ce et des rangements.<\/li><\/ul><div id='gallery-1' class='gallery galleryid-3576 gallery-columns-3 gallery-size-thumbnail'><figure class='gallery-item'>\n\t\t\t<div class='gallery-icon landscape'>\n\t\t\t\t<a href='https:\/\/vouille86.fr\/mairie\/p1020840\/'><img decoding=\"async\" width=\"150\" height=\"150\" src=\"https:\/\/vouille86.fr\/mairie\/wp-content\/uploads\/2022\/12\/P1020840-150x150.jpg\" class=\"attachment-thumbnail size-thumbnail\" alt=\"\" \/><\/a>\n\t\t\t<\/div><\/figure><figure class='gallery-item'>\n\t\t\t<div class='gallery-icon landscape'>\n\t\t\t\t<a href='https:\/\/vouille86.fr\/mairie\/p1020841\/'><img decoding=\"async\" width=\"150\" height=\"150\" src=\"https:\/\/vouille86.fr\/mairie\/wp-content\/uploads\/2022\/12\/P1020841-150x150.jpg\" class=\"attachment-thumbnail size-thumbnail\" alt=\"\" \/><\/a>\n\t\t\t<\/div><\/figure><figure class='gallery-item'>\n\t\t\t<div class='gallery-icon portrait'>\n\t\t\t\t<a href='https:\/\/vouille86.fr\/mairie\/p1020844\/'><img decoding=\"async\" width=\"150\" height=\"150\" src=\"https:\/\/vouille86.fr\/mairie\/wp-content\/uploads\/2022\/12\/P1020844-150x150.jpg\" class=\"attachment-thumbnail size-thumbnail\" alt=\"\" \/><\/a>\n\t\t\t<\/div><\/figure><figure class='gallery-item'>\n\t\t\t<div class='gallery-icon landscape'>\n\t\t\t\t<a href='https:\/\/vouille86.fr\/mairie\/p1020849\/'><img loading=\"lazy\" decoding=\"async\" width=\"150\" height=\"150\" src=\"https:\/\/vouille86.fr\/mairie\/wp-content\/uploads\/2022\/12\/P1020849-150x150.jpg\" class=\"attachment-thumbnail size-thumbnail\" alt=\"\" \/><\/a>\n\t\t\t<\/div><\/figure><figure class='gallery-item'>\n\t\t\t<div class='gallery-icon landscape'>\n\t\t\t\t<a href='https:\/\/vouille86.fr\/mairie\/p1020851\/'><img loading=\"lazy\" decoding=\"async\" width=\"150\" height=\"150\" src=\"https:\/\/vouille86.fr\/mairie\/wp-content\/uploads\/2022\/12\/P1020851-150x150.jpg\" class=\"attachment-thumbnail size-thumbnail\" alt=\"\" \/><\/a>\n\t\t\t<\/div><\/figure>\n\t\t<\/div>\n<hr \/><p>\u00a0<\/p><p>Annonce 1A :<\/p><p>Centre bourg de Vouill\u00e9 (86190) place de l\u2019\u00e9glise, Village \u00e9tape,<br \/>Loue local commercial : Pizza \u00e0 emporter\/Restauration sur place.<\/p><p>Tout \u00e9quip\u00e9 : Four \u00e0 bois, chambre froide n\u00e9gative et positive, table inox, plonge, lave-<br \/>vaisselle, poste \u00e0 pizzas marbre et tour r\u00e9frig\u00e9r\u00e9, comptoir et meuble, vaisselles&#8230;.<\/p><p>Droit d\u2019entr\u00e9e : 20 000 \u20ac<br \/>Loyer 770 \u20ac ht\/ mois<br \/>Bail neuf<br \/>Pour plus de renseignements contact t\u00e9l\u00e9phonique 06-03-89-90-55 Mr Dominique YENGO<\/p><\/div>\n\t\t\t\t<\/div>\n\t\t\t\t\t\t\t<div class=\"elementor-accordion-item\">\n\t\t\t\t\t<div id=\"elementor-tab-title-1605\" class=\"elementor-tab-title\" data-tab=\"5\" role=\"button\" aria-controls=\"elementor-tab-content-1605\" aria-expanded=\"false\">\n\t\t\t\t\t\t\t\t\t\t\t\t\t<span class=\"elementor-accordion-icon elementor-accordion-icon-left\" aria-hidden=\"true\">\n\t\t\t\t\t\t\t\t\t\t\t\t\t\t\t<span class=\"elementor-accordion-icon-closed\"><i class=\"fas fa-plus\"><\/i><\/span>\n\t\t\t\t\t\t\t\t<span class=\"elementor-accordion-icon-opened\"><i class=\"fas fa-minus\"><\/i><\/span>\n\t\t\t\t\t\t\t\t\t\t\t\t\t\t<\/span>\n\t\t\t\t\t\t\t\t\t\t\t\t<a class=\"elementor-accordion-title\" tabindex=\"0\">ACCESSIBILIT\u00c9<\/a>\n\t\t\t\t\t<\/div>\n\t\t\t\t\t<div id=\"elementor-tab-content-1605\" class=\"elementor-tab-content elementor-clearfix\" data-tab=\"5\" role=\"region\" aria-labelledby=\"elementor-tab-title-1605\"><p><strong>Les \u00e9tablissements ouverts au public (magasin, bureau, h\u00f4tel, autres) doivent \u00eatre accessibles aux personnes handicap\u00e9es. <\/strong><\/p><p>Les \u00e9tablissements recevant du public (ERP) non conformes aux r\u00e8gles d&rsquo;accessibilit\u00e9 doivent d\u00e9poser des demandes d&rsquo;autorisation de travaux ou de permis de construire de mise en conformit\u00e9 totale.<\/p><p>Cette obligation fait suite \u00e0 la fin du dispositif d&rsquo;Agenda d&rsquo;Accessibilit\u00e9 Programm\u00e9e (Ad&rsquo;AP) le 31 mars 2019.<br \/><a href=\"https:\/\/entreprendre.service-public.fr\/vosdroits\/F32873\" target=\"_blank\" rel=\"noopener\">https:\/\/entreprendre.service-public.fr\/vosdroits\/F32873<\/a><\/p><\/div>\n\t\t\t\t<\/div>\n\t\t\t\t\t\t\t<div class=\"elementor-accordion-item\">\n\t\t\t\t\t<div id=\"elementor-tab-title-1606\" class=\"elementor-tab-title\" data-tab=\"6\" role=\"button\" aria-controls=\"elementor-tab-content-1606\" aria-expanded=\"false\">\n\t\t\t\t\t\t\t\t\t\t\t\t\t<span class=\"elementor-accordion-icon elementor-accordion-icon-left\" aria-hidden=\"true\">\n\t\t\t\t\t\t\t\t\t\t\t\t\t\t\t<span class=\"elementor-accordion-icon-closed\"><i class=\"fas fa-plus\"><\/i><\/span>\n\t\t\t\t\t\t\t\t<span class=\"elementor-accordion-icon-opened\"><i class=\"fas fa-minus\"><\/i><\/span>\n\t\t\t\t\t\t\t\t\t\t\t\t\t\t<\/span>\n\t\t\t\t\t\t\t\t\t\t\t\t<a class=\"elementor-accordion-title\" tabindex=\"0\">PORTAIL DU SERVICE PUBLIC (Entreprise)<\/a>\n\t\t\t\t\t<\/div>\n\t\t\t\t\t<div id=\"elementor-tab-content-1606\" class=\"elementor-tab-content elementor-clearfix\" data-tab=\"6\" role=\"region\" aria-labelledby=\"elementor-tab-title-1606\">\t\t<div id=\"comarquage\" class=\"comarquage espace-pro\">\n\t\t\t<div class=\"co-alert co-alert-error\" role=\"alert\">Impossible de trouver la fiche : R10562.xml<\/div>\t\t<\/div>\n\t\t<\/div>\n\t\t\t\t<\/div>\n\t\t\t\t\t\t\t\t<\/div>\n\t\t\t\t\t\t<\/div>\n\t\t\t\t<\/div>\n\t\t\t\t<div class=\"elementor-element elementor-element-cd6695c elementor-share-buttons--view-icon elementor-share-buttons--skin-minimal elementor-share-buttons--color-custom elementor-share-buttons--shape-square elementor-grid-0 elementor-widget elementor-widget-global elementor-global-2201 elementor-widget-share-buttons\" data-id=\"cd6695c\" data-element_type=\"widget\" data-e-type=\"widget\" data-widget_type=\"share-buttons.default\">\n\t\t\t\t<div class=\"elementor-widget-container\">\n\t\t\t\t\t\t\t<div class=\"elementor-grid\" role=\"list\">\n\t\t\t\t\t\t\t\t<div class=\"elementor-grid-item\" role=\"listitem\">\n\t\t\t\t\t\t<div class=\"elementor-share-btn elementor-share-btn_facebook\" role=\"button\" tabindex=\"0\" aria-label=\"Partager sur facebook\">\n\t\t\t\t\t\t\t\t\t\t\t\t\t\t\t<span class=\"elementor-share-btn__icon\">\n\t\t\t\t\t\t\t\t<i class=\"fab fa-facebook\" aria-hidden=\"true\"><\/i>\t\t\t\t\t\t\t<\/span>\n\t\t\t\t\t\t\t\t\t\t\t\t\t\t\t\t\t\t\t\t<\/div>\n\t\t\t\t\t<\/div>\n\t\t\t\t\t\t\t\t\t<div class=\"elementor-grid-item\" role=\"listitem\">\n\t\t\t\t\t\t<div class=\"elementor-share-btn elementor-share-btn_twitter\" role=\"button\" tabindex=\"0\" aria-label=\"Partager sur twitter\">\n\t\t\t\t\t\t\t\t\t\t\t\t\t\t\t<span class=\"elementor-share-btn__icon\">\n\t\t\t\t\t\t\t\t<i class=\"fab fa-twitter\" aria-hidden=\"true\"><\/i>\t\t\t\t\t\t\t<\/span>\n\t\t\t\t\t\t\t\t\t\t\t\t\t\t\t\t\t\t\t\t<\/div>\n\t\t\t\t\t<\/div>\n\t\t\t\t\t\t\t\t\t<div class=\"elementor-grid-item\" role=\"listitem\">\n\t\t\t\t\t\t<div class=\"elementor-share-btn elementor-share-btn_whatsapp\" role=\"button\" tabindex=\"0\" aria-label=\"Partager sur whatsapp\">\n\t\t\t\t\t\t\t\t\t\t\t\t\t\t\t<span class=\"elementor-share-btn__icon\">\n\t\t\t\t\t\t\t\t<i class=\"fab fa-whatsapp\" aria-hidden=\"true\"><\/i>\t\t\t\t\t\t\t<\/span>\n\t\t\t\t\t\t\t\t\t\t\t\t\t\t\t\t\t\t\t\t<\/div>\n\t\t\t\t\t<\/div>\n\t\t\t\t\t\t\t\t\t<div class=\"elementor-grid-item\" role=\"listitem\">\n\t\t\t\t\t\t<div class=\"elementor-share-btn elementor-share-btn_email\" role=\"button\" tabindex=\"0\" aria-label=\"Partager sur email\">\n\t\t\t\t\t\t\t\t\t\t\t\t\t\t\t<span class=\"elementor-share-btn__icon\">\n\t\t\t\t\t\t\t\t<i class=\"fas fa-envelope\" aria-hidden=\"true\"><\/i>\t\t\t\t\t\t\t<\/span>\n\t\t\t\t\t\t\t\t\t\t\t\t\t\t\t\t\t\t\t\t<\/div>\n\t\t\t\t\t<\/div>\n\t\t\t\t\t\t<\/div>\n\t\t\t\t\t\t<\/div>\n\t\t\t\t<\/div>\n\t\t\t\t\t<\/div>\n\t\t<\/div>\n\t\t\t\t\t<\/div>\n\t\t<\/section>\n\t\t\t\t<\/div>\n\t\t","protected":false},"excerpt":{"rendered":"<p>OCCUPATION DU DOMAINE PUBLIC Pour toute demande d\u2019occupation du domaine public (travaux, terrasse\u2026), merci d\u2019adresser votre demande aupr\u00e8s du service urbanisme par m\u00e9l \u00e0 urbanisme@vouille86.fr ou par voie postale \u00e0 la mairie. ENTREPRENDRE S\u2019installer : Vous venez de vous installer sur la commune ? Signalez-vous aupr\u00e8s du service communication de la mairie pour \u00eatre r\u00e9f\u00e9renc\u00e9&#8230;<\/p>\n","protected":false},"author":1,"featured_media":0,"parent":0,"menu_order":0,"comment_status":"closed","ping_status":"closed","template":"","meta":{"_acf_changed":false,"footnotes":""},"class_list":["post-3576","page","type-page","status-publish","hentry"],"acf":[],"_links":{"self":[{"href":"https:\/\/vouille86.fr\/mairie\/wp-json\/wp\/v2\/pages\/3576","targetHints":{"allow":["GET"]}}],"collection":[{"href":"https:\/\/vouille86.fr\/mairie\/wp-json\/wp\/v2\/pages"}],"about":[{"href":"https:\/\/vouille86.fr\/mairie\/wp-json\/wp\/v2\/types\/page"}],"author":[{"embeddable":true,"href":"https:\/\/vouille86.fr\/mairie\/wp-json\/wp\/v2\/users\/1"}],"replies":[{"embeddable":true,"href":"https:\/\/vouille86.fr\/mairie\/wp-json\/wp\/v2\/comments?post=3576"}],"version-history":[{"count":25,"href":"https:\/\/vouille86.fr\/mairie\/wp-json\/wp\/v2\/pages\/3576\/revisions"}],"predecessor-version":[{"id":9040,"href":"https:\/\/vouille86.fr\/mairie\/wp-json\/wp\/v2\/pages\/3576\/revisions\/9040"}],"wp:attachment":[{"href":"https:\/\/vouille86.fr\/mairie\/wp-json\/wp\/v2\/media?parent=3576"}],"curies":[{"name":"wp","href":"https:\/\/api.w.org\/{rel}","templated":true}]}}