{"id":3502,"date":"2022-03-28T14:28:52","date_gmt":"2022-03-28T12:28:52","guid":{"rendered":"https:\/\/vouille86.fr\/mairie\/?page_id=3502"},"modified":"2025-10-28T17:23:50","modified_gmt":"2025-10-28T16:23:50","slug":"deplacements","status":"publish","type":"page","link":"https:\/\/vouille86.fr\/mairie\/deplacements\/","title":{"rendered":"D\u00e9placements"},"content":{"rendered":"\t\t<div data-elementor-type=\"wp-page\" data-elementor-id=\"3502\" class=\"elementor elementor-3502\" data-elementor-post-type=\"page\">\n\t\t\t\t\t\t<section class=\"elementor-section elementor-top-section elementor-element elementor-element-26bd95ac elementor-section-boxed elementor-section-height-default elementor-section-height-default\" data-id=\"26bd95ac\" data-element_type=\"section\" data-e-type=\"section\">\n\t\t\t\t\t\t<div class=\"elementor-container elementor-column-gap-default\">\n\t\t\t\t\t<div class=\"elementor-column elementor-col-100 elementor-top-column elementor-element elementor-element-6b35f04\" data-id=\"6b35f04\" data-element_type=\"column\" data-e-type=\"column\">\n\t\t\t<div class=\"elementor-widget-wrap elementor-element-populated\">\n\t\t\t\t\t\t<div class=\"elementor-element elementor-element-7cc47706 ariana elementor-widget elementor-widget-global elementor-global-2096 elementor-widget-shortcode\" data-id=\"7cc47706\" data-element_type=\"widget\" data-e-type=\"widget\" data-widget_type=\"shortcode.default\">\n\t\t\t\t<div class=\"elementor-widget-container\">\n\t\t\t\t\t<ul id=\"crumbs\"><li><a href=\"https:\/\/vouille86.fr\/mairie\">Accueil<\/a><\/li><\/ul>\t\t<div class=\"elementor-shortcode\"><\/div>\n\t\t\t\t\t\t<\/div>\n\t\t\t\t<\/div>\n\t\t\t\t\t<\/div>\n\t\t<\/div>\n\t\t\t\t\t<\/div>\n\t\t<\/section>\n\t\t\t\t<section class=\"elementor-section elementor-top-section elementor-element elementor-element-773a55cf elementor-section-boxed elementor-section-height-default elementor-section-height-default\" data-id=\"773a55cf\" data-element_type=\"section\" data-e-type=\"section\">\n\t\t\t\t\t\t<div class=\"elementor-container elementor-column-gap-default\">\n\t\t\t\t\t<div class=\"elementor-column elementor-col-100 elementor-top-column elementor-element elementor-element-51266b3e\" data-id=\"51266b3e\" data-element_type=\"column\" data-e-type=\"column\">\n\t\t\t<div class=\"elementor-widget-wrap elementor-element-populated\">\n\t\t\t\t\t\t<div class=\"elementor-element elementor-element-39dac705 elementor-widget elementor-widget-heading\" data-id=\"39dac705\" data-element_type=\"widget\" data-e-type=\"widget\" data-widget_type=\"heading.default\">\n\t\t\t\t<div class=\"elementor-widget-container\">\n\t\t\t\t\t<h2 class=\"elementor-heading-title elementor-size-default\">D\u00e9placements<\/h2>\t\t\t\t<\/div>\n\t\t\t\t<\/div>\n\t\t\t\t<div class=\"elementor-element elementor-element-1a7f68d4 elementor-widget elementor-widget-accordion\" data-id=\"1a7f68d4\" data-element_type=\"widget\" data-e-type=\"widget\" data-widget_type=\"accordion.default\">\n\t\t\t\t<div class=\"elementor-widget-container\">\n\t\t\t\t\t\t\t<div class=\"elementor-accordion\">\n\t\t\t\t\t\t\t<div class=\"elementor-accordion-item\">\n\t\t\t\t\t<div id=\"elementor-tab-title-4441\" class=\"elementor-tab-title\" data-tab=\"1\" role=\"button\" aria-controls=\"elementor-tab-content-4441\" aria-expanded=\"false\">\n\t\t\t\t\t\t\t\t\t\t\t\t\t<span class=\"elementor-accordion-icon elementor-accordion-icon-left\" aria-hidden=\"true\">\n\t\t\t\t\t\t\t\t\t\t\t\t\t\t\t<span class=\"elementor-accordion-icon-closed\"><i class=\"fas fa-plus\"><\/i><\/span>\n\t\t\t\t\t\t\t\t<span class=\"elementor-accordion-icon-opened\"><i class=\"fas fa-minus\"><\/i><\/span>\n\t\t\t\t\t\t\t\t\t\t\t\t\t\t<\/span>\n\t\t\t\t\t\t\t\t\t\t\t\t<a class=\"elementor-accordion-title\" tabindex=\"0\">ZONE BLEUE PLACE DE L'EGLISE<\/a>\n\t\t\t\t\t<\/div>\n\t\t\t\t\t<div id=\"elementor-tab-content-4441\" class=\"elementor-tab-content elementor-clearfix\" data-tab=\"1\" role=\"region\" aria-labelledby=\"elementor-tab-title-4441\"><p><img fetchpriority=\"high\" decoding=\"async\" class=\"alignnone size-full wp-image-4265\" src=\"https:\/\/vouille86.fr\/mairie\/wp-content\/uploads\/2022\/03\/Quartier-Centre-zone-bleue.jpg\" alt=\"\" width=\"1510\" height=\"1158\" srcset=\"https:\/\/vouille86.fr\/mairie\/wp-content\/uploads\/2022\/03\/Quartier-Centre-zone-bleue.jpg 1510w, https:\/\/vouille86.fr\/mairie\/wp-content\/uploads\/2022\/03\/Quartier-Centre-zone-bleue-300x230.jpg 300w, https:\/\/vouille86.fr\/mairie\/wp-content\/uploads\/2022\/03\/Quartier-Centre-zone-bleue-1024x785.jpg 1024w, https:\/\/vouille86.fr\/mairie\/wp-content\/uploads\/2022\/03\/Quartier-Centre-zone-bleue-768x589.jpg 768w\" sizes=\"(max-width: 1510px) 100vw, 1510px\" \/><\/p><p><b>D\u00e8s votre arriv\u00e9e sur une place<\/b> de stationnement en zone bleue, <b>indiquez pr\u00e9cis\u00e9ment sur votre disque, l\u2019heure de votre arriv\u00e9e<\/b>.\u00a0 Vous pouvez vous en procurer aupr\u00e8s de vos soci\u00e9t\u00e9s d\u2019assurances ou des magasins sp\u00e9cialis\u00e9s.<\/p><p>Le disque doit \u00eatre appos\u00e9 de mani\u00e8re visible sur la face interne du pare-brise, ou \u00e0 d\u00e9faut, sur la partie avant de votre v\u00e9hicule.<\/p><p>Vous <strong>disposez ainsi de deux heures de stationnement gratuit<\/strong> pour faire vos courses, aller chez le coiffeur ou encore vous rendre en mairie pour vos d\u00e9marches administratives !<\/p><\/div>\n\t\t\t\t<\/div>\n\t\t\t\t\t\t\t<div class=\"elementor-accordion-item\">\n\t\t\t\t\t<div id=\"elementor-tab-title-4442\" class=\"elementor-tab-title\" data-tab=\"2\" role=\"button\" aria-controls=\"elementor-tab-content-4442\" aria-expanded=\"false\">\n\t\t\t\t\t\t\t\t\t\t\t\t\t<span class=\"elementor-accordion-icon elementor-accordion-icon-left\" aria-hidden=\"true\">\n\t\t\t\t\t\t\t\t\t\t\t\t\t\t\t<span class=\"elementor-accordion-icon-closed\"><i class=\"fas fa-plus\"><\/i><\/span>\n\t\t\t\t\t\t\t\t<span class=\"elementor-accordion-icon-opened\"><i class=\"fas fa-minus\"><\/i><\/span>\n\t\t\t\t\t\t\t\t\t\t\t\t\t\t<\/span>\n\t\t\t\t\t\t\t\t\t\t\t\t<a class=\"elementor-accordion-title\" tabindex=\"0\">MOBILIT\u00c9 SUR LE HAUT-POITOU<\/a>\n\t\t\t\t\t<\/div>\n\t\t\t\t\t<div id=\"elementor-tab-content-4442\" class=\"elementor-tab-content elementor-clearfix\" data-tab=\"2\" role=\"region\" aria-labelledby=\"elementor-tab-title-4442\"><p>La mobilit\u00e9 est un enjeu central pour le territoire du Haut-Poitou afin de permettre \u00e0 tous de se d\u00e9placer, tout en proposant des alternatives \u00e0 l\u2019usage de la voiture individuelle. Pour plus d&rsquo;informations rendez-vous sur le site internet de la Communaut\u00e9 de Communes.<\/p><p><blockquote class=\"wp-embedded-content\" data-secret=\"FcWHEqpSxt\"><a href=\"https:\/\/cc-hautpoitou.fr\/amenagement-territoire\/developpement-durable\/mobilite-3-2\/\">Mobilit\u00e9<\/a><\/blockquote><iframe class=\"wp-embedded-content\" sandbox=\"allow-scripts\" security=\"restricted\" style=\"position: absolute; visibility: hidden;\" title=\"\u00ab\u00a0Mobilit\u00e9\u00a0\u00bb &#8212; CC du Haut Poitou\" src=\"https:\/\/cc-hautpoitou.fr\/amenagement-territoire\/developpement-durable\/mobilite-3-2\/embed\/#?secret=9iLUSAHwpC#?secret=FcWHEqpSxt\" data-secret=\"FcWHEqpSxt\" width=\"600\" height=\"338\" frameborder=\"0\" marginwidth=\"0\" marginheight=\"0\" scrolling=\"no\"><\/iframe><\/p><\/div>\n\t\t\t\t<\/div>\n\t\t\t\t\t\t\t<div class=\"elementor-accordion-item\">\n\t\t\t\t\t<div id=\"elementor-tab-title-4443\" class=\"elementor-tab-title\" data-tab=\"3\" role=\"button\" aria-controls=\"elementor-tab-content-4443\" aria-expanded=\"false\">\n\t\t\t\t\t\t\t\t\t\t\t\t\t<span class=\"elementor-accordion-icon elementor-accordion-icon-left\" aria-hidden=\"true\">\n\t\t\t\t\t\t\t\t\t\t\t\t\t\t\t<span class=\"elementor-accordion-icon-closed\"><i class=\"fas fa-plus\"><\/i><\/span>\n\t\t\t\t\t\t\t\t<span class=\"elementor-accordion-icon-opened\"><i class=\"fas fa-minus\"><\/i><\/span>\n\t\t\t\t\t\t\t\t\t\t\t\t\t\t<\/span>\n\t\t\t\t\t\t\t\t\t\t\t\t<a class=\"elementor-accordion-title\" tabindex=\"0\">COVOITURAGE<\/a>\n\t\t\t\t\t<\/div>\n\t\t\t\t\t<div id=\"elementor-tab-content-4443\" class=\"elementor-tab-content elementor-clearfix\" data-tab=\"3\" role=\"region\" aria-labelledby=\"elementor-tab-title-4443\">Le covoiturage permet de partager un seul v\u00e9hicule avec plusieurs passagers pour un m\u00eame trajet. C\u2019est une solution \u00e9conomique et conviviale qui s\u00e9duit de plus en plus d\u2019habitants.\n\n<strong>25 aires de covoiturage sont r\u00e9parties sur les communes du Haut-Poitou. <\/strong>\n\nL\u2019<strong>aire d\u2019\u00e9changes multimodale de Vouill\u00e9, situ\u00e9e sur la Zone d\u2019Activit\u00e9s \u00c9conomiques (ZAE) de Beauregard, propose une offre de services compl\u00e8te<\/strong> : desserte de plusieurs lignes de cars, 10 parkings v\u00e9los (box gratuit) et 4 bornes de recharge pour v\u00e9hicules \u00e9lectriques (2 bornes normales et 2 bornes acc\u00e9l\u00e9r\u00e9es de l\u2019op\u00e9rateur Sor\u00e9gies mobilit\u00e9).\n\nConnaissez-vous \u00abCovoit Modalis\u00bb ?\nC\u2019est l\u2019application de covoiturage sans commission cr\u00e9\u00e9e par la R\u00e9gion Nouvelle-Aquitaine ! Vous travaillez sur la ZAE de Beauregard ? Rejoignez la communaut\u00e9 \u00ab\u00a0Covoiturage Zone d&rsquo;Activit\u00e9s \u00c9conomiques de Beauregard \/ Vouill\u00e9\u00bb ! <\/div>\n\t\t\t\t<\/div>\n\t\t\t\t\t\t\t<div class=\"elementor-accordion-item\">\n\t\t\t\t\t<div id=\"elementor-tab-title-4444\" class=\"elementor-tab-title\" data-tab=\"4\" role=\"button\" aria-controls=\"elementor-tab-content-4444\" aria-expanded=\"false\">\n\t\t\t\t\t\t\t\t\t\t\t\t\t<span class=\"elementor-accordion-icon elementor-accordion-icon-left\" aria-hidden=\"true\">\n\t\t\t\t\t\t\t\t\t\t\t\t\t\t\t<span class=\"elementor-accordion-icon-closed\"><i class=\"fas fa-plus\"><\/i><\/span>\n\t\t\t\t\t\t\t\t<span class=\"elementor-accordion-icon-opened\"><i class=\"fas fa-minus\"><\/i><\/span>\n\t\t\t\t\t\t\t\t\t\t\t\t\t\t<\/span>\n\t\t\t\t\t\t\t\t\t\t\t\t<a class=\"elementor-accordion-title\" tabindex=\"0\">CARS<\/a>\n\t\t\t\t\t<\/div>\n\t\t\t\t\t<div id=\"elementor-tab-content-4444\" class=\"elementor-tab-content elementor-clearfix\" data-tab=\"4\" role=\"region\" aria-labelledby=\"elementor-tab-title-4444\"><p>La commune est desservie quotidiennement par plusieurs lignes de transports collectifs toute l\u2019ann\u00e9e : scolaires, r\u00e9gionales et interr\u00e9gionales. Seul.e, en couple, entre amis ou en famille, montez \u00e0 bord des cars r\u00e9gionaux et laissez-vous porter vers vos destinations pr\u00e9f\u00e9r\u00e9es. C\u2019est \u00e9conomique, \u00e9cologique\u2026 et surtout zen !<\/p><p>Ligne 100 : Nantes &gt; Cholet &gt; Vouill\u00e9 &gt; Poitiers<br \/>(exemple : d\u00e9part \u00e0 Vouill\u00e9 le samedi \u00e0 8h30 pour une arriv\u00e9e \u00e0 Nantes \u00e0 11h40).<\/p><p>Ligne 113 : Chalandray &gt; Latill\u00e9 &gt; Vouill\u00e9 &gt; Poitiers<br \/>(exemple : d\u00e9part \u00e0 Vouill\u00e9 le lundi \u00e0 7h46 pour une arriv\u00e9e \u00e0 Poitiers (gare) \u00e0 8h25).<\/p><p>Retrouvez les horaires sur <a href=\"https:\/\/transports.nouvelle-aquitaine.fr\/\" target=\"_blank\" rel=\"noopener\">https:\/\/transports.nouvelle-aquitaine.fr\/<\/a><\/p><p>Comment acheter votre billet ?<br \/>Directement \u00e0 bord des cars des lignes r\u00e9gionales en Vienne ou en version d\u00e9mat\u00e9rialis\u00e9e via l\u2019application Modalis, simple et pratique ! Par exemple, un ticket aller-retour co\u00fbte 4,50 \u20ac (tarif plein pour une journ\u00e9e). Les voyageurs r\u00e9guliers peuvent b\u00e9n\u00e9ficier de tarifs r\u00e9duits.<\/p><\/div>\n\t\t\t\t<\/div>\n\t\t\t\t\t\t\t<div class=\"elementor-accordion-item\">\n\t\t\t\t\t<div id=\"elementor-tab-title-4445\" class=\"elementor-tab-title\" data-tab=\"5\" role=\"button\" aria-controls=\"elementor-tab-content-4445\" aria-expanded=\"false\">\n\t\t\t\t\t\t\t\t\t\t\t\t\t<span class=\"elementor-accordion-icon elementor-accordion-icon-left\" aria-hidden=\"true\">\n\t\t\t\t\t\t\t\t\t\t\t\t\t\t\t<span class=\"elementor-accordion-icon-closed\"><i class=\"fas fa-plus\"><\/i><\/span>\n\t\t\t\t\t\t\t\t<span class=\"elementor-accordion-icon-opened\"><i class=\"fas fa-minus\"><\/i><\/span>\n\t\t\t\t\t\t\t\t\t\t\t\t\t\t<\/span>\n\t\t\t\t\t\t\t\t\t\t\t\t<a class=\"elementor-accordion-title\" tabindex=\"0\">TRANSPORT SOLIDAIRE<\/a>\n\t\t\t\t\t<\/div>\n\t\t\t\t\t<div id=\"elementor-tab-content-4445\" class=\"elementor-tab-content elementor-clearfix\" data-tab=\"5\" role=\"region\" aria-labelledby=\"elementor-tab-title-4445\">Pour les personnes rencontrant temporairement ou d\u00e9finitivement des difficult\u00e9s de transport (impossibilit\u00e9 d\u2019utiliser les transports en commun ou un v\u00e9hicule\u2026), le transport solidaire est un dispositif d\u2019entraide citoyenne compl\u00e9mentaire. Aujourd\u2019hui, cette initiative port\u00e9e par le CCAS de la mairie de Vouill\u00e9 et le CIF-SP, regroupe 2 chauffeurs b\u00e9n\u00e9voles et 22 b\u00e9n\u00e9ficiaires \u00e0 Vouill\u00e9. Les b\u00e9n\u00e9voles sont indemnis\u00e9s de leurs frais de d\u00e9placement. \n\nPour plus de renseignements, contactez le 05 49 37 07 78.  <\/div>\n\t\t\t\t<\/div>\n\t\t\t\t\t\t\t<div class=\"elementor-accordion-item\">\n\t\t\t\t\t<div id=\"elementor-tab-title-4446\" class=\"elementor-tab-title\" data-tab=\"6\" role=\"button\" aria-controls=\"elementor-tab-content-4446\" aria-expanded=\"false\">\n\t\t\t\t\t\t\t\t\t\t\t\t\t<span class=\"elementor-accordion-icon elementor-accordion-icon-left\" aria-hidden=\"true\">\n\t\t\t\t\t\t\t\t\t\t\t\t\t\t\t<span class=\"elementor-accordion-icon-closed\"><i class=\"fas fa-plus\"><\/i><\/span>\n\t\t\t\t\t\t\t\t<span class=\"elementor-accordion-icon-opened\"><i class=\"fas fa-minus\"><\/i><\/span>\n\t\t\t\t\t\t\t\t\t\t\t\t\t\t<\/span>\n\t\t\t\t\t\t\t\t\t\t\t\t<a class=\"elementor-accordion-title\" tabindex=\"0\">BORNES DE RECHARGE POUR VEHICULES ELECTRIQUES<\/a>\n\t\t\t\t\t<\/div>\n\t\t\t\t\t<div id=\"elementor-tab-content-4446\" class=\"elementor-tab-content elementor-clearfix\" data-tab=\"6\" role=\"region\" aria-labelledby=\"elementor-tab-title-4446\"><p>Sur l&rsquo;aire multimodale de la zone de Beauregard, <strong>4 bornes de recharge<\/strong> sont pr\u00e9sentes : 2 bornes normales + 2 bornes acc\u00e9l\u00e9r\u00e9es \/ Bornes de l\u2019op\u00e9rateur Sor\u00e9gies mobilit\u00e9 \/ tarification selon la puissance (normal, acc\u00e9l\u00e9r\u00e9e, rapide ou ultra rapide) de la borne \/ cr\u00e9ation d\u2019un badge pour le paiement\u00a0\u00a0 \/ pour trouver sa borne et les renseignements sur la tarification : <a href=\"https:\/\/www.soregies.fr\/offre-mobilite-electrique\/\" target=\"_blank\" rel=\"noopener\" data-saferedirecturl=\"https:\/\/www.google.com\/url?q=https:\/\/www.soregies.fr\/offre-mobilite-electrique\/&amp;source=gmail&amp;ust=1761754658913000&amp;usg=AOvVaw1XEelaibOqVB3gP169rpiQ\">https:\/\/www.soregies.fr\/offre-<wbr \/>mobilite-electrique\/<\/a><\/p><p>En centre bourg,<strong> 2 bornes de recharge de l&rsquo;op\u00e9rateur Sor\u00e9gies mobilit\u00e9<\/strong>\u00a0sont \u00e9galement disponibles place Fran\u00e7ois Albert.<\/p><\/div>\n\t\t\t\t<\/div>\n\t\t\t\t\t\t\t\t<\/div>\n\t\t\t\t\t\t<\/div>\n\t\t\t\t<\/div>\n\t\t\t\t<div class=\"elementor-element elementor-element-610f691c elementor-share-buttons--view-icon elementor-share-buttons--skin-minimal elementor-share-buttons--color-custom elementor-share-buttons--shape-square elementor-grid-0 elementor-widget elementor-widget-global elementor-global-2201 elementor-widget-share-buttons\" data-id=\"610f691c\" data-element_type=\"widget\" data-e-type=\"widget\" data-widget_type=\"share-buttons.default\">\n\t\t\t\t<div class=\"elementor-widget-container\">\n\t\t\t\t\t\t\t<div class=\"elementor-grid\" role=\"list\">\n\t\t\t\t\t\t\t\t<div class=\"elementor-grid-item\" role=\"listitem\">\n\t\t\t\t\t\t<div class=\"elementor-share-btn elementor-share-btn_facebook\" role=\"button\" tabindex=\"0\" aria-label=\"Partager sur facebook\">\n\t\t\t\t\t\t\t\t\t\t\t\t\t\t\t<span class=\"elementor-share-btn__icon\">\n\t\t\t\t\t\t\t\t<i class=\"fab fa-facebook\" aria-hidden=\"true\"><\/i>\t\t\t\t\t\t\t<\/span>\n\t\t\t\t\t\t\t\t\t\t\t\t\t\t\t\t\t\t\t\t<\/div>\n\t\t\t\t\t<\/div>\n\t\t\t\t\t\t\t\t\t<div class=\"elementor-grid-item\" role=\"listitem\">\n\t\t\t\t\t\t<div class=\"elementor-share-btn elementor-share-btn_twitter\" role=\"button\" tabindex=\"0\" aria-label=\"Partager sur twitter\">\n\t\t\t\t\t\t\t\t\t\t\t\t\t\t\t<span class=\"elementor-share-btn__icon\">\n\t\t\t\t\t\t\t\t<i class=\"fab fa-twitter\" aria-hidden=\"true\"><\/i>\t\t\t\t\t\t\t<\/span>\n\t\t\t\t\t\t\t\t\t\t\t\t\t\t\t\t\t\t\t\t<\/div>\n\t\t\t\t\t<\/div>\n\t\t\t\t\t\t\t\t\t<div class=\"elementor-grid-item\" role=\"listitem\">\n\t\t\t\t\t\t<div class=\"elementor-share-btn elementor-share-btn_whatsapp\" role=\"button\" tabindex=\"0\" aria-label=\"Partager sur whatsapp\">\n\t\t\t\t\t\t\t\t\t\t\t\t\t\t\t<span class=\"elementor-share-btn__icon\">\n\t\t\t\t\t\t\t\t<i class=\"fab fa-whatsapp\" aria-hidden=\"true\"><\/i>\t\t\t\t\t\t\t<\/span>\n\t\t\t\t\t\t\t\t\t\t\t\t\t\t\t\t\t\t\t\t<\/div>\n\t\t\t\t\t<\/div>\n\t\t\t\t\t\t\t\t\t<div class=\"elementor-grid-item\" role=\"listitem\">\n\t\t\t\t\t\t<div class=\"elementor-share-btn elementor-share-btn_email\" role=\"button\" tabindex=\"0\" aria-label=\"Partager sur email\">\n\t\t\t\t\t\t\t\t\t\t\t\t\t\t\t<span class=\"elementor-share-btn__icon\">\n\t\t\t\t\t\t\t\t<i class=\"fas fa-envelope\" aria-hidden=\"true\"><\/i>\t\t\t\t\t\t\t<\/span>\n\t\t\t\t\t\t\t\t\t\t\t\t\t\t\t\t\t\t\t\t<\/div>\n\t\t\t\t\t<\/div>\n\t\t\t\t\t\t<\/div>\n\t\t\t\t\t\t<\/div>\n\t\t\t\t<\/div>\n\t\t\t\t\t<\/div>\n\t\t<\/div>\n\t\t\t\t\t<\/div>\n\t\t<\/section>\n\t\t\t\t<\/div>\n\t\t","protected":false},"excerpt":{"rendered":"<p>ZONE BLEUE PLACE DE L&rsquo;EGLISE D\u00e8s votre arriv\u00e9e sur une place de stationnement en zone bleue, indiquez pr\u00e9cis\u00e9ment sur votre disque, l\u2019heure de votre arriv\u00e9e.\u00a0 Vous pouvez vous en procurer aupr\u00e8s de vos soci\u00e9t\u00e9s d\u2019assurances ou des magasins sp\u00e9cialis\u00e9s. Le disque doit \u00eatre appos\u00e9 de mani\u00e8re visible sur la face interne du pare-brise, ou \u00e0&#8230;<\/p>\n","protected":false},"author":1,"featured_media":0,"parent":0,"menu_order":0,"comment_status":"closed","ping_status":"closed","template":"","meta":{"_acf_changed":false,"footnotes":""},"class_list":["post-3502","page","type-page","status-publish","hentry"],"acf":[],"_links":{"self":[{"href":"https:\/\/vouille86.fr\/mairie\/wp-json\/wp\/v2\/pages\/3502","targetHints":{"allow":["GET"]}}],"collection":[{"href":"https:\/\/vouille86.fr\/mairie\/wp-json\/wp\/v2\/pages"}],"about":[{"href":"https:\/\/vouille86.fr\/mairie\/wp-json\/wp\/v2\/types\/page"}],"author":[{"embeddable":true,"href":"https:\/\/vouille86.fr\/mairie\/wp-json\/wp\/v2\/users\/1"}],"replies":[{"embeddable":true,"href":"https:\/\/vouille86.fr\/mairie\/wp-json\/wp\/v2\/comments?post=3502"}],"version-history":[{"count":57,"href":"https:\/\/vouille86.fr\/mairie\/wp-json\/wp\/v2\/pages\/3502\/revisions"}],"predecessor-version":[{"id":13652,"href":"https:\/\/vouille86.fr\/mairie\/wp-json\/wp\/v2\/pages\/3502\/revisions\/13652"}],"wp:attachment":[{"href":"https:\/\/vouille86.fr\/mairie\/wp-json\/wp\/v2\/media?parent=3502"}],"curies":[{"name":"wp","href":"https:\/\/api.w.org\/{rel}","templated":true}]}}