{"id":3486,"date":"2022-03-28T14:19:33","date_gmt":"2022-03-28T12:19:33","guid":{"rendered":"https:\/\/vouille86.fr\/mairie\/?page_id=3486"},"modified":"2026-03-13T09:15:28","modified_gmt":"2026-03-13T08:15:28","slug":"cadre-de-vie","status":"publish","type":"page","link":"https:\/\/vouille86.fr\/mairie\/cadre-de-vie\/","title":{"rendered":"Cadre de vie"},"content":{"rendered":"\t\t<div data-elementor-type=\"wp-page\" data-elementor-id=\"3486\" class=\"elementor elementor-3486\" data-elementor-post-type=\"page\">\n\t\t\t\t\t\t<section class=\"elementor-section elementor-top-section elementor-element elementor-element-3d0d62b0 elementor-section-boxed elementor-section-height-default elementor-section-height-default\" data-id=\"3d0d62b0\" data-element_type=\"section\" data-e-type=\"section\">\n\t\t\t\t\t\t<div class=\"elementor-container elementor-column-gap-default\">\n\t\t\t\t\t<div class=\"elementor-column elementor-col-100 elementor-top-column elementor-element elementor-element-5ae57755\" data-id=\"5ae57755\" data-element_type=\"column\" data-e-type=\"column\">\n\t\t\t<div class=\"elementor-widget-wrap elementor-element-populated\">\n\t\t\t\t\t\t<div class=\"elementor-element elementor-element-2bd323d6 ariana elementor-widget elementor-widget-global elementor-global-2096 elementor-widget-shortcode\" data-id=\"2bd323d6\" data-element_type=\"widget\" data-e-type=\"widget\" data-widget_type=\"shortcode.default\">\n\t\t\t\t<div class=\"elementor-widget-container\">\n\t\t\t\t\t<ul id=\"crumbs\"><li><a href=\"https:\/\/vouille86.fr\/mairie\">Accueil<\/a><\/li><\/ul>\t\t<div class=\"elementor-shortcode\"><\/div>\n\t\t\t\t\t\t<\/div>\n\t\t\t\t<\/div>\n\t\t\t\t\t<\/div>\n\t\t<\/div>\n\t\t\t\t\t<\/div>\n\t\t<\/section>\n\t\t\t\t<section class=\"elementor-section elementor-top-section elementor-element elementor-element-28213d93 elementor-section-boxed elementor-section-height-default elementor-section-height-default\" data-id=\"28213d93\" data-element_type=\"section\" data-e-type=\"section\">\n\t\t\t\t\t\t<div class=\"elementor-container elementor-column-gap-default\">\n\t\t\t\t\t<div class=\"elementor-column elementor-col-100 elementor-top-column elementor-element elementor-element-580aad59\" data-id=\"580aad59\" data-element_type=\"column\" data-e-type=\"column\">\n\t\t\t<div class=\"elementor-widget-wrap elementor-element-populated\">\n\t\t\t\t\t\t<div class=\"elementor-element elementor-element-31f4dd55 elementor-widget elementor-widget-heading\" data-id=\"31f4dd55\" data-element_type=\"widget\" data-e-type=\"widget\" data-widget_type=\"heading.default\">\n\t\t\t\t<div class=\"elementor-widget-container\">\n\t\t\t\t\t<h2 class=\"elementor-heading-title elementor-size-default\">Cadre de vie<\/h2>\t\t\t\t<\/div>\n\t\t\t\t<\/div>\n\t\t\t\t<div class=\"elementor-element elementor-element-107a6ffd elementor-widget elementor-widget-accordion\" data-id=\"107a6ffd\" data-element_type=\"widget\" data-e-type=\"widget\" data-widget_type=\"accordion.default\">\n\t\t\t\t<div class=\"elementor-widget-container\">\n\t\t\t\t\t\t\t<div class=\"elementor-accordion\">\n\t\t\t\t\t\t\t<div class=\"elementor-accordion-item\">\n\t\t\t\t\t<div id=\"elementor-tab-title-2761\" class=\"elementor-tab-title\" data-tab=\"1\" role=\"button\" aria-controls=\"elementor-tab-content-2761\" aria-expanded=\"false\">\n\t\t\t\t\t\t\t\t\t\t\t\t\t<span class=\"elementor-accordion-icon elementor-accordion-icon-left\" aria-hidden=\"true\">\n\t\t\t\t\t\t\t\t\t\t\t\t\t\t\t<span class=\"elementor-accordion-icon-closed\"><i class=\"fas fa-plus\"><\/i><\/span>\n\t\t\t\t\t\t\t\t<span class=\"elementor-accordion-icon-opened\"><i class=\"fas fa-minus\"><\/i><\/span>\n\t\t\t\t\t\t\t\t\t\t\t\t\t\t<\/span>\n\t\t\t\t\t\t\t\t\t\t\t\t<a class=\"elementor-accordion-title\" tabindex=\"0\">VOISINAGE<\/a>\n\t\t\t\t\t<\/div>\n\t\t\t\t\t<div id=\"elementor-tab-content-2761\" class=\"elementor-tab-content elementor-clearfix\" data-tab=\"1\" role=\"region\" aria-labelledby=\"elementor-tab-title-2761\"><div><p class=\"Paragraphestandard\">Les activit\u00e9s de bricolage ou de jardinage r\u00e9alis\u00e9es par des particuliers \u00e0 l\u2019aide d\u2019outils ou d\u2019appareils susceptibles de causer une g\u00eane pour le voisinage, ne sont autoris\u00e9es qu\u2019aux horaires suivants :<\/p><ul><li class=\"Paragraphestandard\"><strong>du lundi au vendredi<\/strong> de 8h30 \u00e0 12h et de 13h30 \u00e0 19h<\/li><li class=\"Paragraphestandard\"><strong>samedi<\/strong> de 9h \u00e0 12h\u00a0 et de 14h \u00e0 18h,<\/li><\/ul><\/div><div><ul><li class=\"Paragraphestandard\"><strong>dimanche et jours f\u00e9ri\u00e9s<\/strong> de 10h \u00e0 12h.<\/li><\/ul><p><a href=\"https:\/\/vouille86.fr\/mairie\/wp-content\/uploads\/2022\/04\/Bruits-de-Voisinage-AP-2021-005.pdf\">Arr\u00eat\u00e9 Relatif \u00e0 la lutte contre les bruits de voisinage<\/a><\/p><\/div><\/div>\n\t\t\t\t<\/div>\n\t\t\t\t\t\t\t<div class=\"elementor-accordion-item\">\n\t\t\t\t\t<div id=\"elementor-tab-title-2762\" class=\"elementor-tab-title\" data-tab=\"2\" role=\"button\" aria-controls=\"elementor-tab-content-2762\" aria-expanded=\"false\">\n\t\t\t\t\t\t\t\t\t\t\t\t\t<span class=\"elementor-accordion-icon elementor-accordion-icon-left\" aria-hidden=\"true\">\n\t\t\t\t\t\t\t\t\t\t\t\t\t\t\t<span class=\"elementor-accordion-icon-closed\"><i class=\"fas fa-plus\"><\/i><\/span>\n\t\t\t\t\t\t\t\t<span class=\"elementor-accordion-icon-opened\"><i class=\"fas fa-minus\"><\/i><\/span>\n\t\t\t\t\t\t\t\t\t\t\t\t\t\t<\/span>\n\t\t\t\t\t\t\t\t\t\t\t\t<a class=\"elementor-accordion-title\" tabindex=\"0\">CONCILIATEUR DE JUSTICE<\/a>\n\t\t\t\t\t<\/div>\n\t\t\t\t\t<div id=\"elementor-tab-content-2762\" class=\"elementor-tab-content elementor-clearfix\" data-tab=\"2\" role=\"region\" aria-labelledby=\"elementor-tab-title-2762\"><p><strong>Voisinage : comment r\u00e9gler les conflits \u00e0 l\u2019amiable ?<\/strong><br \/>Ces troubles peuvent \u00eatre de nature diverse : atteinte \u00e0 la propri\u00e9t\u00e9, nuisance sonore, visuelle, olfactive&#8230; Des d\u00e9marches simples peuvent dans certains cas permettre de r\u00e9soudre ces conflits de mani\u00e8re sereine. Pour tenter de parvenir \u00e0 un accord amiable, vous pouvez entamer une discussion ou adresser un courrier pour pr\u00e9venir vos voisins des troubles occasionn\u00e9s. Bien souvent la personne n\u2019est pas consciente des nuisances qu\u2019elle occasionne ! Si vous n\u2019arrivez pas \u00e0 r\u00e9gler le probl\u00e8me directement et si la discussion s\u2019av\u00e8re difficile voire impossible, vous avez la possibilit\u00e9 de faire appel \u00e0 un conciliateur de justice. Cette proc\u00e9dure enti\u00e8rement gratuite et rapide garantit un \u00e9change libre entre les parties au conflit. Un conciliateur de justice tient une permanence le 1er lundi du mois de 09h00 \u00e0 12h00 avec ou sans rendez-vous \u00e0 la mairie. Pour prendre RDV contactez le par m\u00e9l \u00e0<\/p><p><a href=\"mailto:claude.auriault@conciliateurdejustice.fr\" target=\"_blank\" rel=\"noopener\">claude.auriault@conciliateurdejustice.fr<\/a><\/p><\/div>\n\t\t\t\t<\/div>\n\t\t\t\t\t\t\t<div class=\"elementor-accordion-item\">\n\t\t\t\t\t<div id=\"elementor-tab-title-2763\" class=\"elementor-tab-title\" data-tab=\"3\" role=\"button\" aria-controls=\"elementor-tab-content-2763\" aria-expanded=\"false\">\n\t\t\t\t\t\t\t\t\t\t\t\t\t<span class=\"elementor-accordion-icon elementor-accordion-icon-left\" aria-hidden=\"true\">\n\t\t\t\t\t\t\t\t\t\t\t\t\t\t\t<span class=\"elementor-accordion-icon-closed\"><i class=\"fas fa-plus\"><\/i><\/span>\n\t\t\t\t\t\t\t\t<span class=\"elementor-accordion-icon-opened\"><i class=\"fas fa-minus\"><\/i><\/span>\n\t\t\t\t\t\t\t\t\t\t\t\t\t\t<\/span>\n\t\t\t\t\t\t\t\t\t\t\t\t<a class=\"elementor-accordion-title\" tabindex=\"0\">ANIMAUX<\/a>\n\t\t\t\t\t<\/div>\n\t\t\t\t\t<div id=\"elementor-tab-content-2763\" class=\"elementor-tab-content elementor-clearfix\" data-tab=\"3\" role=\"region\" aria-labelledby=\"elementor-tab-title-2763\"><p><span style=\"text-decoration: underline;\"><strong>D\u00e9jection canine :<\/strong><\/span><br \/>La Commune met gratuitement \u00e0 la disposition des propri\u00e9taires de chiens des sacs \u00e0 d\u00e9jection \u00e0 l\u2019entr\u00e9e de certains espaces verts.<br \/>Un geste simple pour pr\u00e9server le cadre de vie des habitants.<\/p><p>Sachez que tout propri\u00e9taire de chien surpris laissant la d\u00e9jection de son animal sur l\u2019espace public pourra \u00eatre sanctionn\u00e9. Le ramassage des d\u00e9jections de votre animal est obligatoire.<\/p><p>Ce qu\u2019il faut savoir avant d\u2019acqu\u00e9rir ou d\u2019offrir un animal de compagnie :<br \/><a href=\"https:\/\/agriculture.gouv.fr\/ce-quil-faut-savoir-avant-dacquerir-ou-doffrir-un-animal-de-compagnie\" target=\"_blank\" rel=\"noopener\">https:\/\/agriculture.gouv.fr\/ce-quil-faut-savoir-avant-dacquerir-ou-doffrir-un-animal-de-compagnie<\/a><\/p><p><span style=\"text-decoration: underline;\"><strong>Nuisances et bruits par animaux :<\/strong><\/span><br \/>Le propri\u00e9taire peut-il \u00eatre d\u00e9clar\u00e9 responsable des dommages caus\u00e9s par son animal ?<br \/>En vertu de l&rsquo;article 1385 du code civil, que l&rsquo;animal soit sous sa garde ou se soit \u00e9gar\u00e9 ou \u00e9chapp\u00e9, le propri\u00e9taire est responsable du ou des dommages caus\u00e9s par l&rsquo;animal. Ainsi si un chien brise sa laisse et cause la chute d&rsquo;un enfant, le propri\u00e9taire peut \u00eatre d\u00e9clar\u00e9 responsable. Il en est de m\u00eame si l&rsquo;animal cause des d\u00e9gradations aux cl\u00f4tures voisines. Mais il est d\u00e9charg\u00e9 de sa responsabilit\u00e9 si l&rsquo;animal se trouve, lors de la survenance des dommages, sous la garde d&rsquo;une autre personne (v\u00e9t\u00e9rinaire).<\/p><p>Il est possible de s&rsquo;assurer contre les risques caus\u00e9s par un animal domestique (assurance responsabilit\u00e9 civile).<\/p><p><span style=\"text-decoration: underline;\">Les aboiements d&rsquo;un chien<\/span>, s&rsquo;ils sont excessifs (par exemple la nuit et le jour), peuvent \u00eatre consid\u00e9r\u00e9s comme des troubles anormaux de voisinage et le propri\u00e9taire du chien peut \u00eatre d\u00e9clar\u00e9 responsable des troubles caus\u00e9s. <br \/>Pour faire cesser ce trouble adressez-vous :<\/p><ul><li>\u00e0 la Mairie de votre domicile,<\/li><li>au Commissariat de Police<\/li><li>\u00e0 la Gendarmerie, dont vous d\u00e9pendez.<\/li><\/ul><p><a href=\"https:\/\/www.interieur.gouv.fr\/A-votre-service\/Ma-securite\/Conseils-pratiques\/A-votre-domicile\/Nuisances-sonores\" target=\"_blank\" rel=\"noopener\">https:\/\/www.interieur.gouv.fr\/A-votre-service\/Ma-securite\/Conseils-pratiques\/A-votre-domicile\/Nuisances-sonores<\/a><\/p><p><a href=\"https:\/\/vouille86.fr\/mairie\/wp-content\/uploads\/2022\/04\/Bruits-de-Voisinage-AP-2021-005.pdf\">Arr\u00eat\u00e9 Relatif \u00e0 la lutte contre les bruits de voisinage<\/a><\/p><p><span style=\"text-decoration: underline;\">Fourri\u00e8re animale<\/span><br \/>Tout animal errant pris en charge sur le territoire est emmen\u00e9 par les services comp\u00e9tents et agr\u00e9\u00e9s. Plus d\u2019informations aupr\u00e8s de la mairie.<\/p><p style=\"font-weight: 400;\"><strong>Article 99.6 Animaux du R\u00e8glement Sanitaire D\u00e9partemental de la Vienne :<\/strong><\/p><p style=\"font-weight: 400;\">\u00ab\u00a0Il est interdit de laisser vaquer les animaux domestiques dans les rues, sur les places et autres points de la voie publique ainsi que dans les halles et march\u00e9s.<\/p><p style=\"font-weight: 400;\">Il est interdit d\u2019abandonner des animaux sur la voie publique ainsi que dans les parcs ou jardins.<\/p><p style=\"font-weight: 400;\">Les chiens ne peuvent circuler sur la voie publique en zone urbaine que lorsqu\u2019ils sont tenus en laisse.<\/p><p style=\"font-weight: 400;\">Il est formellement interdit de laisser p\u00e9n\u00e9trer ou s\u00e9journer sur les terrains de port et d\u2019\u00e9ducation physique tous animaux domestiques ou de basse-cour quels qu\u2019ils soient ainsi que tous animaux de cirque ou de m\u00e9nagerie. (&#8230;)\u00a0<\/p><p style=\"font-weight: 400;\">Les animaux (poules) doivent se situer en permanence sur votre terrain et ne pas vagabonder sur la voie publique, les terrains communaux ou chez votre voisin.<\/p><\/div>\n\t\t\t\t<\/div>\n\t\t\t\t\t\t\t\t<\/div>\n\t\t\t\t\t\t<\/div>\n\t\t\t\t<\/div>\n\t\t\t\t<div class=\"elementor-element elementor-element-5e09d7b2 elementor-share-buttons--view-icon elementor-share-buttons--skin-minimal elementor-share-buttons--color-custom elementor-share-buttons--shape-square elementor-grid-0 elementor-widget elementor-widget-global elementor-global-2201 elementor-widget-share-buttons\" data-id=\"5e09d7b2\" data-element_type=\"widget\" data-e-type=\"widget\" data-widget_type=\"share-buttons.default\">\n\t\t\t\t<div class=\"elementor-widget-container\">\n\t\t\t\t\t\t\t<div class=\"elementor-grid\" role=\"list\">\n\t\t\t\t\t\t\t\t<div class=\"elementor-grid-item\" role=\"listitem\">\n\t\t\t\t\t\t<div class=\"elementor-share-btn elementor-share-btn_facebook\" role=\"button\" tabindex=\"0\" aria-label=\"Partager sur facebook\">\n\t\t\t\t\t\t\t\t\t\t\t\t\t\t\t<span class=\"elementor-share-btn__icon\">\n\t\t\t\t\t\t\t\t<i class=\"fab fa-facebook\" aria-hidden=\"true\"><\/i>\t\t\t\t\t\t\t<\/span>\n\t\t\t\t\t\t\t\t\t\t\t\t\t\t\t\t\t\t\t\t<\/div>\n\t\t\t\t\t<\/div>\n\t\t\t\t\t\t\t\t\t<div class=\"elementor-grid-item\" role=\"listitem\">\n\t\t\t\t\t\t<div class=\"elementor-share-btn elementor-share-btn_twitter\" role=\"button\" tabindex=\"0\" aria-label=\"Partager sur twitter\">\n\t\t\t\t\t\t\t\t\t\t\t\t\t\t\t<span class=\"elementor-share-btn__icon\">\n\t\t\t\t\t\t\t\t<i class=\"fab fa-twitter\" aria-hidden=\"true\"><\/i>\t\t\t\t\t\t\t<\/span>\n\t\t\t\t\t\t\t\t\t\t\t\t\t\t\t\t\t\t\t\t<\/div>\n\t\t\t\t\t<\/div>\n\t\t\t\t\t\t\t\t\t<div class=\"elementor-grid-item\" role=\"listitem\">\n\t\t\t\t\t\t<div class=\"elementor-share-btn elementor-share-btn_whatsapp\" role=\"button\" tabindex=\"0\" aria-label=\"Partager sur whatsapp\">\n\t\t\t\t\t\t\t\t\t\t\t\t\t\t\t<span class=\"elementor-share-btn__icon\">\n\t\t\t\t\t\t\t\t<i class=\"fab fa-whatsapp\" aria-hidden=\"true\"><\/i>\t\t\t\t\t\t\t<\/span>\n\t\t\t\t\t\t\t\t\t\t\t\t\t\t\t\t\t\t\t\t<\/div>\n\t\t\t\t\t<\/div>\n\t\t\t\t\t\t\t\t\t<div class=\"elementor-grid-item\" role=\"listitem\">\n\t\t\t\t\t\t<div class=\"elementor-share-btn elementor-share-btn_email\" role=\"button\" tabindex=\"0\" aria-label=\"Partager sur email\">\n\t\t\t\t\t\t\t\t\t\t\t\t\t\t\t<span class=\"elementor-share-btn__icon\">\n\t\t\t\t\t\t\t\t<i class=\"fas fa-envelope\" aria-hidden=\"true\"><\/i>\t\t\t\t\t\t\t<\/span>\n\t\t\t\t\t\t\t\t\t\t\t\t\t\t\t\t\t\t\t\t<\/div>\n\t\t\t\t\t<\/div>\n\t\t\t\t\t\t<\/div>\n\t\t\t\t\t\t<\/div>\n\t\t\t\t<\/div>\n\t\t\t\t\t<\/div>\n\t\t<\/div>\n\t\t\t\t\t<\/div>\n\t\t<\/section>\n\t\t\t\t<\/div>\n\t\t","protected":false},"excerpt":{"rendered":"<p>VOISINAGE Les activit\u00e9s de bricolage ou de jardinage r\u00e9alis\u00e9es par des particuliers \u00e0 l\u2019aide d\u2019outils ou d\u2019appareils susceptibles de causer une g\u00eane pour le voisinage, ne sont autoris\u00e9es qu\u2019aux horaires suivants : du lundi au vendredi de 8h30 \u00e0 12h et de 13h30 \u00e0 19h samedi de 9h \u00e0 12h\u00a0 et de 14h \u00e0 18h,&#8230;<\/p>\n","protected":false},"author":1,"featured_media":0,"parent":0,"menu_order":0,"comment_status":"closed","ping_status":"closed","template":"","meta":{"_acf_changed":false,"footnotes":""},"class_list":["post-3486","page","type-page","status-publish","hentry"],"acf":[],"_links":{"self":[{"href":"https:\/\/vouille86.fr\/mairie\/wp-json\/wp\/v2\/pages\/3486","targetHints":{"allow":["GET"]}}],"collection":[{"href":"https:\/\/vouille86.fr\/mairie\/wp-json\/wp\/v2\/pages"}],"about":[{"href":"https:\/\/vouille86.fr\/mairie\/wp-json\/wp\/v2\/types\/page"}],"author":[{"embeddable":true,"href":"https:\/\/vouille86.fr\/mairie\/wp-json\/wp\/v2\/users\/1"}],"replies":[{"embeddable":true,"href":"https:\/\/vouille86.fr\/mairie\/wp-json\/wp\/v2\/comments?post=3486"}],"version-history":[{"count":54,"href":"https:\/\/vouille86.fr\/mairie\/wp-json\/wp\/v2\/pages\/3486\/revisions"}],"predecessor-version":[{"id":14201,"href":"https:\/\/vouille86.fr\/mairie\/wp-json\/wp\/v2\/pages\/3486\/revisions\/14201"}],"wp:attachment":[{"href":"https:\/\/vouille86.fr\/mairie\/wp-json\/wp\/v2\/media?parent=3486"}],"curies":[{"name":"wp","href":"https:\/\/api.w.org\/{rel}","templated":true}]}}