{"id":3469,"date":"2022-03-28T14:13:01","date_gmt":"2022-03-28T12:13:01","guid":{"rendered":"https:\/\/vouille86.fr\/mairie\/?page_id=3469"},"modified":"2025-07-03T15:43:52","modified_gmt":"2025-07-03T13:43:52","slug":"projets-en-cours","status":"publish","type":"page","link":"https:\/\/vouille86.fr\/mairie\/projets-en-cours\/","title":{"rendered":"Projets en cours"},"content":{"rendered":"\t\t<div data-elementor-type=\"wp-page\" data-elementor-id=\"3469\" class=\"elementor elementor-3469\" data-elementor-post-type=\"page\">\n\t\t\t\t\t\t<section class=\"elementor-section elementor-top-section elementor-element elementor-element-2cb7b651 elementor-section-boxed elementor-section-height-default elementor-section-height-default\" data-id=\"2cb7b651\" data-element_type=\"section\" data-e-type=\"section\">\n\t\t\t\t\t\t<div class=\"elementor-container elementor-column-gap-default\">\n\t\t\t\t\t<div class=\"elementor-column elementor-col-100 elementor-top-column elementor-element elementor-element-47fbb53d\" data-id=\"47fbb53d\" data-element_type=\"column\" data-e-type=\"column\">\n\t\t\t<div class=\"elementor-widget-wrap elementor-element-populated\">\n\t\t\t\t\t\t<div class=\"elementor-element elementor-element-7a7a4e7b ariana elementor-widget elementor-widget-global elementor-global-2096 elementor-widget-shortcode\" data-id=\"7a7a4e7b\" data-element_type=\"widget\" data-e-type=\"widget\" data-widget_type=\"shortcode.default\">\n\t\t\t\t<div class=\"elementor-widget-container\">\n\t\t\t\t\t<ul id=\"crumbs\"><li><a href=\"https:\/\/vouille86.fr\/mairie\">Accueil<\/a><\/li><\/ul>\t\t<div class=\"elementor-shortcode\"><\/div>\n\t\t\t\t\t\t<\/div>\n\t\t\t\t<\/div>\n\t\t\t\t\t<\/div>\n\t\t<\/div>\n\t\t\t\t\t<\/div>\n\t\t<\/section>\n\t\t\t\t<section class=\"elementor-section elementor-top-section elementor-element elementor-element-780d9bac elementor-section-boxed elementor-section-height-default elementor-section-height-default\" data-id=\"780d9bac\" data-element_type=\"section\" data-e-type=\"section\">\n\t\t\t\t\t\t<div class=\"elementor-container elementor-column-gap-default\">\n\t\t\t\t\t<div class=\"elementor-column elementor-col-100 elementor-top-column elementor-element elementor-element-42ffdb5e\" data-id=\"42ffdb5e\" data-element_type=\"column\" data-e-type=\"column\">\n\t\t\t<div class=\"elementor-widget-wrap elementor-element-populated\">\n\t\t\t\t\t\t<div class=\"elementor-element elementor-element-1f7af045 elementor-widget elementor-widget-heading\" data-id=\"1f7af045\" data-element_type=\"widget\" data-e-type=\"widget\" data-widget_type=\"heading.default\">\n\t\t\t\t<div class=\"elementor-widget-container\">\n\t\t\t\t\t<h2 class=\"elementor-heading-title elementor-size-default\">Projets en cours<\/h2>\t\t\t\t<\/div>\n\t\t\t\t<\/div>\n\t\t\t\t<div class=\"elementor-element elementor-element-73f2b833 elementor-widget elementor-widget-accordion\" data-id=\"73f2b833\" data-element_type=\"widget\" data-e-type=\"widget\" data-widget_type=\"accordion.default\">\n\t\t\t\t<div class=\"elementor-widget-container\">\n\t\t\t\t\t\t\t<div class=\"elementor-accordion\">\n\t\t\t\t\t\t\t<div class=\"elementor-accordion-item\">\n\t\t\t\t\t<div id=\"elementor-tab-title-1941\" class=\"elementor-tab-title\" data-tab=\"1\" role=\"button\" aria-controls=\"elementor-tab-content-1941\" aria-expanded=\"false\">\n\t\t\t\t\t\t\t\t\t\t\t\t\t<span class=\"elementor-accordion-icon elementor-accordion-icon-left\" aria-hidden=\"true\">\n\t\t\t\t\t\t\t\t\t\t\t\t\t\t\t<span class=\"elementor-accordion-icon-closed\"><i class=\"fas fa-plus\"><\/i><\/span>\n\t\t\t\t\t\t\t\t<span class=\"elementor-accordion-icon-opened\"><i class=\"fas fa-minus\"><\/i><\/span>\n\t\t\t\t\t\t\t\t\t\t\t\t\t\t<\/span>\n\t\t\t\t\t\t\t\t\t\t\t\t<a class=\"elementor-accordion-title\" tabindex=\"0\">LOTISSEMENT DU VERGER SAINT-HILAIRE<\/a>\n\t\t\t\t\t<\/div>\n\t\t\t\t\t<div id=\"elementor-tab-content-1941\" class=\"elementor-tab-content elementor-clearfix\" data-tab=\"1\" role=\"region\" aria-labelledby=\"elementor-tab-title-1941\"><p>Eric MARTIN, Maire de Vouill\u00e9 accompagn\u00e9 d\u2019\u00e9lus municipaux, a visit\u00e9 le chantier du lotissement du Verger Saint-Hilaire situ\u00e9 entre les routes de Lusignan et de Lavausseau, en pr\u00e9sence de Bruno BROQUERAULT, Gerant de l\u2019entreprise Euro-Family et de Pascal AVELINE, Directeur G\u00e9n\u00e9ral d\u2019Habitat de la Vienne.<\/p><p>Il s\u2019agit des travaux de la premi\u00e8re partie du lotissement du Verger Saint Hilaire, l\u2019autre partie \u00e9tant am\u00e9nag\u00e9e par la soci\u00e9t\u00e9 Poitou Terrains. Une trentaine de lots de 485 m\u00b2 \u00e0 688 m\u00b2 sont d\u00e8s \u00e0 pr\u00e9sent disponibles \u00e0 la vente aupr\u00e8s de la soci\u00e9t\u00e9 Les Loges Terrains. Un lot sera consacr\u00e9 \u00e0 la construction de 7 logements sociaux par Habitat de la Vienne. Les travaux de viabilisation auront lieu d\u00e9but 2021. Les premiers permis de construire devraient pouvoir \u00eatre d\u00e9pos\u00e9s d\u2019ici avril 2021.<\/p><p>Une nouvelle \u00e9tape dans le d\u00e9veloppement de la commune !<\/p><p><strong>Pour en savoir plus :<\/strong> <br \/>Les Loges Terrains<br \/>T\u00e9l.: <a href=\"tel:0549186113\">05 49 18 61 13<\/a><br \/>M\u00e9l : <a href=\"mailto:lesloges.terrains@claimo.fr\">lesloges.terrains@claimo.fr<\/a><br \/>Site internet (plan du lotissement, tarifs, fiche de r\u00e9servation\u2026) : <br \/><a href=\"https:\/\/www.les-loges-terrains.fr\/\u2026\/le-verger-saint-hilaire\/\" target=\"_blank\" rel=\"noopener\">https:\/\/www.les-loges-terrains.fr\/\u2026\/le-verger-saint-hilaire\/<\/a><\/p><p><img fetchpriority=\"high\" decoding=\"async\" class=\"alignnone size-full wp-image-3475\" src=\"https:\/\/vouille86.fr\/mairie\/wp-content\/uploads\/2022\/03\/Lotissement_Verger_Saint_hilaire.jpeg\" alt=\"\" width=\"1004\" height=\"753\" srcset=\"https:\/\/vouille86.fr\/mairie\/wp-content\/uploads\/2022\/03\/Lotissement_Verger_Saint_hilaire.jpeg 1004w, https:\/\/vouille86.fr\/mairie\/wp-content\/uploads\/2022\/03\/Lotissement_Verger_Saint_hilaire-300x225.jpeg 300w, https:\/\/vouille86.fr\/mairie\/wp-content\/uploads\/2022\/03\/Lotissement_Verger_Saint_hilaire-768x576.jpeg 768w\" sizes=\"(max-width: 1004px) 100vw, 1004px\" \/><\/p><\/div>\n\t\t\t\t<\/div>\n\t\t\t\t\t\t\t<div class=\"elementor-accordion-item\">\n\t\t\t\t\t<div id=\"elementor-tab-title-1942\" class=\"elementor-tab-title\" data-tab=\"2\" role=\"button\" aria-controls=\"elementor-tab-content-1942\" aria-expanded=\"false\">\n\t\t\t\t\t\t\t\t\t\t\t\t\t<span class=\"elementor-accordion-icon elementor-accordion-icon-left\" aria-hidden=\"true\">\n\t\t\t\t\t\t\t\t\t\t\t\t\t\t\t<span class=\"elementor-accordion-icon-closed\"><i class=\"fas fa-plus\"><\/i><\/span>\n\t\t\t\t\t\t\t\t<span class=\"elementor-accordion-icon-opened\"><i class=\"fas fa-minus\"><\/i><\/span>\n\t\t\t\t\t\t\t\t\t\t\t\t\t\t<\/span>\n\t\t\t\t\t\t\t\t\t\t\t\t<a class=\"elementor-accordion-title\" tabindex=\"0\">AM\u00c9NAGEMENT RUE DE BRAUNSBACH<\/a>\n\t\t\t\t\t<\/div>\n\t\t\t\t\t<div id=\"elementor-tab-content-1942\" class=\"elementor-tab-content elementor-clearfix\" data-tab=\"2\" role=\"region\" aria-labelledby=\"elementor-tab-title-1942\"><p>En raison des travaux de s\u00e9curisation et d&rsquo;am\u00e9nagement paysager, la circulation sera perturb\u00e9e rue de Braunsbach \u00e0 partir du lundi 07 juillet 2025.<\/p><p>Le chantier se d\u00e9roulera en deux phases\u00a0:<\/p><p><strong>Du 7 juillet au 29 ao\u00fbt :<\/strong> La circulation sera interdite entre la rue du Coquet et le giratoire devant la salle polyvalente.\u00a0 \u00a0Une d\u00e9viation sera mise en place par la rue du Coquet, la route de Latill\u00e9 et la rue de la Grand&rsquo;Maison. Il sera \u00e9galement interdit de circuler all\u00e9e Jean-Claude M\u00e9tais.<\/p><p style=\"font-weight: 400;\">L&rsquo;acc\u00e8s aux riverains sera maintenu. L&rsquo;acc\u00e8s \u00e0 la gendarmerie et au p\u00f4le sportif de Braunsbach sera maintenu par la partie basse de la rue. L&rsquo;acc\u00e8s au CLSH sera maintenu par l\u2019all\u00e9e Jean Claude M\u00e9tais\u00a0 (\u00e0 pied) avec un stationnement conseill\u00e9 sur le parking situ\u00e9 devant l\u2019\u00e9cole maternelle la Clef des Champs (rue du stade).<\/p><p><strong>Du 1<sup>er<\/sup>\u00a0septembre au 14 octobre environ<\/strong> : La circulation sera interdite\u00a0 entre le giratoire de la salle polyvalente et le carrefour de la rue de Braunsbach avec la rue de la Grand\u2019Maison<\/p><p style=\"font-weight: 400;\">L&rsquo;acc\u00e8s aux riverains sera maintenu. L&rsquo;acc\u00e8s \u00e0 la gendarmerie, \u00e0 l\u2019\u00e9cole \u00e9l\u00e9mentaire du Petit Bois et au p\u00f4le sportif sera maintenu par le haut de la rue.<\/p><p style=\"font-weight: 400;\">Les p\u00e9riodes indiqu\u00e9es peuvent \u00e9voluer en fonction de l&rsquo;\u00e9volution du chantier.<\/p><p>Plus d&rsquo;informations en mairie.<\/p><p><a href=\"https:\/\/vouille86.fr\/mairie\/wp-content\/uploads\/2025\/07\/Travaux-rue-de-Braunsbach-1.png\"><img decoding=\"async\" class=\"alignleft wp-image-13171 size-medium\" src=\"https:\/\/vouille86.fr\/mairie\/wp-content\/uploads\/2025\/07\/Travaux-rue-de-Braunsbach-1-300x251.png\" alt=\"\" width=\"300\" height=\"251\" srcset=\"https:\/\/vouille86.fr\/mairie\/wp-content\/uploads\/2025\/07\/Travaux-rue-de-Braunsbach-1-300x251.png 300w, https:\/\/vouille86.fr\/mairie\/wp-content\/uploads\/2025\/07\/Travaux-rue-de-Braunsbach-1-768x644.png 768w, https:\/\/vouille86.fr\/mairie\/wp-content\/uploads\/2025\/07\/Travaux-rue-de-Braunsbach-1.png 940w\" sizes=\"(max-width: 300px) 100vw, 300px\" \/><\/a><\/p><\/div>\n\t\t\t\t<\/div>\n\t\t\t\t\t\t\t\t<\/div>\n\t\t\t\t\t\t<\/div>\n\t\t\t\t<\/div>\n\t\t\t\t<div class=\"elementor-element elementor-element-6a525706 elementor-share-buttons--view-icon elementor-share-buttons--skin-minimal elementor-share-buttons--color-custom elementor-share-buttons--shape-square elementor-grid-0 elementor-widget elementor-widget-global elementor-global-2201 elementor-widget-share-buttons\" data-id=\"6a525706\" data-element_type=\"widget\" data-e-type=\"widget\" data-widget_type=\"share-buttons.default\">\n\t\t\t\t<div class=\"elementor-widget-container\">\n\t\t\t\t\t\t\t<div class=\"elementor-grid\" role=\"list\">\n\t\t\t\t\t\t\t\t<div class=\"elementor-grid-item\" role=\"listitem\">\n\t\t\t\t\t\t<div class=\"elementor-share-btn elementor-share-btn_facebook\" role=\"button\" tabindex=\"0\" aria-label=\"Partager sur facebook\">\n\t\t\t\t\t\t\t\t\t\t\t\t\t\t\t<span class=\"elementor-share-btn__icon\">\n\t\t\t\t\t\t\t\t<i class=\"fab fa-facebook\" aria-hidden=\"true\"><\/i>\t\t\t\t\t\t\t<\/span>\n\t\t\t\t\t\t\t\t\t\t\t\t\t\t\t\t\t\t\t\t<\/div>\n\t\t\t\t\t<\/div>\n\t\t\t\t\t\t\t\t\t<div class=\"elementor-grid-item\" role=\"listitem\">\n\t\t\t\t\t\t<div class=\"elementor-share-btn elementor-share-btn_twitter\" role=\"button\" tabindex=\"0\" aria-label=\"Partager sur twitter\">\n\t\t\t\t\t\t\t\t\t\t\t\t\t\t\t<span class=\"elementor-share-btn__icon\">\n\t\t\t\t\t\t\t\t<i class=\"fab fa-twitter\" aria-hidden=\"true\"><\/i>\t\t\t\t\t\t\t<\/span>\n\t\t\t\t\t\t\t\t\t\t\t\t\t\t\t\t\t\t\t\t<\/div>\n\t\t\t\t\t<\/div>\n\t\t\t\t\t\t\t\t\t<div class=\"elementor-grid-item\" role=\"listitem\">\n\t\t\t\t\t\t<div class=\"elementor-share-btn elementor-share-btn_whatsapp\" role=\"button\" tabindex=\"0\" aria-label=\"Partager sur whatsapp\">\n\t\t\t\t\t\t\t\t\t\t\t\t\t\t\t<span class=\"elementor-share-btn__icon\">\n\t\t\t\t\t\t\t\t<i class=\"fab fa-whatsapp\" aria-hidden=\"true\"><\/i>\t\t\t\t\t\t\t<\/span>\n\t\t\t\t\t\t\t\t\t\t\t\t\t\t\t\t\t\t\t\t<\/div>\n\t\t\t\t\t<\/div>\n\t\t\t\t\t\t\t\t\t<div class=\"elementor-grid-item\" role=\"listitem\">\n\t\t\t\t\t\t<div class=\"elementor-share-btn elementor-share-btn_email\" role=\"button\" tabindex=\"0\" aria-label=\"Partager sur email\">\n\t\t\t\t\t\t\t\t\t\t\t\t\t\t\t<span class=\"elementor-share-btn__icon\">\n\t\t\t\t\t\t\t\t<i class=\"fas fa-envelope\" aria-hidden=\"true\"><\/i>\t\t\t\t\t\t\t<\/span>\n\t\t\t\t\t\t\t\t\t\t\t\t\t\t\t\t\t\t\t\t<\/div>\n\t\t\t\t\t<\/div>\n\t\t\t\t\t\t<\/div>\n\t\t\t\t\t\t<\/div>\n\t\t\t\t<\/div>\n\t\t\t\t\t<\/div>\n\t\t<\/div>\n\t\t\t\t\t<\/div>\n\t\t<\/section>\n\t\t\t\t<\/div>\n\t\t","protected":false},"excerpt":{"rendered":"<p>LOTISSEMENT DU VERGER SAINT-HILAIRE Eric MARTIN, Maire de Vouill\u00e9 accompagn\u00e9 d\u2019\u00e9lus municipaux, a visit\u00e9 le chantier du lotissement du Verger Saint-Hilaire situ\u00e9 entre les routes de Lusignan et de Lavausseau, en pr\u00e9sence de Bruno BROQUERAULT, Gerant de l\u2019entreprise Euro-Family et de Pascal AVELINE, Directeur G\u00e9n\u00e9ral d\u2019Habitat de la Vienne. Il s\u2019agit des travaux de la&#8230;<\/p>\n","protected":false},"author":1,"featured_media":0,"parent":0,"menu_order":0,"comment_status":"closed","ping_status":"closed","template":"","meta":{"_acf_changed":false,"footnotes":""},"class_list":["post-3469","page","type-page","status-publish","hentry"],"acf":[],"_links":{"self":[{"href":"https:\/\/vouille86.fr\/mairie\/wp-json\/wp\/v2\/pages\/3469","targetHints":{"allow":["GET"]}}],"collection":[{"href":"https:\/\/vouille86.fr\/mairie\/wp-json\/wp\/v2\/pages"}],"about":[{"href":"https:\/\/vouille86.fr\/mairie\/wp-json\/wp\/v2\/types\/page"}],"author":[{"embeddable":true,"href":"https:\/\/vouille86.fr\/mairie\/wp-json\/wp\/v2\/users\/1"}],"replies":[{"embeddable":true,"href":"https:\/\/vouille86.fr\/mairie\/wp-json\/wp\/v2\/comments?post=3469"}],"version-history":[{"count":34,"href":"https:\/\/vouille86.fr\/mairie\/wp-json\/wp\/v2\/pages\/3469\/revisions"}],"predecessor-version":[{"id":13174,"href":"https:\/\/vouille86.fr\/mairie\/wp-json\/wp\/v2\/pages\/3469\/revisions\/13174"}],"wp:attachment":[{"href":"https:\/\/vouille86.fr\/mairie\/wp-json\/wp\/v2\/media?parent=3469"}],"curies":[{"name":"wp","href":"https:\/\/api.w.org\/{rel}","templated":true}]}}