{"id":3442,"date":"2022-03-28T13:24:54","date_gmt":"2022-03-28T11:24:54","guid":{"rendered":"https:\/\/vouille86.fr\/mairie\/?page_id=3442"},"modified":"2023-05-30T15:16:18","modified_gmt":"2023-05-30T13:16:18","slug":"scot-seuil-du-poitou","status":"publish","type":"page","link":"https:\/\/vouille86.fr\/mairie\/scot-seuil-du-poitou\/","title":{"rendered":"SCOT Seuil-du-Poitou"},"content":{"rendered":"\t\t<div data-elementor-type=\"wp-page\" data-elementor-id=\"3442\" class=\"elementor elementor-3442\" data-elementor-post-type=\"page\">\n\t\t\t\t\t\t<section class=\"elementor-section elementor-top-section elementor-element elementor-element-18dc85b9 elementor-section-boxed elementor-section-height-default elementor-section-height-default\" data-id=\"18dc85b9\" data-element_type=\"section\" data-e-type=\"section\">\n\t\t\t\t\t\t<div class=\"elementor-container elementor-column-gap-default\">\n\t\t\t\t\t<div class=\"elementor-column elementor-col-100 elementor-top-column elementor-element elementor-element-6773c51b\" data-id=\"6773c51b\" data-element_type=\"column\" data-e-type=\"column\">\n\t\t\t<div class=\"elementor-widget-wrap elementor-element-populated\">\n\t\t\t\t\t\t<div class=\"elementor-element elementor-element-1aeaeeba ariana elementor-widget elementor-widget-global elementor-global-2096 elementor-widget-shortcode\" data-id=\"1aeaeeba\" data-element_type=\"widget\" data-e-type=\"widget\" data-widget_type=\"shortcode.default\">\n\t\t\t\t<div class=\"elementor-widget-container\">\n\t\t\t\t\t<ul id=\"crumbs\"><li><a href=\"https:\/\/vouille86.fr\/mairie\">Accueil<\/a><\/li><\/ul>\t\t<div class=\"elementor-shortcode\"><\/div>\n\t\t\t\t\t\t<\/div>\n\t\t\t\t<\/div>\n\t\t\t\t\t<\/div>\n\t\t<\/div>\n\t\t\t\t\t<\/div>\n\t\t<\/section>\n\t\t\t\t<section class=\"elementor-section elementor-top-section elementor-element elementor-element-2dccfe44 elementor-section-boxed elementor-section-height-default elementor-section-height-default\" data-id=\"2dccfe44\" data-element_type=\"section\" data-e-type=\"section\">\n\t\t\t\t\t\t<div class=\"elementor-container elementor-column-gap-default\">\n\t\t\t\t\t<div class=\"elementor-column elementor-col-100 elementor-top-column elementor-element elementor-element-4f061d1\" data-id=\"4f061d1\" data-element_type=\"column\" data-e-type=\"column\">\n\t\t\t<div class=\"elementor-widget-wrap elementor-element-populated\">\n\t\t\t\t\t\t<div class=\"elementor-element elementor-element-6614e014 elementor-widget elementor-widget-heading\" data-id=\"6614e014\" data-element_type=\"widget\" data-e-type=\"widget\" data-widget_type=\"heading.default\">\n\t\t\t\t<div class=\"elementor-widget-container\">\n\t\t\t\t\t<h2 class=\"elementor-heading-title elementor-size-default\">SCOT Seuil-du-Poitou<\/h2>\t\t\t\t<\/div>\n\t\t\t\t<\/div>\n\t\t\t\t<div class=\"elementor-element elementor-element-7cdefb71 elementor-widget elementor-widget-text-editor\" data-id=\"7cdefb71\" data-element_type=\"widget\" data-e-type=\"widget\" data-widget_type=\"text-editor.default\">\n\t\t\t\t<div class=\"elementor-widget-container\">\n\t\t\t\t\t\t\t\t\t<p><strong>Le Seuil du Poitou en route vers un territoire plus durable !<\/strong><\/p>\t\t\t\t\t\t\t\t<\/div>\n\t\t\t\t<\/div>\n\t\t\t\t<div class=\"elementor-element elementor-element-60c38fc elementor-widget elementor-widget-text-editor\" data-id=\"60c38fc\" data-element_type=\"widget\" data-e-type=\"widget\" data-widget_type=\"text-editor.default\">\n\t\t\t\t<div class=\"elementor-widget-container\">\n\t\t\t\t\t\t\t\t\t<p>Le territoire du Seuil du Poitou est dot\u00e9 d\u2019un SCOT (Sch\u00e9ma de coh\u00e9rence territoriale) depuis le 14 ao\u00fbt 2020. .Il d\u00e9finit 52 objectifs qui convergent principalement vers l\u2019att\u00e9nuation du changement climatique. Ce sujet qui, aujourd\u2019hui, ne laisse plus de glace (en atteste la Convention citoyenne pour le climat), implique de lutter sur tous les fronts en m\u00eame temps et de fa\u00e7on transversale afin d\u2019\u00e9viter que des mesures b\u00e9n\u00e9fiques pour la plan\u00e8te dans un domaine pr\u00e9cis n\u2019engendre d\u2019effets n\u00e9fastes dans un autre, \u00e0 l\u2019exemple de l\u2019usage intensif du num\u00e9rique : il permet de limiter les d\u00e9placements, mais consomme beaucoup d\u2019\u00e9nergie par ailleurs.<\/p><p>Cette globalisation des enjeux se retrouve dans le SCOT du Seuil du Poitou qui couvre 130 communes r\u00e9parties dans quatre intercommunalit\u00e9s (Grand Poitiers, Grand Ch\u00e2tellerault, Haut-Poitou, Vall\u00e9es du Clain). Ses objectifs visent l\u2019am\u00e9nagement coh\u00e9rent de ce territoire dans des domaines qui interagissent les uns avec les autres : espaces naturels et agricoles, habitat, transports et d\u00e9placements, commerce, \u00e9conomie, \u00e9quipements et services, et environnement. Autant de domaines qui peuvent vous concerner directement.<\/p><p>Par exemple, le SCOT demande de privil\u00e9gier le renouvellement urbain en solution alternative \u00e0 la construction syst\u00e9matique de nouvelles habitations sur des espaces naturels et agricoles.<\/p><p>Par exemple, plut\u00f4t que de construire syst\u00e9matiquement de nouvelles habitations en grignotant les espaces naturels et agricoles, le SCOT demande d\u2019exploiter au mieux les possibilit\u00e9s de renouvellement urbain.<\/p><p>Ces objectifs seront principalement appliqu\u00e9s par le biais des plans locaux d\u2019urbanisme qui devront \u00eatre en accord avec eux.<\/p>\t\t\t\t\t\t\t\t<\/div>\n\t\t\t\t<\/div>\n\t\t\t\t<div class=\"elementor-element elementor-element-1893ab3b elementor-widget elementor-widget-accordion\" data-id=\"1893ab3b\" data-element_type=\"widget\" data-e-type=\"widget\" data-widget_type=\"accordion.default\">\n\t\t\t\t<div class=\"elementor-widget-container\">\n\t\t\t\t\t\t\t<div class=\"elementor-accordion\">\n\t\t\t\t\t\t\t<div class=\"elementor-accordion-item\">\n\t\t\t\t\t<div id=\"elementor-tab-title-4121\" class=\"elementor-tab-title\" data-tab=\"1\" role=\"button\" aria-controls=\"elementor-tab-content-4121\" aria-expanded=\"false\">\n\t\t\t\t\t\t\t\t\t\t\t\t\t<span class=\"elementor-accordion-icon elementor-accordion-icon-left\" aria-hidden=\"true\">\n\t\t\t\t\t\t\t\t\t\t\t\t\t\t\t<span class=\"elementor-accordion-icon-closed\"><i class=\"fas fa-plus\"><\/i><\/span>\n\t\t\t\t\t\t\t\t<span class=\"elementor-accordion-icon-opened\"><i class=\"fas fa-minus\"><\/i><\/span>\n\t\t\t\t\t\t\t\t\t\t\t\t\t\t<\/span>\n\t\t\t\t\t\t\t\t\t\t\t\t<a class=\"elementor-accordion-title\" tabindex=\"0\">scot-seuil-du-poitou.fr\u00a0: un nouveau site d\u2019utilit\u00e9 publique<\/a>\n\t\t\t\t\t<\/div>\n\t\t\t\t\t<div id=\"elementor-tab-content-4121\" class=\"elementor-tab-content elementor-clearfix\" data-tab=\"1\" role=\"region\" aria-labelledby=\"elementor-tab-title-4121\"><p>\u00c0 l&rsquo;heure o\u00f9 le changement climatique se fait de plus en plus pr\u00e9sent dans notre quotidien, la fa\u00e7on dont on (a)m\u00e9nage le territoire devient d\u00e9terminante pour s&rsquo;adapter. D\u00e9couvrez vite le site du Sch\u00e9ma de coh\u00e9rence territoriale et les solutions envisag\u00e9es pour que votre territoire soit vivant, sain, facile \u00e0 vivre, \u00e9conome en \u00e9nergie et en foncier ! Quelques rep\u00e8res&#8230;<\/p><p><strong>Pourquoi ce site\u00a0?<\/strong><\/p><p>Ce site vous permet de d\u00e9couvrir nombre d&rsquo;informations sur la fa\u00e7on dont vos \u00e9lus tirent profit des atouts du territoire \u00e0 travers le Sch\u00e9ma de coh\u00e9rence territoriale. Il s&rsquo;agit en effet de cr\u00e9er une dynamique territoriale globale, de d\u00e9velopper l&rsquo;\u00e9conomie, de redynamiser les villes et les bourgs mais \u00e9galement de s&rsquo;engager dans la transition \u00e9cologique et \u00e9nerg\u00e9tique.<\/p><p><strong>Quel territoire ?<\/strong><\/p><p>Pour conna\u00eetre :<\/p><ul><li>la liste des communes et des intercommunalit\u00e9s concern\u00e9es par le Scot,<\/li><li>la constitution du territoire du Seuil du Poitou et ses atouts,<\/li><li>des chiffres cl\u00e9s,<\/li><\/ul><p>rendez-vous sur la <a href=\"https:\/\/www.scot-seuil-du-poitou.fr\/\">page d&rsquo;accueil<\/a>, puis sur la <a href=\"https:\/\/www.scot-seuil-du-poitou.fr\/le-territoire\/\">page d\u00e9di\u00e9e<\/a>.<\/p><p><img fetchpriority=\"high\" decoding=\"async\" class=\"alignnone wp-image-9975 size-medium\" src=\"https:\/\/vouille86.fr\/mairie\/wp-content\/uploads\/2023\/05\/CARTE-300x266.jpg\" alt=\"\" width=\"300\" height=\"266\" srcset=\"https:\/\/vouille86.fr\/mairie\/wp-content\/uploads\/2023\/05\/CARTE-300x266.jpg 300w, https:\/\/vouille86.fr\/mairie\/wp-content\/uploads\/2023\/05\/CARTE-1024x907.jpg 1024w, https:\/\/vouille86.fr\/mairie\/wp-content\/uploads\/2023\/05\/CARTE-768x680.jpg 768w, https:\/\/vouille86.fr\/mairie\/wp-content\/uploads\/2023\/05\/CARTE.jpg 1118w\" sizes=\"(max-width: 300px) 100vw, 300px\" \/><\/p><p><strong>Quel projet\u00a0?<\/strong><\/p><p>Visualisez en un coup d&rsquo;\u0153il les grands objectifs du Scot en <a href=\"https:\/\/www.scot-seuil-du-poitou.fr\/\">page d&rsquo;accueil<\/a> et dans le <a href=\"https:\/\/www.scot-seuil-du-poitou.fr\/le-projet\/scot-en-synthese\/\">sous-menu \u00ab\u00a0Scot en synth\u00e8se\u00a0\u00bb<\/a>.<\/p><p><img decoding=\"async\" class=\"alignnone size-medium wp-image-9974\" src=\"https:\/\/vouille86.fr\/mairie\/wp-content\/uploads\/2023\/05\/CARROUSSEL-300x193.jpg\" alt=\"\" width=\"300\" height=\"193\" srcset=\"https:\/\/vouille86.fr\/mairie\/wp-content\/uploads\/2023\/05\/CARROUSSEL-300x193.jpg 300w, https:\/\/vouille86.fr\/mairie\/wp-content\/uploads\/2023\/05\/CARROUSSEL-1024x660.jpg 1024w, https:\/\/vouille86.fr\/mairie\/wp-content\/uploads\/2023\/05\/CARROUSSEL-768x495.jpg 768w, https:\/\/vouille86.fr\/mairie\/wp-content\/uploads\/2023\/05\/CARROUSSEL-1536x991.jpg 1536w, https:\/\/vouille86.fr\/mairie\/wp-content\/uploads\/2023\/05\/CARROUSSEL-2048x1321.jpg 2048w\" sizes=\"(max-width: 300px) 100vw, 300px\" \/><\/p><p>Dans l&rsquo;<a href=\"https:\/\/www.scot-seuil-du-poitou.fr\/espace-documentaire\/\">espace documentaire<\/a>, acc\u00e9dez facilement au projet d\u00e9taill\u00e9 :<\/p><ul><li>l&rsquo;\u00e9tat des lieux g\u00e9n\u00e9ral chiffr\u00e9 sur l&rsquo;\u00e9volution d\u00e9mographique, l&rsquo;habitat, la mobilit\u00e9, l&rsquo;\u00e9conomie, les \u00e9missions de gaz \u00e0 effet de serre, l&rsquo;environnement, l&rsquo;agriculture, la consommation fonci\u00e8re&#8230;<\/li><li>les grandes orientations strat\u00e9giques,<\/li><li>les <strong>52 objectifs<\/strong> qui pr\u00e9sident au d\u00e9veloppement du territoire.<\/li><\/ul><p>\u00a0<\/p><p><strong>Quelles actualit\u00e9s\u00a0?<\/strong><\/p><p>Le Smasp, syndicat mixte en charge du Scot, continue de travailler avec vos \u00e9lus pour approfondir certains \u00e9l\u00e9ments en vue d&rsquo;appliquer le Scot sur le territoire et r\u00e9pondre aux objectifs de la loi Climat et R\u00e9silience d&rsquo;ao\u00fbt 2021. Retrouvez les liens dans la <a href=\"https:\/\/www.scot-seuil-du-poitou.fr\/\">page d&rsquo;accueil<\/a>.<\/p><p><img decoding=\"async\" class=\"alignnone size-medium wp-image-9976\" src=\"https:\/\/vouille86.fr\/mairie\/wp-content\/uploads\/2023\/05\/ACTUALITES-300x160.jpg\" alt=\"\" width=\"300\" height=\"160\" srcset=\"https:\/\/vouille86.fr\/mairie\/wp-content\/uploads\/2023\/05\/ACTUALITES-300x160.jpg 300w, https:\/\/vouille86.fr\/mairie\/wp-content\/uploads\/2023\/05\/ACTUALITES-1024x547.jpg 1024w, https:\/\/vouille86.fr\/mairie\/wp-content\/uploads\/2023\/05\/ACTUALITES-768x411.jpg 768w, https:\/\/vouille86.fr\/mairie\/wp-content\/uploads\/2023\/05\/ACTUALITES-1536x821.jpg 1536w, https:\/\/vouille86.fr\/mairie\/wp-content\/uploads\/2023\/05\/ACTUALITES-2048x1095.jpg 2048w\" sizes=\"(max-width: 300px) 100vw, 300px\" \/><\/p><p><strong>Quelles informations compl\u00e9mentaires ? <\/strong><\/p><p>Acc\u00e9dez en un clic \u00e0 la <a href=\"https:\/\/smasp-scot.maps.arcgis.com\/apps\/webappviewer\/index.html?id=17e9a9e3ac244971b3e7497f46df0e45\"><strong>carte interactive<\/strong><\/a> montrant la richesse de la biodiversit\u00e9 territoriale et \u00e0 la <a href=\"https:\/\/smasp-scot.maps.arcgis.com\/apps\/instant\/attachmentviewer\/index.html?appid=2f1d56d1ba004fddb59568c8c806e951\">carte<\/a> identifiant le potentiel que repr\u00e9sentent les friches du territoire pour d\u00e9velopper des projets sans artificialiser les sols.<\/p><p><strong>Quel outil pour vos \u00e9lus ? <\/strong><\/p><p>Ce site est un outil indispensable pour vos \u00e9lus car les 52 objectifs du Scot, construits avec eux, s&rsquo;appliquent depuis ao\u00fbt 2020. Sont notamment concern\u00e9s les documents d&rsquo;urbanisme essentiels comme les plans locaux d&rsquo;urbanisme, qui sont en cours d&rsquo;\u00e9laboration ou de r\u00e9vision sur trois quart du territoire. Le travail est donc loin d&rsquo;\u00eatre termin\u00e9.<\/p><p>Le site les aidera \u00e0 construire leurs projets locaux, de nombreuses informations y \u00e9tant centralis\u00e9es et mises \u00e0 jour r\u00e9guli\u00e8rement.<\/p><p><strong>Abonnez-vous \u00e0 la newsletter ! <\/strong><\/p><p>Pour conna\u00eetre l&rsquo;actualit\u00e9 du Scot, l&rsquo;avanc\u00e9e ou le r\u00e9sultat d&rsquo;\u00e9tudes r\u00e9alis\u00e9es par le Smasp, les synth\u00e8ses de conf\u00e9rences territoriales&#8230; <a href=\"https:\/\/www.scot-seuil-du-poitou.fr\/newsletter\/\">abonnez-vous \u00e0 la newsletter<\/a>\u00a0!<\/p><\/div>\n\t\t\t\t<\/div>\n\t\t\t\t\t\t\t<div class=\"elementor-accordion-item\">\n\t\t\t\t\t<div id=\"elementor-tab-title-4122\" class=\"elementor-tab-title\" data-tab=\"2\" role=\"button\" aria-controls=\"elementor-tab-content-4122\" aria-expanded=\"false\">\n\t\t\t\t\t\t\t\t\t\t\t\t\t<span class=\"elementor-accordion-icon elementor-accordion-icon-left\" aria-hidden=\"true\">\n\t\t\t\t\t\t\t\t\t\t\t\t\t\t\t<span class=\"elementor-accordion-icon-closed\"><i class=\"fas fa-plus\"><\/i><\/span>\n\t\t\t\t\t\t\t\t<span class=\"elementor-accordion-icon-opened\"><i class=\"fas fa-minus\"><\/i><\/span>\n\t\t\t\t\t\t\t\t\t\t\t\t\t\t<\/span>\n\t\t\t\t\t\t\t\t\t\t\t\t<a class=\"elementor-accordion-title\" tabindex=\"0\">EN SAVOIR PLUS<\/a>\n\t\t\t\t\t<\/div>\n\t\t\t\t\t<div id=\"elementor-tab-content-4122\" class=\"elementor-tab-content elementor-clearfix\" data-tab=\"2\" role=\"region\" aria-labelledby=\"elementor-tab-title-4122\"><p><a href=\"https:\/\/vouille86.fr\/mairie\/wp-content\/uploads\/2022\/03\/SCOT-SP-GUIDE-DU-SCOT-INTERACTIF_120221_compressed.pdf\" target=\"_blank\" rel=\"noopener\">Guide \u00ab REP\u00c8RES \u00bb &#8211; SCOT<\/a><br \/><br \/>Dans le cadre de la feuille de route 2021-2025 pour la mise en \u0153uvre du SCOT valid\u00e9e par le Syndicat Mixte pour l\u2019Am\u00e9nagement du Seuil du Poitou (Smasp) le 23 juin dernier, une s\u00e9rie d\u2019actions destin\u00e9es \u00e0 faire conna\u00eetre et comprendre le Scot approuv\u00e9 a \u00e9t\u00e9 d\u00e9finie.<\/p><p><a href=\"https:\/\/vouille86.fr\/mairie\/wp-content\/uploads\/2022\/03\/SMASP-DEPLIANT-INTERACTIF.pdf\" target=\"_blank\" rel=\"noopener\">Actions du SCOT<\/a><\/p><\/div>\n\t\t\t\t<\/div>\n\t\t\t\t\t\t\t\t<\/div>\n\t\t\t\t\t\t<\/div>\n\t\t\t\t<\/div>\n\t\t\t\t<div class=\"elementor-element elementor-element-62a5476d elementor-share-buttons--view-icon elementor-share-buttons--skin-minimal elementor-share-buttons--color-custom elementor-share-buttons--shape-square elementor-grid-0 elementor-widget elementor-widget-global elementor-global-2201 elementor-widget-share-buttons\" data-id=\"62a5476d\" data-element_type=\"widget\" data-e-type=\"widget\" data-widget_type=\"share-buttons.default\">\n\t\t\t\t<div class=\"elementor-widget-container\">\n\t\t\t\t\t\t\t<div class=\"elementor-grid\" role=\"list\">\n\t\t\t\t\t\t\t\t<div class=\"elementor-grid-item\" role=\"listitem\">\n\t\t\t\t\t\t<div class=\"elementor-share-btn elementor-share-btn_facebook\" role=\"button\" tabindex=\"0\" aria-label=\"Partager sur facebook\">\n\t\t\t\t\t\t\t\t\t\t\t\t\t\t\t<span class=\"elementor-share-btn__icon\">\n\t\t\t\t\t\t\t\t<i class=\"fab fa-facebook\" aria-hidden=\"true\"><\/i>\t\t\t\t\t\t\t<\/span>\n\t\t\t\t\t\t\t\t\t\t\t\t\t\t\t\t\t\t\t\t<\/div>\n\t\t\t\t\t<\/div>\n\t\t\t\t\t\t\t\t\t<div class=\"elementor-grid-item\" role=\"listitem\">\n\t\t\t\t\t\t<div class=\"elementor-share-btn elementor-share-btn_twitter\" role=\"button\" tabindex=\"0\" aria-label=\"Partager sur twitter\">\n\t\t\t\t\t\t\t\t\t\t\t\t\t\t\t<span class=\"elementor-share-btn__icon\">\n\t\t\t\t\t\t\t\t<i class=\"fab fa-twitter\" aria-hidden=\"true\"><\/i>\t\t\t\t\t\t\t<\/span>\n\t\t\t\t\t\t\t\t\t\t\t\t\t\t\t\t\t\t\t\t<\/div>\n\t\t\t\t\t<\/div>\n\t\t\t\t\t\t\t\t\t<div class=\"elementor-grid-item\" role=\"listitem\">\n\t\t\t\t\t\t<div class=\"elementor-share-btn elementor-share-btn_whatsapp\" role=\"button\" tabindex=\"0\" aria-label=\"Partager sur whatsapp\">\n\t\t\t\t\t\t\t\t\t\t\t\t\t\t\t<span class=\"elementor-share-btn__icon\">\n\t\t\t\t\t\t\t\t<i class=\"fab fa-whatsapp\" aria-hidden=\"true\"><\/i>\t\t\t\t\t\t\t<\/span>\n\t\t\t\t\t\t\t\t\t\t\t\t\t\t\t\t\t\t\t\t<\/div>\n\t\t\t\t\t<\/div>\n\t\t\t\t\t\t\t\t\t<div class=\"elementor-grid-item\" role=\"listitem\">\n\t\t\t\t\t\t<div class=\"elementor-share-btn elementor-share-btn_email\" role=\"button\" tabindex=\"0\" aria-label=\"Partager sur email\">\n\t\t\t\t\t\t\t\t\t\t\t\t\t\t\t<span class=\"elementor-share-btn__icon\">\n\t\t\t\t\t\t\t\t<i class=\"fas fa-envelope\" aria-hidden=\"true\"><\/i>\t\t\t\t\t\t\t<\/span>\n\t\t\t\t\t\t\t\t\t\t\t\t\t\t\t\t\t\t\t\t<\/div>\n\t\t\t\t\t<\/div>\n\t\t\t\t\t\t<\/div>\n\t\t\t\t\t\t<\/div>\n\t\t\t\t<\/div>\n\t\t\t\t\t<\/div>\n\t\t<\/div>\n\t\t\t\t\t<\/div>\n\t\t<\/section>\n\t\t\t\t<\/div>\n\t\t","protected":false},"excerpt":{"rendered":"<p>Le Seuil du Poitou en route vers un territoire plus durable ! Le territoire du Seuil du Poitou est dot\u00e9 d\u2019un SCOT (Sch\u00e9ma de coh\u00e9rence territoriale) depuis le 14 ao\u00fbt 2020. .Il d\u00e9finit 52 objectifs qui convergent principalement vers l\u2019att\u00e9nuation du changement climatique. Ce sujet qui, aujourd\u2019hui, ne laisse plus de glace (en atteste la&#8230;<\/p>\n","protected":false},"author":1,"featured_media":0,"parent":0,"menu_order":0,"comment_status":"closed","ping_status":"closed","template":"","meta":{"_acf_changed":false,"footnotes":""},"class_list":["post-3442","page","type-page","status-publish","hentry"],"acf":[],"_links":{"self":[{"href":"https:\/\/vouille86.fr\/mairie\/wp-json\/wp\/v2\/pages\/3442","targetHints":{"allow":["GET"]}}],"collection":[{"href":"https:\/\/vouille86.fr\/mairie\/wp-json\/wp\/v2\/pages"}],"about":[{"href":"https:\/\/vouille86.fr\/mairie\/wp-json\/wp\/v2\/types\/page"}],"author":[{"embeddable":true,"href":"https:\/\/vouille86.fr\/mairie\/wp-json\/wp\/v2\/users\/1"}],"replies":[{"embeddable":true,"href":"https:\/\/vouille86.fr\/mairie\/wp-json\/wp\/v2\/comments?post=3442"}],"version-history":[{"count":13,"href":"https:\/\/vouille86.fr\/mairie\/wp-json\/wp\/v2\/pages\/3442\/revisions"}],"predecessor-version":[{"id":9982,"href":"https:\/\/vouille86.fr\/mairie\/wp-json\/wp\/v2\/pages\/3442\/revisions\/9982"}],"wp:attachment":[{"href":"https:\/\/vouille86.fr\/mairie\/wp-json\/wp\/v2\/media?parent=3442"}],"curies":[{"name":"wp","href":"https:\/\/api.w.org\/{rel}","templated":true}]}}