{"id":3271,"date":"2022-03-26T11:05:33","date_gmt":"2022-03-26T10:05:33","guid":{"rendered":"https:\/\/vouille86.fr\/mairie\/?page_id=3271"},"modified":"2026-03-23T09:08:04","modified_gmt":"2026-03-23T08:08:04","slug":"mentions-legales","status":"publish","type":"page","link":"https:\/\/vouille86.fr\/mairie\/mentions-legales\/","title":{"rendered":"Mentions l\u00e9gales"},"content":{"rendered":"\t\t<div data-elementor-type=\"wp-page\" data-elementor-id=\"3271\" class=\"elementor elementor-3271\" data-elementor-post-type=\"page\">\n\t\t\t\t\t\t<section class=\"elementor-section elementor-top-section elementor-element elementor-element-f6a94f8 elementor-section-boxed elementor-section-height-default elementor-section-height-default\" data-id=\"f6a94f8\" data-element_type=\"section\" data-e-type=\"section\">\n\t\t\t\t\t\t<div class=\"elementor-container elementor-column-gap-default\">\n\t\t\t\t\t<div class=\"elementor-column elementor-col-100 elementor-top-column elementor-element elementor-element-b43436d\" data-id=\"b43436d\" data-element_type=\"column\" data-e-type=\"column\">\n\t\t\t<div class=\"elementor-widget-wrap elementor-element-populated\">\n\t\t\t\t\t\t<div class=\"elementor-element elementor-element-98971ab elementor-widget elementor-widget-heading\" data-id=\"98971ab\" data-element_type=\"widget\" data-e-type=\"widget\" data-widget_type=\"heading.default\">\n\t\t\t\t<div class=\"elementor-widget-container\">\n\t\t\t\t\t<h2 class=\"elementor-heading-title elementor-size-default\">Mentions l\u00e9gales<\/h2>\t\t\t\t<\/div>\n\t\t\t\t<\/div>\n\t\t\t\t<div class=\"elementor-element elementor-element-532d802 elementor-widget elementor-widget-text-editor\" data-id=\"532d802\" data-element_type=\"widget\" data-e-type=\"widget\" data-widget_type=\"text-editor.default\">\n\t\t\t\t<div class=\"elementor-widget-container\">\n\t\t\t\t\t\t\t\t\t<p><strong style=\"font-family: var( --e-global-typography-text-font-family ), Sans-serif; font-size: var( --e-global-typography-text-font-size );\">Coordonn\u00e9es<\/strong><\/p><ul><li>Mairie<\/li><li>3 place Fran\u00e7ois Albert<\/li><li>86190 Vouill\u00e9,<\/li><li>T\u00e9l. : 05 49 54 20 30<\/li><li>Contact\u00a0:\u00a0<a href=\"\/#contact\">formulaire en ligne<\/a><\/li><\/ul><p><strong>R\u00e9daction<\/strong><\/p><ul><li>Ce site est \u00e9dit\u00e9 par la Ville de Vouill\u00e9 en collaboration avec les services.<\/li><li>Directeur de la publication : Philippe PATEY, Maire<\/li><li>Webmaster : Service communication<\/li><\/ul><div>\u00a0<\/div><p><strong>H\u00e9bergeur<\/strong><\/p><ul><li>Nom : OVH<\/li><li>Adresse : 2 rue Kellermann \u2013 59100 Roubaix \u2013 France<\/li><li>Num\u00e9ro de t\u00e9l\u00e9phone : 09 72 10 10 07<\/li><\/ul><div>\u00a0<\/div><p><strong>Conception graphique et r\u00e9alisation du site\u00a0<\/strong><\/p><ul><li>Nom : Laurent Peignault &#8211; COLORLAVIE<\/li><li>Adresse : 14 Route de Latill\u00e9 &#8211; 86190 VOUILLE<\/li><li>Num\u00e9ro de t\u00e9l\u00e9phone : Z\u00e9ro neuf 73 12 89 13<\/li><\/ul><p><strong><br \/>Donn\u00e9es personnelles (conform\u00e9ment au R\u00e8glement G\u00e9n\u00e9ral sur la Protection des Donn\u00e9es)<\/strong><\/p><p>Les donn\u00e9es personnelles recueillies par le biais du formulaire en ligne sont destin\u00e9es aux diff\u00e9rents services de la collectivit\u00e9 pour assurer le traitement de votre demande. Les adresses \u00e9lectroniques ne font l\u2019objet d\u2019aucune cession \u00e0 des tiers ni d\u2019aucun autre traitement de la part de la Mairie.<\/p><p>Nous ne r\u00e9utilisons pas les donn\u00e9es pour une autre finalit\u00e9 que celle que nous avons d\u00e9clar\u00e9e. Nous ne communiquerons jamais les donn\u00e9es \u00e0 caract\u00e8re personnel vous concernant \u00e0 des fins de marketing.<\/p><p>Vous pouvez \u00e0 tout moment demander l\u2019acc\u00e8s, la rectification, l\u2019effacement, la portabilit\u00e9 ou la limitation des donn\u00e9es vous concernant, ou vous opposer \u00e0 leur traitement, en contactant la Mairie ou poser toute question sur la protection des donn\u00e9es personnelles :<\/p><ul><li>Voie \u00e9l\u00e9ctronique :\u00a0<a href=\"\/#contact\">formulaire en ligne<\/a><\/li><li>Courrier : Mairie \u2013 3 place Fran\u00e7ois Albert \u2013 86190 Vouill\u00e9<\/li><\/ul><div>\u00a0<\/div><p><strong>Contenus<\/strong><\/p><p>Les services de la Mairie en charge du site mettent tout en \u0153uvre pour vous offrir des informations claires, d\u00e9taill\u00e9es et fiables. Elles sont non contractuelles. Malgr\u00e9 notre vigilance, la Ville de Vouill\u00e9 ne saurait \u00eatre tenue responsable pour toute erreur ou omission dans le contenu (textes, illustrations, documents\u2026) du site. Les informations figurant sur le site internet peuvent faire l\u2019objet de modifications sans pr\u00e9avis. N\u2019h\u00e9sitez pas \u00e0 faire part de vos remarques et suggestions afin d\u2019am\u00e9liorer ce support aupr\u00e8s du service de communication de la Mairie, par courrier \u00e9lectronique via notre formulaire de contact ou bien par courrier postal.<\/p><p>La ville de Vouill\u00e9 d\u00e9cline toute responsabilit\u00e9 \u00e0 un \u00e9ventuel dommage survenu pendant la consultation du pr\u00e9sent site. Il appartient \u00e0 l\u2019utilisateur de prendre toutes les mesures pour prot\u00e9ger ses propres donn\u00e9es et ses logiciels d\u2019\u00e9ventuels virus circulant sur le r\u00e9seau Internet.<\/p><p><strong>Droit d\u2019auteur<\/strong><\/p><p><span style=\"font-family: var( --e-global-typography-text-font-family ), Sans-serif; font-size: var( --e-global-typography-text-font-size );\">Le site internet\u00a0<\/span><a style=\"font-family: var( --e-global-typography-text-font-family ), Sans-serif; font-size: var( --e-global-typography-text-font-size );\" href=\"http:\/\/www.mairie.vouille86.fr\/\">www.mairie.vouille86.fr<\/a><span style=\"font-family: var( --e-global-typography-text-font-family ), Sans-serif; font-size: var( --e-global-typography-text-font-size );\">\u00a0et l\u2019ensemble de son contenu, y compris les textes, images fixes ou anim\u00e9es, bases de donn\u00e9es, documents etc., est prot\u00e9g\u00e9 par le droit d\u2019auteur.<\/span><\/p><p>Les textes, images, photographies, documents, ainsi que toutes \u0153uvres int\u00e9gr\u00e9es dans le site sont la propri\u00e9t\u00e9 de la ville de Vouill\u00e9 ou de tiers ayant autoris\u00e9 la ville de Vouill\u00e9 \u00e0 les utiliser. Conform\u00e9ment \u00e0 l\u2019article L. 122-4 du Code de la propri\u00e9t\u00e9 intellectuelle fran\u00e7aise, toute repr\u00e9sentation ou reproduction int\u00e9grale ou partielle faite sans le consentement de l\u2019auteur ou de ses ayants droit ou ayants cause est illicite. Il en est de m\u00eame pour la traduction, l\u2019adaptation ou la transformation, l\u2019arrangement ou la reproduction par un art ou un proc\u00e9d\u00e9 quelconque. La ville de Vouill\u00e9 se r\u00e9serve le droit d\u2019engager des poursuites pour toute utilisation frauduleuse de ces images.<\/p><p><strong>Liens hypertextes<\/strong><\/p><p>Les liens propos\u00e9s vers d\u2019autres sites sont communiqu\u00e9s \u00e0 titre indicatif et ne sauraient engager la responsabilit\u00e9 de la commune de Vouill\u00e9.<\/p><p>La ville de Vouill\u00e9 d\u00e9gage toute responsabilit\u00e9 concernant les liens cr\u00e9\u00e9s par d\u2019autres sites vers son site internet, et ne peut permettre d\u2019induire que la ville de Vouill\u00e9 cautionne ces sites ou qu\u2019elle en approuve le contenu. La ville de Vouill\u00e9 se r\u00e9serve le droit le droit de demander la suppression d\u2019un lien qu\u2019il estime non conforme \u00e0 la ligne \u00e9ditoriale.<\/p><p><strong>Les cookies<\/strong><\/p><p>Vous pouvez \u00e0 tout moment choisir d\u2019accepter ou de refuser l\u2019installation des cookies\u00a0 sur votre terminal en configurant votre logiciel de navigation. Vous pouvez \u00e9galement configurer votre navigateur de mani\u00e8re \u00e0 ce que l\u2019acceptation ou le refus des cookies vous soient propos\u00e9s ponctuellement, avant qu\u2019un cookie ne soit enregistr\u00e9 sur votre terminal.<\/p>\t\t\t\t\t\t\t\t<\/div>\n\t\t\t\t<\/div>\n\t\t\t\t\t<\/div>\n\t\t<\/div>\n\t\t\t\t\t<\/div>\n\t\t<\/section>\n\t\t\t\t<\/div>\n\t\t","protected":false},"excerpt":{"rendered":"<p>Coordonn\u00e9es Mairie 3 place Fran\u00e7ois Albert 86190 Vouill\u00e9, T\u00e9l. : 05 49 54 20 30 Contact\u00a0:\u00a0formulaire en ligne R\u00e9daction Ce site est \u00e9dit\u00e9 par la Ville de Vouill\u00e9 en collaboration avec les services. Directeur de la publication : Philippe PATEY, Maire Webmaster : Service communication \u00a0 H\u00e9bergeur Nom : OVH Adresse : 2 rue Kellermann&#8230;<\/p>\n","protected":false},"author":1,"featured_media":0,"parent":0,"menu_order":0,"comment_status":"closed","ping_status":"closed","template":"","meta":{"_acf_changed":false,"footnotes":""},"class_list":["post-3271","page","type-page","status-publish","hentry"],"acf":[],"_links":{"self":[{"href":"https:\/\/vouille86.fr\/mairie\/wp-json\/wp\/v2\/pages\/3271","targetHints":{"allow":["GET"]}}],"collection":[{"href":"https:\/\/vouille86.fr\/mairie\/wp-json\/wp\/v2\/pages"}],"about":[{"href":"https:\/\/vouille86.fr\/mairie\/wp-json\/wp\/v2\/types\/page"}],"author":[{"embeddable":true,"href":"https:\/\/vouille86.fr\/mairie\/wp-json\/wp\/v2\/users\/1"}],"replies":[{"embeddable":true,"href":"https:\/\/vouille86.fr\/mairie\/wp-json\/wp\/v2\/comments?post=3271"}],"version-history":[{"count":33,"href":"https:\/\/vouille86.fr\/mairie\/wp-json\/wp\/v2\/pages\/3271\/revisions"}],"predecessor-version":[{"id":14220,"href":"https:\/\/vouille86.fr\/mairie\/wp-json\/wp\/v2\/pages\/3271\/revisions\/14220"}],"wp:attachment":[{"href":"https:\/\/vouille86.fr\/mairie\/wp-json\/wp\/v2\/media?parent=3271"}],"curies":[{"name":"wp","href":"https:\/\/api.w.org\/{rel}","templated":true}]}}