{"id":3169,"date":"2022-03-24T16:43:51","date_gmt":"2022-03-24T15:43:51","guid":{"rendered":"https:\/\/vouille86.fr\/mairie\/?page_id=3169"},"modified":"2026-03-02T16:14:02","modified_gmt":"2026-03-02T15:14:02","slug":"ecole-inscription-scolaire","status":"publish","type":"page","link":"https:\/\/vouille86.fr\/mairie\/ecole-inscription-scolaire\/","title":{"rendered":"Ecole : inscription scolaire"},"content":{"rendered":"\t\t<div data-elementor-type=\"wp-page\" data-elementor-id=\"3169\" class=\"elementor elementor-3169\" data-elementor-post-type=\"page\">\n\t\t\t\t\t\t<section class=\"elementor-section elementor-top-section elementor-element elementor-element-25f0d5f1 elementor-section-boxed elementor-section-height-default elementor-section-height-default\" data-id=\"25f0d5f1\" data-element_type=\"section\" data-e-type=\"section\">\n\t\t\t\t\t\t<div class=\"elementor-container elementor-column-gap-default\">\n\t\t\t\t\t<div class=\"elementor-column elementor-col-100 elementor-top-column elementor-element elementor-element-61e4c772\" data-id=\"61e4c772\" data-element_type=\"column\" data-e-type=\"column\">\n\t\t\t<div class=\"elementor-widget-wrap elementor-element-populated\">\n\t\t\t\t\t\t<div class=\"elementor-element elementor-element-7689b11e elementor-widget elementor-widget-heading\" data-id=\"7689b11e\" data-element_type=\"widget\" data-e-type=\"widget\" data-widget_type=\"heading.default\">\n\t\t\t\t<div class=\"elementor-widget-container\">\n\t\t\t\t\t<h2 class=\"elementor-heading-title elementor-size-default\">Ecole : inscription scolaire<\/h2>\t\t\t\t<\/div>\n\t\t\t\t<\/div>\n\t\t\t\t<div class=\"elementor-element elementor-element-25b51d7c elementor-widget elementor-widget-text-editor\" data-id=\"25b51d7c\" data-element_type=\"widget\" data-e-type=\"widget\" data-widget_type=\"text-editor.default\">\n\t\t\t\t<div class=\"elementor-widget-container\">\n\t\t\t\t\t\t\t\t\t<p><strong>Etablissements scolaires publiques<\/strong><\/p>\t\t\t\t\t\t\t\t<\/div>\n\t\t\t\t<\/div>\n\t\t\t\t<div class=\"elementor-element elementor-element-38fc1530 elementor-widget elementor-widget-accordion\" data-id=\"38fc1530\" data-element_type=\"widget\" data-e-type=\"widget\" data-widget_type=\"accordion.default\">\n\t\t\t\t<div class=\"elementor-widget-container\">\n\t\t\t\t\t\t\t<div class=\"elementor-accordion\">\n\t\t\t\t\t\t\t<div class=\"elementor-accordion-item\">\n\t\t\t\t\t<div id=\"elementor-tab-title-9561\" class=\"elementor-tab-title\" data-tab=\"1\" role=\"button\" aria-controls=\"elementor-tab-content-9561\" aria-expanded=\"false\">\n\t\t\t\t\t\t\t\t\t\t\t\t\t<span class=\"elementor-accordion-icon elementor-accordion-icon-left\" aria-hidden=\"true\">\n\t\t\t\t\t\t\t\t\t\t\t\t\t\t\t<span class=\"elementor-accordion-icon-closed\"><i class=\"fas fa-plus\"><\/i><\/span>\n\t\t\t\t\t\t\t\t<span class=\"elementor-accordion-icon-opened\"><i class=\"fas fa-minus\"><\/i><\/span>\n\t\t\t\t\t\t\t\t\t\t\t\t\t\t<\/span>\n\t\t\t\t\t\t\t\t\t\t\t\t<a class=\"elementor-accordion-title\" tabindex=\"0\">ECOLE MATERNELLE PUBLIQUE \u00ab LA CLEF DES CHAMPS \u00bb<\/a>\n\t\t\t\t\t<\/div>\n\t\t\t\t\t<div id=\"elementor-tab-content-9561\" class=\"elementor-tab-content elementor-clearfix\" data-tab=\"1\" role=\"region\" aria-labelledby=\"elementor-tab-title-9561\"><p>Pour s\u2019inscrire dans une \u00e9cole publique, merci de bien vouloir transmettre votre demande d\u2019inscription \u00e0 la mairie :<\/p><ul><li>Fiche d&rsquo;inscription \u00e0 l&rsquo;\u00e9cole maternelle : <a href=\"https:\/\/vouille86.fr\/mairie\/wp-content\/uploads\/2023\/03\/Fiche-pre-inscription-ecole-maternelle.pdf\" target=\"_blank\" rel=\"noopener\">Fiche pr\u00e9-inscription \u00e9cole maternelle<\/a><\/li><li>Information protection des donn\u00e9es \u00e0 caract\u00e8re personnel :\u00a0<a href=\"https:\/\/vouille86.fr\/mairie\/wp-content\/uploads\/2022\/03\/Information-protection-des-donnees-a-caractere-personnel.pdf\" target=\"_blank\" rel=\"noopener\">Information-protection-des-donne\u0301es-a\u0300-caracte\u0300re-personnel<\/a><\/li><li><a href=\"https:\/\/vouille86.fr\/mairie\/wp-content\/uploads\/2026\/03\/Fiche-de-renseignements-Services-periscolaires-2026-2027.pdf\">Fiche de renseignements Services p\u00e9riscolaires 2026-2027<\/a> (garderie et restauration scolaire)<\/li><li>Copie du livret de famille (pages parents et enfants)<\/li><li>Un justificatif de domicile datant de moins de 3 mois<\/li><li>Le certificat de radiation (si changement d\u2019\u00e9cole)<\/li><li>Copie des pages de vaccinations du carnet de sant\u00e9 (ne pas oublier la premi\u00e8re page avec le nom et pr\u00e9nom de l\u2019enfant)<\/li><\/ul><p>La directrice vous contactera par mail suite \u00e0 l&rsquo;inscription en pr\u00e9alable en mairie. V\u00e9rifier r\u00e9guli\u00e8rement dans les spams ou dans le courrier ind\u00e9sirable.<\/p><p><strong>Rentr\u00e9e 2026-2027<\/strong><\/p><p><span style=\"text-decoration: underline;\">Fiche d&rsquo;informations<\/span> : <a href=\"https:\/\/vouille86.fr\/mairie\/wp-content\/uploads\/2026\/01\/informations-rentree-scolaire-26-27.docx\">informations-rentree-scolaire-26-27<\/a><\/p><p><span style=\"text-decoration: underline;\">Portes ouvertes\u00a0<\/span><strong>:<\/strong> le vendredi 13 mars de 17h \u00e0 19h<\/p><p><span style=\"text-decoration: underline;\">R\u00e9union de pr\u00e9-rentr\u00e9e \u00e0 l\u2019\u00e9cole maternelle<\/span><\/p><p>L&rsquo;\u00e9cole maternelle accueille les enfants \u00e0 partir de la classe de PS (c&rsquo;est \u00e0 dire les enfants n\u00e9s entre le 1er janvier et le 31 d\u00e9cembre 2023).<\/p><p>Les enseignantes de petite section accueilleront leurs \u00e9l\u00e8ves ainsi que leurs parents le lundi 31 ao\u00fbt 2026 \u00e0 11h00 dans les classes de l\u2019\u00e9cole pour :<\/p><ul><li>une pr\u00e9sentation g\u00e9n\u00e9rale<\/li><li>une visite de l\u2019\u00e9cole<\/li><li>la d\u00e9couverte de la classe<\/li><li>un temps de discussion avec les enseignantes<\/li><\/ul><p><span style=\"text-decoration: underline;\">Rentr\u00e9e scolaire<\/span><\/p><p>La rentr\u00e9e se fera le mardi 1 septembre 2026 \u00e0 10h (pour les petits) dans la classe.<\/p><div id=\":2mi\" class=\"ii gt\"><div id=\":2mh\" class=\"a3s aiL\"><div id=\"avWBGd-339\"><div class=\"adL\">Plus d&rsquo;informations sur l&rsquo;\u00e9cole maternelle, consultez la page \u00ab\u00a0<a href=\"https:\/\/vouille86.fr\/mairie\/etablissements-scolaires\/\" target=\"_blank\" rel=\"noopener\">\u00e9tablissements scolaires\u00a0\u00bb<\/a><\/div><\/div><\/div><\/div><\/div>\n\t\t\t\t<\/div>\n\t\t\t\t\t\t\t<div class=\"elementor-accordion-item\">\n\t\t\t\t\t<div id=\"elementor-tab-title-9562\" class=\"elementor-tab-title\" data-tab=\"2\" role=\"button\" aria-controls=\"elementor-tab-content-9562\" aria-expanded=\"false\">\n\t\t\t\t\t\t\t\t\t\t\t\t\t<span class=\"elementor-accordion-icon elementor-accordion-icon-left\" aria-hidden=\"true\">\n\t\t\t\t\t\t\t\t\t\t\t\t\t\t\t<span class=\"elementor-accordion-icon-closed\"><i class=\"fas fa-plus\"><\/i><\/span>\n\t\t\t\t\t\t\t\t<span class=\"elementor-accordion-icon-opened\"><i class=\"fas fa-minus\"><\/i><\/span>\n\t\t\t\t\t\t\t\t\t\t\t\t\t\t<\/span>\n\t\t\t\t\t\t\t\t\t\t\t\t<a class=\"elementor-accordion-title\" tabindex=\"0\">\u00c9COLE \u00c9L\u00c9MENTAIRE PUBLIQUE DU PETIT BOIS<\/a>\n\t\t\t\t\t<\/div>\n\t\t\t\t\t<div id=\"elementor-tab-content-9562\" class=\"elementor-tab-content elementor-clearfix\" data-tab=\"2\" role=\"region\" aria-labelledby=\"elementor-tab-title-9562\"><p>Pour inscrire les enfants \u00e0 l\u2019\u00e9cole \u00e9l\u00e9mentaire du Petit Bois, du CP au CM2, pour la rentr\u00e9e de septembre 2025, il est n\u00e9cessaire de proc\u00e9der selon les \u00e9tapes suivantes :<\/p><p>Une premi\u00e8re inscription aupr\u00e8s de la Mairie de Vouill\u00e9 est n\u00e9cessaire si vous venez d\u2019une commune autre que Vouill\u00e9 ou si votre enfant est scolaris\u00e9 dans une \u00e9cole priv\u00e9e :<\/p><ul><li>La fiche d\u2019inscription suivante compl\u00e9t\u00e9e : <a href=\"https:\/\/vouille86.fr\/mairie\/wp-content\/uploads\/2023\/03\/Fiche-pre-inscription-ecole-primaire.pdf\">Fiche pre-inscription \u00e9cole primaire<\/a><\/li><li>Information protection des donn\u00e9es \u00e0 caract\u00e8re personnel :\u00a0<a href=\"https:\/\/vouille86.fr\/mairie\/wp-content\/uploads\/2022\/03\/Information-protection-des-donnees-a-caractere-personnel.pdf\" target=\"_blank\" rel=\"noopener\">Information-protection-des-donne\u0301es-a\u0300-caracte\u0300re-personnel<\/a><\/li><li>Fiche d&rsquo;inscription aux <a href=\"https:\/\/vouille86.fr\/mairie\/wp-content\/uploads\/2025\/07\/Fiche-de-renseignements-Services-periscolaires-2025-2026.pdf\">services p\u00e9riscolaires 2025-2026<\/a>\u00a0(garderie et restauration scolaire) :\u00a0<\/li><li>Copie du livret de famille (pages parents et enfants)<\/li><li>Un justificatif de domicile datant de moins de 3 mois<\/li><\/ul><ul><li>Le certificat de radiation (si changement d\u2019\u00e9cole)<\/li><li>Copie des pages de vaccinations du carnet de sant\u00e9 (ne pas oublier la premi\u00e8re page avec le nom et pr\u00e9nom de l\u2019enfant)<\/li><\/ul><p>Une seconde inscription est \u00e0 faire aupr\u00e8s de la directrice, Mme KIENER HABRIOUX. Ces inscriptions se feront le <strong>mardi 27 mai 2025, de 14H \u00e0 19H<\/strong>. Il est n\u00e9cessaire de prendre RDV au 05 49 51 48 58. Un cr\u00e9neau vous sera alors propos\u00e9 pour l\u2019inscription puis vous pourrez \u00e9changer avec des enseignants pr\u00e9sents qui vous accueilleront.<\/p><p>Le jour du rendez-vous, les familles devront se munir des documents suivants:<\/p><ul><li>Le carnet de sant\u00e9 de l\u2019enfant<\/li><li>Le livret de famille<\/li><li>Le certificat de radiation pour les \u00e9l\u00e8ves venant d\u2019une \u00e9cole publique autre que Vouill\u00e9 ou d\u2019une \u00e9cole priv\u00e9e. Pour les \u00e9l\u00e8ves provenant de l\u2019\u00e9cole maternelle de Vouill\u00e9 les certificats seront transmis directement \u00e0 l\u2019\u00e9cole \u00e9l\u00e9mentaire.<\/li><\/ul><p>M\u00eame si cette date est \u00e0 privil\u00e9gier, les inscriptions ne sont pas limit\u00e9es au 27 mai, elles peuvent se faire sur d\u2019autres dates. N\u2019h\u00e9sitez pas \u00e0 contacter l\u2019\u00e9cole.<\/p><p><strong>Informations inscriptions scolaires<\/strong><\/p><p>\u00e0 venir<\/p><h6>Plus d&rsquo;informations sur l&rsquo;\u00e9cole \u00e9l\u00e9mentaire, consultez la page \u00ab\u00a0<a href=\"https:\/\/vouille86.fr\/mairie\/etablissements-scolaires\/\" target=\"_blank\" rel=\"noopener\">\u00e9tablissements scolaires\u00a0\u00bb<\/a><\/h6><\/div>\n\t\t\t\t<\/div>\n\t\t\t\t\t\t\t\t<\/div>\n\t\t\t\t\t\t<\/div>\n\t\t\t\t<\/div>\n\t\t\t\t<section class=\"elementor-section elementor-inner-section elementor-element elementor-element-2167d1d elementor-section-boxed elementor-section-height-default elementor-section-height-default\" data-id=\"2167d1d\" data-element_type=\"section\" data-e-type=\"section\">\n\t\t\t\t\t\t<div class=\"elementor-container elementor-column-gap-default\">\n\t\t\t\t\t<div class=\"elementor-column elementor-col-100 elementor-inner-column elementor-element elementor-element-f275e03\" data-id=\"f275e03\" data-element_type=\"column\" data-e-type=\"column\" data-settings=\"{&quot;background_background&quot;:&quot;classic&quot;}\">\n\t\t\t<div class=\"elementor-widget-wrap elementor-element-populated\">\n\t\t\t\t\t\t<div class=\"elementor-element elementor-element-ca8c93f elementor-widget elementor-widget-text-editor\" data-id=\"ca8c93f\" data-element_type=\"widget\" data-e-type=\"widget\" data-widget_type=\"text-editor.default\">\n\t\t\t\t<div class=\"elementor-widget-container\">\n\t\t\t\t\t\t\t\t\t<p><strong>Envoi fiche pr\u00e9-inscription \u00e9coles publiques \ud83d\udc47 <\/strong><\/p>\t\t\t\t\t\t\t\t<\/div>\n\t\t\t\t<\/div>\n\t\t\t\t<div class=\"elementor-element elementor-element-ee908af elementor-button-align-center elementor-widget elementor-widget-form\" data-id=\"ee908af\" data-element_type=\"widget\" data-e-type=\"widget\" data-settings=\"{&quot;step_next_label&quot;:&quot;Suivant&quot;,&quot;step_previous_label&quot;:&quot;Pr\\u00e9c\\u00e9dent&quot;,&quot;button_width&quot;:&quot;100&quot;,&quot;step_type&quot;:&quot;number_text&quot;,&quot;step_icon_shape&quot;:&quot;circle&quot;}\" data-widget_type=\"form.default\">\n\t\t\t\t<div class=\"elementor-widget-container\">\n\t\t\t\t\t\t\t<form class=\"elementor-form\" method=\"post\" name=\"Envoi fiche pr\u00e9-inscription scolaire \" aria-label=\"Envoi fiche pr\u00e9-inscription scolaire \">\n\t\t\t<input type=\"hidden\" name=\"post_id\" value=\"3169\"\/>\n\t\t\t<input type=\"hidden\" name=\"form_id\" value=\"ee908af\"\/>\n\t\t\t<input type=\"hidden\" name=\"referer_title\" value=\"Ecole : inscription scolaire\" \/>\n\n\t\t\t\t\t\t\t<input type=\"hidden\" name=\"queried_id\" value=\"3169\"\/>\n\t\t\t\n\t\t\t<div class=\"elementor-form-fields-wrapper elementor-labels-\">\n\t\t\t\t\t\t\t\t<div class=\"elementor-field-type-text elementor-field-group elementor-column elementor-field-group-name elementor-col-100\">\n\t\t\t\t\t\t\t\t\t\t\t\t<label for=\"form-field-name\" class=\"elementor-field-label elementor-screen-only\">\n\t\t\t\t\t\t\t\tNom\t\t\t\t\t\t\t<\/label>\n\t\t\t\t\t\t\t\t\t\t\t\t\t\t<input size=\"1\" type=\"text\" name=\"form_fields[name]\" id=\"form-field-name\" class=\"elementor-field elementor-size-sm  elementor-field-textual\" placeholder=\"Votre nom et pr\u00e9nom\">\n\t\t\t\t\t\t\t\t\t\t\t<\/div>\n\t\t\t\t\t\t\t\t<div class=\"elementor-field-type-email elementor-field-group elementor-column elementor-field-group-field_21d82cc elementor-col-100 elementor-field-required\">\n\t\t\t\t\t\t\t\t\t\t\t\t<label for=\"form-field-field_21d82cc\" class=\"elementor-field-label elementor-screen-only\">\n\t\t\t\t\t\t\t\tNom\t\t\t\t\t\t\t<\/label>\n\t\t\t\t\t\t\t\t\t\t\t\t\t\t<input size=\"1\" type=\"email\" name=\"form_fields[field_21d82cc]\" id=\"form-field-field_21d82cc\" class=\"elementor-field elementor-size-sm  elementor-field-textual\" placeholder=\"Votre email\" required=\"required\">\n\t\t\t\t\t\t\t\t\t\t\t<\/div>\n\t\t\t\t\t\t\t\t<div class=\"elementor-field-type-upload elementor-field-group elementor-column elementor-field-group-field_cddf6ca elementor-col-100\">\n\t\t\t\t\t\t\t\t\t\t\t\t<label for=\"form-field-field_cddf6ca\" class=\"elementor-field-label elementor-screen-only\">\n\t\t\t\t\t\t\t\tPdf\t\t\t\t\t\t\t<\/label>\n\t\t\t\t\t\t\t\t<input type=\"file\" name=\"form_fields[field_cddf6ca]\" id=\"form-field-field_cddf6ca\" class=\"elementor-field elementor-size-sm  elementor-upload-field\" data-maxsize=\"3\" data-maxsize-message=\"Ce fichier d\u00e9passe la taille maximale autoris\u00e9e.\">\n\n\t\t\t\t\t\t<\/div>\n\t\t\t\t\t\t\t\t<div class=\"elementor-field-type-recaptcha_v3 elementor-field-group elementor-column elementor-field-group-field_188329a elementor-col-100 recaptcha_v3-bottomright\">\n\t\t\t\t\t<div class=\"elementor-field\" id=\"form-field-field_188329a\"><div class=\"elementor-g-recaptcha\" data-sitekey=\"6LepRL0fAAAAAK3xZHTtkc7VVbbSuzmp7KyJjqh0\" data-type=\"v3\" data-action=\"Form\" data-badge=\"bottomright\" data-size=\"invisible\"><\/div><\/div>\t\t\t\t<\/div>\n\t\t\t\t\t\t\t\t<div class=\"elementor-field-type-acceptance elementor-field-group elementor-column elementor-field-group-field_8d26686 elementor-col-100 elementor-field-required\">\n\t\t\t\t\t\t\t<div class=\"elementor-field-subgroup\">\n\t\t\t<span class=\"elementor-field-option\">\n\t\t\t\t<input type=\"checkbox\" name=\"form_fields[field_8d26686]\" id=\"form-field-field_8d26686\" class=\"elementor-field elementor-size-sm  elementor-acceptance-field\" required=\"required\">\n\t\t\t\t<label for=\"form-field-field_8d26686\">En validant ce formulaire, j'accepte d'\u00eatre recontact\u00e9 pour r\u00e9pondre \u00e0 ma demande. Les donn\u00e9es collect\u00e9es ne serviront que dans le cadre de cette demande et ne seront pas conserv\u00e9es par la suite.<\/label>\t\t\t<\/span>\n\t\t<\/div>\n\t\t\t\t\t\t<\/div>\n\t\t\t\t\t\t\t\t<div class=\"elementor-field-group elementor-column elementor-field-type-submit elementor-col-100 e-form__buttons\">\n\t\t\t\t\t<button class=\"elementor-button elementor-size-sm\" type=\"submit\">\n\t\t\t\t\t\t<span class=\"elementor-button-content-wrapper\">\n\t\t\t\t\t\t\t\t\t\t\t\t\t\t\t\t\t\t\t\t\t\t<span class=\"elementor-button-text\">Envoyer<\/span>\n\t\t\t\t\t\t\t\t\t\t\t\t\t<\/span>\n\t\t\t\t\t<\/button>\n\t\t\t\t<\/div>\n\t\t\t<\/div>\n\t\t<\/form>\n\t\t\t\t\t\t<\/div>\n\t\t\t\t<\/div>\n\t\t\t\t\t<\/div>\n\t\t<\/div>\n\t\t\t\t\t<\/div>\n\t\t<\/section>\n\t\t\t\t<div class=\"elementor-element elementor-element-7d4f4be elementor-widget elementor-widget-text-editor\" data-id=\"7d4f4be\" data-element_type=\"widget\" data-e-type=\"widget\" data-widget_type=\"text-editor.default\">\n\t\t\t\t<div class=\"elementor-widget-container\">\n\t\t\t\t\t\t\t\t\t<p><strong>Etablissements scolaires priv\u00e9<\/strong><\/p>\t\t\t\t\t\t\t\t<\/div>\n\t\t\t\t<\/div>\n\t\t\t\t<div class=\"elementor-element elementor-element-134a3cb elementor-widget elementor-widget-text-editor\" data-id=\"134a3cb\" data-element_type=\"widget\" data-e-type=\"widget\" data-widget_type=\"text-editor.default\">\n\t\t\t\t<div class=\"elementor-widget-container\">\n\t\t\t\t\t\t\t\t\t<p>Pour vos demandes d\u2019inscriptions dans les \u00e9tablissements scolaires priv\u00e9s, <strong>merci de bien vouloir prendre contact aupr\u00e8s des chefs d\u2019\u00e9tablissements<\/strong> :<\/p>\t\t\t\t\t\t\t\t<\/div>\n\t\t\t\t<\/div>\n\t\t\t\t<div class=\"elementor-element elementor-element-9616326 elementor-widget elementor-widget-accordion\" data-id=\"9616326\" data-element_type=\"widget\" data-e-type=\"widget\" data-widget_type=\"accordion.default\">\n\t\t\t\t<div class=\"elementor-widget-container\">\n\t\t\t\t\t\t\t<div class=\"elementor-accordion\">\n\t\t\t\t\t\t\t<div class=\"elementor-accordion-item\">\n\t\t\t\t\t<div id=\"elementor-tab-title-1571\" class=\"elementor-tab-title\" data-tab=\"1\" role=\"button\" aria-controls=\"elementor-tab-content-1571\" aria-expanded=\"false\">\n\t\t\t\t\t\t\t\t\t\t\t\t\t<span class=\"elementor-accordion-icon elementor-accordion-icon-left\" aria-hidden=\"true\">\n\t\t\t\t\t\t\t\t\t\t\t\t\t\t\t<span class=\"elementor-accordion-icon-closed\"><i class=\"fas fa-plus\"><\/i><\/span>\n\t\t\t\t\t\t\t\t<span class=\"elementor-accordion-icon-opened\"><i class=\"fas fa-minus\"><\/i><\/span>\n\t\t\t\t\t\t\t\t\t\t\t\t\t\t<\/span>\n\t\t\t\t\t\t\t\t\t\t\t\t<a class=\"elementor-accordion-title\" tabindex=\"0\">\u00c9COLES PRIV\u00c9ES MATERNELLE ET PRIMAIRE \u00abLA CHAUME-LA SALLE\u00bb<\/a>\n\t\t\t\t\t<\/div>\n\t\t\t\t\t<div id=\"elementor-tab-content-1571\" class=\"elementor-tab-content elementor-clearfix\" data-tab=\"1\" role=\"region\" aria-labelledby=\"elementor-tab-title-1571\"><p>Directrice : Violette BERTHELOT<br \/>2 rue du Puits Grippon<br \/>T\u00e9l. : 05 49 51 81 25<\/p><\/div>\n\t\t\t\t<\/div>\n\t\t\t\t\t\t\t<div class=\"elementor-accordion-item\">\n\t\t\t\t\t<div id=\"elementor-tab-title-1572\" class=\"elementor-tab-title\" data-tab=\"2\" role=\"button\" aria-controls=\"elementor-tab-content-1572\" aria-expanded=\"false\">\n\t\t\t\t\t\t\t\t\t\t\t\t\t<span class=\"elementor-accordion-icon elementor-accordion-icon-left\" aria-hidden=\"true\">\n\t\t\t\t\t\t\t\t\t\t\t\t\t\t\t<span class=\"elementor-accordion-icon-closed\"><i class=\"fas fa-plus\"><\/i><\/span>\n\t\t\t\t\t\t\t\t<span class=\"elementor-accordion-icon-opened\"><i class=\"fas fa-minus\"><\/i><\/span>\n\t\t\t\t\t\t\t\t\t\t\t\t\t\t<\/span>\n\t\t\t\t\t\t\t\t\t\t\t\t<a class=\"elementor-accordion-title\" tabindex=\"0\">COLL\u00c8GE PRIV\u00c9 \u00abLA CHAUME \u2013 LA SALLE\u00bb<\/a>\n\t\t\t\t\t<\/div>\n\t\t\t\t\t<div id=\"elementor-tab-content-1572\" class=\"elementor-tab-content elementor-clearfix\" data-tab=\"2\" role=\"region\" aria-labelledby=\"elementor-tab-title-1572\"><p>Coll\u00e8ge La Chaume-La Salle<br \/>2 rue du Puits Grippon<br \/>T\u00e9l. : 05 49 51 81 25<\/p><\/div>\n\t\t\t\t<\/div>\n\t\t\t\t\t\t\t\t<\/div>\n\t\t\t\t\t\t<\/div>\n\t\t\t\t<\/div>\n\t\t\t\t<div class=\"elementor-element elementor-element-70658879 elementor-share-buttons--view-icon elementor-share-buttons--skin-minimal elementor-share-buttons--color-custom elementor-share-buttons--shape-square elementor-grid-0 elementor-widget elementor-widget-global elementor-global-2201 elementor-widget-share-buttons\" data-id=\"70658879\" data-element_type=\"widget\" data-e-type=\"widget\" data-widget_type=\"share-buttons.default\">\n\t\t\t\t<div class=\"elementor-widget-container\">\n\t\t\t\t\t\t\t<div class=\"elementor-grid\" role=\"list\">\n\t\t\t\t\t\t\t\t<div class=\"elementor-grid-item\" role=\"listitem\">\n\t\t\t\t\t\t<div class=\"elementor-share-btn elementor-share-btn_facebook\" role=\"button\" tabindex=\"0\" aria-label=\"Partager sur facebook\">\n\t\t\t\t\t\t\t\t\t\t\t\t\t\t\t<span class=\"elementor-share-btn__icon\">\n\t\t\t\t\t\t\t\t<i class=\"fab fa-facebook\" aria-hidden=\"true\"><\/i>\t\t\t\t\t\t\t<\/span>\n\t\t\t\t\t\t\t\t\t\t\t\t\t\t\t\t\t\t\t\t<\/div>\n\t\t\t\t\t<\/div>\n\t\t\t\t\t\t\t\t\t<div class=\"elementor-grid-item\" role=\"listitem\">\n\t\t\t\t\t\t<div class=\"elementor-share-btn elementor-share-btn_twitter\" role=\"button\" tabindex=\"0\" aria-label=\"Partager sur twitter\">\n\t\t\t\t\t\t\t\t\t\t\t\t\t\t\t<span class=\"elementor-share-btn__icon\">\n\t\t\t\t\t\t\t\t<i class=\"fab fa-twitter\" aria-hidden=\"true\"><\/i>\t\t\t\t\t\t\t<\/span>\n\t\t\t\t\t\t\t\t\t\t\t\t\t\t\t\t\t\t\t\t<\/div>\n\t\t\t\t\t<\/div>\n\t\t\t\t\t\t\t\t\t<div class=\"elementor-grid-item\" role=\"listitem\">\n\t\t\t\t\t\t<div class=\"elementor-share-btn elementor-share-btn_whatsapp\" role=\"button\" tabindex=\"0\" aria-label=\"Partager sur whatsapp\">\n\t\t\t\t\t\t\t\t\t\t\t\t\t\t\t<span class=\"elementor-share-btn__icon\">\n\t\t\t\t\t\t\t\t<i class=\"fab fa-whatsapp\" aria-hidden=\"true\"><\/i>\t\t\t\t\t\t\t<\/span>\n\t\t\t\t\t\t\t\t\t\t\t\t\t\t\t\t\t\t\t\t<\/div>\n\t\t\t\t\t<\/div>\n\t\t\t\t\t\t\t\t\t<div class=\"elementor-grid-item\" role=\"listitem\">\n\t\t\t\t\t\t<div class=\"elementor-share-btn elementor-share-btn_email\" role=\"button\" tabindex=\"0\" aria-label=\"Partager sur email\">\n\t\t\t\t\t\t\t\t\t\t\t\t\t\t\t<span class=\"elementor-share-btn__icon\">\n\t\t\t\t\t\t\t\t<i class=\"fas fa-envelope\" aria-hidden=\"true\"><\/i>\t\t\t\t\t\t\t<\/span>\n\t\t\t\t\t\t\t\t\t\t\t\t\t\t\t\t\t\t\t\t<\/div>\n\t\t\t\t\t<\/div>\n\t\t\t\t\t\t<\/div>\n\t\t\t\t\t\t<\/div>\n\t\t\t\t<\/div>\n\t\t\t\t\t<\/div>\n\t\t<\/div>\n\t\t\t\t\t<\/div>\n\t\t<\/section>\n\t\t\t\t<\/div>\n\t\t","protected":false},"excerpt":{"rendered":"<p>Etablissements scolaires publiques ECOLE MATERNELLE PUBLIQUE \u00ab LA CLEF DES CHAMPS \u00bb Pour s\u2019inscrire dans une \u00e9cole publique, merci de bien vouloir transmettre votre demande d\u2019inscription \u00e0 la mairie : Fiche d&rsquo;inscription \u00e0 l&rsquo;\u00e9cole maternelle : Fiche pr\u00e9-inscription \u00e9cole maternelle Information protection des donn\u00e9es \u00e0 caract\u00e8re personnel :\u00a0Information-protection-des-donne\u0301es-a\u0300-caracte\u0300re-personnel Fiche de renseignements Services p\u00e9riscolaires 2026-2027 (garderie&#8230;<\/p>\n","protected":false},"author":1,"featured_media":0,"parent":0,"menu_order":0,"comment_status":"closed","ping_status":"closed","template":"","meta":{"_acf_changed":false,"footnotes":""},"class_list":["post-3169","page","type-page","status-publish","hentry"],"acf":[],"_links":{"self":[{"href":"https:\/\/vouille86.fr\/mairie\/wp-json\/wp\/v2\/pages\/3169","targetHints":{"allow":["GET"]}}],"collection":[{"href":"https:\/\/vouille86.fr\/mairie\/wp-json\/wp\/v2\/pages"}],"about":[{"href":"https:\/\/vouille86.fr\/mairie\/wp-json\/wp\/v2\/types\/page"}],"author":[{"embeddable":true,"href":"https:\/\/vouille86.fr\/mairie\/wp-json\/wp\/v2\/users\/1"}],"replies":[{"embeddable":true,"href":"https:\/\/vouille86.fr\/mairie\/wp-json\/wp\/v2\/comments?post=3169"}],"version-history":[{"count":168,"href":"https:\/\/vouille86.fr\/mairie\/wp-json\/wp\/v2\/pages\/3169\/revisions"}],"predecessor-version":[{"id":14151,"href":"https:\/\/vouille86.fr\/mairie\/wp-json\/wp\/v2\/pages\/3169\/revisions\/14151"}],"wp:attachment":[{"href":"https:\/\/vouille86.fr\/mairie\/wp-json\/wp\/v2\/media?parent=3169"}],"curies":[{"name":"wp","href":"https:\/\/api.w.org\/{rel}","templated":true}]}}