{"id":3151,"date":"2022-03-24T16:19:21","date_gmt":"2022-03-24T15:19:21","guid":{"rendered":"https:\/\/vouille86.fr\/mairie\/?page_id=3151"},"modified":"2025-09-09T14:15:18","modified_gmt":"2025-09-09T12:15:18","slug":"salles-municipales","status":"publish","type":"page","link":"https:\/\/vouille86.fr\/mairie\/salles-municipales\/","title":{"rendered":"Salles municipales"},"content":{"rendered":"\t\t<div data-elementor-type=\"wp-page\" data-elementor-id=\"3151\" class=\"elementor elementor-3151\" data-elementor-post-type=\"page\">\n\t\t\t\t\t\t<section class=\"elementor-section elementor-top-section elementor-element elementor-element-3412ff8b elementor-section-boxed elementor-section-height-default elementor-section-height-default\" data-id=\"3412ff8b\" data-element_type=\"section\" data-e-type=\"section\">\n\t\t\t\t\t\t<div class=\"elementor-container elementor-column-gap-default\">\n\t\t\t\t\t<div class=\"elementor-column elementor-col-100 elementor-top-column elementor-element elementor-element-6b9f066d\" data-id=\"6b9f066d\" data-element_type=\"column\" data-e-type=\"column\">\n\t\t\t<div class=\"elementor-widget-wrap elementor-element-populated\">\n\t\t\t\t\t\t<div class=\"elementor-element elementor-element-627e73f6 ariana elementor-widget elementor-widget-global elementor-global-2096 elementor-widget-shortcode\" data-id=\"627e73f6\" data-element_type=\"widget\" data-e-type=\"widget\" data-widget_type=\"shortcode.default\">\n\t\t\t\t<div class=\"elementor-widget-container\">\n\t\t\t\t\t<ul id=\"crumbs\"><li><a href=\"https:\/\/vouille86.fr\/mairie\">Accueil<\/a><\/li><\/ul>\t\t<div class=\"elementor-shortcode\"><\/div>\n\t\t\t\t\t\t<\/div>\n\t\t\t\t<\/div>\n\t\t\t\t\t<\/div>\n\t\t<\/div>\n\t\t\t\t\t<\/div>\n\t\t<\/section>\n\t\t\t\t<section class=\"elementor-section elementor-top-section elementor-element elementor-element-606613d1 elementor-section-boxed elementor-section-height-default elementor-section-height-default\" data-id=\"606613d1\" data-element_type=\"section\" data-e-type=\"section\">\n\t\t\t\t\t\t<div class=\"elementor-container elementor-column-gap-default\">\n\t\t\t\t\t<div class=\"elementor-column elementor-col-100 elementor-top-column elementor-element elementor-element-33b47b0d\" data-id=\"33b47b0d\" data-element_type=\"column\" data-e-type=\"column\">\n\t\t\t<div class=\"elementor-widget-wrap elementor-element-populated\">\n\t\t\t\t\t\t<div class=\"elementor-element elementor-element-6d0b1713 elementor-widget elementor-widget-heading\" data-id=\"6d0b1713\" data-element_type=\"widget\" data-e-type=\"widget\" data-widget_type=\"heading.default\">\n\t\t\t\t<div class=\"elementor-widget-container\">\n\t\t\t\t\t<h2 class=\"elementor-heading-title elementor-size-default\">Salles municipales<\/h2>\t\t\t\t<\/div>\n\t\t\t\t<\/div>\n\t\t\t\t<div class=\"elementor-element elementor-element-40adb17f elementor-widget elementor-widget-accordion\" data-id=\"40adb17f\" data-element_type=\"widget\" data-e-type=\"widget\" data-widget_type=\"accordion.default\">\n\t\t\t\t<div class=\"elementor-widget-container\">\n\t\t\t\t\t\t\t<div class=\"elementor-accordion\">\n\t\t\t\t\t\t\t<div class=\"elementor-accordion-item\">\n\t\t\t\t\t<div id=\"elementor-tab-title-1081\" class=\"elementor-tab-title\" data-tab=\"1\" role=\"button\" aria-controls=\"elementor-tab-content-1081\" aria-expanded=\"false\">\n\t\t\t\t\t\t\t\t\t\t\t\t\t<span class=\"elementor-accordion-icon elementor-accordion-icon-left\" aria-hidden=\"true\">\n\t\t\t\t\t\t\t\t\t\t\t\t\t\t\t<span class=\"elementor-accordion-icon-closed\"><i class=\"fas fa-plus\"><\/i><\/span>\n\t\t\t\t\t\t\t\t<span class=\"elementor-accordion-icon-opened\"><i class=\"fas fa-minus\"><\/i><\/span>\n\t\t\t\t\t\t\t\t\t\t\t\t\t\t<\/span>\n\t\t\t\t\t\t\t\t\t\t\t\t<a class=\"elementor-accordion-title\" tabindex=\"0\">TARIFS MUNICIPAUX<\/a>\n\t\t\t\t\t<\/div>\n\t\t\t\t\t<div id=\"elementor-tab-content-1081\" class=\"elementor-tab-content elementor-clearfix\" data-tab=\"1\" role=\"region\" aria-labelledby=\"elementor-tab-title-1081\"><p><strong>Tarifs municipaux<\/strong><br \/>Retrouvez les tarifs municipaux (location de salles, concessions, occupation du domaine public, m\u00e9diath\u00e8que\u2026) ci-dessous :<\/p><p><a href=\"https:\/\/vouille86.fr\/mairie\/wp-content\/uploads\/2024\/12\/N\u00b01-Tarif-des-services-publics-pour-2025.pdf\" target=\"_blank\" rel=\"noopener\">Tarifs des services publics 2025<\/a><\/p><p><a href=\"https:\/\/vouille86.fr\/mairie\/wp-content\/uploads\/2025\/09\/N\u00b02-Tarifs-des-services-publics-2026.pdf\">Tarifs des services publics 2026<\/a><\/p><p>Tarif des services publics pour 2026 \u00e0 venir<\/p><\/div>\n\t\t\t\t<\/div>\n\t\t\t\t\t\t\t<div class=\"elementor-accordion-item\">\n\t\t\t\t\t<div id=\"elementor-tab-title-1082\" class=\"elementor-tab-title\" data-tab=\"2\" role=\"button\" aria-controls=\"elementor-tab-content-1082\" aria-expanded=\"false\">\n\t\t\t\t\t\t\t\t\t\t\t\t\t<span class=\"elementor-accordion-icon elementor-accordion-icon-left\" aria-hidden=\"true\">\n\t\t\t\t\t\t\t\t\t\t\t\t\t\t\t<span class=\"elementor-accordion-icon-closed\"><i class=\"fas fa-plus\"><\/i><\/span>\n\t\t\t\t\t\t\t\t<span class=\"elementor-accordion-icon-opened\"><i class=\"fas fa-minus\"><\/i><\/span>\n\t\t\t\t\t\t\t\t\t\t\t\t\t\t<\/span>\n\t\t\t\t\t\t\t\t\t\t\t\t<a class=\"elementor-accordion-title\" tabindex=\"0\">COMMENT R\u00c9SERVER UNE SALLE ?<\/a>\n\t\t\t\t\t<\/div>\n\t\t\t\t\t<div id=\"elementor-tab-content-1082\" class=\"elementor-tab-content elementor-clearfix\" data-tab=\"2\" role=\"region\" aria-labelledby=\"elementor-tab-title-1082\"><p><strong>Locations de salles municipales<\/strong><br \/>Pour vos \u00e9v\u00e8nements familiaux et vos manifestations (culturelles, sportives..), la mairie met \u00e0 votre disposition 3 salles communales.<\/p><p><span style=\"color: #ff0000;\"><strong>En raison de la situation sanitaire, les conditions de location peuvent \u00e9volu\u00e9es, rapprochez-vous des services de la mairie pour plus d\u2019informations.<\/strong><\/span><\/p><p><strong>Comment r\u00e9server une salle ?<\/strong><\/p><ul><li>Contacter la mairie pour v\u00e9rifier la disponibilit\u00e9 des salles aux dates souhait\u00e9es, puis confirmer votre r\u00e9servation (date et salle) par \u00e9crit \u00e0 mairie@vouille86.fr ou par courrier.<\/li><li>Quelques semaines avant la manifestation, vous recevrez votre contrat de location qu\u2019il faudra retourner en mairie avec le r\u00e8glement int\u00e9rieur sign\u00e9, le contrat de r\u00e9servation sign\u00e9 et le ch\u00e8que d\u2019acompte,<\/li><li>Le solde, la caution et l\u2019attestation d\u2019assurance seront \u00e0 fournir lors de la remise des cl\u00e9s.<\/li><\/ul><ul><li>\u00c9tat des lieux le vendredi ou samedi matin avec un agent technique ou un \u00e9lu et remise des cl\u00e9s le samedi matin, \u00e0 partir de 9h, en mairie<br \/>Caution unique pour toutes les salles (sauf aire de jeu nouveau gymnase)<\/li><li>Conditions d\u2019annulation :<ul><li>3 mois avant : 25 % de l\u2019acompte conserv\u00e9<\/li><li>1 mois avant : 50 % de l\u2019acompte conserv\u00e9<\/li><li>15 jours avant : 100 % de l\u2019acompte conserv\u00e9<\/li><li>\u00e0 moins de 15 jours : paiement de l\u2019int\u00e9gralit\u00e9 de la location<\/li><\/ul><\/li><\/ul><\/div>\n\t\t\t\t<\/div>\n\t\t\t\t\t\t\t<div class=\"elementor-accordion-item\">\n\t\t\t\t\t<div id=\"elementor-tab-title-1083\" class=\"elementor-tab-title\" data-tab=\"3\" role=\"button\" aria-controls=\"elementor-tab-content-1083\" aria-expanded=\"false\">\n\t\t\t\t\t\t\t\t\t\t\t\t\t<span class=\"elementor-accordion-icon elementor-accordion-icon-left\" aria-hidden=\"true\">\n\t\t\t\t\t\t\t\t\t\t\t\t\t\t\t<span class=\"elementor-accordion-icon-closed\"><i class=\"fas fa-plus\"><\/i><\/span>\n\t\t\t\t\t\t\t\t<span class=\"elementor-accordion-icon-opened\"><i class=\"fas fa-minus\"><\/i><\/span>\n\t\t\t\t\t\t\t\t\t\t\t\t\t\t<\/span>\n\t\t\t\t\t\t\t\t\t\t\t\t<a class=\"elementor-accordion-title\" tabindex=\"0\">SALLE DE TRAVERSONNE<\/a>\n\t\t\t\t\t<\/div>\n\t\t\t\t\t<div id=\"elementor-tab-content-1083\" class=\"elementor-tab-content elementor-clearfix\" data-tab=\"3\" role=\"region\" aria-labelledby=\"elementor-tab-title-1083\"><div id='gallery-1' class='gallery galleryid-3151 gallery-columns-3 gallery-size-medium'><figure class='gallery-item'>\n\t\t\t<div class='gallery-icon landscape'>\n\t\t\t\t<a href='https:\/\/vouille86.fr\/mairie\/salle_traversonne\/'><img fetchpriority=\"high\" decoding=\"async\" width=\"300\" height=\"225\" src=\"https:\/\/vouille86.fr\/mairie\/wp-content\/uploads\/2022\/03\/salle_traversonne-300x225.jpg\" class=\"attachment-medium size-medium\" alt=\"\" srcset=\"https:\/\/vouille86.fr\/mairie\/wp-content\/uploads\/2022\/03\/salle_traversonne-300x225.jpg 300w, https:\/\/vouille86.fr\/mairie\/wp-content\/uploads\/2022\/03\/salle_traversonne.jpg 450w\" sizes=\"(max-width: 300px) 100vw, 300px\" \/><\/a>\n\t\t\t<\/div><\/figure><figure class='gallery-item'>\n\t\t\t<div class='gallery-icon landscape'>\n\t\t\t\t<a href='https:\/\/vouille86.fr\/mairie\/p1010211\/'><img decoding=\"async\" width=\"300\" height=\"200\" src=\"https:\/\/vouille86.fr\/mairie\/wp-content\/uploads\/2022\/05\/P1010211-300x200.jpg\" class=\"attachment-medium size-medium\" alt=\"\" srcset=\"https:\/\/vouille86.fr\/mairie\/wp-content\/uploads\/2022\/05\/P1010211-300x200.jpg 300w, https:\/\/vouille86.fr\/mairie\/wp-content\/uploads\/2022\/05\/P1010211-1024x683.jpg 1024w, https:\/\/vouille86.fr\/mairie\/wp-content\/uploads\/2022\/05\/P1010211-768x512.jpg 768w, https:\/\/vouille86.fr\/mairie\/wp-content\/uploads\/2022\/05\/P1010211-1536x1024.jpg 1536w, https:\/\/vouille86.fr\/mairie\/wp-content\/uploads\/2022\/05\/P1010211-2048x1365.jpg 2048w\" sizes=\"(max-width: 300px) 100vw, 300px\" \/><\/a>\n\t\t\t<\/div><\/figure>\n\t\t<\/div>\n<ul><li>Adresse : route de la For\u00eat (r\u00e9serv\u00e9e aux habitants et associations de Vouill\u00e9)<\/li><li>Capacit\u00e9 d\u2019accueil : 70 personnes pour un repas.<\/li><li>Points forts : salle enti\u00e8rement r\u00e9nov\u00e9e, pr\u00e9au annexe, cuisine \u00e9quip\u00e9e.<\/li><\/ul><\/div>\n\t\t\t\t<\/div>\n\t\t\t\t\t\t\t<div class=\"elementor-accordion-item\">\n\t\t\t\t\t<div id=\"elementor-tab-title-1084\" class=\"elementor-tab-title\" data-tab=\"4\" role=\"button\" aria-controls=\"elementor-tab-content-1084\" aria-expanded=\"false\">\n\t\t\t\t\t\t\t\t\t\t\t\t\t<span class=\"elementor-accordion-icon elementor-accordion-icon-left\" aria-hidden=\"true\">\n\t\t\t\t\t\t\t\t\t\t\t\t\t\t\t<span class=\"elementor-accordion-icon-closed\"><i class=\"fas fa-plus\"><\/i><\/span>\n\t\t\t\t\t\t\t\t<span class=\"elementor-accordion-icon-opened\"><i class=\"fas fa-minus\"><\/i><\/span>\n\t\t\t\t\t\t\t\t\t\t\t\t\t\t<\/span>\n\t\t\t\t\t\t\t\t\t\t\t\t<a class=\"elementor-accordion-title\" tabindex=\"0\">SALLE DE LA GORANDE<\/a>\n\t\t\t\t\t<\/div>\n\t\t\t\t\t<div id=\"elementor-tab-content-1084\" class=\"elementor-tab-content elementor-clearfix\" data-tab=\"4\" role=\"region\" aria-labelledby=\"elementor-tab-title-1084\"><div id='gallery-2' class='gallery galleryid-3151 gallery-columns-3 gallery-size-medium'><figure class='gallery-item'>\n\t\t\t<div class='gallery-icon landscape'>\n\t\t\t\t<a href='https:\/\/vouille86.fr\/mairie\/p1010663\/'><img decoding=\"async\" width=\"300\" height=\"225\" src=\"https:\/\/vouille86.fr\/mairie\/wp-content\/uploads\/2022\/05\/P1010663-300x225.jpg\" class=\"attachment-medium size-medium\" alt=\"\" srcset=\"https:\/\/vouille86.fr\/mairie\/wp-content\/uploads\/2022\/05\/P1010663-300x225.jpg 300w, https:\/\/vouille86.fr\/mairie\/wp-content\/uploads\/2022\/05\/P1010663-1024x768.jpg 1024w, https:\/\/vouille86.fr\/mairie\/wp-content\/uploads\/2022\/05\/P1010663-768x576.jpg 768w, https:\/\/vouille86.fr\/mairie\/wp-content\/uploads\/2022\/05\/P1010663-1536x1152.jpg 1536w, https:\/\/vouille86.fr\/mairie\/wp-content\/uploads\/2022\/05\/P1010663-2048x1536.jpg 2048w\" sizes=\"(max-width: 300px) 100vw, 300px\" \/><\/a>\n\t\t\t<\/div><\/figure><figure class='gallery-item'>\n\t\t\t<div class='gallery-icon landscape'>\n\t\t\t\t<a href='https:\/\/vouille86.fr\/mairie\/p1050595\/'><img loading=\"lazy\" decoding=\"async\" width=\"300\" height=\"225\" src=\"https:\/\/vouille86.fr\/mairie\/wp-content\/uploads\/2022\/05\/P1050595-300x225.jpg\" class=\"attachment-medium size-medium\" alt=\"\" srcset=\"https:\/\/vouille86.fr\/mairie\/wp-content\/uploads\/2022\/05\/P1050595-300x225.jpg 300w, https:\/\/vouille86.fr\/mairie\/wp-content\/uploads\/2022\/05\/P1050595-1024x768.jpg 1024w, https:\/\/vouille86.fr\/mairie\/wp-content\/uploads\/2022\/05\/P1050595-768x576.jpg 768w, https:\/\/vouille86.fr\/mairie\/wp-content\/uploads\/2022\/05\/P1050595-1536x1152.jpg 1536w, https:\/\/vouille86.fr\/mairie\/wp-content\/uploads\/2022\/05\/P1050595-2048x1536.jpg 2048w\" sizes=\"(max-width: 300px) 100vw, 300px\" \/><\/a>\n\t\t\t<\/div><\/figure><figure class='gallery-item'>\n\t\t\t<div class='gallery-icon landscape'>\n\t\t\t\t<a href='https:\/\/vouille86.fr\/mairie\/p1010452\/'><img loading=\"lazy\" decoding=\"async\" width=\"300\" height=\"200\" src=\"https:\/\/vouille86.fr\/mairie\/wp-content\/uploads\/2022\/05\/P1010452-300x200.jpg\" class=\"attachment-medium size-medium\" alt=\"\" srcset=\"https:\/\/vouille86.fr\/mairie\/wp-content\/uploads\/2022\/05\/P1010452-300x200.jpg 300w, https:\/\/vouille86.fr\/mairie\/wp-content\/uploads\/2022\/05\/P1010452-1024x683.jpg 1024w, https:\/\/vouille86.fr\/mairie\/wp-content\/uploads\/2022\/05\/P1010452-768x512.jpg 768w, https:\/\/vouille86.fr\/mairie\/wp-content\/uploads\/2022\/05\/P1010452-1536x1024.jpg 1536w, https:\/\/vouille86.fr\/mairie\/wp-content\/uploads\/2022\/05\/P1010452-2048x1365.jpg 2048w\" sizes=\"(max-width: 300px) 100vw, 300px\" \/><\/a>\n\t\t\t<\/div><\/figure>\n\t\t<\/div>\n<ul><li>Adresse : rue du Moulin Neuf<\/li><li>Capacit\u00e9 d\u2019accueil : 80 personnes avec piste de danse ou 100 personnes pour un repas ou une r\u00e9union.<\/li><li>Points forts : cadre naturel (Parc public de la Gorande), cuisine \u00e9quip\u00e9e, loge, vestiaire, espace bar ext\u00e9rieur couvert, terrasse, sonorisation.<\/li><\/ul><\/div>\n\t\t\t\t<\/div>\n\t\t\t\t\t\t\t<div class=\"elementor-accordion-item\">\n\t\t\t\t\t<div id=\"elementor-tab-title-1085\" class=\"elementor-tab-title\" data-tab=\"5\" role=\"button\" aria-controls=\"elementor-tab-content-1085\" aria-expanded=\"false\">\n\t\t\t\t\t\t\t\t\t\t\t\t\t<span class=\"elementor-accordion-icon elementor-accordion-icon-left\" aria-hidden=\"true\">\n\t\t\t\t\t\t\t\t\t\t\t\t\t\t\t<span class=\"elementor-accordion-icon-closed\"><i class=\"fas fa-plus\"><\/i><\/span>\n\t\t\t\t\t\t\t\t<span class=\"elementor-accordion-icon-opened\"><i class=\"fas fa-minus\"><\/i><\/span>\n\t\t\t\t\t\t\t\t\t\t\t\t\t\t<\/span>\n\t\t\t\t\t\t\t\t\t\t\t\t<a class=\"elementor-accordion-title\" tabindex=\"0\">SALLE POLYVALENTE<\/a>\n\t\t\t\t\t<\/div>\n\t\t\t\t\t<div id=\"elementor-tab-content-1085\" class=\"elementor-tab-content elementor-clearfix\" data-tab=\"5\" role=\"region\" aria-labelledby=\"elementor-tab-title-1085\"><div id='gallery-3' class='gallery galleryid-3151 gallery-columns-3 gallery-size-medium'><figure class='gallery-item'>\n\t\t\t<div class='gallery-icon landscape'>\n\t\t\t\t<a href='https:\/\/vouille86.fr\/mairie\/p1010684\/'><img loading=\"lazy\" decoding=\"async\" width=\"300\" height=\"225\" src=\"https:\/\/vouille86.fr\/mairie\/wp-content\/uploads\/2022\/05\/P1010684-300x225.jpg\" class=\"attachment-medium size-medium\" alt=\"\" srcset=\"https:\/\/vouille86.fr\/mairie\/wp-content\/uploads\/2022\/05\/P1010684-300x225.jpg 300w, https:\/\/vouille86.fr\/mairie\/wp-content\/uploads\/2022\/05\/P1010684-1024x768.jpg 1024w, https:\/\/vouille86.fr\/mairie\/wp-content\/uploads\/2022\/05\/P1010684-768x576.jpg 768w, https:\/\/vouille86.fr\/mairie\/wp-content\/uploads\/2022\/05\/P1010684-1536x1152.jpg 1536w, https:\/\/vouille86.fr\/mairie\/wp-content\/uploads\/2022\/05\/P1010684-2048x1536.jpg 2048w\" sizes=\"(max-width: 300px) 100vw, 300px\" \/><\/a>\n\t\t\t<\/div><\/figure><figure class='gallery-item'>\n\t\t\t<div class='gallery-icon landscape'>\n\t\t\t\t<a href='https:\/\/vouille86.fr\/mairie\/p1090304\/'><img loading=\"lazy\" decoding=\"async\" width=\"300\" height=\"225\" src=\"https:\/\/vouille86.fr\/mairie\/wp-content\/uploads\/2022\/05\/P1090304-300x225.jpg\" class=\"attachment-medium size-medium\" alt=\"\" srcset=\"https:\/\/vouille86.fr\/mairie\/wp-content\/uploads\/2022\/05\/P1090304-300x225.jpg 300w, https:\/\/vouille86.fr\/mairie\/wp-content\/uploads\/2022\/05\/P1090304-1024x768.jpg 1024w, https:\/\/vouille86.fr\/mairie\/wp-content\/uploads\/2022\/05\/P1090304-768x576.jpg 768w, https:\/\/vouille86.fr\/mairie\/wp-content\/uploads\/2022\/05\/P1090304-1536x1152.jpg 1536w, https:\/\/vouille86.fr\/mairie\/wp-content\/uploads\/2022\/05\/P1090304-2048x1536.jpg 2048w\" sizes=\"(max-width: 300px) 100vw, 300px\" \/><\/a>\n\t\t\t<\/div><\/figure><figure class='gallery-item'>\n\t\t\t<div class='gallery-icon landscape'>\n\t\t\t\t<a href='https:\/\/vouille86.fr\/mairie\/dsc_1691_dxo\/'><img loading=\"lazy\" decoding=\"async\" width=\"300\" height=\"200\" src=\"https:\/\/vouille86.fr\/mairie\/wp-content\/uploads\/2022\/05\/DSC_1691_DxO-300x200.jpg\" class=\"attachment-medium size-medium\" alt=\"\" srcset=\"https:\/\/vouille86.fr\/mairie\/wp-content\/uploads\/2022\/05\/DSC_1691_DxO-300x200.jpg 300w, https:\/\/vouille86.fr\/mairie\/wp-content\/uploads\/2022\/05\/DSC_1691_DxO-1024x683.jpg 1024w, https:\/\/vouille86.fr\/mairie\/wp-content\/uploads\/2022\/05\/DSC_1691_DxO-768x512.jpg 768w, https:\/\/vouille86.fr\/mairie\/wp-content\/uploads\/2022\/05\/DSC_1691_DxO-1536x1024.jpg 1536w, https:\/\/vouille86.fr\/mairie\/wp-content\/uploads\/2022\/05\/DSC_1691_DxO-2048x1365.jpg 2048w\" sizes=\"(max-width: 300px) 100vw, 300px\" \/><\/a>\n\t\t\t<\/div><\/figure>\n\t\t<\/div>\n<ul><li>Adresse : 9 rue de Braunsbach<\/li><li>Capacit\u00e9 d\u2019accueil : 250 personnes avec piste de danse ou 400 personnes pour un repas ou une r\u00e9union.<\/li><li>Points forts : cuisine \u00e9quip\u00e9e, am\u00e9nagement sc\u00e9nique, loge, espace bar, hall d\u2019entr\u00e9e, vestiaires, sonorisation.<\/li><\/ul><\/div>\n\t\t\t\t<\/div>\n\t\t\t\t\t\t\t\t<\/div>\n\t\t\t\t\t\t<\/div>\n\t\t\t\t<\/div>\n\t\t\t\t<div class=\"elementor-element elementor-element-15cbad8 elementor-share-buttons--view-icon elementor-share-buttons--skin-minimal elementor-share-buttons--color-custom elementor-share-buttons--shape-square elementor-grid-0 elementor-widget elementor-widget-global elementor-global-2201 elementor-widget-share-buttons\" data-id=\"15cbad8\" data-element_type=\"widget\" data-e-type=\"widget\" data-widget_type=\"share-buttons.default\">\n\t\t\t\t<div class=\"elementor-widget-container\">\n\t\t\t\t\t\t\t<div class=\"elementor-grid\" role=\"list\">\n\t\t\t\t\t\t\t\t<div class=\"elementor-grid-item\" role=\"listitem\">\n\t\t\t\t\t\t<div class=\"elementor-share-btn elementor-share-btn_facebook\" role=\"button\" tabindex=\"0\" aria-label=\"Partager sur facebook\">\n\t\t\t\t\t\t\t\t\t\t\t\t\t\t\t<span class=\"elementor-share-btn__icon\">\n\t\t\t\t\t\t\t\t<i class=\"fab fa-facebook\" aria-hidden=\"true\"><\/i>\t\t\t\t\t\t\t<\/span>\n\t\t\t\t\t\t\t\t\t\t\t\t\t\t\t\t\t\t\t\t<\/div>\n\t\t\t\t\t<\/div>\n\t\t\t\t\t\t\t\t\t<div class=\"elementor-grid-item\" role=\"listitem\">\n\t\t\t\t\t\t<div class=\"elementor-share-btn elementor-share-btn_twitter\" role=\"button\" tabindex=\"0\" aria-label=\"Partager sur twitter\">\n\t\t\t\t\t\t\t\t\t\t\t\t\t\t\t<span class=\"elementor-share-btn__icon\">\n\t\t\t\t\t\t\t\t<i class=\"fab fa-twitter\" aria-hidden=\"true\"><\/i>\t\t\t\t\t\t\t<\/span>\n\t\t\t\t\t\t\t\t\t\t\t\t\t\t\t\t\t\t\t\t<\/div>\n\t\t\t\t\t<\/div>\n\t\t\t\t\t\t\t\t\t<div class=\"elementor-grid-item\" role=\"listitem\">\n\t\t\t\t\t\t<div class=\"elementor-share-btn elementor-share-btn_whatsapp\" role=\"button\" tabindex=\"0\" aria-label=\"Partager sur whatsapp\">\n\t\t\t\t\t\t\t\t\t\t\t\t\t\t\t<span class=\"elementor-share-btn__icon\">\n\t\t\t\t\t\t\t\t<i class=\"fab fa-whatsapp\" aria-hidden=\"true\"><\/i>\t\t\t\t\t\t\t<\/span>\n\t\t\t\t\t\t\t\t\t\t\t\t\t\t\t\t\t\t\t\t<\/div>\n\t\t\t\t\t<\/div>\n\t\t\t\t\t\t\t\t\t<div class=\"elementor-grid-item\" role=\"listitem\">\n\t\t\t\t\t\t<div class=\"elementor-share-btn elementor-share-btn_email\" role=\"button\" tabindex=\"0\" aria-label=\"Partager sur email\">\n\t\t\t\t\t\t\t\t\t\t\t\t\t\t\t<span class=\"elementor-share-btn__icon\">\n\t\t\t\t\t\t\t\t<i class=\"fas fa-envelope\" aria-hidden=\"true\"><\/i>\t\t\t\t\t\t\t<\/span>\n\t\t\t\t\t\t\t\t\t\t\t\t\t\t\t\t\t\t\t\t<\/div>\n\t\t\t\t\t<\/div>\n\t\t\t\t\t\t<\/div>\n\t\t\t\t\t\t<\/div>\n\t\t\t\t<\/div>\n\t\t\t\t\t<\/div>\n\t\t<\/div>\n\t\t\t\t\t<\/div>\n\t\t<\/section>\n\t\t\t\t<\/div>\n\t\t","protected":false},"excerpt":{"rendered":"<p>TARIFS MUNICIPAUX Tarifs municipauxRetrouvez les tarifs municipaux (location de salles, concessions, occupation du domaine public, m\u00e9diath\u00e8que\u2026) ci-dessous : Tarifs des services publics 2025 Tarifs des services publics 2026 Tarif des services publics pour 2026 \u00e0 venir COMMENT R\u00c9SERVER UNE SALLE ? Locations de salles municipalesPour vos \u00e9v\u00e8nements familiaux et vos manifestations (culturelles, sportives..), la mairie&#8230;<\/p>\n","protected":false},"author":1,"featured_media":0,"parent":0,"menu_order":0,"comment_status":"closed","ping_status":"closed","template":"","meta":{"_acf_changed":false,"footnotes":""},"class_list":["post-3151","page","type-page","status-publish","hentry"],"acf":[],"_links":{"self":[{"href":"https:\/\/vouille86.fr\/mairie\/wp-json\/wp\/v2\/pages\/3151","targetHints":{"allow":["GET"]}}],"collection":[{"href":"https:\/\/vouille86.fr\/mairie\/wp-json\/wp\/v2\/pages"}],"about":[{"href":"https:\/\/vouille86.fr\/mairie\/wp-json\/wp\/v2\/types\/page"}],"author":[{"embeddable":true,"href":"https:\/\/vouille86.fr\/mairie\/wp-json\/wp\/v2\/users\/1"}],"replies":[{"embeddable":true,"href":"https:\/\/vouille86.fr\/mairie\/wp-json\/wp\/v2\/comments?post=3151"}],"version-history":[{"count":49,"href":"https:\/\/vouille86.fr\/mairie\/wp-json\/wp\/v2\/pages\/3151\/revisions"}],"predecessor-version":[{"id":13482,"href":"https:\/\/vouille86.fr\/mairie\/wp-json\/wp\/v2\/pages\/3151\/revisions\/13482"}],"wp:attachment":[{"href":"https:\/\/vouille86.fr\/mairie\/wp-json\/wp\/v2\/media?parent=3151"}],"curies":[{"name":"wp","href":"https:\/\/api.w.org\/{rel}","templated":true}]}}