{"id":3122,"date":"2022-03-24T10:49:36","date_gmt":"2022-03-24T09:49:36","guid":{"rendered":"https:\/\/vouille86.fr\/mairie\/?page_id=3122"},"modified":"2025-12-26T14:56:10","modified_gmt":"2025-12-26T13:56:10","slug":"intercommunalite","status":"publish","type":"page","link":"https:\/\/vouille86.fr\/mairie\/intercommunalite\/","title":{"rendered":"Intercommunalit\u00e9"},"content":{"rendered":"\t\t<div data-elementor-type=\"wp-page\" data-elementor-id=\"3122\" class=\"elementor elementor-3122\" data-elementor-post-type=\"page\">\n\t\t\t\t\t\t<section class=\"elementor-section elementor-top-section elementor-element elementor-element-5dc8c11d elementor-section-boxed elementor-section-height-default elementor-section-height-default\" data-id=\"5dc8c11d\" data-element_type=\"section\" data-e-type=\"section\">\n\t\t\t\t\t\t<div class=\"elementor-container elementor-column-gap-default\">\n\t\t\t\t\t<div class=\"elementor-column elementor-col-100 elementor-top-column elementor-element elementor-element-4e3294e5\" data-id=\"4e3294e5\" data-element_type=\"column\" data-e-type=\"column\">\n\t\t\t<div class=\"elementor-widget-wrap elementor-element-populated\">\n\t\t\t\t\t\t<div class=\"elementor-element elementor-element-f120a4b ariana elementor-widget elementor-widget-global elementor-global-2096 elementor-widget-shortcode\" data-id=\"f120a4b\" data-element_type=\"widget\" data-e-type=\"widget\" data-widget_type=\"shortcode.default\">\n\t\t\t\t<div class=\"elementor-widget-container\">\n\t\t\t\t\t<ul id=\"crumbs\"><li><a href=\"https:\/\/vouille86.fr\/mairie\">Accueil<\/a><\/li><\/ul>\t\t<div class=\"elementor-shortcode\"><\/div>\n\t\t\t\t\t\t<\/div>\n\t\t\t\t<\/div>\n\t\t\t\t\t<\/div>\n\t\t<\/div>\n\t\t\t\t\t<\/div>\n\t\t<\/section>\n\t\t\t\t<section class=\"elementor-section elementor-top-section elementor-element elementor-element-1c248e69 elementor-section-boxed elementor-section-height-default elementor-section-height-default\" data-id=\"1c248e69\" data-element_type=\"section\" data-e-type=\"section\">\n\t\t\t\t\t\t<div class=\"elementor-container elementor-column-gap-default\">\n\t\t\t\t\t<div class=\"elementor-column elementor-col-100 elementor-top-column elementor-element elementor-element-77514781\" data-id=\"77514781\" data-element_type=\"column\" data-e-type=\"column\">\n\t\t\t<div class=\"elementor-widget-wrap elementor-element-populated\">\n\t\t\t\t\t\t<div class=\"elementor-element elementor-element-2ac397ce elementor-widget elementor-widget-heading\" data-id=\"2ac397ce\" data-element_type=\"widget\" data-e-type=\"widget\" data-widget_type=\"heading.default\">\n\t\t\t\t<div class=\"elementor-widget-container\">\n\t\t\t\t\t<h2 class=\"elementor-heading-title elementor-size-default\">Intercommunalit\u00e9<\/h2>\t\t\t\t<\/div>\n\t\t\t\t<\/div>\n\t\t\t\t<div class=\"elementor-element elementor-element-7d1833f elementor-widget elementor-widget-image\" data-id=\"7d1833f\" data-element_type=\"widget\" data-e-type=\"widget\" data-widget_type=\"image.default\">\n\t\t\t\t<div class=\"elementor-widget-container\">\n\t\t\t\t\t\t\t\t\t\t\t\t\t\t\t<img decoding=\"async\" width=\"200\" height=\"141\" src=\"https:\/\/vouille86.fr\/mairie\/wp-content\/uploads\/2022\/05\/CCHP-2.jpg\" class=\"attachment-large size-large wp-image-6289\" alt=\"\" \/>\t\t\t\t\t\t\t\t\t\t\t\t\t\t\t<\/div>\n\t\t\t\t<\/div>\n\t\t\t\t<div class=\"elementor-element elementor-element-11381891 elementor-widget elementor-widget-text-editor\" data-id=\"11381891\" data-element_type=\"widget\" data-e-type=\"widget\" data-widget_type=\"text-editor.default\">\n\t\t\t\t<div class=\"elementor-widget-container\">\n\t\t\t\t\t\t\t\t\t<p>Pour tout conna\u00eetre sur votre communaut\u00e9 de communes (publications, agenda, collecte des d\u00e9chets, s\u2019installer en Haut-Poitou, petite enfance, s\u00e9niors, emploi\u2026), rendez-vous sur leur site internet :\u00a0<a href=\"https:\/\/cc-hautpoitou.fr\" target=\"_blank\" rel=\"noopener\">https:\/\/cc-hautpoitou.fr<\/a><\/p>\t\t\t\t\t\t\t\t<\/div>\n\t\t\t\t<\/div>\n\t\t\t\t<div class=\"elementor-element elementor-element-54479e09 elementor-widget elementor-widget-accordion\" data-id=\"54479e09\" data-element_type=\"widget\" data-e-type=\"widget\" data-widget_type=\"accordion.default\">\n\t\t\t\t<div class=\"elementor-widget-container\">\n\t\t\t\t\t\t\t<div class=\"elementor-accordion\">\n\t\t\t\t\t\t\t<div class=\"elementor-accordion-item\">\n\t\t\t\t\t<div id=\"elementor-tab-title-1411\" class=\"elementor-tab-title\" data-tab=\"1\" role=\"button\" aria-controls=\"elementor-tab-content-1411\" aria-expanded=\"false\">\n\t\t\t\t\t\t\t\t\t\t\t\t\t<span class=\"elementor-accordion-icon elementor-accordion-icon-left\" aria-hidden=\"true\">\n\t\t\t\t\t\t\t\t\t\t\t\t\t\t\t<span class=\"elementor-accordion-icon-closed\"><i class=\"fas fa-plus\"><\/i><\/span>\n\t\t\t\t\t\t\t\t<span class=\"elementor-accordion-icon-opened\"><i class=\"fas fa-minus\"><\/i><\/span>\n\t\t\t\t\t\t\t\t\t\t\t\t\t\t<\/span>\n\t\t\t\t\t\t\t\t\t\t\t\t<a class=\"elementor-accordion-title\" tabindex=\"0\">INFORMATIONS PRATIQUES<\/a>\n\t\t\t\t\t<\/div>\n\t\t\t\t\t<div id=\"elementor-tab-content-1411\" class=\"elementor-tab-content elementor-clearfix\" data-tab=\"1\" role=\"region\" aria-labelledby=\"elementor-tab-title-1411\"><p><img fetchpriority=\"high\" decoding=\"async\" class=\"aligncenter wp-image-3125 size-full\" src=\"https:\/\/vouille86.fr\/mairie\/wp-content\/uploads\/2022\/03\/CCHP.jpg\" alt=\"\" width=\"347\" height=\"450\" srcset=\"https:\/\/vouille86.fr\/mairie\/wp-content\/uploads\/2022\/03\/CCHP.jpg 347w, https:\/\/vouille86.fr\/mairie\/wp-content\/uploads\/2022\/03\/CCHP-231x300.jpg 231w\" sizes=\"(max-width: 347px) 100vw, 347px\" \/><\/p><p><strong>Ann\u00e9e de cr\u00e9ation :<\/strong> 1er janvier 2017<br \/><strong>Population :<\/strong> 40 820 habitants<br \/><strong>Superficie :<\/strong> 698,2 km<\/p><p><strong>Communes membres :<\/strong> <br \/>Amberre, Avanton, Ayron, Benassay, Chabournay, Chalandray, Champigny-en-Rochereau, La Chapelle-Montreuil, Cherves, Chir\u00e9-en-Montreuil, Chouppes, Ciss\u00e9, Coussay, Cuhon, Frozes, Latill\u00e9, Lavausseau, Maill\u00e9, Maisonneuve, Massognes, Mirebeau, Montreuil-Bonnin, Neuville-de-Poitou, Quin\u00e7ay, Saint-Martin-La-Pallu, Thurageau, Varennes, Villiers, Vouill\u00e9, Vouzailles, Yversay<\/p><p><strong>Pr\u00e9sident :<\/strong> Benoit PRINCAY<\/p><\/div>\n\t\t\t\t<\/div>\n\t\t\t\t\t\t\t<div class=\"elementor-accordion-item\">\n\t\t\t\t\t<div id=\"elementor-tab-title-1412\" class=\"elementor-tab-title\" data-tab=\"2\" role=\"button\" aria-controls=\"elementor-tab-content-1412\" aria-expanded=\"false\">\n\t\t\t\t\t\t\t\t\t\t\t\t\t<span class=\"elementor-accordion-icon elementor-accordion-icon-left\" aria-hidden=\"true\">\n\t\t\t\t\t\t\t\t\t\t\t\t\t\t\t<span class=\"elementor-accordion-icon-closed\"><i class=\"fas fa-plus\"><\/i><\/span>\n\t\t\t\t\t\t\t\t<span class=\"elementor-accordion-icon-opened\"><i class=\"fas fa-minus\"><\/i><\/span>\n\t\t\t\t\t\t\t\t\t\t\t\t\t\t<\/span>\n\t\t\t\t\t\t\t\t\t\t\t\t<a class=\"elementor-accordion-title\" tabindex=\"0\">COORDONN\u00c9ES<\/a>\n\t\t\t\t\t<\/div>\n\t\t\t\t\t<div id=\"elementor-tab-content-1412\" class=\"elementor-tab-content elementor-clearfix\" data-tab=\"2\" role=\"region\" aria-labelledby=\"elementor-tab-title-1412\"><p><strong>Ouverture des bureaux \u00e0 partir du 3 novembre 2025 :<\/strong><\/p><p>Du lundi au jeudi\u202f: 9h \u2013 12h15 \/ 13h45 \u2013 17h30<\/p><p>Le vendredi\u202f: 9h \u2013 12h15 \/ 13h45 \u2013 16h30<\/p><p>Le service Relation \u00e0 l\u2019usager &#8211; Gestion et valorisation des d\u00e9chets\u202fest \u00e0 votre disposition aux m\u00eames horaires.<\/p><p>La Communaut\u00e9 de Communes est \u00e9galement joignable par courrier :<\/p><p>Communaut\u00e9 de Communes du Haut-Poitou<\/p><p>10 avenue de l\u2019Europe<\/p><p>86170 Neuville-de-Poitou<\/p><p>ou par mail :\u00a0<a href=\"mailto:contact@cc-hautpoitou.fr\" target=\"_blank\" rel=\"noopener\">contact@cc-hautpoitou.fr<\/a><\/p><p>ou par t\u00e9l\u00e9phone : 05 49 51 93 07<\/p><p>Facebook : <a href=\"https:\/\/www.facebook.com\/cchautpoitou\/\">https:\/\/www.facebook.com\/cchautpoitou\/<\/a><\/p><p><b>Gestion<\/b><strong> et valorisation des d\u00e9chets<\/strong>\u00a0: pour nous signaler un probl\u00e8me (collecte des d\u00e9chets, carte de d\u00e9chetterie, container d\u00e9t\u00e9rior\u00e9\u2026) :<\/p><p>T\u00e9l. :\u00a005 49 51 19 90\u00a0(Services techniques de la Communaut\u00e9 de communes)<\/p><p>Courriel : servicestechniques@cc-hautpoitou.fr<\/p><p>Facebook : <a href=\"https:\/\/m.facebook.com\/gestionvalorisationdesdechetsduhautpoitou\">https:\/\/m.facebook.com\/gestionvalorisationdesdechetsduhautpoitou<\/a><\/p><\/div>\n\t\t\t\t<\/div>\n\t\t\t\t\t\t\t<div class=\"elementor-accordion-item\">\n\t\t\t\t\t<div id=\"elementor-tab-title-1413\" class=\"elementor-tab-title\" data-tab=\"3\" role=\"button\" aria-controls=\"elementor-tab-content-1413\" aria-expanded=\"false\">\n\t\t\t\t\t\t\t\t\t\t\t\t\t<span class=\"elementor-accordion-icon elementor-accordion-icon-left\" aria-hidden=\"true\">\n\t\t\t\t\t\t\t\t\t\t\t\t\t\t\t<span class=\"elementor-accordion-icon-closed\"><i class=\"fas fa-plus\"><\/i><\/span>\n\t\t\t\t\t\t\t\t<span class=\"elementor-accordion-icon-opened\"><i class=\"fas fa-minus\"><\/i><\/span>\n\t\t\t\t\t\t\t\t\t\t\t\t\t\t<\/span>\n\t\t\t\t\t\t\t\t\t\t\t\t<a class=\"elementor-accordion-title\" tabindex=\"0\">PLAN LOCAL DE PREVENTION DES DECHETS MENAGERS ET ASSIMILES<\/a>\n\t\t\t\t\t<\/div>\n\t\t\t\t\t<div id=\"elementor-tab-content-1413\" class=\"elementor-tab-content elementor-clearfix\" data-tab=\"3\" role=\"region\" aria-labelledby=\"elementor-tab-title-1413\"><p style=\"font-weight: 400;\">Le Plan Local de Pr\u00e9vention des D\u00e9chets M\u00e9nagers et Assimil\u00e9s (PLPDMA) est soumis \u00e0 consultation publique du 15 d\u00e9cembre 2025 au 15 janvier 2026. Le PLPDMA est un document d\u2019orientation strat\u00e9gique qui donne une vision politique sur la Pr\u00e9vention et la R\u00e9duction des d\u00e9chets. Il n\u2019est pas fig\u00e9 dans le temps et pourra \u00e9voluer en fonction des besoins.<\/p><p style=\"font-weight: 400;\">Le PLPDMA liste donc les actions envisag\u00e9es pour assurer la pr\u00e9vention et la r\u00e9duction des d\u00e9chets.<\/p><p style=\"font-weight: 400;\">Depuis plusieurs ann\u00e9es d\u00e9j\u00e0 la CC Haut-Poitou m\u00e8ne de tr\u00e8s nombreuses actions. Ainsi pour le PLPDMA qui vous est pr\u00e9sent\u00e9 nous avons travaill\u00e9 sur 53 actions\u00a0: 28 sont d\u00e9j\u00e0 en cours et nous vous proposons d\u2019en ajouter 25 nouvelles qui viennent renforcer la nouvelle strat\u00e9gie d\u00e9chets. Tous les \u00e9l\u00e9ments de cette consultation sont consultable sur\u00a0:\u00a0<a href=\"https:\/\/cc-hautpoitou.fr\/services-aux-habitants\/gestion-et-valorisation-des-dechets\/\" data-saferedirecturl=\"https:\/\/www.google.com\/url?q=https:\/\/cc-hautpoitou.fr\/services-aux-habitants\/gestion-et-valorisation-des-dechets\/&amp;source=gmail&amp;ust=1766838776440000&amp;usg=AOvVaw2WggeNmevzOZiA02ZPv1u0\">https:\/\/cc-hautpoitou.fr\/services-aux-habitants\/gestion-et-valorisation-des-dechets\/<\/a><\/p><\/div>\n\t\t\t\t<\/div>\n\t\t\t\t\t\t\t\t<\/div>\n\t\t\t\t\t\t<\/div>\n\t\t\t\t<\/div>\n\t\t\t\t\t<\/div>\n\t\t<\/div>\n\t\t\t\t\t<\/div>\n\t\t<\/section>\n\t\t\t\t<\/div>\n\t\t","protected":false},"excerpt":{"rendered":"<p>Pour tout conna\u00eetre sur votre communaut\u00e9 de communes (publications, agenda, collecte des d\u00e9chets, s\u2019installer en Haut-Poitou, petite enfance, s\u00e9niors, emploi\u2026), rendez-vous sur leur site internet :\u00a0https:\/\/cc-hautpoitou.fr INFORMATIONS PRATIQUES Ann\u00e9e de cr\u00e9ation : 1er janvier 2017Population : 40 820 habitantsSuperficie : 698,2 km Communes membres : Amberre, Avanton, Ayron, Benassay, Chabournay, Chalandray, Champigny-en-Rochereau, La Chapelle-Montreuil, Cherves,&#8230;<\/p>\n","protected":false},"author":1,"featured_media":0,"parent":0,"menu_order":0,"comment_status":"closed","ping_status":"closed","template":"","meta":{"_acf_changed":false,"footnotes":""},"class_list":["post-3122","page","type-page","status-publish","hentry"],"acf":[],"_links":{"self":[{"href":"https:\/\/vouille86.fr\/mairie\/wp-json\/wp\/v2\/pages\/3122","targetHints":{"allow":["GET"]}}],"collection":[{"href":"https:\/\/vouille86.fr\/mairie\/wp-json\/wp\/v2\/pages"}],"about":[{"href":"https:\/\/vouille86.fr\/mairie\/wp-json\/wp\/v2\/types\/page"}],"author":[{"embeddable":true,"href":"https:\/\/vouille86.fr\/mairie\/wp-json\/wp\/v2\/users\/1"}],"replies":[{"embeddable":true,"href":"https:\/\/vouille86.fr\/mairie\/wp-json\/wp\/v2\/comments?post=3122"}],"version-history":[{"count":46,"href":"https:\/\/vouille86.fr\/mairie\/wp-json\/wp\/v2\/pages\/3122\/revisions"}],"predecessor-version":[{"id":13848,"href":"https:\/\/vouille86.fr\/mairie\/wp-json\/wp\/v2\/pages\/3122\/revisions\/13848"}],"wp:attachment":[{"href":"https:\/\/vouille86.fr\/mairie\/wp-json\/wp\/v2\/media?parent=3122"}],"curies":[{"name":"wp","href":"https:\/\/api.w.org\/{rel}","templated":true}]}}