{"id":3071,"date":"2022-03-24T09:41:29","date_gmt":"2022-03-24T08:41:29","guid":{"rendered":"https:\/\/vouille86.fr\/mairie\/?page_id=3071"},"modified":"2026-02-10T15:40:12","modified_gmt":"2026-02-10T14:40:12","slug":"publications","status":"publish","type":"page","link":"https:\/\/vouille86.fr\/mairie\/publications\/","title":{"rendered":"Publications"},"content":{"rendered":"\t\t<div data-elementor-type=\"wp-page\" data-elementor-id=\"3071\" class=\"elementor elementor-3071\" data-elementor-post-type=\"page\">\n\t\t\t\t\t\t<section class=\"elementor-section elementor-top-section elementor-element elementor-element-728f82c0 elementor-section-boxed elementor-section-height-default elementor-section-height-default\" data-id=\"728f82c0\" data-element_type=\"section\" data-e-type=\"section\">\n\t\t\t\t\t\t<div class=\"elementor-container elementor-column-gap-default\">\n\t\t\t\t\t<div class=\"elementor-column elementor-col-100 elementor-top-column elementor-element elementor-element-49cec550\" data-id=\"49cec550\" data-element_type=\"column\" data-e-type=\"column\">\n\t\t\t<div class=\"elementor-widget-wrap elementor-element-populated\">\n\t\t\t\t\t\t<div class=\"elementor-element elementor-element-2725c3ab ariana elementor-widget elementor-widget-global elementor-global-2096 elementor-widget-shortcode\" data-id=\"2725c3ab\" data-element_type=\"widget\" data-e-type=\"widget\" data-widget_type=\"shortcode.default\">\n\t\t\t\t<div class=\"elementor-widget-container\">\n\t\t\t\t\t<ul id=\"crumbs\"><li><a href=\"https:\/\/vouille86.fr\/mairie\">Accueil<\/a><\/li><\/ul>\t\t<div class=\"elementor-shortcode\"><\/div>\n\t\t\t\t\t\t<\/div>\n\t\t\t\t<\/div>\n\t\t\t\t\t<\/div>\n\t\t<\/div>\n\t\t\t\t\t<\/div>\n\t\t<\/section>\n\t\t\t\t<section class=\"elementor-section elementor-top-section elementor-element elementor-element-4c52d6c5 elementor-section-boxed elementor-section-height-default elementor-section-height-default\" data-id=\"4c52d6c5\" data-element_type=\"section\" data-e-type=\"section\">\n\t\t\t\t\t\t<div class=\"elementor-container elementor-column-gap-default\">\n\t\t\t\t\t<div class=\"elementor-column elementor-col-100 elementor-top-column elementor-element elementor-element-25b54102\" data-id=\"25b54102\" data-element_type=\"column\" data-e-type=\"column\">\n\t\t\t<div class=\"elementor-widget-wrap elementor-element-populated\">\n\t\t\t\t\t\t<div class=\"elementor-element elementor-element-5d5f565d elementor-widget elementor-widget-heading\" data-id=\"5d5f565d\" data-element_type=\"widget\" data-e-type=\"widget\" data-widget_type=\"heading.default\">\n\t\t\t\t<div class=\"elementor-widget-container\">\n\t\t\t\t\t<h2 class=\"elementor-heading-title elementor-size-default\">Publications<\/h2>\t\t\t\t<\/div>\n\t\t\t\t<\/div>\n\t\t\t\t<div class=\"elementor-element elementor-element-335e5ff7 elementor-widget elementor-widget-accordion\" data-id=\"335e5ff7\" data-element_type=\"widget\" data-e-type=\"widget\" data-widget_type=\"accordion.default\">\n\t\t\t\t<div class=\"elementor-widget-container\">\n\t\t\t\t\t\t\t<div class=\"elementor-accordion\">\n\t\t\t\t\t\t\t<div class=\"elementor-accordion-item\">\n\t\t\t\t\t<div id=\"elementor-tab-title-8611\" class=\"elementor-tab-title\" data-tab=\"1\" role=\"button\" aria-controls=\"elementor-tab-content-8611\" aria-expanded=\"false\">\n\t\t\t\t\t\t\t\t\t\t\t\t\t<span class=\"elementor-accordion-icon elementor-accordion-icon-left\" aria-hidden=\"true\">\n\t\t\t\t\t\t\t\t\t\t\t\t\t\t\t<span class=\"elementor-accordion-icon-closed\"><i class=\"fas fa-plus\"><\/i><\/span>\n\t\t\t\t\t\t\t\t<span class=\"elementor-accordion-icon-opened\"><i class=\"fas fa-minus\"><\/i><\/span>\n\t\t\t\t\t\t\t\t\t\t\t\t\t\t<\/span>\n\t\t\t\t\t\t\t\t\t\t\t\t<a class=\"elementor-accordion-title\" tabindex=\"0\">507 JOURNAL MUNICIPAL<\/a>\n\t\t\t\t\t<\/div>\n\t\t\t\t\t<div id=\"elementor-tab-content-8611\" class=\"elementor-tab-content elementor-clearfix\" data-tab=\"1\" role=\"region\" aria-labelledby=\"elementor-tab-title-8611\"><button class='accordion word_wrap folderListTitle'>\u271a &nbspBulletins municipaux\/507<\/button><div class='panel'><p><a href='\/mairie\/wp-content\/depot-dossiers\/Bulletins municipaux\/507\/5@7-N\u00b048.pdf' target='_blank' class='folderList pdf'>5@7-N\u00b048.pdf<\/a><\/p><\/div><p>Les bulletins municipaux de l&rsquo;ann\u00e9e 2025 sont disponibles en ligne.<\/p><p>Vous souhaitez consulter un bulletin municipal ant\u00e9rieur ? Merci de contacter la mairie en pr\u00e9cisant la p\u00e9riode concern\u00e9e.<\/p><\/div>\n\t\t\t\t<\/div>\n\t\t\t\t\t\t\t<div class=\"elementor-accordion-item\">\n\t\t\t\t\t<div id=\"elementor-tab-title-8612\" class=\"elementor-tab-title\" data-tab=\"2\" role=\"button\" aria-controls=\"elementor-tab-content-8612\" aria-expanded=\"false\">\n\t\t\t\t\t\t\t\t\t\t\t\t\t<span class=\"elementor-accordion-icon elementor-accordion-icon-left\" aria-hidden=\"true\">\n\t\t\t\t\t\t\t\t\t\t\t\t\t\t\t<span class=\"elementor-accordion-icon-closed\"><i class=\"fas fa-plus\"><\/i><\/span>\n\t\t\t\t\t\t\t\t<span class=\"elementor-accordion-icon-opened\"><i class=\"fas fa-minus\"><\/i><\/span>\n\t\t\t\t\t\t\t\t\t\t\t\t\t\t<\/span>\n\t\t\t\t\t\t\t\t\t\t\t\t<a class=\"elementor-accordion-title\" tabindex=\"0\">R\u00c9SEAUX SOCIAUX<\/a>\n\t\t\t\t\t<\/div>\n\t\t\t\t\t<div id=\"elementor-tab-content-8612\" class=\"elementor-tab-content elementor-clearfix\" data-tab=\"2\" role=\"region\" aria-labelledby=\"elementor-tab-title-8612\"><p><strong>Page Facebook :<\/strong> <a href=\"https:\/\/www.facebook.com\/MairieVouille86\/\" target=\"_blank\" rel=\"noopener\">https:\/\/www.facebook.com\/MairieVouille86\/<\/a><\/p><p><strong>Cha\u00eene Youtube :<\/strong> <a href=\"https:\/\/www.youtube.com\/channel\/UCI9IQHpx6W48uiYrYrkD6qw\" target=\"_blank\" rel=\"noopener\">https:\/\/www.youtube.com\/channel\/UCI9IQHpx6W48uiYrYrkD6qw<\/a><\/p><\/div>\n\t\t\t\t<\/div>\n\t\t\t\t\t\t\t<div class=\"elementor-accordion-item\">\n\t\t\t\t\t<div id=\"elementor-tab-title-8613\" class=\"elementor-tab-title\" data-tab=\"3\" role=\"button\" aria-controls=\"elementor-tab-content-8613\" aria-expanded=\"false\">\n\t\t\t\t\t\t\t\t\t\t\t\t\t<span class=\"elementor-accordion-icon elementor-accordion-icon-left\" aria-hidden=\"true\">\n\t\t\t\t\t\t\t\t\t\t\t\t\t\t\t<span class=\"elementor-accordion-icon-closed\"><i class=\"fas fa-plus\"><\/i><\/span>\n\t\t\t\t\t\t\t\t<span class=\"elementor-accordion-icon-opened\"><i class=\"fas fa-minus\"><\/i><\/span>\n\t\t\t\t\t\t\t\t\t\t\t\t\t\t<\/span>\n\t\t\t\t\t\t\t\t\t\t\t\t<a class=\"elementor-accordion-title\" tabindex=\"0\">BULLETIN MUNICIPAL ANNUEL<\/a>\n\t\t\t\t\t<\/div>\n\t\t\t\t\t<div id=\"elementor-tab-content-8613\" class=\"elementor-tab-content elementor-clearfix\" data-tab=\"3\" role=\"region\" aria-labelledby=\"elementor-tab-title-8613\"><p><a href=\"https:\/\/vouille86.fr\/mairie\/wp-content\/uploads\/2026\/02\/BM-2026.pdf\">2026<\/a><\/p><p>Vous souhaitez consulter un bulletin municipal ant\u00e9rieur ? Merci de contacter la mairie en pr\u00e9cisant la p\u00e9riode concern\u00e9e.<\/p><\/div>\n\t\t\t\t<\/div>\n\t\t\t\t\t\t\t<div class=\"elementor-accordion-item\">\n\t\t\t\t\t<div id=\"elementor-tab-title-8614\" class=\"elementor-tab-title\" data-tab=\"4\" role=\"button\" aria-controls=\"elementor-tab-content-8614\" aria-expanded=\"false\">\n\t\t\t\t\t\t\t\t\t\t\t\t\t<span class=\"elementor-accordion-icon elementor-accordion-icon-left\" aria-hidden=\"true\">\n\t\t\t\t\t\t\t\t\t\t\t\t\t\t\t<span class=\"elementor-accordion-icon-closed\"><i class=\"fas fa-plus\"><\/i><\/span>\n\t\t\t\t\t\t\t\t<span class=\"elementor-accordion-icon-opened\"><i class=\"fas fa-minus\"><\/i><\/span>\n\t\t\t\t\t\t\t\t\t\t\t\t\t\t<\/span>\n\t\t\t\t\t\t\t\t\t\t\t\t<a class=\"elementor-accordion-title\" tabindex=\"0\">DOCUMENT D\u2019INFORMATION COMMUNAL SUR LES RISQUES MAJEURS (\u00c9DITION 2023)<\/a>\n\t\t\t\t\t<\/div>\n\t\t\t\t\t<div id=\"elementor-tab-content-8614\" class=\"elementor-tab-content elementor-clearfix\" data-tab=\"4\" role=\"region\" aria-labelledby=\"elementor-tab-title-8614\"><button class='accordion word_wrap folderListTitle'>\u271a &nbspBulletins municipaux\/Le Document d\u2019Information Communal sur les Risques Majeurs (\u00e9dition 2023)<\/button><div class='panel'><p><a href='\/mairie\/wp-content\/depot-dossiers\/Bulletins municipaux\/Le Document d\u2019Information Communal sur les Risques Majeurs (\u00e9dition 2023)\/vouille-dicrim-2025.pdf' target='_blank' class='folderList pdf'>vouille-dicrim-2025.pdf<\/a><\/p><p><a href='\/mairie\/wp-content\/depot-dossiers\/Bulletins municipaux\/Le Document d\u2019Information Communal sur les Risques Majeurs (\u00e9dition 2023)\/Dicrim-2023.pdf' target='_blank' class='folderList pdf'>Dicrim-2023.pdf<\/a><\/p><\/div><\/div>\n\t\t\t\t<\/div>\n\t\t\t\t\t\t\t\t<\/div>\n\t\t\t\t\t\t<\/div>\n\t\t\t\t<\/div>\n\t\t\t\t\t<\/div>\n\t\t<\/div>\n\t\t\t\t\t<\/div>\n\t\t<\/section>\n\t\t\t\t<\/div>\n\t\t","protected":false},"excerpt":{"rendered":"<p>507 JOURNAL MUNICIPAL Les bulletins municipaux de l&rsquo;ann\u00e9e 2025 sont disponibles en ligne. Vous souhaitez consulter un bulletin municipal ant\u00e9rieur ? Merci de contacter la mairie en pr\u00e9cisant la p\u00e9riode concern\u00e9e. R\u00c9SEAUX SOCIAUX Page Facebook : https:\/\/www.facebook.com\/MairieVouille86\/ Cha\u00eene Youtube : https:\/\/www.youtube.com\/channel\/UCI9IQHpx6W48uiYrYrkD6qw BULLETIN MUNICIPAL ANNUEL 2026 Vous souhaitez consulter un bulletin municipal ant\u00e9rieur ? Merci de&#8230;<\/p>\n","protected":false},"author":1,"featured_media":0,"parent":0,"menu_order":0,"comment_status":"closed","ping_status":"closed","template":"","meta":{"_acf_changed":false,"footnotes":""},"class_list":["post-3071","page","type-page","status-publish","hentry"],"acf":[],"_links":{"self":[{"href":"https:\/\/vouille86.fr\/mairie\/wp-json\/wp\/v2\/pages\/3071","targetHints":{"allow":["GET"]}}],"collection":[{"href":"https:\/\/vouille86.fr\/mairie\/wp-json\/wp\/v2\/pages"}],"about":[{"href":"https:\/\/vouille86.fr\/mairie\/wp-json\/wp\/v2\/types\/page"}],"author":[{"embeddable":true,"href":"https:\/\/vouille86.fr\/mairie\/wp-json\/wp\/v2\/users\/1"}],"replies":[{"embeddable":true,"href":"https:\/\/vouille86.fr\/mairie\/wp-json\/wp\/v2\/comments?post=3071"}],"version-history":[{"count":82,"href":"https:\/\/vouille86.fr\/mairie\/wp-json\/wp\/v2\/pages\/3071\/revisions"}],"predecessor-version":[{"id":14096,"href":"https:\/\/vouille86.fr\/mairie\/wp-json\/wp\/v2\/pages\/3071\/revisions\/14096"}],"wp:attachment":[{"href":"https:\/\/vouille86.fr\/mairie\/wp-json\/wp\/v2\/media?parent=3071"}],"curies":[{"name":"wp","href":"https:\/\/api.w.org\/{rel}","templated":true}]}}