{"id":1708,"date":"2022-03-03T12:41:55","date_gmt":"2022-03-03T12:41:55","guid":{"rendered":"https:\/\/vouille86.fr\/mairie\/?page_id=1708"},"modified":"2023-02-08T12:01:20","modified_gmt":"2023-02-08T11:01:20","slug":"presentation-de-la-commune","status":"publish","type":"page","link":"https:\/\/vouille86.fr\/mairie\/presentation-de-la-commune\/","title":{"rendered":"Pr\u00e9sentation de la commune"},"content":{"rendered":"\t\t<div data-elementor-type=\"wp-page\" data-elementor-id=\"1708\" class=\"elementor elementor-1708\" data-elementor-post-type=\"page\">\n\t\t\t\t\t\t<section class=\"elementor-section elementor-top-section elementor-element elementor-element-b2c69eb elementor-section-boxed elementor-section-height-default elementor-section-height-default\" data-id=\"b2c69eb\" data-element_type=\"section\" data-e-type=\"section\">\n\t\t\t\t\t\t<div class=\"elementor-container elementor-column-gap-default\">\n\t\t\t\t\t<div class=\"elementor-column elementor-col-100 elementor-top-column elementor-element elementor-element-41e1e8c\" data-id=\"41e1e8c\" data-element_type=\"column\" data-e-type=\"column\">\n\t\t\t<div class=\"elementor-widget-wrap elementor-element-populated\">\n\t\t\t\t\t\t<div class=\"elementor-element elementor-element-44ac906 ariana elementor-widget elementor-widget-global elementor-global-2096 elementor-widget-shortcode\" data-id=\"44ac906\" data-element_type=\"widget\" data-e-type=\"widget\" data-widget_type=\"shortcode.default\">\n\t\t\t\t<div class=\"elementor-widget-container\">\n\t\t\t\t\t<ul id=\"crumbs\"><li><a href=\"https:\/\/vouille86.fr\/mairie\">Accueil<\/a><\/li><\/ul>\t\t<div class=\"elementor-shortcode\"><\/div>\n\t\t\t\t\t\t<\/div>\n\t\t\t\t<\/div>\n\t\t\t\t\t<\/div>\n\t\t<\/div>\n\t\t\t\t\t<\/div>\n\t\t<\/section>\n\t\t\t\t<section class=\"elementor-section elementor-top-section elementor-element elementor-element-94ef4ab elementor-section-boxed elementor-section-height-default elementor-section-height-default\" data-id=\"94ef4ab\" data-element_type=\"section\" data-e-type=\"section\">\n\t\t\t\t\t\t<div class=\"elementor-container elementor-column-gap-default\">\n\t\t\t\t\t<div class=\"elementor-column elementor-col-100 elementor-top-column elementor-element elementor-element-6463b83\" data-id=\"6463b83\" data-element_type=\"column\" data-e-type=\"column\">\n\t\t\t<div class=\"elementor-widget-wrap elementor-element-populated\">\n\t\t\t\t\t\t<div class=\"elementor-element elementor-element-cca9cd1 elementor-widget elementor-widget-video\" data-id=\"cca9cd1\" data-element_type=\"widget\" data-e-type=\"widget\" data-settings=\"{&quot;youtube_url&quot;:&quot;https:\\\/\\\/www.youtube.com\\\/watch?v=oJqIvyZwMnc&quot;,&quot;loop&quot;:&quot;yes&quot;,&quot;yt_privacy&quot;:&quot;yes&quot;,&quot;video_type&quot;:&quot;youtube&quot;,&quot;controls&quot;:&quot;yes&quot;}\" data-widget_type=\"video.default\">\n\t\t\t\t<div class=\"elementor-widget-container\">\n\t\t\t\t\t\t\t<div class=\"elementor-wrapper elementor-open-inline\">\n\t\t\t<div class=\"elementor-video\"><\/div>\t\t<\/div>\n\t\t\t\t\t\t<\/div>\n\t\t\t\t<\/div>\n\t\t\t\t\t<\/div>\n\t\t<\/div>\n\t\t\t\t\t<\/div>\n\t\t<\/section>\n\t\t\t\t<section class=\"elementor-section elementor-top-section elementor-element elementor-element-9204a11 elementor-section-boxed elementor-section-height-default elementor-section-height-default\" data-id=\"9204a11\" data-element_type=\"section\" data-e-type=\"section\">\n\t\t\t\t\t\t<div class=\"elementor-container elementor-column-gap-default\">\n\t\t\t\t\t<div class=\"elementor-column elementor-col-100 elementor-top-column elementor-element elementor-element-7cefecf\" data-id=\"7cefecf\" data-element_type=\"column\" data-e-type=\"column\">\n\t\t\t<div class=\"elementor-widget-wrap elementor-element-populated\">\n\t\t\t\t\t\t<div class=\"elementor-element elementor-element-4390cc0 elementor-widget elementor-widget-heading\" data-id=\"4390cc0\" data-element_type=\"widget\" data-e-type=\"widget\" data-widget_type=\"heading.default\">\n\t\t\t\t<div class=\"elementor-widget-container\">\n\t\t\t\t\t<h2 class=\"elementor-heading-title elementor-size-default\">Pr\u00e9sentation de la commune<\/h2>\t\t\t\t<\/div>\n\t\t\t\t<\/div>\n\t\t\t\t<section class=\"elementor-section elementor-inner-section elementor-element elementor-element-ca70eae elementor-section-boxed elementor-section-height-default elementor-section-height-default\" data-id=\"ca70eae\" data-element_type=\"section\" data-e-type=\"section\">\n\t\t\t\t\t\t<div class=\"elementor-container elementor-column-gap-default\">\n\t\t\t\t\t<div class=\"elementor-column elementor-col-50 elementor-inner-column elementor-element elementor-element-e2ed48c\" data-id=\"e2ed48c\" data-element_type=\"column\" data-e-type=\"column\">\n\t\t\t<div class=\"elementor-widget-wrap elementor-element-populated\">\n\t\t\t\t\t\t<div class=\"elementor-element elementor-element-8a7a400 elementor-widget elementor-widget-text-editor\" data-id=\"8a7a400\" data-element_type=\"widget\" data-e-type=\"widget\" data-widget_type=\"text-editor.default\">\n\t\t\t\t<div class=\"elementor-widget-container\">\n\t\t\t\t\t\t\t\t\t<p>Situ\u00e9e dans la <strong>Vienne<\/strong>, au c\u0153ur du Haut-Poitou, Vouill\u00e9 est un charmant village fleuri tr\u00e8s actif : vie sociale, culturelle, touristique et \u00e9conomique.<\/p><p>\u00c0 seulement vingt minutes de Poitiers, la commune a la particularit\u00e9 d\u2019allier les charmes de la campagne au dynamisme urbain.<\/p><p>Cette situation privil\u00e9gi\u00e9e attire chaque ann\u00e9e de nouveaux arrivants \u00e0 la recherche d\u2019une commune agr\u00e9able \u00e0 vivre. Au 1er janvier 2022, nous comptons <strong>3 756 habitants<\/strong>.<\/p><p><strong>Superficie : 33,95 km\u00b2<\/strong><\/p><p><strong>Densit\u00e9 : 109 hab.\/km\u00b2<\/strong><\/p>\t\t\t\t\t\t\t\t<\/div>\n\t\t\t\t<\/div>\n\t\t\t\t\t<\/div>\n\t\t<\/div>\n\t\t\t\t<div class=\"elementor-column elementor-col-50 elementor-inner-column elementor-element elementor-element-886e134\" data-id=\"886e134\" data-element_type=\"column\" data-e-type=\"column\">\n\t\t\t<div class=\"elementor-widget-wrap elementor-element-populated\">\n\t\t\t\t\t\t<div class=\"elementor-element elementor-element-88d51c5 elementor-widget elementor-widget-image\" data-id=\"88d51c5\" data-element_type=\"widget\" data-e-type=\"widget\" data-widget_type=\"image.default\">\n\t\t\t\t<div class=\"elementor-widget-container\">\n\t\t\t\t\t\t\t\t\t\t\t\t\t\t\t<img fetchpriority=\"high\" decoding=\"async\" width=\"318\" height=\"450\" src=\"https:\/\/vouille86.fr\/mairie\/wp-content\/uploads\/2022\/03\/Situation-Vouille.jpg\" class=\"attachment-full size-full wp-image-2462\" alt=\"\" srcset=\"https:\/\/vouille86.fr\/mairie\/wp-content\/uploads\/2022\/03\/Situation-Vouille.jpg 318w, https:\/\/vouille86.fr\/mairie\/wp-content\/uploads\/2022\/03\/Situation-Vouille-212x300.jpg 212w\" sizes=\"(max-width: 318px) 100vw, 318px\" \/>\t\t\t\t\t\t\t\t\t\t\t\t\t\t\t<\/div>\n\t\t\t\t<\/div>\n\t\t\t\t\t<\/div>\n\t\t<\/div>\n\t\t\t\t\t<\/div>\n\t\t<\/section>\n\t\t\t\t<div class=\"elementor-element elementor-element-f351332 elementor-widget elementor-widget-spacer\" data-id=\"f351332\" data-element_type=\"widget\" data-e-type=\"widget\" data-widget_type=\"spacer.default\">\n\t\t\t\t<div class=\"elementor-widget-container\">\n\t\t\t\t\t\t\t<div class=\"elementor-spacer\">\n\t\t\t<div class=\"elementor-spacer-inner\"><\/div>\n\t\t<\/div>\n\t\t\t\t\t\t<\/div>\n\t\t\t\t<\/div>\n\t\t\t\t<div class=\"elementor-element elementor-element-f0de863 elementor-widget elementor-widget-accordion\" data-id=\"f0de863\" data-element_type=\"widget\" data-e-type=\"widget\" data-widget_type=\"accordion.default\">\n\t\t\t\t<div class=\"elementor-widget-container\">\n\t\t\t\t\t\t\t<div class=\"elementor-accordion\">\n\t\t\t\t\t\t\t<div class=\"elementor-accordion-item\">\n\t\t\t\t\t<div id=\"elementor-tab-title-2521\" class=\"elementor-tab-title\" data-tab=\"1\" role=\"button\" aria-controls=\"elementor-tab-content-2521\" aria-expanded=\"false\">\n\t\t\t\t\t\t\t\t\t\t\t\t\t<span class=\"elementor-accordion-icon elementor-accordion-icon-left\" aria-hidden=\"true\">\n\t\t\t\t\t\t\t\t\t\t\t\t\t\t\t<span class=\"elementor-accordion-icon-closed\"><i class=\"fas fa-plus\"><\/i><\/span>\n\t\t\t\t\t\t\t\t<span class=\"elementor-accordion-icon-opened\"><i class=\"fas fa-minus\"><\/i><\/span>\n\t\t\t\t\t\t\t\t\t\t\t\t\t\t<\/span>\n\t\t\t\t\t\t\t\t\t\t\t\t<a class=\"elementor-accordion-title\" tabindex=\"0\">NOUVEAUX HABITANTS<\/a>\n\t\t\t\t\t<\/div>\n\t\t\t\t\t<div id=\"elementor-tab-content-2521\" class=\"elementor-tab-content elementor-clearfix\" data-tab=\"1\" role=\"region\" aria-labelledby=\"elementor-tab-title-2521\"><p>Bienvenue sur la commune de Vouill\u00e9 !\u00a0Quelques d\u00e9marches sont \u00e0 effectuer pour que votre installation se d\u00e9roule dans les meilleures conditions :<\/p><ul><li>S\u2019inscrire en mairie pour participer \u00e0 l\u2019accueil des nouveaux habitants via le formulaire en ligne <a href=\"https:\/\/vouille86.fr\/mairie\/wp-content\/uploads\/2022\/05\/Formulaire-Accueil-des-nouveaux-habitants.pdf\">(formulaire-Accueil des nouveaux habitants <\/a>\u00e0 renvoyer par m\u00e9l \u00e0 mairie@vouille86.fr)\u00a0 ou sur simple demande \u00e0 l&rsquo;accueil de la mairie,<\/li><li>S&rsquo;inscrire \u00e0 la <a href=\"https:\/\/vouille86.fr\/mairie\/mediatheque\/\">m\u00e9diath\u00e8que de Vouill\u00e9<\/a> pour profiter d&rsquo;un abonnement gratuit la premi\u00e8re ann\u00e9e d&rsquo;installation,<\/li><li>S\u2019inscrire sur les listes \u00e9lectorales en mairie ou en ligne via le t\u00e9l\u00e9service propos\u00e9 par <a href=\"https:\/\/www.service-public.fr\/particuliers\/vosdroits\/R16396\">service-public.fr,<\/a><\/li><li>Changer d\u2019adresse sur la carte grise des v\u00e9hicules,<\/li><li>Se renseigner sur les consignes de tri des d\u00e9chets aupr\u00e8s de la Communaut\u00e9 de Communes du Haut-Poitou sur<a href=\"https:\/\/cc-hautpoitou.fr\"> https:\/\/cc-hautpoitou.fr<\/a>,<\/li><li>Inscrire les enfants au sein des \u00e9tablissements scolaires,<\/li><li>Trouver une activit\u00e9 cr\u00e9ative, solidaire ou sportive gr\u00e2ce \u00e0 <a href=\"https:\/\/vouille86.fr\/mairie\/associations\/\">l&rsquo;annuaire des associations<\/a>,<\/li><li>Suivre les actualit\u00e9s de la vie locale sur la page Facebook \u00ab\u00a0<a href=\"https:\/\/www.facebook.com\/MairieVouille86\/\">Mairie de Vouill\u00e9\u00a0\u00bb<\/a>&#8230;<\/li><\/ul><\/div>\n\t\t\t\t<\/div>\n\t\t\t\t\t\t\t<div class=\"elementor-accordion-item\">\n\t\t\t\t\t<div id=\"elementor-tab-title-2522\" class=\"elementor-tab-title\" data-tab=\"2\" role=\"button\" aria-controls=\"elementor-tab-content-2522\" aria-expanded=\"false\">\n\t\t\t\t\t\t\t\t\t\t\t\t\t<span class=\"elementor-accordion-icon elementor-accordion-icon-left\" aria-hidden=\"true\">\n\t\t\t\t\t\t\t\t\t\t\t\t\t\t\t<span class=\"elementor-accordion-icon-closed\"><i class=\"fas fa-plus\"><\/i><\/span>\n\t\t\t\t\t\t\t\t<span class=\"elementor-accordion-icon-opened\"><i class=\"fas fa-minus\"><\/i><\/span>\n\t\t\t\t\t\t\t\t\t\t\t\t\t\t<\/span>\n\t\t\t\t\t\t\t\t\t\t\t\t<a class=\"elementor-accordion-title\" tabindex=\"0\">NOTRE HISTOIRE<\/a>\n\t\t\t\t\t<\/div>\n\t\t\t\t\t<div id=\"elementor-tab-content-2522\" class=\"elementor-tab-content elementor-clearfix\" data-tab=\"2\" role=\"region\" aria-labelledby=\"elementor-tab-title-2522\"><p>En l\u2019an 507, un terrible affrontement eu lieu sur nos terres Vouglaisiennes. Premi\u00e8re des 3 batailles de Poitiers, Clovis, alors Roi des Francs, affronta Alaric II, le roi des Wisigoths (Espagne). La victoire \u00e0 Vouill\u00e9 par Clovis fut une \u00e9tape fondamentale dans la r\u00e9unification de la Gaule.<\/p><p>M\u00eame si aujourd\u2019hui nous avons peu de vestige de ce pass\u00e9 guerrier, en fl\u00e2nant \u00e0 travers les rues, on peut d\u00e9couvrir le charme de notre centre bourg m\u00e9di\u00e9val et de notre patrimoine b\u00e2ti avec une application num\u00e9rique d\u00e9di\u00e9e : \u00e9glise Sainte-Radegonde, Porte de la Ville, pigeonnier, Grande Maison du XVI\u00e8me si\u00e8cle, fours \u00e0 chaux\u2026<\/p><p>Pour plus d&rsquo;informations : <a href=\"https:\/\/507vouillelabataille.com\/507-la-bataille-de-vouille\/\" target=\"_blank\" rel=\"noopener\">https:\/\/507vouillelabataille.com<\/a> ou <a href=\"https:\/\/www.francs-wisigoths.eu\/francs-et-wisigoths\/\">https:\/\/www.francs-wisigoths.eu\/francs-et-wisigoths\/<\/a><\/p><\/div>\n\t\t\t\t<\/div>\n\t\t\t\t\t\t\t<div class=\"elementor-accordion-item\">\n\t\t\t\t\t<div id=\"elementor-tab-title-2523\" class=\"elementor-tab-title\" data-tab=\"3\" role=\"button\" aria-controls=\"elementor-tab-content-2523\" aria-expanded=\"false\">\n\t\t\t\t\t\t\t\t\t\t\t\t\t<span class=\"elementor-accordion-icon elementor-accordion-icon-left\" aria-hidden=\"true\">\n\t\t\t\t\t\t\t\t\t\t\t\t\t\t\t<span class=\"elementor-accordion-icon-closed\"><i class=\"fas fa-plus\"><\/i><\/span>\n\t\t\t\t\t\t\t\t<span class=\"elementor-accordion-icon-opened\"><i class=\"fas fa-minus\"><\/i><\/span>\n\t\t\t\t\t\t\t\t\t\t\t\t\t\t<\/span>\n\t\t\t\t\t\t\t\t\t\t\t\t<a class=\"elementor-accordion-title\" tabindex=\"0\">UN CADRE DE VIE NATUREL<\/a>\n\t\t\t\t\t<\/div>\n\t\t\t\t\t<div id=\"elementor-tab-content-2523\" class=\"elementor-tab-content elementor-clearfix\" data-tab=\"3\" role=\"region\" aria-labelledby=\"elementor-tab-title-2523\"><p>Vouill\u00e9 offre un environnement particuli\u00e8rement pr\u00e9serv\u00e9, avec une magnifique rivi\u00e8re qui serpente dans le village, des parcs paysagers et une for\u00eat domaniale.<\/p><p>Depuis une dizaine d\u2019ann\u00e9es, nos \u00ab\u00a0trois fleurs\u00a0\u00bb au label des \u00ab\u00a0Villes et Villages Fleuris\u00a0\u00bb t\u00e9moignent des efforts engag\u00e9s au quotidien pour d\u00e9velopper un cadre de vie de qualit\u00e9 et pr\u00e9server notre environnement.<\/p><p>Nos espaces verts sans pesticides, r\u00e9partis dans les diff\u00e9rents quartiers de la commune, sont id\u00e9aux pour profiter d\u2019un moment de d\u00e9tente, en zone urbaine comme au Val Montour ou dans un cadre plus bucolique dans le Parc de la Gorande, avec sa roseraie et son parc animalier.<\/p><\/div>\n\t\t\t\t<\/div>\n\t\t\t\t\t\t\t<div class=\"elementor-accordion-item\">\n\t\t\t\t\t<div id=\"elementor-tab-title-2524\" class=\"elementor-tab-title\" data-tab=\"4\" role=\"button\" aria-controls=\"elementor-tab-content-2524\" aria-expanded=\"false\">\n\t\t\t\t\t\t\t\t\t\t\t\t\t<span class=\"elementor-accordion-icon elementor-accordion-icon-left\" aria-hidden=\"true\">\n\t\t\t\t\t\t\t\t\t\t\t\t\t\t\t<span class=\"elementor-accordion-icon-closed\"><i class=\"fas fa-plus\"><\/i><\/span>\n\t\t\t\t\t\t\t\t<span class=\"elementor-accordion-icon-opened\"><i class=\"fas fa-minus\"><\/i><\/span>\n\t\t\t\t\t\t\t\t\t\t\t\t\t\t<\/span>\n\t\t\t\t\t\t\t\t\t\t\t\t<a class=\"elementor-accordion-title\" tabindex=\"0\">NOS SERVICES ET COMMERCES DE PROXIMIT\u00c9<\/a>\n\t\t\t\t\t<\/div>\n\t\t\t\t\t<div id=\"elementor-tab-content-2524\" class=\"elementor-tab-content elementor-clearfix\" data-tab=\"4\" role=\"region\" aria-labelledby=\"elementor-tab-title-2524\"><p>Notre commune attire chaque ann\u00e9e de nouveaux artisans, commer\u00e7ants et entrepreneurs. L\u2019offre commerciale est ainsi vari\u00e9e et de qualit\u00e9 : restaurants, \u00e9picerie, h\u00f4tels, boulangeries, tabac presse, banque, assurances, fleuriste, instituts de beaut\u00e9, coiffures, traiteur, paysagistes, agences immobili\u00e8res, garages, supermarch\u00e9s, ma\u00e7ons, \u00e9lectriciens\u2026<\/p><p>Plus d&rsquo;une centaine de commer\u00e7ants, artisans et entreprises sont recens\u00e9s \u00e0 Vouill\u00e9.<\/p><p>Rendez-vous phare de la vie locale, les march\u00e9s hebdomadaires en centre bourg du mercredi et samedi r\u00e9unissent des producteurs et commer\u00e7ants locaux.<\/p><p>Les professionnels de sant\u00e9 sont eux aussi pr\u00e9sents en nombre sur notre commune : m\u00e9decins, dentistes, infirmiers, pharmacie, ambulance, kin\u00e9sith\u00e9rapeute, ergoth\u00e9rapeute, psychologue\u2026 L\u2019acc\u00e8s aux soins est ainsi facilit\u00e9 pour tous.<\/p><\/div>\n\t\t\t\t<\/div>\n\t\t\t\t\t\t\t<div class=\"elementor-accordion-item\">\n\t\t\t\t\t<div id=\"elementor-tab-title-2525\" class=\"elementor-tab-title\" data-tab=\"5\" role=\"button\" aria-controls=\"elementor-tab-content-2525\" aria-expanded=\"false\">\n\t\t\t\t\t\t\t\t\t\t\t\t\t<span class=\"elementor-accordion-icon elementor-accordion-icon-left\" aria-hidden=\"true\">\n\t\t\t\t\t\t\t\t\t\t\t\t\t\t\t<span class=\"elementor-accordion-icon-closed\"><i class=\"fas fa-plus\"><\/i><\/span>\n\t\t\t\t\t\t\t\t<span class=\"elementor-accordion-icon-opened\"><i class=\"fas fa-minus\"><\/i><\/span>\n\t\t\t\t\t\t\t\t\t\t\t\t\t\t<\/span>\n\t\t\t\t\t\t\t\t\t\t\t\t<a class=\"elementor-accordion-title\" tabindex=\"0\">PR\u00c8S DE 1000 ENFANTS SCOLARIS\u00c9S \u00c0 VOUILL\u00c9<\/a>\n\t\t\t\t\t<\/div>\n\t\t\t\t\t<div id=\"elementor-tab-content-2525\" class=\"elementor-tab-content elementor-clearfix\" data-tab=\"5\" role=\"region\" aria-labelledby=\"elementor-tab-title-2525\"><p>97 \u00e9l\u00e8ves \u00e0 l\u2019\u00c9cole maternelle publique \u00ab\u00a0La Clef des Champs\u00a0\u00bb<br \/>181 \u00e9l\u00e8ves \u00e0 l\u2019\u00c9cole \u00e9l\u00e9mentaire publique \u00ab\u00a0Le Petit Bois\u00a0\u00bb<br \/>53 \u00e9l\u00e8ves \u00e0 l\u2019Ecole Maternelle La Chaume \u2013 La Salle<br \/>196 \u00e9l\u00e8ves \u00e0 l\u2019Ecole Primaire La Chaume \u2013 La Salle<br \/>452 \u00e9l\u00e8ves au Coll\u00e8ge priv\u00e9 La Chaume \u2013 La Salle<\/p><\/div>\n\t\t\t\t<\/div>\n\t\t\t\t\t\t\t<div class=\"elementor-accordion-item\">\n\t\t\t\t\t<div id=\"elementor-tab-title-2526\" class=\"elementor-tab-title\" data-tab=\"6\" role=\"button\" aria-controls=\"elementor-tab-content-2526\" aria-expanded=\"false\">\n\t\t\t\t\t\t\t\t\t\t\t\t\t<span class=\"elementor-accordion-icon elementor-accordion-icon-left\" aria-hidden=\"true\">\n\t\t\t\t\t\t\t\t\t\t\t\t\t\t\t<span class=\"elementor-accordion-icon-closed\"><i class=\"fas fa-plus\"><\/i><\/span>\n\t\t\t\t\t\t\t\t<span class=\"elementor-accordion-icon-opened\"><i class=\"fas fa-minus\"><\/i><\/span>\n\t\t\t\t\t\t\t\t\t\t\t\t\t\t<\/span>\n\t\t\t\t\t\t\t\t\t\t\t\t<a class=\"elementor-accordion-title\" tabindex=\"0\">UNE VIE LOCALE DYNAMIQUE<\/a>\n\t\t\t\t\t<\/div>\n\t\t\t\t\t<div id=\"elementor-tab-content-2526\" class=\"elementor-tab-content elementor-clearfix\" data-tab=\"6\" role=\"region\" aria-labelledby=\"elementor-tab-title-2526\"><p>Notre commune est vivante. La richesse de ses \u00e9v\u00e8nements tient notamment au dynamisme de la vie associative locale et \u00e0 l\u2019engagement toujours plus fort des b\u00e9n\u00e9voles. Vouill\u00e9 compte une cinquantaine d&rsquo;associations investies dans des domaines multiples (solidarit\u00e9, sports, culture, arts, environnement, m\u00e9moire\u2026).<\/p><p>Les manifestations organis\u00e9es tout au long de l\u2019ann\u00e9e par la commune et les associations locales sont tr\u00e8s diversifi\u00e9es : spectacles, concerts, bourses aux jouets ou aux v\u00eatements, festival country, pi\u00e8ces de th\u00e9\u00e2tre, conf\u00e9rences, ateliers scientifiques, courses p\u00e9destres ou cyclistes, expositions, march\u00e9 de producteurs, f\u00eate des enfants et des associations, f\u00eate du 14 juillet, march\u00e9 de no\u00ebl\u2026<\/p><p>La Commune dispose \u00e9galement d\u2019un magnifique outil culturel avec sa m\u00e9diath\u00e8que particuli\u00e8rement dynamique.<\/p><\/div>\n\t\t\t\t<\/div>\n\t\t\t\t\t\t\t<div class=\"elementor-accordion-item\">\n\t\t\t\t\t<div id=\"elementor-tab-title-2527\" class=\"elementor-tab-title\" data-tab=\"7\" role=\"button\" aria-controls=\"elementor-tab-content-2527\" aria-expanded=\"false\">\n\t\t\t\t\t\t\t\t\t\t\t\t\t<span class=\"elementor-accordion-icon elementor-accordion-icon-left\" aria-hidden=\"true\">\n\t\t\t\t\t\t\t\t\t\t\t\t\t\t\t<span class=\"elementor-accordion-icon-closed\"><i class=\"fas fa-plus\"><\/i><\/span>\n\t\t\t\t\t\t\t\t<span class=\"elementor-accordion-icon-opened\"><i class=\"fas fa-minus\"><\/i><\/span>\n\t\t\t\t\t\t\t\t\t\t\t\t\t\t<\/span>\n\t\t\t\t\t\t\t\t\t\t\t\t<a class=\"elementor-accordion-title\" tabindex=\"0\">LOISIRS \u2013 TOURISME<\/a>\n\t\t\t\t\t<\/div>\n\t\t\t\t\t<div id=\"elementor-tab-content-2527\" class=\"elementor-tab-content elementor-clearfix\" data-tab=\"7\" role=\"region\" aria-labelledby=\"elementor-tab-title-2527\"><p>Les visiteurs peuvent profiter des diff\u00e9rents itin\u00e9raires de sentiers cyclistes ou p\u00e9destres, pour d\u00e9couvrir les paysages de notre territoire et notre for\u00eat domaniale. Ils peuvent aussi s\u00e9journer au camping municipal pendant l\u2019\u00e9t\u00e9 et d\u00e9couvrir le parcours \u00ab\u00a0Terra Aventura\u00a0\u00bb qui permet de d\u00e9couvrir Vouill\u00e9 de fa\u00e7on ludique. La proximit\u00e9 avec la rivi\u00e8re de l\u2019Auxances est \u00e9galement id\u00e9ale pour les amateurs de p\u00eache.<\/p><p>Pour pratiquer une activit\u00e9 physique seul, en famille ou entre amis, des \u00e9quipements de plein air compl\u00e8tent l\u2019offre associative : piscine, city stade, aire de jeux, skate parc, aire de fitness ext\u00e9rieur, terrain de p\u00e9tanque.<\/p><p>Vouill\u00e9 a re\u00e7u le label \u00ab\u00a0Commune Sport pour Tous\u00a0\u00bb, le 4 septembre 2021.<\/p><\/div>\n\t\t\t\t<\/div>\n\t\t\t\t\t\t\t\t<\/div>\n\t\t\t\t\t\t<\/div>\n\t\t\t\t<\/div>\n\t\t\t\t\t<\/div>\n\t\t<\/div>\n\t\t\t\t\t<\/div>\n\t\t<\/section>\n\t\t\t\t<section class=\"elementor-section elementor-top-section elementor-element elementor-element-98f4055 elementor-section-boxed elementor-section-height-default elementor-section-height-default\" data-id=\"98f4055\" data-element_type=\"section\" data-e-type=\"section\">\n\t\t\t\t\t\t<div class=\"elementor-container elementor-column-gap-default\">\n\t\t\t\t\t<div class=\"elementor-column elementor-col-100 elementor-top-column elementor-element elementor-element-f948507\" data-id=\"f948507\" data-element_type=\"column\" data-e-type=\"column\">\n\t\t\t<div class=\"elementor-widget-wrap elementor-element-populated\">\n\t\t\t\t\t\t<div class=\"elementor-element elementor-element-12889ee elementor-share-buttons--view-icon elementor-share-buttons--skin-minimal elementor-share-buttons--color-custom elementor-share-buttons--shape-square elementor-grid-0 elementor-widget elementor-widget-global elementor-global-2201 elementor-widget-share-buttons\" data-id=\"12889ee\" data-element_type=\"widget\" data-e-type=\"widget\" data-widget_type=\"share-buttons.default\">\n\t\t\t\t<div class=\"elementor-widget-container\">\n\t\t\t\t\t\t\t<div class=\"elementor-grid\" role=\"list\">\n\t\t\t\t\t\t\t\t<div class=\"elementor-grid-item\" role=\"listitem\">\n\t\t\t\t\t\t<div class=\"elementor-share-btn elementor-share-btn_facebook\" role=\"button\" tabindex=\"0\" aria-label=\"Partager sur facebook\">\n\t\t\t\t\t\t\t\t\t\t\t\t\t\t\t<span class=\"elementor-share-btn__icon\">\n\t\t\t\t\t\t\t\t<i class=\"fab fa-facebook\" aria-hidden=\"true\"><\/i>\t\t\t\t\t\t\t<\/span>\n\t\t\t\t\t\t\t\t\t\t\t\t\t\t\t\t\t\t\t\t<\/div>\n\t\t\t\t\t<\/div>\n\t\t\t\t\t\t\t\t\t<div class=\"elementor-grid-item\" role=\"listitem\">\n\t\t\t\t\t\t<div class=\"elementor-share-btn elementor-share-btn_twitter\" role=\"button\" tabindex=\"0\" aria-label=\"Partager sur twitter\">\n\t\t\t\t\t\t\t\t\t\t\t\t\t\t\t<span class=\"elementor-share-btn__icon\">\n\t\t\t\t\t\t\t\t<i class=\"fab fa-twitter\" aria-hidden=\"true\"><\/i>\t\t\t\t\t\t\t<\/span>\n\t\t\t\t\t\t\t\t\t\t\t\t\t\t\t\t\t\t\t\t<\/div>\n\t\t\t\t\t<\/div>\n\t\t\t\t\t\t\t\t\t<div class=\"elementor-grid-item\" role=\"listitem\">\n\t\t\t\t\t\t<div class=\"elementor-share-btn elementor-share-btn_whatsapp\" role=\"button\" tabindex=\"0\" aria-label=\"Partager sur whatsapp\">\n\t\t\t\t\t\t\t\t\t\t\t\t\t\t\t<span class=\"elementor-share-btn__icon\">\n\t\t\t\t\t\t\t\t<i class=\"fab fa-whatsapp\" aria-hidden=\"true\"><\/i>\t\t\t\t\t\t\t<\/span>\n\t\t\t\t\t\t\t\t\t\t\t\t\t\t\t\t\t\t\t\t<\/div>\n\t\t\t\t\t<\/div>\n\t\t\t\t\t\t\t\t\t<div class=\"elementor-grid-item\" role=\"listitem\">\n\t\t\t\t\t\t<div class=\"elementor-share-btn elementor-share-btn_email\" role=\"button\" tabindex=\"0\" aria-label=\"Partager sur email\">\n\t\t\t\t\t\t\t\t\t\t\t\t\t\t\t<span class=\"elementor-share-btn__icon\">\n\t\t\t\t\t\t\t\t<i class=\"fas fa-envelope\" aria-hidden=\"true\"><\/i>\t\t\t\t\t\t\t<\/span>\n\t\t\t\t\t\t\t\t\t\t\t\t\t\t\t\t\t\t\t\t<\/div>\n\t\t\t\t\t<\/div>\n\t\t\t\t\t\t<\/div>\n\t\t\t\t\t\t<\/div>\n\t\t\t\t<\/div>\n\t\t\t\t\t<\/div>\n\t\t<\/div>\n\t\t\t\t\t<\/div>\n\t\t<\/section>\n\t\t\t\t<\/div>\n\t\t","protected":false},"excerpt":{"rendered":"<p>https:\/\/www.youtube.com\/watch?v=oJqIvyZwMnc Situ\u00e9e dans la Vienne, au c\u0153ur du Haut-Poitou, Vouill\u00e9 est un charmant village fleuri tr\u00e8s actif : vie sociale, culturelle, touristique et \u00e9conomique. \u00c0 seulement vingt minutes de Poitiers, la commune a la particularit\u00e9 d\u2019allier les charmes de la campagne au dynamisme urbain. Cette situation privil\u00e9gi\u00e9e attire chaque ann\u00e9e de nouveaux arrivants \u00e0 la&#8230;<\/p>\n","protected":false},"author":1,"featured_media":0,"parent":0,"menu_order":0,"comment_status":"closed","ping_status":"closed","template":"elementor_theme","meta":{"_acf_changed":false,"footnotes":""},"class_list":["post-1708","page","type-page","status-publish","hentry"],"acf":[],"_links":{"self":[{"href":"https:\/\/vouille86.fr\/mairie\/wp-json\/wp\/v2\/pages\/1708","targetHints":{"allow":["GET"]}}],"collection":[{"href":"https:\/\/vouille86.fr\/mairie\/wp-json\/wp\/v2\/pages"}],"about":[{"href":"https:\/\/vouille86.fr\/mairie\/wp-json\/wp\/v2\/types\/page"}],"author":[{"embeddable":true,"href":"https:\/\/vouille86.fr\/mairie\/wp-json\/wp\/v2\/users\/1"}],"replies":[{"embeddable":true,"href":"https:\/\/vouille86.fr\/mairie\/wp-json\/wp\/v2\/comments?post=1708"}],"version-history":[{"count":90,"href":"https:\/\/vouille86.fr\/mairie\/wp-json\/wp\/v2\/pages\/1708\/revisions"}],"predecessor-version":[{"id":9233,"href":"https:\/\/vouille86.fr\/mairie\/wp-json\/wp\/v2\/pages\/1708\/revisions\/9233"}],"wp:attachment":[{"href":"https:\/\/vouille86.fr\/mairie\/wp-json\/wp\/v2\/media?parent=1708"}],"curies":[{"name":"wp","href":"https:\/\/api.w.org\/{rel}","templated":true}]}}